{"id":10001,"date":"2023-09-17T11:49:47","date_gmt":"2023-09-17T09:49:47","guid":{"rendered":"https:\/\/prosrve.com\/?post_type=product&#038;p=10001"},"modified":"2023-11-30T09:41:05","modified_gmt":"2023-11-30T07:41:05","slug":"hikvision-ds-2cd1123g2-liu2-8mmo-std-2mp-smart-dual-light-network-dome-camera-built-in-microphone-dc12v-poe-support-mobile-monitoring-via-hik-connect","status":"publish","type":"product","link":"https:\/\/prosrve.com\/ar\/product\/hikvision-ds-2cd1123g2-liu2-8mmo-std-2mp-smart-dual-light-network-dome-camera-built-in-microphone-dc12v-poe-support-mobile-monitoring-via-hik-connect\/","title":{"rendered":"Hikvision DS-2CD1123G2-LIU(2.8mm)(O-STD) , 2MP Smart Dual Light Network Dome Camera , Built-in microphone, DC12V &amp; PoE, Support mobile monitoring via Hik- Connect ,"},"content":{"rendered":"<p>Hikvision DS-2CD1123G2-LIU 2MP Smart Dual Light Network Dome Camera with Built-in Mic, 1\/2.9&#8243; Progressive Scan CMOS, H.265+, Color: 0.005 Lux @ (F1.6, AGC ON), Digital WDR, IR Range: 30m, White Light: 20m, Support Human and Vehicle Detection, 25fps (1920 \u00d7 1080, 1280 \u00d7 960, 1280 \u00d7 720), BLC, HLC, 3D DNR, IP67 &amp; IK08. n<\/p>\n<table style=\"font-weight: 400\" width=\"100%\">\n<tbody>\n<tr>\n<td colspan=\"2\" width=\"100%\"><b><strong>Camera<\/strong><\/b><\/td>\n<\/tr>\n<tr>\n<td width=\"22%\">Image Sensor<\/td>\n<td width=\"77%\">1\/2.9&#8243; Progressive Scan CMOS<\/td>\n<\/tr>\n<tr>\n<td width=\"22%\">Max. Resolution<\/td>\n<td width=\"77%\">1920 \u00d7 1080<\/td>\n<\/tr>\n<tr>\n<td width=\"22%\">Shutter Time<\/td>\n<td width=\"77%\">1\/3 s to 1\/100,000 s<\/td>\n<\/tr>\n<tr>\n<td width=\"22%\">Min. Illumination<\/td>\n<td width=\"77%\">Color: 0.005 Lux @ (F1.6, AGC ON), B\/W: 0 Lux with IR<\/td>\n<\/tr>\n<tr>\n<td width=\"22%\">Day &amp; Night<\/td>\n<td width=\"77%\">IR cut filter<\/td>\n<\/tr>\n<tr>\n<td width=\"22%\">Angle Adjustment<\/td>\n<td width=\"77%\">Pan: 0\u00b0 to 355\u00b0, tilt: 0\u00b0 to 75\u00b0, rotate: 0\u00b0 to 355\u00b0<\/td>\n<\/tr>\n<tr>\n<td colspan=\"2\" width=\"100%\"><b><strong>Lens<\/strong><\/b><\/td>\n<\/tr>\n<tr>\n<td width=\"22%\">Lens Type<\/td>\n<td width=\"77%\">Fixed focal lens, 2.8mm<\/td>\n<\/tr>\n<tr>\n<td width=\"22%\">Focal Length &amp; FOV<\/td>\n<td width=\"77%\">2.8 mm, horizontal FOV 98\u00b0, vertical FOV 54\u00b0, diagonal FOV 114\u00b0<\/td>\n<\/tr>\n<tr>\n<td width=\"22%\">Lens Mount<\/td>\n<td width=\"77%\">M12<\/td>\n<\/tr>\n<tr>\n<td width=\"22%\">Iris Type<\/td>\n<td width=\"77%\">Fixed<\/td>\n<\/tr>\n<tr>\n<td width=\"22%\">Aperture<\/td>\n<td width=\"77%\">F1.6<\/td>\n<\/tr>\n<tr>\n<td colspan=\"2\" width=\"100%\"><b><strong>Illuminator<\/strong><\/b><\/td>\n<\/tr>\n<tr>\n<td width=\"22%\">Supplement Light Type<\/td>\n<td width=\"77%\">IR, White Light<\/td>\n<\/tr>\n<tr>\n<td width=\"22%\">Supplement Light Range<\/td>\n<td width=\"77%\">IR: up to 30 m<\/p>\n<p>White Light: up to 20 m<\/td>\n<\/tr>\n<tr>\n<td width=\"22%\">Smart Supplement Light<\/td>\n<td width=\"77%\">Yes<\/td>\n<\/tr>\n<tr>\n<td width=\"22%\">IR Wavelength<\/td>\n<td width=\"77%\">850 nm<\/td>\n<\/tr>\n<tr>\n<td colspan=\"2\" width=\"100%\"><b><strong>Video<\/strong><\/b><\/td>\n<\/tr>\n<tr>\n<td width=\"22%\">Main Stream<\/td>\n<td width=\"77%\">50 Hz:<\/p>\n<p>25 fps (1920 \u00d7 1080, 1280 \u00d7 720)<\/p>\n<p>60 Hz:<\/p>\n<p>24 fps (1920 \u00d7 1080, 1280 \u00d7 720)<\/td>\n<\/tr>\n<tr>\n<td width=\"22%\">Sub-Stream<\/td>\n<td width=\"77%\">50 Hz: 25 fps (1280 \u00d7 720, 640 \u00d7 480, 640 \u00d7 360)<\/p>\n<p>60 Hz: 24 fps (1280 \u00d7 720, 640 \u00d7 480, 640 \u00d7 360)<\/td>\n<\/tr>\n<tr>\n<td width=\"22%\">Video Compression<\/td>\n<td width=\"77%\">Main stream: H.265+ \/ H.265 \/ H.264+ \/ H.264,<\/p>\n<p>Sub-stream: H.265 \/ H.264 \/ MJPEG<\/td>\n<\/tr>\n<tr>\n<td width=\"22%\">Video Bit Rate<\/td>\n<td width=\"77%\">32 Kbps to 8 Mbps<\/td>\n<\/tr>\n<tr>\n<td width=\"22%\">H.264 Type<\/td>\n<td width=\"77%\">Baseline Profile, Main Profile, High Profile<\/td>\n<\/tr>\n<tr>\n<td width=\"22%\">H.265 Type<\/td>\n<td width=\"77%\">Main Profile<\/td>\n<\/tr>\n<tr>\n<td width=\"22%\">Bit Rate Control<\/td>\n<td width=\"77%\">CBR, VBR<\/td>\n<\/tr>\n<tr>\n<td width=\"22%\">Region of Interest (ROI)<\/td>\n<td width=\"77%\">1 fixed region for main stream<\/td>\n<\/tr>\n<tr>\n<td colspan=\"2\" width=\"100%\"><b><strong>Audio<\/strong><\/b><\/td>\n<\/tr>\n<tr>\n<td width=\"22%\">Audio Type<\/td>\n<td width=\"77%\">Mono sound<\/td>\n<\/tr>\n<tr>\n<td width=\"22%\">Environment Noise Filtering<\/td>\n<td width=\"77%\">Yes<\/td>\n<\/tr>\n<tr>\n<td width=\"22%\">Audio Sampling Rate<\/td>\n<td width=\"77%\">8 kHz\/16 kHz<\/td>\n<\/tr>\n<tr>\n<td width=\"22%\">Audio Compression<\/td>\n<td width=\"77%\">G.711ulaw \/ G.711alaw \/ G.722.1 \/ G.726 \/ MP2L2 \/ PCM \/ AAC-LC<\/td>\n<\/tr>\n<tr>\n<td width=\"22%\">Audio Bit Rate<\/td>\n<td width=\"77%\">64 Kbps (G.711 ulaw)\/64 Kbps (G.711 alaw)\/16 Kbps (G.722.1)\/16 Kbps (G.726)\/32 to 160 Kbps (MP2L2)\/16 to 64 Kbps (AAC-LC)<\/td>\n<\/tr>\n<tr>\n<td colspan=\"2\" width=\"100%\"><b><strong>Network<\/strong><\/b><\/td>\n<\/tr>\n<tr>\n<td width=\"22%\">Security<\/td>\n<td width=\"77%\">Password protection, complicated password, watermark, basic and digest authentication for HTTP, WSSE and digest authentication for Open Network Video Interface, security audit log, host authentication (MAC address)<\/td>\n<\/tr>\n<tr>\n<td width=\"22%\">Protocols<\/td>\n<td width=\"77%\">TCP\/IP, ICMP, DHCP, DNS, HTTP, RTP, RTSP, NTP, IGMP, IPv6, UDP, QoS, FTP, SMTP<\/td>\n<\/tr>\n<tr>\n<td width=\"22%\">User\/Host<\/td>\n<td width=\"77%\">Up to 32 users<\/p>\n<p>3 user levels: administrator, operator, and user<\/td>\n<\/tr>\n<tr>\n<td width=\"22%\">Client<\/td>\n<td width=\"77%\">iVMS-4200, Hik-Connect<\/td>\n<\/tr>\n<tr>\n<td colspan=\"2\" width=\"100%\"><b><strong>Image<\/strong><\/b><\/td>\n<\/tr>\n<tr>\n<td width=\"22%\">Wide Dynamic Range (WDR)<\/td>\n<td width=\"77%\">Digital WDR<\/td>\n<\/tr>\n<tr>\n<td width=\"22%\">SNR<\/td>\n<td width=\"77%\">\u2265\u00a052 dB<\/td>\n<\/tr>\n<tr>\n<td width=\"22%\">Day\/Night Switch<\/td>\n<td width=\"77%\">Day, Night, Auto, Schedule<\/td>\n<\/tr>\n<tr>\n<td width=\"22%\">Image Enhancement<\/td>\n<td width=\"77%\">BLC, HLC, 3D DNR<\/td>\n<\/tr>\n<tr>\n<td width=\"22%\">Image Settings<\/td>\n<td width=\"77%\">Rotate mode, saturation, brightness, contrast, sharpness, gain, white balance, adjustable by client software or web browser<\/td>\n<\/tr>\n<tr>\n<td width=\"22%\">Privacy Mask<\/td>\n<td width=\"77%\">4 programmable polygon privacy masks<\/td>\n<\/tr>\n<tr>\n<td colspan=\"2\" width=\"100%\"><b><strong>Interface<\/strong><\/b><\/td>\n<\/tr>\n<tr>\n<td width=\"22%\">Ethernet Interface<\/td>\n<td width=\"77%\">1 RJ45 10 M\/100 M self-adaptive Ethernet port<\/td>\n<\/tr>\n<tr>\n<td width=\"22%\">Built-in Microphone<\/td>\n<td width=\"77%\">Yes<\/td>\n<\/tr>\n<tr>\n<td colspan=\"2\" width=\"100%\"><b><strong>Event<\/strong><\/b><\/td>\n<\/tr>\n<tr>\n<td width=\"22%\">Basic Event<\/td>\n<td width=\"77%\">Motion detection (support alarm triggering by specified target types (human and vehicle), video tampering alarm, exception<\/td>\n<\/tr>\n<tr>\n<td colspan=\"2\" width=\"100%\"><b><strong>General<\/strong><\/b><\/td>\n<\/tr>\n<tr>\n<td width=\"22%\">Power<\/td>\n<td width=\"77%\">12 VDC \u00b1 25%, 0.5 A, max. 6 W, \u00d85.5 mm coaxial power plug, reverse polarity protection,<\/p>\n<p>PoE: IEEE 802.3af, Class 3, max. 7.5 W<\/td>\n<\/tr>\n<tr>\n<td width=\"22%\">Material<\/td>\n<td width=\"77%\">Metal &amp; Plastic<\/td>\n<\/tr>\n<tr>\n<td width=\"22%\">Weight<\/td>\n<td width=\"77%\">Approx. 550 g (1.2 lb.)<\/td>\n<\/tr>\n<tr>\n<td width=\"22%\">With Package Weight<\/td>\n<td width=\"77%\">Approx. 800 g (1.8 lb.)<\/td>\n<\/tr>\n<tr>\n<td width=\"22%\">General Function<\/td>\n<td width=\"77%\">Heartbeat, anti-banding, mirror, password protection, password reset via email<\/td>\n<\/tr>\n<\/tbody>\n<\/table>","protected":false},"excerpt":{"rendered":"<p>Hikvision DS-2CD1123G2-LIU 2MP Smart Dual Light Network Dome Camera with Built-in Mic, 1\/2.9&#8243; Progressive Scan CMOS, H.265+, Color: 0.005 Lux @ (F1.6, AGC ON), Digital WDR, IR Range: 30m, White Light: 20m, Support Human and Vehicle Detection, 25fps (1920 \u00d7 &hellip; <a href=\"https:\/\/prosrve.com\/ar\/product\/hikvision-ds-2cd1123g2-liu2-8mmo-std-2mp-smart-dual-light-network-dome-camera-built-in-microphone-dc12v-poe-support-mobile-monitoring-via-hik-connect\/\">Readmore<\/a><\/p>","protected":false},"featured_media":10005,"comment_status":"open","ping_status":"closed","template":"","meta":[],"product_brand":[273],"product_cat":[347,348,350],"product_tag":[908,896],"class_list":{"0":"post-10001","1":"product","2":"type-product","3":"status-publish","4":"has-post-thumbnail","6":"product_brand-hikvision","7":"product_cat-security-solutions","8":"product_cat-surveillance-systems","9":"product_cat-ip-system","10":"product_tag-2mp","11":"product_tag-dome","13":"first","14":"instock","15":"shipping-taxable","16":"purchasable","17":"product-type-simple"},"yoast_head":"<!-- This site is optimized with the Yoast SEO plugin v22.7 - https:\/\/yoast.com\/wordpress\/plugins\/seo\/ -->\n<title>Hikvision DS-2CD1123G2-LIU(2.8mm)(O-STD) , 2MP Smart Dual Light Network Dome Camera , Built-in microphone, DC12V &amp; PoE, Support mobile monitoring via Hik- Connect , - Proserve LLC<\/title>\n<meta name=\"robots\" content=\"index, follow, max-snippet:-1, max-image-preview:large, max-video-preview:-1\" \/>\n<link rel=\"canonical\" href=\"https:\/\/prosrve.com\/ar\/product\/hikvision-ds-2cd1123g2-liu2-8mmo-std-2mp-smart-dual-light-network-dome-camera-built-in-microphone-dc12v-poe-support-mobile-monitoring-via-hik-connect\/\" \/>\n<meta property=\"og:locale\" content=\"ar_AR\" \/>\n<meta property=\"og:type\" content=\"article\" \/>\n<meta property=\"og:title\" content=\"Hikvision DS-2CD1123G2-LIU(2.8mm)(O-STD) , 2MP Smart Dual Light Network Dome Camera , Built-in microphone, DC12V &amp; PoE, Support mobile monitoring via Hik- Connect , - Proserve LLC\" \/>\n<meta property=\"og:description\" content=\"Hikvision DS-2CD1123G2-LIU 2MP Smart Dual Light Network Dome Camera with Built-in Mic, 1\/2.9&#8243; Progressive Scan CMOS, H.265+, Color: 0.005 Lux @ (F1.6, AGC ON), Digital WDR, IR Range: 30m, White Light: 20m, Support Human and Vehicle Detection, 25fps (1920 \u00d7 &hellip; Readmore\" \/>\n<meta property=\"og:url\" content=\"https:\/\/prosrve.com\/ar\/product\/hikvision-ds-2cd1123g2-liu2-8mmo-std-2mp-smart-dual-light-network-dome-camera-built-in-microphone-dc12v-poe-support-mobile-monitoring-via-hik-connect\/\" \/>\n<meta property=\"og:site_name\" content=\"Proserve LLC\" \/>\n<meta property=\"article:publisher\" content=\"https:\/\/www.facebook.com\/pages\/ProServe-LLC\/628145137291830\" \/>\n<meta property=\"article:modified_time\" content=\"2023-11-30T07:41:05+00:00\" \/>\n<meta property=\"og:image\" content=\"https:\/\/prosrve.com\/wp-content\/uploads\/2023\/09\/DS-2CD1123G2-LIU-2.png\" \/>\n\t<meta property=\"og:image:width\" content=\"500\" \/>\n\t<meta property=\"og:image:height\" content=\"500\" \/>\n\t<meta property=\"og:image:type\" content=\"image\/png\" \/>\n<meta name=\"twitter:card\" content=\"summary_large_image\" \/>\n<meta name=\"twitter:label1\" content=\"\u0648\u0642\u062a \u0627\u0644\u0642\u0631\u0627\u0621\u0629 \u0627\u0644\u0645\u064f\u0642\u062f\u0651\u0631\" \/>\n\t<meta name=\"twitter:data1\" content=\"3 \u062f\u0642\u0627\u0626\u0642\" \/>\n<script type=\"application\/ld+json\" class=\"yoast-schema-graph\">{\"@context\":\"https:\/\/schema.org\",\"@graph\":[{\"@type\":\"WebPage\",\"@id\":\"https:\/\/prosrve.com\/product\/hikvision-ds-2cd1123g2-liu2-8mmo-std-2mp-smart-dual-light-network-dome-camera-built-in-microphone-dc12v-poe-support-mobile-monitoring-via-hik-connect\/\",\"url\":\"https:\/\/prosrve.com\/product\/hikvision-ds-2cd1123g2-liu2-8mmo-std-2mp-smart-dual-light-network-dome-camera-built-in-microphone-dc12v-poe-support-mobile-monitoring-via-hik-connect\/\",\"name\":\"Hikvision DS-2CD1123G2-LIU(2.8mm)(O-STD) , 2MP Smart Dual Light Network Dome Camera , Built-in microphone, DC12V &amp; PoE, Support mobile monitoring via Hik- Connect , - Proserve LLC\",\"isPartOf\":{\"@id\":\"https:\/\/prosrve.com\/#website\"},\"primaryImageOfPage\":{\"@id\":\"https:\/\/prosrve.com\/product\/hikvision-ds-2cd1123g2-liu2-8mmo-std-2mp-smart-dual-light-network-dome-camera-built-in-microphone-dc12v-poe-support-mobile-monitoring-via-hik-connect\/#primaryimage\"},\"image\":{\"@id\":\"https:\/\/prosrve.com\/product\/hikvision-ds-2cd1123g2-liu2-8mmo-std-2mp-smart-dual-light-network-dome-camera-built-in-microphone-dc12v-poe-support-mobile-monitoring-via-hik-connect\/#primaryimage\"},\"thumbnailUrl\":\"https:\/\/prosrve.com\/wp-content\/uploads\/2023\/09\/DS-2CD1123G2-LIU-2.png\",\"datePublished\":\"2023-09-17T09:49:47+00:00\",\"dateModified\":\"2023-11-30T07:41:05+00:00\",\"breadcrumb\":{\"@id\":\"https:\/\/prosrve.com\/product\/hikvision-ds-2cd1123g2-liu2-8mmo-std-2mp-smart-dual-light-network-dome-camera-built-in-microphone-dc12v-poe-support-mobile-monitoring-via-hik-connect\/#breadcrumb\"},\"inLanguage\":\"ar\",\"potentialAction\":[{\"@type\":\"ReadAction\",\"target\":[\"https:\/\/prosrve.com\/product\/hikvision-ds-2cd1123g2-liu2-8mmo-std-2mp-smart-dual-light-network-dome-camera-built-in-microphone-dc12v-poe-support-mobile-monitoring-via-hik-connect\/\"]}]},{\"@type\":\"ImageObject\",\"inLanguage\":\"ar\",\"@id\":\"https:\/\/prosrve.com\/product\/hikvision-ds-2cd1123g2-liu2-8mmo-std-2mp-smart-dual-light-network-dome-camera-built-in-microphone-dc12v-poe-support-mobile-monitoring-via-hik-connect\/#primaryimage\",\"url\":\"https:\/\/prosrve.com\/wp-content\/uploads\/2023\/09\/DS-2CD1123G2-LIU-2.png\",\"contentUrl\":\"https:\/\/prosrve.com\/wp-content\/uploads\/2023\/09\/DS-2CD1123G2-LIU-2.png\",\"width\":500,\"height\":500},{\"@type\":\"BreadcrumbList\",\"@id\":\"https:\/\/prosrve.com\/product\/hikvision-ds-2cd1123g2-liu2-8mmo-std-2mp-smart-dual-light-network-dome-camera-built-in-microphone-dc12v-poe-support-mobile-monitoring-via-hik-connect\/#breadcrumb\",\"itemListElement\":[{\"@type\":\"ListItem\",\"position\":1,\"name\":\"Home\",\"item\":\"https:\/\/prosrve.com\/\"},{\"@type\":\"ListItem\",\"position\":2,\"name\":\"Shop\",\"item\":\"https:\/\/prosrve.com\/shop\/\"},{\"@type\":\"ListItem\",\"position\":3,\"name\":\"Hikvision DS-2CD1123G2-LIU(2.8mm)(O-STD) , 2MP Smart Dual Light Network Dome Camera , Built-in microphone, DC12V &amp; PoE, Support mobile monitoring via Hik- Connect ,\"}]},{\"@type\":\"WebSite\",\"@id\":\"https:\/\/prosrve.com\/#website\",\"url\":\"https:\/\/prosrve.com\/\",\"name\":\"Proserve LLC\",\"description\":\"\",\"publisher\":{\"@id\":\"https:\/\/prosrve.com\/#organization\"},\"potentialAction\":[{\"@type\":\"SearchAction\",\"target\":{\"@type\":\"EntryPoint\",\"urlTemplate\":\"https:\/\/prosrve.com\/?s={search_term_string}\"},\"query-input\":\"required name=search_term_string\"}],\"inLanguage\":\"ar\"},{\"@type\":\"Organization\",\"@id\":\"https:\/\/prosrve.com\/#organization\",\"name\":\"proserve\",\"url\":\"https:\/\/prosrve.com\/\",\"logo\":{\"@type\":\"ImageObject\",\"inLanguage\":\"ar\",\"@id\":\"https:\/\/prosrve.com\/#\/schema\/logo\/image\/\",\"url\":\"https:\/\/prosrve.com\/wp-content\/uploads\/2020\/06\/Logo.png\",\"contentUrl\":\"https:\/\/prosrve.com\/wp-content\/uploads\/2020\/06\/Logo.png\",\"width\":187,\"height\":88,\"caption\":\"proserve\"},\"image\":{\"@id\":\"https:\/\/prosrve.com\/#\/schema\/logo\/image\/\"},\"sameAs\":[\"https:\/\/www.facebook.com\/pages\/ProServe-LLC\/628145137291830\"]}]}<\/script>\n<!-- \/ Yoast SEO plugin. -->","yoast_head_json":{"title":"Hikvision DS-2CD1123G2-LIU(2.8mm)(O-STD) , 2MP Smart Dual Light Network Dome Camera , Built-in microphone, DC12V &amp; PoE, Support mobile monitoring via Hik- Connect , - Proserve LLC","robots":{"index":"index","follow":"follow","max-snippet":"max-snippet:-1","max-image-preview":"max-image-preview:large","max-video-preview":"max-video-preview:-1"},"canonical":"https:\/\/prosrve.com\/ar\/product\/hikvision-ds-2cd1123g2-liu2-8mmo-std-2mp-smart-dual-light-network-dome-camera-built-in-microphone-dc12v-poe-support-mobile-monitoring-via-hik-connect\/","og_locale":"ar_AR","og_type":"article","og_title":"Hikvision DS-2CD1123G2-LIU(2.8mm)(O-STD) , 2MP Smart Dual Light Network Dome Camera , Built-in microphone, DC12V &amp; PoE, Support mobile monitoring via Hik- Connect , - Proserve LLC","og_description":"Hikvision DS-2CD1123G2-LIU 2MP Smart Dual Light Network Dome Camera with Built-in Mic, 1\/2.9&#8243; Progressive Scan CMOS, H.265+, Color: 0.005 Lux @ (F1.6, AGC ON), Digital WDR, IR Range: 30m, White Light: 20m, Support Human and Vehicle Detection, 25fps (1920 \u00d7 &hellip; Readmore","og_url":"https:\/\/prosrve.com\/ar\/product\/hikvision-ds-2cd1123g2-liu2-8mmo-std-2mp-smart-dual-light-network-dome-camera-built-in-microphone-dc12v-poe-support-mobile-monitoring-via-hik-connect\/","og_site_name":"Proserve LLC","article_publisher":"https:\/\/www.facebook.com\/pages\/ProServe-LLC\/628145137291830","article_modified_time":"2023-11-30T07:41:05+00:00","og_image":[{"width":500,"height":500,"url":"https:\/\/prosrve.com\/wp-content\/uploads\/2023\/09\/DS-2CD1123G2-LIU-2.png","type":"image\/png"}],"twitter_card":"summary_large_image","twitter_misc":{"\u0648\u0642\u062a \u0627\u0644\u0642\u0631\u0627\u0621\u0629 \u0627\u0644\u0645\u064f\u0642\u062f\u0651\u0631":"3 \u062f\u0642\u0627\u0626\u0642"},"schema":{"@context":"https:\/\/schema.org","@graph":[{"@type":"WebPage","@id":"https:\/\/prosrve.com\/product\/hikvision-ds-2cd1123g2-liu2-8mmo-std-2mp-smart-dual-light-network-dome-camera-built-in-microphone-dc12v-poe-support-mobile-monitoring-via-hik-connect\/","url":"https:\/\/prosrve.com\/product\/hikvision-ds-2cd1123g2-liu2-8mmo-std-2mp-smart-dual-light-network-dome-camera-built-in-microphone-dc12v-poe-support-mobile-monitoring-via-hik-connect\/","name":"Hikvision DS-2CD1123G2-LIU(2.8mm)(O-STD) , 2MP Smart Dual Light Network Dome Camera , Built-in microphone, DC12V &amp; PoE, Support mobile monitoring via Hik- Connect , - Proserve LLC","isPartOf":{"@id":"https:\/\/prosrve.com\/#website"},"primaryImageOfPage":{"@id":"https:\/\/prosrve.com\/product\/hikvision-ds-2cd1123g2-liu2-8mmo-std-2mp-smart-dual-light-network-dome-camera-built-in-microphone-dc12v-poe-support-mobile-monitoring-via-hik-connect\/#primaryimage"},"image":{"@id":"https:\/\/prosrve.com\/product\/hikvision-ds-2cd1123g2-liu2-8mmo-std-2mp-smart-dual-light-network-dome-camera-built-in-microphone-dc12v-poe-support-mobile-monitoring-via-hik-connect\/#primaryimage"},"thumbnailUrl":"https:\/\/prosrve.com\/wp-content\/uploads\/2023\/09\/DS-2CD1123G2-LIU-2.png","datePublished":"2023-09-17T09:49:47+00:00","dateModified":"2023-11-30T07:41:05+00:00","breadcrumb":{"@id":"https:\/\/prosrve.com\/product\/hikvision-ds-2cd1123g2-liu2-8mmo-std-2mp-smart-dual-light-network-dome-camera-built-in-microphone-dc12v-poe-support-mobile-monitoring-via-hik-connect\/#breadcrumb"},"inLanguage":"ar","potentialAction":[{"@type":"ReadAction","target":["https:\/\/prosrve.com\/product\/hikvision-ds-2cd1123g2-liu2-8mmo-std-2mp-smart-dual-light-network-dome-camera-built-in-microphone-dc12v-poe-support-mobile-monitoring-via-hik-connect\/"]}]},{"@type":"ImageObject","inLanguage":"ar","@id":"https:\/\/prosrve.com\/product\/hikvision-ds-2cd1123g2-liu2-8mmo-std-2mp-smart-dual-light-network-dome-camera-built-in-microphone-dc12v-poe-support-mobile-monitoring-via-hik-connect\/#primaryimage","url":"https:\/\/prosrve.com\/wp-content\/uploads\/2023\/09\/DS-2CD1123G2-LIU-2.png","contentUrl":"https:\/\/prosrve.com\/wp-content\/uploads\/2023\/09\/DS-2CD1123G2-LIU-2.png","width":500,"height":500},{"@type":"BreadcrumbList","@id":"https:\/\/prosrve.com\/product\/hikvision-ds-2cd1123g2-liu2-8mmo-std-2mp-smart-dual-light-network-dome-camera-built-in-microphone-dc12v-poe-support-mobile-monitoring-via-hik-connect\/#breadcrumb","itemListElement":[{"@type":"ListItem","position":1,"name":"Home","item":"https:\/\/prosrve.com\/"},{"@type":"ListItem","position":2,"name":"Shop","item":"https:\/\/prosrve.com\/shop\/"},{"@type":"ListItem","position":3,"name":"Hikvision DS-2CD1123G2-LIU(2.8mm)(O-STD) , 2MP Smart Dual Light Network Dome Camera , Built-in microphone, DC12V &amp; PoE, Support mobile monitoring via Hik- Connect ,"}]},{"@type":"WebSite","@id":"https:\/\/prosrve.com\/#website","url":"https:\/\/prosrve.com\/","name":"Proserve LLC","description":"","publisher":{"@id":"https:\/\/prosrve.com\/#organization"},"potentialAction":[{"@type":"SearchAction","target":{"@type":"EntryPoint","urlTemplate":"https:\/\/prosrve.com\/?s={search_term_string}"},"query-input":"required name=search_term_string"}],"inLanguage":"ar"},{"@type":"Organization","@id":"https:\/\/prosrve.com\/#organization","name":"proserve","url":"https:\/\/prosrve.com\/","logo":{"@type":"ImageObject","inLanguage":"ar","@id":"https:\/\/prosrve.com\/#\/schema\/logo\/image\/","url":"https:\/\/prosrve.com\/wp-content\/uploads\/2020\/06\/Logo.png","contentUrl":"https:\/\/prosrve.com\/wp-content\/uploads\/2020\/06\/Logo.png","width":187,"height":88,"caption":"proserve"},"image":{"@id":"https:\/\/prosrve.com\/#\/schema\/logo\/image\/"},"sameAs":["https:\/\/www.facebook.com\/pages\/ProServe-LLC\/628145137291830"]}]}},"_links":{"self":[{"href":"https:\/\/prosrve.com\/ar\/wp-json\/wp\/v2\/product\/10001","targetHints":{"allow":["GET"]}}],"collection":[{"href":"https:\/\/prosrve.com\/ar\/wp-json\/wp\/v2\/product"}],"about":[{"href":"https:\/\/prosrve.com\/ar\/wp-json\/wp\/v2\/types\/product"}],"replies":[{"embeddable":true,"href":"https:\/\/prosrve.com\/ar\/wp-json\/wp\/v2\/comments?post=10001"}],"version-history":[{"count":2,"href":"https:\/\/prosrve.com\/ar\/wp-json\/wp\/v2\/product\/10001\/revisions"}],"predecessor-version":[{"id":10008,"href":"https:\/\/prosrve.com\/ar\/wp-json\/wp\/v2\/product\/10001\/revisions\/10008"}],"wp:featuredmedia":[{"embeddable":true,"href":"https:\/\/prosrve.com\/ar\/wp-json\/wp\/v2\/media\/10005"}],"wp:attachment":[{"href":"https:\/\/prosrve.com\/ar\/wp-json\/wp\/v2\/media?parent=10001"}],"wp:term":[{"taxonomy":"product_brand","embeddable":true,"href":"https:\/\/prosrve.com\/ar\/wp-json\/wp\/v2\/product_brand?post=10001"},{"taxonomy":"product_cat","embeddable":true,"href":"https:\/\/prosrve.com\/ar\/wp-json\/wp\/v2\/product_cat?post=10001"},{"taxonomy":"product_tag","embeddable":true,"href":"https:\/\/prosrve.com\/ar\/wp-json\/wp\/v2\/product_tag?post=10001"}],"curies":[{"name":"wp","href":"https:\/\/api.w.org\/{rel}","templated":true}]}}