{"id":10132,"date":"2023-09-17T13:26:50","date_gmt":"2023-09-17T11:26:50","guid":{"rendered":"https:\/\/prosrve.com\/?post_type=product&#038;p=10132"},"modified":"2023-11-30T09:32:22","modified_gmt":"2023-11-30T07:32:22","slug":"hikvision-ds-7104ni-q1-mstdc-40mbps-bit-rate-input-max-up-to-4-ch-ip-video-1-sata-interface-mini-1u-casemetal","status":"publish","type":"product","link":"https:\/\/prosrve.com\/ar\/product\/hikvision-ds-7104ni-q1-mstdc-40mbps-bit-rate-input-max-up-to-4-ch-ip-video-1-sata-interface-mini-1u-casemetal\/","title":{"rendered":"Hikvision DS-7104NI-Q1\/M(STD)(C) ,   40Mbps Bit Rate Input Max (up to 4-ch IP video), 1 SATA interface, mini 1U case(Metal)"},"content":{"rendered":"<h2>DS-7104NI-Q1\/M Overview<\/h2>\n<div class=\"std prod-description\">\n<ul class=\"product_description_item-list\">\n<li class=\"product_description_item\">Up to 4 channel IP cameras can be connected<\/li>\n<li class=\"product_description_item\">Supports decoding H.265+\/H.265\/H.264+\/H.264 video formats<\/li>\n<li class=\"product_description_item\">Up to 6 MP high-definition live view, storage and playback<\/li>\n<li class=\"product_description_item\">Up to 40 Mbps high incoming bandwidth ensures IP cameras can be connected<\/li>\n<li class=\"product_description_item\">Up to 4-ch @ 1080p decoding capacity<\/li>\n<li class=\"product_description_item\">1 HDD for continuous video recording<\/li>\n<li class=\"product_description_item\">Compatible with third-party network cameras<\/li>\n<li class=\"product_description_item\">Metal case for professional industry applications.<\/li>\n<li>\n<h2>DS-7104NI-Q1\/M Specification<\/h2>\n<div class=\"std\">\n<div class=\"overview-table overview-table-header\">\n<table>\n<tbody>\n<tr>\n<td>\n<h3><strong>DS-7104NI-Q1\/M Specification<\/strong><\/h3>\n<\/td>\n<\/tr>\n<\/tbody>\n<\/table>\n<\/div>\n<div class=\"tech-specs-items-description-wrap\">\n<ul class=\"tech-specs-items-description\" data-target=\"Video and Audio\">\n<li class=\"tech-specs-items-description-list\"><span class=\"tech-specs-items-description__title--heading\">Video And Audio<\/span><\/li>\n<li class=\"tech-specs-items-description-list\"><span class=\"tech-specs-items-description__title\">IP video input<\/span><span class=\"tech-specs-items-description__title-details\">4-ch ,Up to 4 MP resolution<\/span><\/li>\n<li class=\"tech-specs-items-description-list\"><span class=\"tech-specs-items-description__title\">Incoming bandwidth<\/span><span class=\"tech-specs-items-description__title-details\">40 Mbps<\/span><\/li>\n<li class=\"tech-specs-items-description-list\"><span class=\"tech-specs-items-description__title\">Outgoing bandwidth<\/span><span class=\"tech-specs-items-description__title-details\">60 Mbps<\/span><\/li>\n<li class=\"tech-specs-items-description-list\"><span class=\"tech-specs-items-description__title\">HDMI\/VGA output resolution<\/span><span class=\"tech-specs-items-description__title-details\">1920 \u00d7 1080p\/60Hz, 1280 \u00d7 1024\/60Hz, 1280 \u00d7 720\/60Hz, 1024 \u00d7 768\/60Hz<\/span><\/li>\n<\/ul>\n<ul class=\"tech-specs-items-description\" data-target=\"Decoding\">\n<li class=\"tech-specs-items-description-list\"><span class=\"tech-specs-items-description__title--heading\">Decoding<\/span><\/li>\n<li class=\"tech-specs-items-description-list\"><span class=\"tech-specs-items-description__title\">Decoding format<\/span><span class=\"tech-specs-items-description__title-details\">H.265+\/H.265\/ H.264+\/H.264<\/span><\/li>\n<li class=\"tech-specs-items-description-list\"><span class=\"tech-specs-items-description__title\">Live view \/ Playback resolution<\/span><span class=\"tech-specs-items-description__title-details\">6MP\/ 4 MP\/3 MP\/1080p\/UXGA \/720p\/VGA\/4CIF\/DCIF\/ 2CIF\/CIF\/QCIF<\/span><\/li>\n<li class=\"tech-specs-items-description-list\"><span class=\"tech-specs-items-description__title\">Recording resolution<\/span><span class=\"tech-specs-items-description__title-details\">4 MP\/3 MP\/1080p\/UXGA \/720p\/VGA\/4CIF\/DCIF\/ 2CIF\/CIF\/QCIF<\/span><\/li>\n<li class=\"tech-specs-items-description-list\"><span class=\"tech-specs-items-description__title\">Synchronous playback<\/span><span class=\"tech-specs-items-description__title-details\">4-ch<\/span><\/li>\n<li class=\"tech-specs-items-description-list\"><span class=\"tech-specs-items-description__title\">Capability<\/span><span class=\"tech-specs-items-description__title-details\">1-ch @ 6 MP \/ 4-ch @ 1080p<\/span><\/li>\n<\/ul>\n<ul class=\"tech-specs-items-description\" data-target=\"Network\">\n<li class=\"tech-specs-items-description-list\"><span class=\"tech-specs-items-description__title--heading\">Network<\/span><\/li>\n<li class=\"tech-specs-items-description-list\"><span class=\"tech-specs-items-description__title\">Network protocols<\/span><span class=\"tech-specs-items-description__title-details\">TCP\/IP, DHCP, Hik-Connect, DNS, DDNS, NTP, SADP, SMTP,UPnP\u2122<\/span><\/li>\n<li class=\"tech-specs-items-description-list\"><span class=\"tech-specs-items-description__title\">Network interface<\/span><span class=\"tech-specs-items-description__title-details\">1, RJ-45 10\/100Mbps self-adaptive Ethernet interface<\/span><\/li>\n<\/ul>\n<ul class=\"tech-specs-items-description\" data-target=\"Hard disk\">\n<li class=\"tech-specs-items-description-list\"><span class=\"tech-specs-items-description__title--heading\">Hard Disk<\/span><\/li>\n<li class=\"tech-specs-items-description-list\"><span class=\"tech-specs-items-description__title\">SATA<\/span><span class=\"tech-specs-items-description__title-details\">1 SATA interface<\/span><\/li>\n<li class=\"tech-specs-items-description-list\"><span class=\"tech-specs-items-description__title\">Capacity<\/span><span class=\"tech-specs-items-description__title-details\">Up to 6TB capacity for each disk<\/span><\/li>\n<\/ul>\n<ul class=\"tech-specs-items-description\" data-target=\"External interface\">\n<li class=\"tech-specs-items-description-list\"><span class=\"tech-specs-items-description__title--heading\">External Interface<\/span><\/li>\n<li class=\"tech-specs-items-description-list\"><span class=\"tech-specs-items-description__title\">USB interface<\/span><span class=\"tech-specs-items-description__title-details\">2 \u00d7 USB 2.0<\/span><\/li>\n<\/ul>\n<ul class=\"tech-specs-items-description\" data-target=\"General\">\n<li class=\"tech-specs-items-description-list\"><span class=\"tech-specs-items-description__title--heading\">General<\/span><\/li>\n<li class=\"tech-specs-items-description-list\"><span class=\"tech-specs-items-description__title\">Power<\/span><span class=\"tech-specs-items-description__title-details\">\u2264 18W<\/span><\/li>\n<li class=\"tech-specs-items-description-list\"><span class=\"tech-specs-items-description__title\">Power supply<\/span><span class=\"tech-specs-items-description__title-details\">12 VDC<\/span><\/li>\n<li class=\"tech-specs-items-description-list\"><span class=\"tech-specs-items-description__title\">Working temperature<\/span><span class=\"tech-specs-items-description__title-details\">-10 to +55\u00ba C (+14 to +131\u00ba F)<\/span><\/li>\n<li class=\"tech-specs-items-description-list\"><span class=\"tech-specs-items-description__title\">Working humidity<\/span><span class=\"tech-specs-items-description__title-details\">10 to 90 %<\/span><\/li>\n<li class=\"tech-specs-items-description-list\"><span class=\"tech-specs-items-description__title\">Chassis<\/span><span class=\"tech-specs-items-description__title-details\">1U chassis<\/span><\/li>\n<li class=\"tech-specs-items-description-list\"><span class=\"tech-specs-items-description__title\">Dimensions(W \u00d7 D \u00d7 H)<\/span><span class=\"tech-specs-items-description__title-details\">260 \u00d7 225 \u00d7 48 mm (10.2&#8243; \u00d7 8.9&#8243; \u00d7 1.9&#8243;)<\/span><\/li>\n<li class=\"tech-specs-items-description-list\"><span class=\"tech-specs-items-description__title\">Consumption(without hard disk)<\/span><span class=\"tech-specs-items-description__title-details\">\u2264 10 W<\/span><\/li>\n<li class=\"tech-specs-items-description-list\"><span class=\"tech-specs-items-description__title\">Weight(without hard disk)<\/span><span class=\"tech-specs-items-description__title-details\">\u2264 1 kg (2.2 lb)<\/span><\/li>\n<\/ul>\n<\/div>\n<\/div>\n<\/li>\n<\/ul>\n<\/div>","protected":false},"excerpt":{"rendered":"<p>DS-7104NI-Q1\/M Overview Up to 4 channel IP cameras can be connected Supports decoding H.265+\/H.265\/H.264+\/H.264 video formats Up to 6 MP high-definition live view, storage and playback Up to 40 Mbps high incoming bandwidth ensures IP cameras can be connected Up &hellip; <a href=\"https:\/\/prosrve.com\/ar\/product\/hikvision-ds-7104ni-q1-mstdc-40mbps-bit-rate-input-max-up-to-4-ch-ip-video-1-sata-interface-mini-1u-casemetal\/\">Readmore<\/a><\/p>","protected":false},"featured_media":10125,"comment_status":"open","ping_status":"closed","template":"","meta":[],"product_brand":[273],"product_cat":[300,310,314],"product_tag":[913],"class_list":{"0":"post-10132","1":"product","2":"type-product","3":"status-publish","4":"has-post-thumbnail","6":"product_brand-hikvision","7":"product_cat-networking-servers","8":"product_cat-networking-cables","9":"product_cat-network-tools-testers","10":"product_tag-4-ch","12":"first","13":"instock","14":"shipping-taxable","15":"purchasable","16":"product-type-simple"},"yoast_head":"<!-- This site is optimized with the Yoast SEO plugin v22.7 - https:\/\/yoast.com\/wordpress\/plugins\/seo\/ -->\n<title>Hikvision DS-7104NI-Q1\/M(STD)(C) ,  40Mbps Bit Rate Input Max (up to 4-ch IP video), 1 SATA interface, mini 1U case(Metal) - Proserve LLC<\/title>\n<meta name=\"robots\" content=\"index, follow, max-snippet:-1, max-image-preview:large, max-video-preview:-1\" \/>\n<link rel=\"canonical\" href=\"https:\/\/prosrve.com\/ar\/product\/hikvision-ds-7104ni-q1-mstdc-40mbps-bit-rate-input-max-up-to-4-ch-ip-video-1-sata-interface-mini-1u-casemetal\/\" \/>\n<meta property=\"og:locale\" content=\"ar_AR\" \/>\n<meta property=\"og:type\" content=\"article\" \/>\n<meta property=\"og:title\" content=\"Hikvision DS-7104NI-Q1\/M(STD)(C) ,  40Mbps Bit Rate Input Max (up to 4-ch IP video), 1 SATA interface, mini 1U case(Metal) - Proserve LLC\" \/>\n<meta property=\"og:description\" content=\"DS-7104NI-Q1\/M Overview Up to 4 channel IP cameras can be connected Supports decoding H.265+\/H.265\/H.264+\/H.264 video formats Up to 6 MP high-definition live view, storage and playback Up to 40 Mbps high incoming bandwidth ensures IP cameras can be connected Up &hellip; Readmore\" \/>\n<meta property=\"og:url\" content=\"https:\/\/prosrve.com\/ar\/product\/hikvision-ds-7104ni-q1-mstdc-40mbps-bit-rate-input-max-up-to-4-ch-ip-video-1-sata-interface-mini-1u-casemetal\/\" \/>\n<meta property=\"og:site_name\" content=\"Proserve LLC\" \/>\n<meta property=\"article:publisher\" content=\"https:\/\/www.facebook.com\/pages\/ProServe-LLC\/628145137291830\" \/>\n<meta property=\"article:modified_time\" content=\"2023-11-30T07:32:22+00:00\" \/>\n<meta property=\"og:image\" content=\"https:\/\/prosrve.com\/wp-content\/uploads\/2023\/09\/mn.webp\" \/>\n\t<meta property=\"og:image:width\" content=\"800\" \/>\n\t<meta property=\"og:image:height\" content=\"800\" \/>\n\t<meta property=\"og:image:type\" content=\"image\/webp\" \/>\n<meta name=\"twitter:card\" content=\"summary_large_image\" \/>\n<meta name=\"twitter:label1\" content=\"\u0648\u0642\u062a \u0627\u0644\u0642\u0631\u0627\u0621\u0629 \u0627\u0644\u0645\u064f\u0642\u062f\u0651\u0631\" \/>\n\t<meta name=\"twitter:data1\" content=\"\u062f\u0642\u064a\u0642\u0629 \u0648\u0627\u062d\u062f\u0629\" \/>\n<script type=\"application\/ld+json\" class=\"yoast-schema-graph\">{\"@context\":\"https:\/\/schema.org\",\"@graph\":[{\"@type\":\"WebPage\",\"@id\":\"https:\/\/prosrve.com\/product\/hikvision-ds-7104ni-q1-mstdc-40mbps-bit-rate-input-max-up-to-4-ch-ip-video-1-sata-interface-mini-1u-casemetal\/\",\"url\":\"https:\/\/prosrve.com\/product\/hikvision-ds-7104ni-q1-mstdc-40mbps-bit-rate-input-max-up-to-4-ch-ip-video-1-sata-interface-mini-1u-casemetal\/\",\"name\":\"Hikvision DS-7104NI-Q1\/M(STD)(C) , 40Mbps Bit Rate Input Max (up to 4-ch IP video), 1 SATA interface, mini 1U case(Metal) - Proserve LLC\",\"isPartOf\":{\"@id\":\"https:\/\/prosrve.com\/#website\"},\"primaryImageOfPage\":{\"@id\":\"https:\/\/prosrve.com\/product\/hikvision-ds-7104ni-q1-mstdc-40mbps-bit-rate-input-max-up-to-4-ch-ip-video-1-sata-interface-mini-1u-casemetal\/#primaryimage\"},\"image\":{\"@id\":\"https:\/\/prosrve.com\/product\/hikvision-ds-7104ni-q1-mstdc-40mbps-bit-rate-input-max-up-to-4-ch-ip-video-1-sata-interface-mini-1u-casemetal\/#primaryimage\"},\"thumbnailUrl\":\"https:\/\/prosrve.com\/wp-content\/uploads\/2023\/09\/mn.webp\",\"datePublished\":\"2023-09-17T11:26:50+00:00\",\"dateModified\":\"2023-11-30T07:32:22+00:00\",\"breadcrumb\":{\"@id\":\"https:\/\/prosrve.com\/product\/hikvision-ds-7104ni-q1-mstdc-40mbps-bit-rate-input-max-up-to-4-ch-ip-video-1-sata-interface-mini-1u-casemetal\/#breadcrumb\"},\"inLanguage\":\"ar\",\"potentialAction\":[{\"@type\":\"ReadAction\",\"target\":[\"https:\/\/prosrve.com\/product\/hikvision-ds-7104ni-q1-mstdc-40mbps-bit-rate-input-max-up-to-4-ch-ip-video-1-sata-interface-mini-1u-casemetal\/\"]}]},{\"@type\":\"ImageObject\",\"inLanguage\":\"ar\",\"@id\":\"https:\/\/prosrve.com\/product\/hikvision-ds-7104ni-q1-mstdc-40mbps-bit-rate-input-max-up-to-4-ch-ip-video-1-sata-interface-mini-1u-casemetal\/#primaryimage\",\"url\":\"https:\/\/prosrve.com\/wp-content\/uploads\/2023\/09\/mn.webp\",\"contentUrl\":\"https:\/\/prosrve.com\/wp-content\/uploads\/2023\/09\/mn.webp\",\"width\":800,\"height\":800},{\"@type\":\"BreadcrumbList\",\"@id\":\"https:\/\/prosrve.com\/product\/hikvision-ds-7104ni-q1-mstdc-40mbps-bit-rate-input-max-up-to-4-ch-ip-video-1-sata-interface-mini-1u-casemetal\/#breadcrumb\",\"itemListElement\":[{\"@type\":\"ListItem\",\"position\":1,\"name\":\"Home\",\"item\":\"https:\/\/prosrve.com\/\"},{\"@type\":\"ListItem\",\"position\":2,\"name\":\"Shop\",\"item\":\"https:\/\/prosrve.com\/shop\/\"},{\"@type\":\"ListItem\",\"position\":3,\"name\":\"Hikvision DS-7104NI-Q1\/M(STD)(C) , 40Mbps Bit Rate Input Max (up to 4-ch IP video), 1 SATA interface, mini 1U case(Metal)\"}]},{\"@type\":\"WebSite\",\"@id\":\"https:\/\/prosrve.com\/#website\",\"url\":\"https:\/\/prosrve.com\/\",\"name\":\"Proserve LLC\",\"description\":\"\",\"publisher\":{\"@id\":\"https:\/\/prosrve.com\/#organization\"},\"potentialAction\":[{\"@type\":\"SearchAction\",\"target\":{\"@type\":\"EntryPoint\",\"urlTemplate\":\"https:\/\/prosrve.com\/?s={search_term_string}\"},\"query-input\":\"required name=search_term_string\"}],\"inLanguage\":\"ar\"},{\"@type\":\"Organization\",\"@id\":\"https:\/\/prosrve.com\/#organization\",\"name\":\"proserve\",\"url\":\"https:\/\/prosrve.com\/\",\"logo\":{\"@type\":\"ImageObject\",\"inLanguage\":\"ar\",\"@id\":\"https:\/\/prosrve.com\/#\/schema\/logo\/image\/\",\"url\":\"https:\/\/prosrve.com\/wp-content\/uploads\/2020\/06\/Logo.png\",\"contentUrl\":\"https:\/\/prosrve.com\/wp-content\/uploads\/2020\/06\/Logo.png\",\"width\":187,\"height\":88,\"caption\":\"proserve\"},\"image\":{\"@id\":\"https:\/\/prosrve.com\/#\/schema\/logo\/image\/\"},\"sameAs\":[\"https:\/\/www.facebook.com\/pages\/ProServe-LLC\/628145137291830\"]}]}<\/script>\n<!-- \/ Yoast SEO plugin. -->","yoast_head_json":{"title":"Hikvision DS-7104NI-Q1\/M(STD)(C) ,  40Mbps Bit Rate Input Max (up to 4-ch IP video), 1 SATA interface, mini 1U case(Metal) - Proserve LLC","robots":{"index":"index","follow":"follow","max-snippet":"max-snippet:-1","max-image-preview":"max-image-preview:large","max-video-preview":"max-video-preview:-1"},"canonical":"https:\/\/prosrve.com\/ar\/product\/hikvision-ds-7104ni-q1-mstdc-40mbps-bit-rate-input-max-up-to-4-ch-ip-video-1-sata-interface-mini-1u-casemetal\/","og_locale":"ar_AR","og_type":"article","og_title":"Hikvision DS-7104NI-Q1\/M(STD)(C) ,  40Mbps Bit Rate Input Max (up to 4-ch IP video), 1 SATA interface, mini 1U case(Metal) - Proserve LLC","og_description":"DS-7104NI-Q1\/M Overview Up to 4 channel IP cameras can be connected Supports decoding H.265+\/H.265\/H.264+\/H.264 video formats Up to 6 MP high-definition live view, storage and playback Up to 40 Mbps high incoming bandwidth ensures IP cameras can be connected Up &hellip; Readmore","og_url":"https:\/\/prosrve.com\/ar\/product\/hikvision-ds-7104ni-q1-mstdc-40mbps-bit-rate-input-max-up-to-4-ch-ip-video-1-sata-interface-mini-1u-casemetal\/","og_site_name":"Proserve LLC","article_publisher":"https:\/\/www.facebook.com\/pages\/ProServe-LLC\/628145137291830","article_modified_time":"2023-11-30T07:32:22+00:00","og_image":[{"width":800,"height":800,"url":"https:\/\/prosrve.com\/wp-content\/uploads\/2023\/09\/mn.webp","type":"image\/webp"}],"twitter_card":"summary_large_image","twitter_misc":{"\u0648\u0642\u062a \u0627\u0644\u0642\u0631\u0627\u0621\u0629 \u0627\u0644\u0645\u064f\u0642\u062f\u0651\u0631":"\u062f\u0642\u064a\u0642\u0629 \u0648\u0627\u062d\u062f\u0629"},"schema":{"@context":"https:\/\/schema.org","@graph":[{"@type":"WebPage","@id":"https:\/\/prosrve.com\/product\/hikvision-ds-7104ni-q1-mstdc-40mbps-bit-rate-input-max-up-to-4-ch-ip-video-1-sata-interface-mini-1u-casemetal\/","url":"https:\/\/prosrve.com\/product\/hikvision-ds-7104ni-q1-mstdc-40mbps-bit-rate-input-max-up-to-4-ch-ip-video-1-sata-interface-mini-1u-casemetal\/","name":"Hikvision DS-7104NI-Q1\/M(STD)(C) , 40Mbps Bit Rate Input Max (up to 4-ch IP video), 1 SATA interface, mini 1U case(Metal) - Proserve LLC","isPartOf":{"@id":"https:\/\/prosrve.com\/#website"},"primaryImageOfPage":{"@id":"https:\/\/prosrve.com\/product\/hikvision-ds-7104ni-q1-mstdc-40mbps-bit-rate-input-max-up-to-4-ch-ip-video-1-sata-interface-mini-1u-casemetal\/#primaryimage"},"image":{"@id":"https:\/\/prosrve.com\/product\/hikvision-ds-7104ni-q1-mstdc-40mbps-bit-rate-input-max-up-to-4-ch-ip-video-1-sata-interface-mini-1u-casemetal\/#primaryimage"},"thumbnailUrl":"https:\/\/prosrve.com\/wp-content\/uploads\/2023\/09\/mn.webp","datePublished":"2023-09-17T11:26:50+00:00","dateModified":"2023-11-30T07:32:22+00:00","breadcrumb":{"@id":"https:\/\/prosrve.com\/product\/hikvision-ds-7104ni-q1-mstdc-40mbps-bit-rate-input-max-up-to-4-ch-ip-video-1-sata-interface-mini-1u-casemetal\/#breadcrumb"},"inLanguage":"ar","potentialAction":[{"@type":"ReadAction","target":["https:\/\/prosrve.com\/product\/hikvision-ds-7104ni-q1-mstdc-40mbps-bit-rate-input-max-up-to-4-ch-ip-video-1-sata-interface-mini-1u-casemetal\/"]}]},{"@type":"ImageObject","inLanguage":"ar","@id":"https:\/\/prosrve.com\/product\/hikvision-ds-7104ni-q1-mstdc-40mbps-bit-rate-input-max-up-to-4-ch-ip-video-1-sata-interface-mini-1u-casemetal\/#primaryimage","url":"https:\/\/prosrve.com\/wp-content\/uploads\/2023\/09\/mn.webp","contentUrl":"https:\/\/prosrve.com\/wp-content\/uploads\/2023\/09\/mn.webp","width":800,"height":800},{"@type":"BreadcrumbList","@id":"https:\/\/prosrve.com\/product\/hikvision-ds-7104ni-q1-mstdc-40mbps-bit-rate-input-max-up-to-4-ch-ip-video-1-sata-interface-mini-1u-casemetal\/#breadcrumb","itemListElement":[{"@type":"ListItem","position":1,"name":"Home","item":"https:\/\/prosrve.com\/"},{"@type":"ListItem","position":2,"name":"Shop","item":"https:\/\/prosrve.com\/shop\/"},{"@type":"ListItem","position":3,"name":"Hikvision DS-7104NI-Q1\/M(STD)(C) , 40Mbps Bit Rate Input Max (up to 4-ch IP video), 1 SATA interface, mini 1U case(Metal)"}]},{"@type":"WebSite","@id":"https:\/\/prosrve.com\/#website","url":"https:\/\/prosrve.com\/","name":"Proserve LLC","description":"","publisher":{"@id":"https:\/\/prosrve.com\/#organization"},"potentialAction":[{"@type":"SearchAction","target":{"@type":"EntryPoint","urlTemplate":"https:\/\/prosrve.com\/?s={search_term_string}"},"query-input":"required name=search_term_string"}],"inLanguage":"ar"},{"@type":"Organization","@id":"https:\/\/prosrve.com\/#organization","name":"proserve","url":"https:\/\/prosrve.com\/","logo":{"@type":"ImageObject","inLanguage":"ar","@id":"https:\/\/prosrve.com\/#\/schema\/logo\/image\/","url":"https:\/\/prosrve.com\/wp-content\/uploads\/2020\/06\/Logo.png","contentUrl":"https:\/\/prosrve.com\/wp-content\/uploads\/2020\/06\/Logo.png","width":187,"height":88,"caption":"proserve"},"image":{"@id":"https:\/\/prosrve.com\/#\/schema\/logo\/image\/"},"sameAs":["https:\/\/www.facebook.com\/pages\/ProServe-LLC\/628145137291830"]}]}},"_links":{"self":[{"href":"https:\/\/prosrve.com\/ar\/wp-json\/wp\/v2\/product\/10132","targetHints":{"allow":["GET"]}}],"collection":[{"href":"https:\/\/prosrve.com\/ar\/wp-json\/wp\/v2\/product"}],"about":[{"href":"https:\/\/prosrve.com\/ar\/wp-json\/wp\/v2\/types\/product"}],"replies":[{"embeddable":true,"href":"https:\/\/prosrve.com\/ar\/wp-json\/wp\/v2\/comments?post=10132"}],"version-history":[{"count":2,"href":"https:\/\/prosrve.com\/ar\/wp-json\/wp\/v2\/product\/10132\/revisions"}],"predecessor-version":[{"id":10138,"href":"https:\/\/prosrve.com\/ar\/wp-json\/wp\/v2\/product\/10132\/revisions\/10138"}],"wp:featuredmedia":[{"embeddable":true,"href":"https:\/\/prosrve.com\/ar\/wp-json\/wp\/v2\/media\/10125"}],"wp:attachment":[{"href":"https:\/\/prosrve.com\/ar\/wp-json\/wp\/v2\/media?parent=10132"}],"wp:term":[{"taxonomy":"product_brand","embeddable":true,"href":"https:\/\/prosrve.com\/ar\/wp-json\/wp\/v2\/product_brand?post=10132"},{"taxonomy":"product_cat","embeddable":true,"href":"https:\/\/prosrve.com\/ar\/wp-json\/wp\/v2\/product_cat?post=10132"},{"taxonomy":"product_tag","embeddable":true,"href":"https:\/\/prosrve.com\/ar\/wp-json\/wp\/v2\/product_tag?post=10132"}],"curies":[{"name":"wp","href":"https:\/\/api.w.org\/{rel}","templated":true}]}}