{"id":10139,"date":"2023-09-17T13:31:15","date_gmt":"2023-09-17T11:31:15","guid":{"rendered":"https:\/\/prosrve.com\/?post_type=product&#038;p=10139"},"modified":"2023-11-30T09:32:13","modified_gmt":"2023-11-30T07:32:13","slug":"hikvision-ds-7104ni-k1-w-mcstd-4-ch-mini-1u-wi-fi-nvr-up-to-4-channel-ip-cameras-can-be-connected","status":"publish","type":"product","link":"https:\/\/prosrve.com\/ar\/product\/hikvision-ds-7104ni-k1-w-mcstd-4-ch-mini-1u-wi-fi-nvr-up-to-4-channel-ip-cameras-can-be-connected\/","title":{"rendered":"Hikvision DS-7104NI-K1\/W\/M(C)(STD) , 4-ch Mini 1U Wi-Fi NVR ,Up to 4 channel IP cameras can be connected"},"content":{"rendered":"<ul class=\"product_description_item-list\">\n<li class=\"product_description_item\">Up to 4 channel IP cameras can be connected<\/li>\n<li class=\"product_description_item\">Supports decoding H.265+\/H.265\/H.264+\/H.264 video formats<\/li>\n<li class=\"product_description_item\">Up to 4 MP high-definition live view, storage and playback<\/li>\n<li class=\"product_description_item\">Up to 4-ch @ 1080p decoding capacity<\/li>\n<li class=\"product_description_item\">1 HDD for continuous video recording<\/li>\n<li class=\"product_description_item\">Easy to install through automatic wireless connection<\/li>\n<li class=\"product_description_item\">Easy to manage through Hik-Connect app<\/li>\n<li>\n<ul class=\"tech-specs-items-description\" data-target=\"Video and Audio\">\n<li class=\"tech-specs-items-description-list\"><span class=\"tech-specs-items-description__title--heading\">Video And Audio<\/span><\/li>\n<li class=\"tech-specs-items-description-list\"><span class=\"tech-specs-items-description__title\">IP Video Input<\/span><span class=\"tech-specs-items-description__title-details\">4-ch<\/span><\/li>\n<li class=\"tech-specs-items-description-list\"><span class=\"tech-specs-items-description__title\">HDMI Output<\/span><span class=\"tech-specs-items-description__title-details\">1-ch, resolution: 1920 \u00d7 1080\/60Hz, 1280 \u00d7 1024\/60Hz, 1280 \u00d7 720\/60Hz, 1024 \u00d7 768\/60Hz<\/span><\/li>\n<li class=\"tech-specs-items-description-list\"><span class=\"tech-specs-items-description__title\">VGA Output<\/span><span class=\"tech-specs-items-description__title-details\">HDMI,VGA<\/span><\/li>\n<li class=\"tech-specs-items-description-list\"><span class=\"tech-specs-items-description__title\">Incoming Bandwidth<\/span><span class=\"tech-specs-items-description__title-details\">50\/40 Mbps<\/span><\/li>\n<li class=\"tech-specs-items-description-list\"><span class=\"tech-specs-items-description__title\">Audio Output<\/span><span class=\"tech-specs-items-description__title-details\">1-ch, RCA (linear, 1 K\u03a9)<\/span><\/li>\n<\/ul>\n<ul class=\"tech-specs-items-description\" data-target=\"Decoding\">\n<li class=\"tech-specs-items-description-list\"><span class=\"tech-specs-items-description__title--heading\">Decoding<\/span><\/li>\n<li class=\"tech-specs-items-description-list\"><span class=\"tech-specs-items-description__title\">Decoding Format<\/span><span class=\"tech-specs-items-description__title-details\">H.265+,H.265,H.264+,H.264<\/span><\/li>\n<li class=\"tech-specs-items-description-list\"><span class=\"tech-specs-items-description__title\">Decoding Capability<\/span><span class=\"tech-specs-items-description__title-details\">4-ch@1080p<\/span><\/li>\n<li class=\"tech-specs-items-description-list\"><span class=\"tech-specs-items-description__title\">Synchronous Playback<\/span><span class=\"tech-specs-items-description__title-details\">4-ch<\/span><\/li>\n<li class=\"tech-specs-items-description-list\"><span class=\"tech-specs-items-description__title\">Recording Resolution<\/span><span class=\"tech-specs-items-description__title-details\">4 M\/3 M\/1080p\/1.3 M\/720p<\/span><\/li>\n<\/ul>\n<ul class=\"tech-specs-items-description\" data-target=\"Network\">\n<li class=\"tech-specs-items-description-list\"><span class=\"tech-specs-items-description__title--heading\">Network<\/span><\/li>\n<li class=\"tech-specs-items-description-list\"><span class=\"tech-specs-items-description__title\">Network Interface<\/span><span class=\"tech-specs-items-description__title-details\">1, RJ45 10\/100M Ethernet interface<\/span><\/li>\n<\/ul>\n<ul class=\"tech-specs-items-description\" data-target=\"PoE\">\n<li class=\"tech-specs-items-description-list\"><span class=\"tech-specs-items-description__title--heading\">PoE<\/span><\/li>\n<li class=\"tech-specs-items-description-list\"><span class=\"tech-specs-items-description__title\">Interface<\/span><span class=\"tech-specs-items-description__title-details\">N\/A<\/span><\/li>\n<\/ul>\n<ul class=\"tech-specs-items-description\" data-target=\"Wireless Parameter\">\n<li class=\"tech-specs-items-description-list\"><span class=\"tech-specs-items-description__title--heading\">Wireless Parameter<\/span><\/li>\n<li class=\"tech-specs-items-description-list\"><span class=\"tech-specs-items-description__title\">Frequency Band<\/span><span class=\"tech-specs-items-description__title-details\">2.4 GHz<\/span><\/li>\n<li class=\"tech-specs-items-description-list\"><span class=\"tech-specs-items-description__title\">Antenna Structure<\/span><span class=\"tech-specs-items-description__title-details\">2 \u00d7 2MIMO<\/span><\/li>\n<li class=\"tech-specs-items-description-list\"><span class=\"tech-specs-items-description__title\">Transmission Speed<\/span><span class=\"tech-specs-items-description__title-details\">144 Mbps<\/span><\/li>\n<li class=\"tech-specs-items-description-list\"><span class=\"tech-specs-items-description__title\">Transmission Standard<\/span><span class=\"tech-specs-items-description__title-details\">IEEE 802.11b\/g\/n<\/span><\/li>\n<\/ul>\n<ul class=\"tech-specs-items-description\" data-target=\"RAID\">\n<li class=\"tech-specs-items-description-list\"><span class=\"tech-specs-items-description__title--heading\">RAID<\/span><\/li>\n<li class=\"tech-specs-items-description-list\"><span class=\"tech-specs-items-description__title\">RAID Type<\/span><span class=\"tech-specs-items-description__title-details\">No<\/span><\/li>\n<\/ul>\n<ul class=\"tech-specs-items-description\" data-target=\"Auxiliary Interface\">\n<li class=\"tech-specs-items-description-list\"><span class=\"tech-specs-items-description__title--heading\">Auxiliary Interface<\/span><\/li>\n<li class=\"tech-specs-items-description-list\"><span class=\"tech-specs-items-description__title\">SATA<\/span><span class=\"tech-specs-items-description__title-details\">1 SATA interface<\/span><\/li>\n<li class=\"tech-specs-items-description-list\"><span class=\"tech-specs-items-description__title\">Capacity<\/span><span class=\"tech-specs-items-description__title-details\">Up to 6 TB capacity for each disk<\/span><\/li>\n<li class=\"tech-specs-items-description-list\"><span class=\"tech-specs-items-description__title\">USB Interface<\/span><span class=\"tech-specs-items-description__title-details\">Rear panel: 2 \u00d7 USB 2.0<\/span><\/li>\n<\/ul>\n<ul class=\"tech-specs-items-description\" data-target=\"General\">\n<li class=\"tech-specs-items-description-list\"><span class=\"tech-specs-items-description__title--heading\">General<\/span><\/li>\n<li class=\"tech-specs-items-description-list\"><span class=\"tech-specs-items-description__title\">Power Supply<\/span><span class=\"tech-specs-items-description__title-details\">12 VDC<\/span><\/li>\n<li class=\"tech-specs-items-description-list\"><span class=\"tech-specs-items-description__title\">Consumption<\/span><span class=\"tech-specs-items-description__title-details\">\u2264 12 W<\/span><\/li>\n<li class=\"tech-specs-items-description-list\"><span class=\"tech-specs-items-description__title\">Working Temperature<\/span><span class=\"tech-specs-items-description__title-details\">-10 \u00b0C to +55 \u00b0C (14 \u00b0F to 131 \u00b0F)<\/span><\/li>\n<li class=\"tech-specs-items-description-list\"><span class=\"tech-specs-items-description__title\">Working Humidity<\/span><span class=\"tech-specs-items-description__title-details\">10% to 90%<\/span><\/li>\n<li class=\"tech-specs-items-description-list\"><span class=\"tech-specs-items-description__title\">Dimension (W \u00d7 D \u00d7 H)<\/span><span class=\"tech-specs-items-description__title-details\">260 \u00d7 246 \u00d7 48 mm (10.2&#8243; \u00d7 9.7&#8243; \u00d7 1.9&#8243;)<\/span><\/li>\n<li class=\"tech-specs-items-description-list\"><span class=\"tech-specs-items-description__title\">Weight<\/span><span class=\"tech-specs-items-description__title-details\">\u2264 1 kg (2.2 lb)<\/span><\/li>\n<\/ul>\n<\/li>\n<\/ul>","protected":false},"excerpt":{"rendered":"<p>Up to 4 channel IP cameras can be connected Supports decoding H.265+\/H.265\/H.264+\/H.264 video formats Up to 4 MP high-definition live view, storage and playback Up to 4-ch @ 1080p decoding capacity 1 HDD for continuous video recording Easy to install &hellip; <a href=\"https:\/\/prosrve.com\/ar\/product\/hikvision-ds-7104ni-k1-w-mcstd-4-ch-mini-1u-wi-fi-nvr-up-to-4-channel-ip-cameras-can-be-connected\/\">Readmore<\/a><\/p>","protected":false},"featured_media":10140,"comment_status":"open","ping_status":"closed","template":"","meta":[],"product_brand":[273],"product_cat":[300,310,314],"product_tag":[913,386],"class_list":{"0":"post-10139","1":"product","2":"type-product","3":"status-publish","4":"has-post-thumbnail","6":"product_brand-hikvision","7":"product_cat-networking-servers","8":"product_cat-networking-cables","9":"product_cat-network-tools-testers","10":"product_tag-4-ch","11":"product_tag-poe","13":"first","14":"instock","15":"shipping-taxable","16":"purchasable","17":"product-type-simple"},"yoast_head":"<!-- This site is optimized with the Yoast SEO plugin v22.7 - https:\/\/yoast.com\/wordpress\/plugins\/seo\/ -->\n<title>Hikvision DS-7104NI-K1\/W\/M(C)(STD) , 4-ch Mini 1U Wi-Fi NVR ,Up to 4 channel IP cameras can be connected - Proserve LLC<\/title>\n<meta name=\"robots\" content=\"index, follow, max-snippet:-1, max-image-preview:large, max-video-preview:-1\" \/>\n<link rel=\"canonical\" href=\"https:\/\/prosrve.com\/ar\/product\/hikvision-ds-7104ni-k1-w-mcstd-4-ch-mini-1u-wi-fi-nvr-up-to-4-channel-ip-cameras-can-be-connected\/\" \/>\n<meta property=\"og:locale\" content=\"ar_AR\" \/>\n<meta property=\"og:type\" content=\"article\" \/>\n<meta property=\"og:title\" content=\"Hikvision DS-7104NI-K1\/W\/M(C)(STD) , 4-ch Mini 1U Wi-Fi NVR ,Up to 4 channel IP cameras can be connected - Proserve LLC\" \/>\n<meta property=\"og:description\" content=\"Up to 4 channel IP cameras can be connected Supports decoding H.265+\/H.265\/H.264+\/H.264 video formats Up to 4 MP high-definition live view, storage and playback Up to 4-ch @ 1080p decoding capacity 1 HDD for continuous video recording Easy to install &hellip; Readmore\" \/>\n<meta property=\"og:url\" content=\"https:\/\/prosrve.com\/ar\/product\/hikvision-ds-7104ni-k1-w-mcstd-4-ch-mini-1u-wi-fi-nvr-up-to-4-channel-ip-cameras-can-be-connected\/\" \/>\n<meta property=\"og:site_name\" content=\"Proserve LLC\" \/>\n<meta property=\"article:publisher\" content=\"https:\/\/www.facebook.com\/pages\/ProServe-LLC\/628145137291830\" \/>\n<meta property=\"article:modified_time\" content=\"2023-11-30T07:32:13+00:00\" \/>\n<meta property=\"og:image\" content=\"https:\/\/prosrve.com\/wp-content\/uploads\/2023\/09\/hgggg.webp\" \/>\n\t<meta property=\"og:image:width\" content=\"1280\" \/>\n\t<meta property=\"og:image:height\" content=\"1280\" \/>\n\t<meta property=\"og:image:type\" content=\"image\/webp\" \/>\n<meta name=\"twitter:card\" content=\"summary_large_image\" \/>\n<meta name=\"twitter:label1\" content=\"\u0648\u0642\u062a \u0627\u0644\u0642\u0631\u0627\u0621\u0629 \u0627\u0644\u0645\u064f\u0642\u062f\u0651\u0631\" \/>\n\t<meta name=\"twitter:data1\" content=\"\u062f\u0642\u064a\u0642\u0629 \u0648\u0627\u062d\u062f\u0629\" \/>\n<script type=\"application\/ld+json\" class=\"yoast-schema-graph\">{\"@context\":\"https:\/\/schema.org\",\"@graph\":[{\"@type\":\"WebPage\",\"@id\":\"https:\/\/prosrve.com\/product\/hikvision-ds-7104ni-k1-w-mcstd-4-ch-mini-1u-wi-fi-nvr-up-to-4-channel-ip-cameras-can-be-connected\/\",\"url\":\"https:\/\/prosrve.com\/product\/hikvision-ds-7104ni-k1-w-mcstd-4-ch-mini-1u-wi-fi-nvr-up-to-4-channel-ip-cameras-can-be-connected\/\",\"name\":\"Hikvision DS-7104NI-K1\/W\/M(C)(STD) , 4-ch Mini 1U Wi-Fi NVR ,Up to 4 channel IP cameras can be connected - Proserve LLC\",\"isPartOf\":{\"@id\":\"https:\/\/prosrve.com\/#website\"},\"primaryImageOfPage\":{\"@id\":\"https:\/\/prosrve.com\/product\/hikvision-ds-7104ni-k1-w-mcstd-4-ch-mini-1u-wi-fi-nvr-up-to-4-channel-ip-cameras-can-be-connected\/#primaryimage\"},\"image\":{\"@id\":\"https:\/\/prosrve.com\/product\/hikvision-ds-7104ni-k1-w-mcstd-4-ch-mini-1u-wi-fi-nvr-up-to-4-channel-ip-cameras-can-be-connected\/#primaryimage\"},\"thumbnailUrl\":\"https:\/\/prosrve.com\/wp-content\/uploads\/2023\/09\/hgggg.webp\",\"datePublished\":\"2023-09-17T11:31:15+00:00\",\"dateModified\":\"2023-11-30T07:32:13+00:00\",\"breadcrumb\":{\"@id\":\"https:\/\/prosrve.com\/product\/hikvision-ds-7104ni-k1-w-mcstd-4-ch-mini-1u-wi-fi-nvr-up-to-4-channel-ip-cameras-can-be-connected\/#breadcrumb\"},\"inLanguage\":\"ar\",\"potentialAction\":[{\"@type\":\"ReadAction\",\"target\":[\"https:\/\/prosrve.com\/product\/hikvision-ds-7104ni-k1-w-mcstd-4-ch-mini-1u-wi-fi-nvr-up-to-4-channel-ip-cameras-can-be-connected\/\"]}]},{\"@type\":\"ImageObject\",\"inLanguage\":\"ar\",\"@id\":\"https:\/\/prosrve.com\/product\/hikvision-ds-7104ni-k1-w-mcstd-4-ch-mini-1u-wi-fi-nvr-up-to-4-channel-ip-cameras-can-be-connected\/#primaryimage\",\"url\":\"https:\/\/prosrve.com\/wp-content\/uploads\/2023\/09\/hgggg.webp\",\"contentUrl\":\"https:\/\/prosrve.com\/wp-content\/uploads\/2023\/09\/hgggg.webp\",\"width\":1280,\"height\":1280},{\"@type\":\"BreadcrumbList\",\"@id\":\"https:\/\/prosrve.com\/product\/hikvision-ds-7104ni-k1-w-mcstd-4-ch-mini-1u-wi-fi-nvr-up-to-4-channel-ip-cameras-can-be-connected\/#breadcrumb\",\"itemListElement\":[{\"@type\":\"ListItem\",\"position\":1,\"name\":\"Home\",\"item\":\"https:\/\/prosrve.com\/\"},{\"@type\":\"ListItem\",\"position\":2,\"name\":\"Shop\",\"item\":\"https:\/\/prosrve.com\/shop\/\"},{\"@type\":\"ListItem\",\"position\":3,\"name\":\"Hikvision DS-7104NI-K1\/W\/M(C)(STD) , 4-ch Mini 1U Wi-Fi NVR ,Up to 4 channel IP cameras can be connected\"}]},{\"@type\":\"WebSite\",\"@id\":\"https:\/\/prosrve.com\/#website\",\"url\":\"https:\/\/prosrve.com\/\",\"name\":\"Proserve LLC\",\"description\":\"\",\"publisher\":{\"@id\":\"https:\/\/prosrve.com\/#organization\"},\"potentialAction\":[{\"@type\":\"SearchAction\",\"target\":{\"@type\":\"EntryPoint\",\"urlTemplate\":\"https:\/\/prosrve.com\/?s={search_term_string}\"},\"query-input\":\"required name=search_term_string\"}],\"inLanguage\":\"ar\"},{\"@type\":\"Organization\",\"@id\":\"https:\/\/prosrve.com\/#organization\",\"name\":\"proserve\",\"url\":\"https:\/\/prosrve.com\/\",\"logo\":{\"@type\":\"ImageObject\",\"inLanguage\":\"ar\",\"@id\":\"https:\/\/prosrve.com\/#\/schema\/logo\/image\/\",\"url\":\"https:\/\/prosrve.com\/wp-content\/uploads\/2020\/06\/Logo.png\",\"contentUrl\":\"https:\/\/prosrve.com\/wp-content\/uploads\/2020\/06\/Logo.png\",\"width\":187,\"height\":88,\"caption\":\"proserve\"},\"image\":{\"@id\":\"https:\/\/prosrve.com\/#\/schema\/logo\/image\/\"},\"sameAs\":[\"https:\/\/www.facebook.com\/pages\/ProServe-LLC\/628145137291830\"]}]}<\/script>\n<!-- \/ Yoast SEO plugin. -->","yoast_head_json":{"title":"Hikvision DS-7104NI-K1\/W\/M(C)(STD) , 4-ch Mini 1U Wi-Fi NVR ,Up to 4 channel IP cameras can be connected - Proserve LLC","robots":{"index":"index","follow":"follow","max-snippet":"max-snippet:-1","max-image-preview":"max-image-preview:large","max-video-preview":"max-video-preview:-1"},"canonical":"https:\/\/prosrve.com\/ar\/product\/hikvision-ds-7104ni-k1-w-mcstd-4-ch-mini-1u-wi-fi-nvr-up-to-4-channel-ip-cameras-can-be-connected\/","og_locale":"ar_AR","og_type":"article","og_title":"Hikvision DS-7104NI-K1\/W\/M(C)(STD) , 4-ch Mini 1U Wi-Fi NVR ,Up to 4 channel IP cameras can be connected - Proserve LLC","og_description":"Up to 4 channel IP cameras can be connected Supports decoding H.265+\/H.265\/H.264+\/H.264 video formats Up to 4 MP high-definition live view, storage and playback Up to 4-ch @ 1080p decoding capacity 1 HDD for continuous video recording Easy to install &hellip; Readmore","og_url":"https:\/\/prosrve.com\/ar\/product\/hikvision-ds-7104ni-k1-w-mcstd-4-ch-mini-1u-wi-fi-nvr-up-to-4-channel-ip-cameras-can-be-connected\/","og_site_name":"Proserve LLC","article_publisher":"https:\/\/www.facebook.com\/pages\/ProServe-LLC\/628145137291830","article_modified_time":"2023-11-30T07:32:13+00:00","og_image":[{"width":1280,"height":1280,"url":"https:\/\/prosrve.com\/wp-content\/uploads\/2023\/09\/hgggg.webp","type":"image\/webp"}],"twitter_card":"summary_large_image","twitter_misc":{"\u0648\u0642\u062a \u0627\u0644\u0642\u0631\u0627\u0621\u0629 \u0627\u0644\u0645\u064f\u0642\u062f\u0651\u0631":"\u062f\u0642\u064a\u0642\u0629 \u0648\u0627\u062d\u062f\u0629"},"schema":{"@context":"https:\/\/schema.org","@graph":[{"@type":"WebPage","@id":"https:\/\/prosrve.com\/product\/hikvision-ds-7104ni-k1-w-mcstd-4-ch-mini-1u-wi-fi-nvr-up-to-4-channel-ip-cameras-can-be-connected\/","url":"https:\/\/prosrve.com\/product\/hikvision-ds-7104ni-k1-w-mcstd-4-ch-mini-1u-wi-fi-nvr-up-to-4-channel-ip-cameras-can-be-connected\/","name":"Hikvision DS-7104NI-K1\/W\/M(C)(STD) , 4-ch Mini 1U Wi-Fi NVR ,Up to 4 channel IP cameras can be connected - Proserve LLC","isPartOf":{"@id":"https:\/\/prosrve.com\/#website"},"primaryImageOfPage":{"@id":"https:\/\/prosrve.com\/product\/hikvision-ds-7104ni-k1-w-mcstd-4-ch-mini-1u-wi-fi-nvr-up-to-4-channel-ip-cameras-can-be-connected\/#primaryimage"},"image":{"@id":"https:\/\/prosrve.com\/product\/hikvision-ds-7104ni-k1-w-mcstd-4-ch-mini-1u-wi-fi-nvr-up-to-4-channel-ip-cameras-can-be-connected\/#primaryimage"},"thumbnailUrl":"https:\/\/prosrve.com\/wp-content\/uploads\/2023\/09\/hgggg.webp","datePublished":"2023-09-17T11:31:15+00:00","dateModified":"2023-11-30T07:32:13+00:00","breadcrumb":{"@id":"https:\/\/prosrve.com\/product\/hikvision-ds-7104ni-k1-w-mcstd-4-ch-mini-1u-wi-fi-nvr-up-to-4-channel-ip-cameras-can-be-connected\/#breadcrumb"},"inLanguage":"ar","potentialAction":[{"@type":"ReadAction","target":["https:\/\/prosrve.com\/product\/hikvision-ds-7104ni-k1-w-mcstd-4-ch-mini-1u-wi-fi-nvr-up-to-4-channel-ip-cameras-can-be-connected\/"]}]},{"@type":"ImageObject","inLanguage":"ar","@id":"https:\/\/prosrve.com\/product\/hikvision-ds-7104ni-k1-w-mcstd-4-ch-mini-1u-wi-fi-nvr-up-to-4-channel-ip-cameras-can-be-connected\/#primaryimage","url":"https:\/\/prosrve.com\/wp-content\/uploads\/2023\/09\/hgggg.webp","contentUrl":"https:\/\/prosrve.com\/wp-content\/uploads\/2023\/09\/hgggg.webp","width":1280,"height":1280},{"@type":"BreadcrumbList","@id":"https:\/\/prosrve.com\/product\/hikvision-ds-7104ni-k1-w-mcstd-4-ch-mini-1u-wi-fi-nvr-up-to-4-channel-ip-cameras-can-be-connected\/#breadcrumb","itemListElement":[{"@type":"ListItem","position":1,"name":"Home","item":"https:\/\/prosrve.com\/"},{"@type":"ListItem","position":2,"name":"Shop","item":"https:\/\/prosrve.com\/shop\/"},{"@type":"ListItem","position":3,"name":"Hikvision DS-7104NI-K1\/W\/M(C)(STD) , 4-ch Mini 1U Wi-Fi NVR ,Up to 4 channel IP cameras can be connected"}]},{"@type":"WebSite","@id":"https:\/\/prosrve.com\/#website","url":"https:\/\/prosrve.com\/","name":"Proserve LLC","description":"","publisher":{"@id":"https:\/\/prosrve.com\/#organization"},"potentialAction":[{"@type":"SearchAction","target":{"@type":"EntryPoint","urlTemplate":"https:\/\/prosrve.com\/?s={search_term_string}"},"query-input":"required name=search_term_string"}],"inLanguage":"ar"},{"@type":"Organization","@id":"https:\/\/prosrve.com\/#organization","name":"proserve","url":"https:\/\/prosrve.com\/","logo":{"@type":"ImageObject","inLanguage":"ar","@id":"https:\/\/prosrve.com\/#\/schema\/logo\/image\/","url":"https:\/\/prosrve.com\/wp-content\/uploads\/2020\/06\/Logo.png","contentUrl":"https:\/\/prosrve.com\/wp-content\/uploads\/2020\/06\/Logo.png","width":187,"height":88,"caption":"proserve"},"image":{"@id":"https:\/\/prosrve.com\/#\/schema\/logo\/image\/"},"sameAs":["https:\/\/www.facebook.com\/pages\/ProServe-LLC\/628145137291830"]}]}},"_links":{"self":[{"href":"https:\/\/prosrve.com\/ar\/wp-json\/wp\/v2\/product\/10139","targetHints":{"allow":["GET"]}}],"collection":[{"href":"https:\/\/prosrve.com\/ar\/wp-json\/wp\/v2\/product"}],"about":[{"href":"https:\/\/prosrve.com\/ar\/wp-json\/wp\/v2\/types\/product"}],"replies":[{"embeddable":true,"href":"https:\/\/prosrve.com\/ar\/wp-json\/wp\/v2\/comments?post=10139"}],"version-history":[{"count":2,"href":"https:\/\/prosrve.com\/ar\/wp-json\/wp\/v2\/product\/10139\/revisions"}],"predecessor-version":[{"id":10143,"href":"https:\/\/prosrve.com\/ar\/wp-json\/wp\/v2\/product\/10139\/revisions\/10143"}],"wp:featuredmedia":[{"embeddable":true,"href":"https:\/\/prosrve.com\/ar\/wp-json\/wp\/v2\/media\/10140"}],"wp:attachment":[{"href":"https:\/\/prosrve.com\/ar\/wp-json\/wp\/v2\/media?parent=10139"}],"wp:term":[{"taxonomy":"product_brand","embeddable":true,"href":"https:\/\/prosrve.com\/ar\/wp-json\/wp\/v2\/product_brand?post=10139"},{"taxonomy":"product_cat","embeddable":true,"href":"https:\/\/prosrve.com\/ar\/wp-json\/wp\/v2\/product_cat?post=10139"},{"taxonomy":"product_tag","embeddable":true,"href":"https:\/\/prosrve.com\/ar\/wp-json\/wp\/v2\/product_tag?post=10139"}],"curies":[{"name":"wp","href":"https:\/\/api.w.org\/{rel}","templated":true}]}}