{"id":10158,"date":"2023-09-17T13:43:48","date_gmt":"2023-09-17T11:43:48","guid":{"rendered":"https:\/\/prosrve.com\/?post_type=product&#038;p=10158"},"modified":"2023-11-30T09:31:17","modified_gmt":"2023-11-30T07:31:17","slug":"hikvision-ds-7604ni-k1-4pstd-4-ch-1u-4-poe-4k-nvr-40mbps-bit-rate-input-max-up-to-4-ch-ip-video-1-sata-interfaces-4-independent-poe-network-interfaces-standalone-1u-case","status":"publish","type":"product","link":"https:\/\/prosrve.com\/ar\/product\/hikvision-ds-7604ni-k1-4pstd-4-ch-1u-4-poe-4k-nvr-40mbps-bit-rate-input-max-up-to-4-ch-ip-video-1-sata-interfaces-4-independent-poe-network-interfaces-standalone-1u-case\/","title":{"rendered":"Hikvision DS-7604NI-K1\/4P(STD) , 4-ch 1U 4 PoE 4K NVR , 40Mbps Bit Rate Input Max (up to 4-ch IP video), 1 SATA interfaces, 4 independent PoE network interfaces, standalone 1U case"},"content":{"rendered":"<ul class=\"product_description_item-list\">\n<li class=\"product_description_item\">Up to 4 channel IP cameras can be connected<\/li>\n<li class=\"product_description_item\">Supports decoding H.265+\/H.265\/H.264+\/H.264 video formats<\/li>\n<li class=\"product_description_item\">Up to 4K high-definition live view, storage and playback<\/li>\n<li class=\"product_description_item\">Up to 4-ch @ 1080p decoding capacity<\/li>\n<li class=\"product_description_item\">Up to 40 Mbps high incoming bandwidth ensures IP cameras can be connected<\/li>\n<li class=\"product_description_item\">Simultaneous HDMI and VGA output of the same video stream<\/li>\n<li class=\"product_description_item\">1 HDD for continuous video recording<\/li>\n<li class=\"product_description_item\">Plug &amp; Play with 4 Power-over-Ethernet (PoE) interfaces<\/li>\n<li>\n<ul class=\"tech-specs-items-description\" data-target=\"Video and Audio\">\n<li class=\"tech-specs-items-description-list\"><span class=\"tech-specs-items-description__title--heading\">Video And Audio<\/span><\/li>\n<li class=\"tech-specs-items-description-list\"><span class=\"tech-specs-items-description__title\">IP Video Input<\/span><span class=\"tech-specs-items-description__title-details\">4-ch; 4-ch<\/span><\/li>\n<li class=\"tech-specs-items-description-list\"><span class=\"tech-specs-items-description__title\">HDMI Output<\/span><span class=\"tech-specs-items-description__title-details\">HDMI:,4K (3840 \u00d7 2160)\/30Hz, 1920 \u00d7 1080\/60Hz, 1600 \u00d7 1200\/60Hz, 1280 \u00d7 1024\/60Hz, 1280 \u00d7 720\/60Hz, 1024 \u00d7 768\/60Hz,VGA: ,1920 \u00d7 1080\/60Hz, 1600 \u00d7 1200\/60Hz, 1280 \u00d7 1024\/60Hz, 1280 \u00d7 720\/60Hz, 1024 \u00d7 768\/60Hz,<\/span><\/li>\n<li class=\"tech-specs-items-description-list\"><span class=\"tech-specs-items-description__title\">VGA Output<\/span><span class=\"tech-specs-items-description__title-details\">HDMI,VGA<\/span><\/li>\n<li class=\"tech-specs-items-description-list\"><span class=\"tech-specs-items-description__title\">Incoming Bandwidth<\/span><span class=\"tech-specs-items-description__title-details\">40 Mbps ,80 Mbps<\/span><\/li>\n<li class=\"tech-specs-items-description-list\"><span class=\"tech-specs-items-description__title\">Audio Output<\/span><span class=\"tech-specs-items-description__title-details\">1-ch, RCA (Linear, 1 K\u03a9)<\/span><\/li>\n<li class=\"tech-specs-items-description-list\"><span class=\"tech-specs-items-description__title\">Two-Way Audio<\/span><span class=\"tech-specs-items-description__title-details\">1-ch, RCA (2.0 Vp-p, 1k\u03a9)<\/span><\/li>\n<\/ul>\n<ul class=\"tech-specs-items-description\" data-target=\"Decoding\">\n<li class=\"tech-specs-items-description-list\"><span class=\"tech-specs-items-description__title--heading\">Decoding<\/span><\/li>\n<li class=\"tech-specs-items-description-list\"><span class=\"tech-specs-items-description__title\">Decoding Format<\/span><span class=\"tech-specs-items-description__title-details\">H.265+,H.265,H.264+,H.264,MPEG4<\/span><\/li>\n<li class=\"tech-specs-items-description-list\"><span class=\"tech-specs-items-description__title\">Decoding Capability<\/span><span class=\"tech-specs-items-description__title-details\">1-ch @ 8 MP \/ 4-ch @ 1080p<\/span><\/li>\n<li class=\"tech-specs-items-description-list\"><span class=\"tech-specs-items-description__title\">Synchronous Playback<\/span><span class=\"tech-specs-items-description__title-details\">4-ch<\/span><\/li>\n<li class=\"tech-specs-items-description-list\"><span class=\"tech-specs-items-description__title\">Recording Resolution<\/span><span class=\"tech-specs-items-description__title-details\">8MP\/6MP\/5MP\/4MP\/3MP\/1080p\/UXGA\/720p\/VGA\/4CIF\/DCIF\/2CIF\/CIF\/QCIF<\/span><\/li>\n<\/ul>\n<ul class=\"tech-specs-items-description\" data-target=\"Network\">\n<li class=\"tech-specs-items-description-list\"><span class=\"tech-specs-items-description__title--heading\">Network<\/span><\/li>\n<li class=\"tech-specs-items-description-list\"><span class=\"tech-specs-items-description__title\">Network Protocol<\/span><span class=\"tech-specs-items-description__title-details\">TCP\/IP, DHCP, Hik-Connect, DNS, DDNS, NTP, SADP, SMTP, NFS, iSCSI, UPnP\u2122, HTTPS<\/span><\/li>\n<li class=\"tech-specs-items-description-list\"><span class=\"tech-specs-items-description__title\">Network Interface<\/span><span class=\"tech-specs-items-description__title-details\">1, RJ-45 10\/100\/1000 Mbps self-adaptive Ethernet interface<\/span><\/li>\n<\/ul>\n<ul class=\"tech-specs-items-description\" data-target=\"PoE\">\n<li class=\"tech-specs-items-description-list\"><span class=\"tech-specs-items-description__title--heading\">PoE<\/span><\/li>\n<li class=\"tech-specs-items-description-list\"><span class=\"tech-specs-items-description__title\">Interface<\/span><span class=\"tech-specs-items-description__title-details\">4, RJ-45 10\/100 Mbps self-adaptive Ethernet interface;4-ch<\/span><\/li>\n<li class=\"tech-specs-items-description-list\"><span class=\"tech-specs-items-description__title\">Power<\/span><span class=\"tech-specs-items-description__title-details\">\u2264 50 W<\/span><\/li>\n<li class=\"tech-specs-items-description-list\"><span class=\"tech-specs-items-description__title\">Standard<\/span><span class=\"tech-specs-items-description__title-details\">IEEE 802.3 af\/at<\/span><\/li>\n<\/ul>\n<ul class=\"tech-specs-items-description\" data-target=\"RAID\">\n<li class=\"tech-specs-items-description-list\"><span class=\"tech-specs-items-description__title--heading\">RAID<\/span><\/li>\n<li class=\"tech-specs-items-description-list\"><span class=\"tech-specs-items-description__title\">RAID Type<\/span><span class=\"tech-specs-items-description__title-details\">No<\/span><\/li>\n<\/ul>\n<ul class=\"tech-specs-items-description\" data-target=\"Auxiliary Interface\">\n<li class=\"tech-specs-items-description-list\"><span class=\"tech-specs-items-description__title--heading\">Auxiliary Interface<\/span><\/li>\n<li class=\"tech-specs-items-description-list\"><span class=\"tech-specs-items-description__title\">SATA<\/span><span class=\"tech-specs-items-description__title-details\">1;1 SATA interface for 1HDD<\/span><\/li>\n<li class=\"tech-specs-items-description-list\"><span class=\"tech-specs-items-description__title\">Capacity<\/span><span class=\"tech-specs-items-description__title-details\">Up to 6TB capacity for each disk<\/span><\/li>\n<li class=\"tech-specs-items-description-list\"><span class=\"tech-specs-items-description__title\">USB Interface<\/span><span class=\"tech-specs-items-description__title-details\">2 \u00d7 USB 2.0<\/span><\/li>\n<\/ul>\n<ul class=\"tech-specs-items-description\" data-target=\"General\">\n<li class=\"tech-specs-items-description-list\"><span class=\"tech-specs-items-description__title--heading\">General<\/span><\/li>\n<li class=\"tech-specs-items-description-list\"><span class=\"tech-specs-items-description__title\">Power Supply<\/span><span class=\"tech-specs-items-description__title-details\">48 VDC,\u2264 65 W<\/span><\/li>\n<li class=\"tech-specs-items-description-list\"><span class=\"tech-specs-items-description__title\">Consumption<\/span><span class=\"tech-specs-items-description__title-details\">\u2264 10 W (without enabling PoE)<\/span><\/li>\n<li class=\"tech-specs-items-description-list\"><span class=\"tech-specs-items-description__title\">Working Temperature<\/span><span class=\"tech-specs-items-description__title-details\">-10 to +55\u00b0 C (14 to 131\u00b0 F)<\/span><\/li>\n<li class=\"tech-specs-items-description-list\"><span class=\"tech-specs-items-description__title\">Working Humidity<\/span><span class=\"tech-specs-items-description__title-details\">10 to 90 %<\/span><\/li>\n<li class=\"tech-specs-items-description-list\"><span class=\"tech-specs-items-description__title\">Chassis<\/span><span class=\"tech-specs-items-description__title-details\">1U<\/span><\/li>\n<li class=\"tech-specs-items-description-list\"><span class=\"tech-specs-items-description__title\">Dimension (W \u00d7 D \u00d7 H)<\/span><span class=\"tech-specs-items-description__title-details\">315 \u00d7 240 \u00d7 48 mm (12.4&#8243; \u00d7 9.4&#8243; \u00d7 1.9&#8243;)<\/span><\/li>\n<li class=\"tech-specs-items-description-list\"><span class=\"tech-specs-items-description__title\">Weight<\/span><span class=\"tech-specs-items-description__title-details\">\u2264 1 kg (2.2 lb)<\/span><\/li>\n<\/ul>\n<\/li>\n<\/ul>","protected":false},"excerpt":{"rendered":"<p>Up to 4 channel IP cameras can be connected Supports decoding H.265+\/H.265\/H.264+\/H.264 video formats Up to 4K high-definition live view, storage and playback Up to 4-ch @ 1080p decoding capacity Up to 40 Mbps high incoming bandwidth ensures IP cameras &hellip; <a href=\"https:\/\/prosrve.com\/ar\/product\/hikvision-ds-7604ni-k1-4pstd-4-ch-1u-4-poe-4k-nvr-40mbps-bit-rate-input-max-up-to-4-ch-ip-video-1-sata-interfaces-4-independent-poe-network-interfaces-standalone-1u-case\/\">Readmore<\/a><\/p>","protected":false},"featured_media":10160,"comment_status":"open","ping_status":"closed","template":"","meta":[],"product_brand":[273],"product_cat":[300,310,314],"product_tag":[913,386],"class_list":{"0":"post-10158","1":"product","2":"type-product","3":"status-publish","4":"has-post-thumbnail","6":"product_brand-hikvision","7":"product_cat-networking-servers","8":"product_cat-networking-cables","9":"product_cat-network-tools-testers","10":"product_tag-4-ch","11":"product_tag-poe","13":"first","14":"instock","15":"shipping-taxable","16":"purchasable","17":"product-type-simple"},"yoast_head":"<!-- This site is optimized with the Yoast SEO plugin v22.7 - https:\/\/yoast.com\/wordpress\/plugins\/seo\/ -->\n<title>Hikvision DS-7604NI-K1\/4P(STD) , 4-ch 1U 4 PoE 4K NVR , 40Mbps Bit Rate Input Max (up to 4-ch IP video), 1 SATA interfaces, 4 independent PoE network interfaces, standalone 1U case - Proserve LLC<\/title>\n<meta name=\"robots\" content=\"index, follow, max-snippet:-1, max-image-preview:large, max-video-preview:-1\" \/>\n<link rel=\"canonical\" href=\"https:\/\/prosrve.com\/ar\/product\/hikvision-ds-7604ni-k1-4pstd-4-ch-1u-4-poe-4k-nvr-40mbps-bit-rate-input-max-up-to-4-ch-ip-video-1-sata-interfaces-4-independent-poe-network-interfaces-standalone-1u-case\/\" \/>\n<meta property=\"og:locale\" content=\"ar_AR\" \/>\n<meta property=\"og:type\" content=\"article\" \/>\n<meta property=\"og:title\" content=\"Hikvision DS-7604NI-K1\/4P(STD) , 4-ch 1U 4 PoE 4K NVR , 40Mbps Bit Rate Input Max (up to 4-ch IP video), 1 SATA interfaces, 4 independent PoE network interfaces, standalone 1U case - Proserve LLC\" \/>\n<meta property=\"og:description\" content=\"Up to 4 channel IP cameras can be connected Supports decoding H.265+\/H.265\/H.264+\/H.264 video formats Up to 4K high-definition live view, storage and playback Up to 4-ch @ 1080p decoding capacity Up to 40 Mbps high incoming bandwidth ensures IP cameras &hellip; Readmore\" \/>\n<meta property=\"og:url\" content=\"https:\/\/prosrve.com\/ar\/product\/hikvision-ds-7604ni-k1-4pstd-4-ch-1u-4-poe-4k-nvr-40mbps-bit-rate-input-max-up-to-4-ch-ip-video-1-sata-interfaces-4-independent-poe-network-interfaces-standalone-1u-case\/\" \/>\n<meta property=\"og:site_name\" content=\"Proserve LLC\" \/>\n<meta property=\"article:publisher\" content=\"https:\/\/www.facebook.com\/pages\/ProServe-LLC\/628145137291830\" \/>\n<meta property=\"article:modified_time\" content=\"2023-11-30T07:31:17+00:00\" \/>\n<meta property=\"og:image\" content=\"https:\/\/prosrve.com\/wp-content\/uploads\/2023\/09\/7600NI-K14PB_1.png.thumb_.1280.1280.webp\" \/>\n\t<meta property=\"og:image:width\" content=\"1280\" \/>\n\t<meta property=\"og:image:height\" content=\"719\" \/>\n\t<meta property=\"og:image:type\" content=\"image\/webp\" \/>\n<meta name=\"twitter:card\" content=\"summary_large_image\" \/>\n<meta name=\"twitter:label1\" content=\"\u0648\u0642\u062a \u0627\u0644\u0642\u0631\u0627\u0621\u0629 \u0627\u0644\u0645\u064f\u0642\u062f\u0651\u0631\" \/>\n\t<meta name=\"twitter:data1\" content=\"\u062f\u0642\u064a\u0642\u062a\u0627\u0646\" \/>\n<script type=\"application\/ld+json\" class=\"yoast-schema-graph\">{\"@context\":\"https:\/\/schema.org\",\"@graph\":[{\"@type\":\"WebPage\",\"@id\":\"https:\/\/prosrve.com\/product\/hikvision-ds-7604ni-k1-4pstd-4-ch-1u-4-poe-4k-nvr-40mbps-bit-rate-input-max-up-to-4-ch-ip-video-1-sata-interfaces-4-independent-poe-network-interfaces-standalone-1u-case\/\",\"url\":\"https:\/\/prosrve.com\/product\/hikvision-ds-7604ni-k1-4pstd-4-ch-1u-4-poe-4k-nvr-40mbps-bit-rate-input-max-up-to-4-ch-ip-video-1-sata-interfaces-4-independent-poe-network-interfaces-standalone-1u-case\/\",\"name\":\"Hikvision DS-7604NI-K1\/4P(STD) , 4-ch 1U 4 PoE 4K NVR , 40Mbps Bit Rate Input Max (up to 4-ch IP video), 1 SATA interfaces, 4 independent PoE network interfaces, standalone 1U case - Proserve LLC\",\"isPartOf\":{\"@id\":\"https:\/\/prosrve.com\/#website\"},\"primaryImageOfPage\":{\"@id\":\"https:\/\/prosrve.com\/product\/hikvision-ds-7604ni-k1-4pstd-4-ch-1u-4-poe-4k-nvr-40mbps-bit-rate-input-max-up-to-4-ch-ip-video-1-sata-interfaces-4-independent-poe-network-interfaces-standalone-1u-case\/#primaryimage\"},\"image\":{\"@id\":\"https:\/\/prosrve.com\/product\/hikvision-ds-7604ni-k1-4pstd-4-ch-1u-4-poe-4k-nvr-40mbps-bit-rate-input-max-up-to-4-ch-ip-video-1-sata-interfaces-4-independent-poe-network-interfaces-standalone-1u-case\/#primaryimage\"},\"thumbnailUrl\":\"https:\/\/prosrve.com\/wp-content\/uploads\/2023\/09\/7600NI-K14PB_1.png.thumb_.1280.1280.webp\",\"datePublished\":\"2023-09-17T11:43:48+00:00\",\"dateModified\":\"2023-11-30T07:31:17+00:00\",\"breadcrumb\":{\"@id\":\"https:\/\/prosrve.com\/product\/hikvision-ds-7604ni-k1-4pstd-4-ch-1u-4-poe-4k-nvr-40mbps-bit-rate-input-max-up-to-4-ch-ip-video-1-sata-interfaces-4-independent-poe-network-interfaces-standalone-1u-case\/#breadcrumb\"},\"inLanguage\":\"ar\",\"potentialAction\":[{\"@type\":\"ReadAction\",\"target\":[\"https:\/\/prosrve.com\/product\/hikvision-ds-7604ni-k1-4pstd-4-ch-1u-4-poe-4k-nvr-40mbps-bit-rate-input-max-up-to-4-ch-ip-video-1-sata-interfaces-4-independent-poe-network-interfaces-standalone-1u-case\/\"]}]},{\"@type\":\"ImageObject\",\"inLanguage\":\"ar\",\"@id\":\"https:\/\/prosrve.com\/product\/hikvision-ds-7604ni-k1-4pstd-4-ch-1u-4-poe-4k-nvr-40mbps-bit-rate-input-max-up-to-4-ch-ip-video-1-sata-interfaces-4-independent-poe-network-interfaces-standalone-1u-case\/#primaryimage\",\"url\":\"https:\/\/prosrve.com\/wp-content\/uploads\/2023\/09\/7600NI-K14PB_1.png.thumb_.1280.1280.webp\",\"contentUrl\":\"https:\/\/prosrve.com\/wp-content\/uploads\/2023\/09\/7600NI-K14PB_1.png.thumb_.1280.1280.webp\",\"width\":1280,\"height\":719},{\"@type\":\"BreadcrumbList\",\"@id\":\"https:\/\/prosrve.com\/product\/hikvision-ds-7604ni-k1-4pstd-4-ch-1u-4-poe-4k-nvr-40mbps-bit-rate-input-max-up-to-4-ch-ip-video-1-sata-interfaces-4-independent-poe-network-interfaces-standalone-1u-case\/#breadcrumb\",\"itemListElement\":[{\"@type\":\"ListItem\",\"position\":1,\"name\":\"Home\",\"item\":\"https:\/\/prosrve.com\/\"},{\"@type\":\"ListItem\",\"position\":2,\"name\":\"Shop\",\"item\":\"https:\/\/prosrve.com\/shop\/\"},{\"@type\":\"ListItem\",\"position\":3,\"name\":\"Hikvision DS-7604NI-K1\/4P(STD) , 4-ch 1U 4 PoE 4K NVR , 40Mbps Bit Rate Input Max (up to 4-ch IP video), 1 SATA interfaces, 4 independent PoE network interfaces, standalone 1U case\"}]},{\"@type\":\"WebSite\",\"@id\":\"https:\/\/prosrve.com\/#website\",\"url\":\"https:\/\/prosrve.com\/\",\"name\":\"Proserve LLC\",\"description\":\"\",\"publisher\":{\"@id\":\"https:\/\/prosrve.com\/#organization\"},\"potentialAction\":[{\"@type\":\"SearchAction\",\"target\":{\"@type\":\"EntryPoint\",\"urlTemplate\":\"https:\/\/prosrve.com\/?s={search_term_string}\"},\"query-input\":\"required name=search_term_string\"}],\"inLanguage\":\"ar\"},{\"@type\":\"Organization\",\"@id\":\"https:\/\/prosrve.com\/#organization\",\"name\":\"proserve\",\"url\":\"https:\/\/prosrve.com\/\",\"logo\":{\"@type\":\"ImageObject\",\"inLanguage\":\"ar\",\"@id\":\"https:\/\/prosrve.com\/#\/schema\/logo\/image\/\",\"url\":\"https:\/\/prosrve.com\/wp-content\/uploads\/2020\/06\/Logo.png\",\"contentUrl\":\"https:\/\/prosrve.com\/wp-content\/uploads\/2020\/06\/Logo.png\",\"width\":187,\"height\":88,\"caption\":\"proserve\"},\"image\":{\"@id\":\"https:\/\/prosrve.com\/#\/schema\/logo\/image\/\"},\"sameAs\":[\"https:\/\/www.facebook.com\/pages\/ProServe-LLC\/628145137291830\"]}]}<\/script>\n<!-- \/ Yoast SEO plugin. -->","yoast_head_json":{"title":"Hikvision DS-7604NI-K1\/4P(STD) , 4-ch 1U 4 PoE 4K NVR , 40Mbps Bit Rate Input Max (up to 4-ch IP video), 1 SATA interfaces, 4 independent PoE network interfaces, standalone 1U case - Proserve LLC","robots":{"index":"index","follow":"follow","max-snippet":"max-snippet:-1","max-image-preview":"max-image-preview:large","max-video-preview":"max-video-preview:-1"},"canonical":"https:\/\/prosrve.com\/ar\/product\/hikvision-ds-7604ni-k1-4pstd-4-ch-1u-4-poe-4k-nvr-40mbps-bit-rate-input-max-up-to-4-ch-ip-video-1-sata-interfaces-4-independent-poe-network-interfaces-standalone-1u-case\/","og_locale":"ar_AR","og_type":"article","og_title":"Hikvision DS-7604NI-K1\/4P(STD) , 4-ch 1U 4 PoE 4K NVR , 40Mbps Bit Rate Input Max (up to 4-ch IP video), 1 SATA interfaces, 4 independent PoE network interfaces, standalone 1U case - Proserve LLC","og_description":"Up to 4 channel IP cameras can be connected Supports decoding H.265+\/H.265\/H.264+\/H.264 video formats Up to 4K high-definition live view, storage and playback Up to 4-ch @ 1080p decoding capacity Up to 40 Mbps high incoming bandwidth ensures IP cameras &hellip; Readmore","og_url":"https:\/\/prosrve.com\/ar\/product\/hikvision-ds-7604ni-k1-4pstd-4-ch-1u-4-poe-4k-nvr-40mbps-bit-rate-input-max-up-to-4-ch-ip-video-1-sata-interfaces-4-independent-poe-network-interfaces-standalone-1u-case\/","og_site_name":"Proserve LLC","article_publisher":"https:\/\/www.facebook.com\/pages\/ProServe-LLC\/628145137291830","article_modified_time":"2023-11-30T07:31:17+00:00","og_image":[{"width":1280,"height":719,"url":"https:\/\/prosrve.com\/wp-content\/uploads\/2023\/09\/7600NI-K14PB_1.png.thumb_.1280.1280.webp","type":"image\/webp"}],"twitter_card":"summary_large_image","twitter_misc":{"\u0648\u0642\u062a \u0627\u0644\u0642\u0631\u0627\u0621\u0629 \u0627\u0644\u0645\u064f\u0642\u062f\u0651\u0631":"\u062f\u0642\u064a\u0642\u062a\u0627\u0646"},"schema":{"@context":"https:\/\/schema.org","@graph":[{"@type":"WebPage","@id":"https:\/\/prosrve.com\/product\/hikvision-ds-7604ni-k1-4pstd-4-ch-1u-4-poe-4k-nvr-40mbps-bit-rate-input-max-up-to-4-ch-ip-video-1-sata-interfaces-4-independent-poe-network-interfaces-standalone-1u-case\/","url":"https:\/\/prosrve.com\/product\/hikvision-ds-7604ni-k1-4pstd-4-ch-1u-4-poe-4k-nvr-40mbps-bit-rate-input-max-up-to-4-ch-ip-video-1-sata-interfaces-4-independent-poe-network-interfaces-standalone-1u-case\/","name":"Hikvision DS-7604NI-K1\/4P(STD) , 4-ch 1U 4 PoE 4K NVR , 40Mbps Bit Rate Input Max (up to 4-ch IP video), 1 SATA interfaces, 4 independent PoE network interfaces, standalone 1U case - Proserve LLC","isPartOf":{"@id":"https:\/\/prosrve.com\/#website"},"primaryImageOfPage":{"@id":"https:\/\/prosrve.com\/product\/hikvision-ds-7604ni-k1-4pstd-4-ch-1u-4-poe-4k-nvr-40mbps-bit-rate-input-max-up-to-4-ch-ip-video-1-sata-interfaces-4-independent-poe-network-interfaces-standalone-1u-case\/#primaryimage"},"image":{"@id":"https:\/\/prosrve.com\/product\/hikvision-ds-7604ni-k1-4pstd-4-ch-1u-4-poe-4k-nvr-40mbps-bit-rate-input-max-up-to-4-ch-ip-video-1-sata-interfaces-4-independent-poe-network-interfaces-standalone-1u-case\/#primaryimage"},"thumbnailUrl":"https:\/\/prosrve.com\/wp-content\/uploads\/2023\/09\/7600NI-K14PB_1.png.thumb_.1280.1280.webp","datePublished":"2023-09-17T11:43:48+00:00","dateModified":"2023-11-30T07:31:17+00:00","breadcrumb":{"@id":"https:\/\/prosrve.com\/product\/hikvision-ds-7604ni-k1-4pstd-4-ch-1u-4-poe-4k-nvr-40mbps-bit-rate-input-max-up-to-4-ch-ip-video-1-sata-interfaces-4-independent-poe-network-interfaces-standalone-1u-case\/#breadcrumb"},"inLanguage":"ar","potentialAction":[{"@type":"ReadAction","target":["https:\/\/prosrve.com\/product\/hikvision-ds-7604ni-k1-4pstd-4-ch-1u-4-poe-4k-nvr-40mbps-bit-rate-input-max-up-to-4-ch-ip-video-1-sata-interfaces-4-independent-poe-network-interfaces-standalone-1u-case\/"]}]},{"@type":"ImageObject","inLanguage":"ar","@id":"https:\/\/prosrve.com\/product\/hikvision-ds-7604ni-k1-4pstd-4-ch-1u-4-poe-4k-nvr-40mbps-bit-rate-input-max-up-to-4-ch-ip-video-1-sata-interfaces-4-independent-poe-network-interfaces-standalone-1u-case\/#primaryimage","url":"https:\/\/prosrve.com\/wp-content\/uploads\/2023\/09\/7600NI-K14PB_1.png.thumb_.1280.1280.webp","contentUrl":"https:\/\/prosrve.com\/wp-content\/uploads\/2023\/09\/7600NI-K14PB_1.png.thumb_.1280.1280.webp","width":1280,"height":719},{"@type":"BreadcrumbList","@id":"https:\/\/prosrve.com\/product\/hikvision-ds-7604ni-k1-4pstd-4-ch-1u-4-poe-4k-nvr-40mbps-bit-rate-input-max-up-to-4-ch-ip-video-1-sata-interfaces-4-independent-poe-network-interfaces-standalone-1u-case\/#breadcrumb","itemListElement":[{"@type":"ListItem","position":1,"name":"Home","item":"https:\/\/prosrve.com\/"},{"@type":"ListItem","position":2,"name":"Shop","item":"https:\/\/prosrve.com\/shop\/"},{"@type":"ListItem","position":3,"name":"Hikvision DS-7604NI-K1\/4P(STD) , 4-ch 1U 4 PoE 4K NVR , 40Mbps Bit Rate Input Max (up to 4-ch IP video), 1 SATA interfaces, 4 independent PoE network interfaces, standalone 1U case"}]},{"@type":"WebSite","@id":"https:\/\/prosrve.com\/#website","url":"https:\/\/prosrve.com\/","name":"Proserve LLC","description":"","publisher":{"@id":"https:\/\/prosrve.com\/#organization"},"potentialAction":[{"@type":"SearchAction","target":{"@type":"EntryPoint","urlTemplate":"https:\/\/prosrve.com\/?s={search_term_string}"},"query-input":"required name=search_term_string"}],"inLanguage":"ar"},{"@type":"Organization","@id":"https:\/\/prosrve.com\/#organization","name":"proserve","url":"https:\/\/prosrve.com\/","logo":{"@type":"ImageObject","inLanguage":"ar","@id":"https:\/\/prosrve.com\/#\/schema\/logo\/image\/","url":"https:\/\/prosrve.com\/wp-content\/uploads\/2020\/06\/Logo.png","contentUrl":"https:\/\/prosrve.com\/wp-content\/uploads\/2020\/06\/Logo.png","width":187,"height":88,"caption":"proserve"},"image":{"@id":"https:\/\/prosrve.com\/#\/schema\/logo\/image\/"},"sameAs":["https:\/\/www.facebook.com\/pages\/ProServe-LLC\/628145137291830"]}]}},"_links":{"self":[{"href":"https:\/\/prosrve.com\/ar\/wp-json\/wp\/v2\/product\/10158","targetHints":{"allow":["GET"]}}],"collection":[{"href":"https:\/\/prosrve.com\/ar\/wp-json\/wp\/v2\/product"}],"about":[{"href":"https:\/\/prosrve.com\/ar\/wp-json\/wp\/v2\/types\/product"}],"replies":[{"embeddable":true,"href":"https:\/\/prosrve.com\/ar\/wp-json\/wp\/v2\/comments?post=10158"}],"version-history":[{"count":1,"href":"https:\/\/prosrve.com\/ar\/wp-json\/wp\/v2\/product\/10158\/revisions"}],"predecessor-version":[{"id":10163,"href":"https:\/\/prosrve.com\/ar\/wp-json\/wp\/v2\/product\/10158\/revisions\/10163"}],"wp:featuredmedia":[{"embeddable":true,"href":"https:\/\/prosrve.com\/ar\/wp-json\/wp\/v2\/media\/10160"}],"wp:attachment":[{"href":"https:\/\/prosrve.com\/ar\/wp-json\/wp\/v2\/media?parent=10158"}],"wp:term":[{"taxonomy":"product_brand","embeddable":true,"href":"https:\/\/prosrve.com\/ar\/wp-json\/wp\/v2\/product_brand?post=10158"},{"taxonomy":"product_cat","embeddable":true,"href":"https:\/\/prosrve.com\/ar\/wp-json\/wp\/v2\/product_cat?post=10158"},{"taxonomy":"product_tag","embeddable":true,"href":"https:\/\/prosrve.com\/ar\/wp-json\/wp\/v2\/product_tag?post=10158"}],"curies":[{"name":"wp","href":"https:\/\/api.w.org\/{rel}","templated":true}]}}