{"id":10168,"date":"2023-09-17T13:50:18","date_gmt":"2023-09-17T11:50:18","guid":{"rendered":"https:\/\/prosrve.com\/?post_type=product&#038;p=10168"},"modified":"2023-11-30T09:31:01","modified_gmt":"2023-11-30T07:31:01","slug":"hikvision-ds-7108ni-q1-8p-mstdc-8-ch-mini-1u-8-poe-nvr-60mbps-bit-rate-input-max-up-to-8-ch-ip-video-1-sata-interface-8-independent-poe-network-interfaces-mini-1u-casemetal","status":"publish","type":"product","link":"https:\/\/prosrve.com\/ar\/product\/hikvision-ds-7108ni-q1-8p-mstdc-8-ch-mini-1u-8-poe-nvr-60mbps-bit-rate-input-max-up-to-8-ch-ip-video-1-sata-interface-8-independent-poe-network-interfaces-mini-1u-casemetal\/","title":{"rendered":"Hikvision DS-7108NI-Q1\/8P\/M(STD)(C) , 8-ch Mini 1U 8 PoE NVR , 60Mbps Bit Rate Input Max (up to 8-ch IP video) 1 SATA interface, 8 independent PoE network interfaces, mini 1U case(Metal)"},"content":{"rendered":"<ul class=\"product_description_item-list\">\n<li class=\"product_description_item\">H.265+\/H.265\/H.264+\/H.264 video compression<\/li>\n<li class=\"product_description_item\">Up to 60 Mbps incoming bandwidth, and 60 Mbps outgoing bandwidth<\/li>\n<li class=\"product_description_item\">Up to 8-ch network camera inputs<\/li>\n<li class=\"product_description_item\">Up to 4-ch 1080p decoding capability<\/li>\n<li class=\"product_description_item\">HDMI and VGA simultaneous output<\/li>\n<li>\n<ul class=\"tech-specs-items-description\" data-target=\"Video and Audio\">\n<li class=\"tech-specs-items-description-list\"><span class=\"tech-specs-items-description__title--heading\">Video And Audio<\/span><\/li>\n<li class=\"tech-specs-items-description-list\"><span class=\"tech-specs-items-description__title\">IP Video Input<\/span>\n<p class=\"mb-p\">8-ch<\/p>\n<p class=\"mb-p\">Up to 6 MP resolution<\/p>\n<\/li>\n<li class=\"tech-specs-items-description-list\"><span class=\"tech-specs-items-description__title\">Incoming Bandwidth<\/span><span class=\"tech-specs-items-description__title-details\">60 Mbps<\/span><\/li>\n<li class=\"tech-specs-items-description-list\"><span class=\"tech-specs-items-description__title\">Outgoing Bandwidth<\/span><span class=\"tech-specs-items-description__title-details\">60 Mbps<\/span><\/li>\n<li class=\"tech-specs-items-description-list\"><span class=\"tech-specs-items-description__title\">HDMI Output<\/span><span class=\"tech-specs-items-description__title-details\">1-ch, 1920 \u00d7 1080p\/60Hz, 1600 \u00d7 1200\/60Hz, 1280 \u00d7 1024\/60Hz, 1280 \u00d7 720\/60Hz<\/span><\/li>\n<li class=\"tech-specs-items-description-list\"><span class=\"tech-specs-items-description__title\">VGA Output<\/span><span class=\"tech-specs-items-description__title-details\">1-ch, 1920 \u00d7 1080p\/60Hz, 1600 \u00d7 1200\/60Hz, 1280 \u00d7 1024\/60Hz, 1280 \u00d7 720\/60Hz<\/span><\/li>\n<li class=\"tech-specs-items-description-list\"><span class=\"tech-specs-items-description__title\">Video Output Mode<\/span><span class=\"tech-specs-items-description__title-details\">HDMI\/VGA simultaneous output<\/span><\/li>\n<\/ul>\n<ul class=\"tech-specs-items-description\" data-target=\"Decoding\">\n<li class=\"tech-specs-items-description-list\"><span class=\"tech-specs-items-description__title--heading\">Decoding<\/span><\/li>\n<li class=\"tech-specs-items-description-list\"><span class=\"tech-specs-items-description__title\">Decoding Format<\/span><span class=\"tech-specs-items-description__title-details\">H.265+\/H.265\/ H.264+\/H.264<\/span><\/li>\n<li class=\"tech-specs-items-description-list\"><span class=\"tech-specs-items-description__title\">Recording Resolution<\/span><span class=\"tech-specs-items-description__title-details\">6 MP\/4 MP\/3 MP\/1080p\/UXGA \/720p\/VGA\/4CIF\/DCIF\/ 2CIF\/CIF\/QCIF<\/span><\/li>\n<li class=\"tech-specs-items-description-list\"><span class=\"tech-specs-items-description__title\">Synchronous Playback<\/span><span class=\"tech-specs-items-description__title-details\">4-ch<\/span><\/li>\n<li class=\"tech-specs-items-description-list\"><span class=\"tech-specs-items-description__title\">Decoding Capability<\/span><span class=\"tech-specs-items-description__title-details\">4-ch@1080p (30 fps) or 2-ch@4 MP (30 fps) or 1-ch@6 MP (30 fps)<\/span><\/li>\n<li class=\"tech-specs-items-description-list\"><span class=\"tech-specs-items-description__title\">Stream Type<\/span><span class=\"tech-specs-items-description__title-details\">Video, Video &amp; Audio<\/span><\/li>\n<\/ul>\n<ul class=\"tech-specs-items-description\" data-target=\"Network\">\n<li class=\"tech-specs-items-description-list\"><span class=\"tech-specs-items-description__title--heading\">Network<\/span><\/li>\n<li class=\"tech-specs-items-description-list\"><span class=\"tech-specs-items-description__title\">Remote Connection<\/span><span class=\"tech-specs-items-description__title-details\">16<\/span><\/li>\n<li class=\"tech-specs-items-description-list\"><span class=\"tech-specs-items-description__title\">Network Protocol<\/span><span class=\"tech-specs-items-description__title-details\">TCP\/IP, DHCP, Hik-Connect, DNS, DDNS, NTP, SADP, SMTP,UPnP\u2122<\/span><\/li>\n<li class=\"tech-specs-items-description-list\"><span class=\"tech-specs-items-description__title\">Network Interface<\/span><span class=\"tech-specs-items-description__title-details\">1, RJ-45 10\/100Mbps self-adaptive Ethernet interface<\/span><\/li>\n<\/ul>\n<ul class=\"tech-specs-items-description\" data-target=\"PoE\">\n<li class=\"tech-specs-items-description-list\"><span class=\"tech-specs-items-description__title--heading\">PoE<\/span><\/li>\n<li class=\"tech-specs-items-description-list\"><span class=\"tech-specs-items-description__title\">Interface<\/span><span class=\"tech-specs-items-description__title-details\">8, RJ-45 10\/100 Mbps self-adaptive Ethernet interface<\/span><\/li>\n<li class=\"tech-specs-items-description-list\"><span class=\"tech-specs-items-description__title\">Power<\/span><span class=\"tech-specs-items-description__title-details\">\u2264 75 W<\/span><\/li>\n<li class=\"tech-specs-items-description-list\"><span class=\"tech-specs-items-description__title\">Standard<\/span><span class=\"tech-specs-items-description__title-details\">IEEE 802.3 af\/at<\/span><\/li>\n<\/ul>\n<ul class=\"tech-specs-items-description\" data-target=\"Auxiliary Interface\">\n<li class=\"tech-specs-items-description-list\"><span class=\"tech-specs-items-description__title--heading\">Auxiliary Interface<\/span><\/li>\n<li class=\"tech-specs-items-description-list\"><span class=\"tech-specs-items-description__title\">SATA<\/span><span class=\"tech-specs-items-description__title-details\">1 SATA interface<\/span><\/li>\n<li class=\"tech-specs-items-description-list\"><span class=\"tech-specs-items-description__title\">Capacity<\/span><span class=\"tech-specs-items-description__title-details\">Up to 6TB capacity for each disk<\/span><\/li>\n<li class=\"tech-specs-items-description-list\"><span class=\"tech-specs-items-description__title\">Alarm In\/Out<\/span><span class=\"tech-specs-items-description__title-details\">N\/A<\/span><\/li>\n<li class=\"tech-specs-items-description-list\"><span class=\"tech-specs-items-description__title\">USB Interface<\/span><span class=\"tech-specs-items-description__title-details\">Rear panel: 2 \u00d7 USB 2.0<\/span><\/li>\n<\/ul>\n<ul class=\"tech-specs-items-description\" data-target=\"General\">\n<li class=\"tech-specs-items-description-list\"><span class=\"tech-specs-items-description__title--heading\">General<\/span><\/li>\n<li class=\"tech-specs-items-description-list\"><span class=\"tech-specs-items-description__title\">Power Supply<\/span><span class=\"tech-specs-items-description__title-details\">48 VDC, 1.8 A<\/span><\/li>\n<li class=\"tech-specs-items-description-list\"><span class=\"tech-specs-items-description__title\">Consumption<\/span><span class=\"tech-specs-items-description__title-details\">\u2264 10 W<\/span><\/li>\n<li class=\"tech-specs-items-description-list\"><span class=\"tech-specs-items-description__title\">Working Temperature<\/span><span class=\"tech-specs-items-description__title-details\">-10 to +55\u00ba C (+14 to +131\u00ba F)<\/span><\/li>\n<li class=\"tech-specs-items-description-list\"><span class=\"tech-specs-items-description__title\">Working Humidity<\/span><span class=\"tech-specs-items-description__title-details\">10% to 90%<\/span><\/li>\n<li class=\"tech-specs-items-description-list\"><span class=\"tech-specs-items-description__title\">Dimension (W \u00d7 D \u00d7 H)<\/span><span class=\"tech-specs-items-description__title-details\">265 \u00d7 223 \u00d7 48 mm (10.4&#8243; \u00d7 8.8&#8243; \u00d7 1.9&#8243;)<\/span><\/li>\n<li class=\"tech-specs-items-description-list\"><span class=\"tech-specs-items-description__title\">Weight<\/span><span class=\"tech-specs-items-description__title-details\">\u2264 1 kg (2.2 lb)<\/span><\/li>\n<\/ul>\n<ul class=\"tech-specs-items-description\" data-target=\"Certification\">\n<li class=\"tech-specs-items-description-list\"><span class=\"tech-specs-items-description__title--heading\">Certification<\/span><\/li>\n<li class=\"tech-specs-items-description-list\"><span class=\"tech-specs-items-description__title\">CE<\/span><span class=\"tech-specs-items-description__title-details\">EN50130-4, EN 61000-3-2,EN 61000-3-3<\/span><\/li>\n<\/ul>\n<\/li>\n<\/ul>","protected":false},"excerpt":{"rendered":"<p>H.265+\/H.265\/H.264+\/H.264 video compression Up to 60 Mbps incoming bandwidth, and 60 Mbps outgoing bandwidth Up to 8-ch network camera inputs Up to 4-ch 1080p decoding capability HDMI and VGA simultaneous output Video And Audio IP Video Input 8-ch Up to &hellip; <a href=\"https:\/\/prosrve.com\/ar\/product\/hikvision-ds-7108ni-q1-8p-mstdc-8-ch-mini-1u-8-poe-nvr-60mbps-bit-rate-input-max-up-to-8-ch-ip-video-1-sata-interface-8-independent-poe-network-interfaces-mini-1u-casemetal\/\">Readmore<\/a><\/p>","protected":false},"featured_media":10171,"comment_status":"open","ping_status":"closed","template":"","meta":[],"product_brand":[273],"product_cat":[300,310,314],"product_tag":[801,386],"class_list":{"0":"post-10168","1":"product","2":"type-product","3":"status-publish","4":"has-post-thumbnail","6":"product_brand-hikvision","7":"product_cat-networking-servers","8":"product_cat-networking-cables","9":"product_cat-network-tools-testers","10":"product_tag-8-ch","11":"product_tag-poe","13":"first","14":"instock","15":"shipping-taxable","16":"purchasable","17":"product-type-simple"},"yoast_head":"<!-- This site is optimized with the Yoast SEO plugin v22.7 - https:\/\/yoast.com\/wordpress\/plugins\/seo\/ -->\n<title>Hikvision DS-7108NI-Q1\/8P\/M(STD)(C) , 8-ch Mini 1U 8 PoE NVR , 60Mbps Bit Rate Input Max (up to 8-ch IP video) 1 SATA interface, 8 independent PoE network interfaces, mini 1U case(Metal) - Proserve LLC<\/title>\n<meta name=\"robots\" content=\"index, follow, max-snippet:-1, max-image-preview:large, max-video-preview:-1\" \/>\n<link rel=\"canonical\" href=\"https:\/\/prosrve.com\/ar\/product\/hikvision-ds-7108ni-q1-8p-mstdc-8-ch-mini-1u-8-poe-nvr-60mbps-bit-rate-input-max-up-to-8-ch-ip-video-1-sata-interface-8-independent-poe-network-interfaces-mini-1u-casemetal\/\" \/>\n<meta property=\"og:locale\" content=\"ar_AR\" \/>\n<meta property=\"og:type\" content=\"article\" \/>\n<meta property=\"og:title\" content=\"Hikvision DS-7108NI-Q1\/8P\/M(STD)(C) , 8-ch Mini 1U 8 PoE NVR , 60Mbps Bit Rate Input Max (up to 8-ch IP video) 1 SATA interface, 8 independent PoE network interfaces, mini 1U case(Metal) - Proserve LLC\" \/>\n<meta property=\"og:description\" content=\"H.265+\/H.265\/H.264+\/H.264 video compression Up to 60 Mbps incoming bandwidth, and 60 Mbps outgoing bandwidth Up to 8-ch network camera inputs Up to 4-ch 1080p decoding capability HDMI and VGA simultaneous output Video And Audio IP Video Input 8-ch Up to &hellip; Readmore\" \/>\n<meta property=\"og:url\" content=\"https:\/\/prosrve.com\/ar\/product\/hikvision-ds-7108ni-q1-8p-mstdc-8-ch-mini-1u-8-poe-nvr-60mbps-bit-rate-input-max-up-to-8-ch-ip-video-1-sata-interface-8-independent-poe-network-interfaces-mini-1u-casemetal\/\" \/>\n<meta property=\"og:site_name\" content=\"Proserve LLC\" \/>\n<meta property=\"article:publisher\" content=\"https:\/\/www.facebook.com\/pages\/ProServe-LLC\/628145137291830\" \/>\n<meta property=\"article:modified_time\" content=\"2023-11-30T07:31:01+00:00\" \/>\n<meta property=\"og:image\" content=\"https:\/\/prosrve.com\/wp-content\/uploads\/2023\/09\/MB-0191HNN-H10-260A0-U0L1-A0-P-HIKVISION.png.thumb_.1280.1280.webp\" \/>\n\t<meta property=\"og:image:width\" content=\"800\" \/>\n\t<meta property=\"og:image:height\" content=\"800\" \/>\n\t<meta property=\"og:image:type\" content=\"image\/webp\" \/>\n<meta name=\"twitter:card\" content=\"summary_large_image\" \/>\n<meta name=\"twitter:label1\" content=\"\u0648\u0642\u062a \u0627\u0644\u0642\u0631\u0627\u0621\u0629 \u0627\u0644\u0645\u064f\u0642\u062f\u0651\u0631\" \/>\n\t<meta name=\"twitter:data1\" content=\"\u062f\u0642\u064a\u0642\u0629 \u0648\u0627\u062d\u062f\u0629\" \/>\n<script type=\"application\/ld+json\" class=\"yoast-schema-graph\">{\"@context\":\"https:\/\/schema.org\",\"@graph\":[{\"@type\":\"WebPage\",\"@id\":\"https:\/\/prosrve.com\/product\/hikvision-ds-7108ni-q1-8p-mstdc-8-ch-mini-1u-8-poe-nvr-60mbps-bit-rate-input-max-up-to-8-ch-ip-video-1-sata-interface-8-independent-poe-network-interfaces-mini-1u-casemetal\/\",\"url\":\"https:\/\/prosrve.com\/product\/hikvision-ds-7108ni-q1-8p-mstdc-8-ch-mini-1u-8-poe-nvr-60mbps-bit-rate-input-max-up-to-8-ch-ip-video-1-sata-interface-8-independent-poe-network-interfaces-mini-1u-casemetal\/\",\"name\":\"Hikvision DS-7108NI-Q1\/8P\/M(STD)(C) , 8-ch Mini 1U 8 PoE NVR , 60Mbps Bit Rate Input Max (up to 8-ch IP video) 1 SATA interface, 8 independent PoE network interfaces, mini 1U case(Metal) - Proserve LLC\",\"isPartOf\":{\"@id\":\"https:\/\/prosrve.com\/#website\"},\"primaryImageOfPage\":{\"@id\":\"https:\/\/prosrve.com\/product\/hikvision-ds-7108ni-q1-8p-mstdc-8-ch-mini-1u-8-poe-nvr-60mbps-bit-rate-input-max-up-to-8-ch-ip-video-1-sata-interface-8-independent-poe-network-interfaces-mini-1u-casemetal\/#primaryimage\"},\"image\":{\"@id\":\"https:\/\/prosrve.com\/product\/hikvision-ds-7108ni-q1-8p-mstdc-8-ch-mini-1u-8-poe-nvr-60mbps-bit-rate-input-max-up-to-8-ch-ip-video-1-sata-interface-8-independent-poe-network-interfaces-mini-1u-casemetal\/#primaryimage\"},\"thumbnailUrl\":\"https:\/\/prosrve.com\/wp-content\/uploads\/2023\/09\/MB-0191HNN-H10-260A0-U0L1-A0-P-HIKVISION.png.thumb_.1280.1280.webp\",\"datePublished\":\"2023-09-17T11:50:18+00:00\",\"dateModified\":\"2023-11-30T07:31:01+00:00\",\"breadcrumb\":{\"@id\":\"https:\/\/prosrve.com\/product\/hikvision-ds-7108ni-q1-8p-mstdc-8-ch-mini-1u-8-poe-nvr-60mbps-bit-rate-input-max-up-to-8-ch-ip-video-1-sata-interface-8-independent-poe-network-interfaces-mini-1u-casemetal\/#breadcrumb\"},\"inLanguage\":\"ar\",\"potentialAction\":[{\"@type\":\"ReadAction\",\"target\":[\"https:\/\/prosrve.com\/product\/hikvision-ds-7108ni-q1-8p-mstdc-8-ch-mini-1u-8-poe-nvr-60mbps-bit-rate-input-max-up-to-8-ch-ip-video-1-sata-interface-8-independent-poe-network-interfaces-mini-1u-casemetal\/\"]}]},{\"@type\":\"ImageObject\",\"inLanguage\":\"ar\",\"@id\":\"https:\/\/prosrve.com\/product\/hikvision-ds-7108ni-q1-8p-mstdc-8-ch-mini-1u-8-poe-nvr-60mbps-bit-rate-input-max-up-to-8-ch-ip-video-1-sata-interface-8-independent-poe-network-interfaces-mini-1u-casemetal\/#primaryimage\",\"url\":\"https:\/\/prosrve.com\/wp-content\/uploads\/2023\/09\/MB-0191HNN-H10-260A0-U0L1-A0-P-HIKVISION.png.thumb_.1280.1280.webp\",\"contentUrl\":\"https:\/\/prosrve.com\/wp-content\/uploads\/2023\/09\/MB-0191HNN-H10-260A0-U0L1-A0-P-HIKVISION.png.thumb_.1280.1280.webp\",\"width\":800,\"height\":800},{\"@type\":\"BreadcrumbList\",\"@id\":\"https:\/\/prosrve.com\/product\/hikvision-ds-7108ni-q1-8p-mstdc-8-ch-mini-1u-8-poe-nvr-60mbps-bit-rate-input-max-up-to-8-ch-ip-video-1-sata-interface-8-independent-poe-network-interfaces-mini-1u-casemetal\/#breadcrumb\",\"itemListElement\":[{\"@type\":\"ListItem\",\"position\":1,\"name\":\"Home\",\"item\":\"https:\/\/prosrve.com\/\"},{\"@type\":\"ListItem\",\"position\":2,\"name\":\"Shop\",\"item\":\"https:\/\/prosrve.com\/shop\/\"},{\"@type\":\"ListItem\",\"position\":3,\"name\":\"Hikvision DS-7108NI-Q1\/8P\/M(STD)(C) , 8-ch Mini 1U 8 PoE NVR , 60Mbps Bit Rate Input Max (up to 8-ch IP video) 1 SATA interface, 8 independent PoE network interfaces, mini 1U case(Metal)\"}]},{\"@type\":\"WebSite\",\"@id\":\"https:\/\/prosrve.com\/#website\",\"url\":\"https:\/\/prosrve.com\/\",\"name\":\"Proserve LLC\",\"description\":\"\",\"publisher\":{\"@id\":\"https:\/\/prosrve.com\/#organization\"},\"potentialAction\":[{\"@type\":\"SearchAction\",\"target\":{\"@type\":\"EntryPoint\",\"urlTemplate\":\"https:\/\/prosrve.com\/?s={search_term_string}\"},\"query-input\":\"required name=search_term_string\"}],\"inLanguage\":\"ar\"},{\"@type\":\"Organization\",\"@id\":\"https:\/\/prosrve.com\/#organization\",\"name\":\"proserve\",\"url\":\"https:\/\/prosrve.com\/\",\"logo\":{\"@type\":\"ImageObject\",\"inLanguage\":\"ar\",\"@id\":\"https:\/\/prosrve.com\/#\/schema\/logo\/image\/\",\"url\":\"https:\/\/prosrve.com\/wp-content\/uploads\/2020\/06\/Logo.png\",\"contentUrl\":\"https:\/\/prosrve.com\/wp-content\/uploads\/2020\/06\/Logo.png\",\"width\":187,\"height\":88,\"caption\":\"proserve\"},\"image\":{\"@id\":\"https:\/\/prosrve.com\/#\/schema\/logo\/image\/\"},\"sameAs\":[\"https:\/\/www.facebook.com\/pages\/ProServe-LLC\/628145137291830\"]}]}<\/script>\n<!-- \/ Yoast SEO plugin. -->","yoast_head_json":{"title":"Hikvision DS-7108NI-Q1\/8P\/M(STD)(C) , 8-ch Mini 1U 8 PoE NVR , 60Mbps Bit Rate Input Max (up to 8-ch IP video) 1 SATA interface, 8 independent PoE network interfaces, mini 1U case(Metal) - Proserve LLC","robots":{"index":"index","follow":"follow","max-snippet":"max-snippet:-1","max-image-preview":"max-image-preview:large","max-video-preview":"max-video-preview:-1"},"canonical":"https:\/\/prosrve.com\/ar\/product\/hikvision-ds-7108ni-q1-8p-mstdc-8-ch-mini-1u-8-poe-nvr-60mbps-bit-rate-input-max-up-to-8-ch-ip-video-1-sata-interface-8-independent-poe-network-interfaces-mini-1u-casemetal\/","og_locale":"ar_AR","og_type":"article","og_title":"Hikvision DS-7108NI-Q1\/8P\/M(STD)(C) , 8-ch Mini 1U 8 PoE NVR , 60Mbps Bit Rate Input Max (up to 8-ch IP video) 1 SATA interface, 8 independent PoE network interfaces, mini 1U case(Metal) - Proserve LLC","og_description":"H.265+\/H.265\/H.264+\/H.264 video compression Up to 60 Mbps incoming bandwidth, and 60 Mbps outgoing bandwidth Up to 8-ch network camera inputs Up to 4-ch 1080p decoding capability HDMI and VGA simultaneous output Video And Audio IP Video Input 8-ch Up to &hellip; Readmore","og_url":"https:\/\/prosrve.com\/ar\/product\/hikvision-ds-7108ni-q1-8p-mstdc-8-ch-mini-1u-8-poe-nvr-60mbps-bit-rate-input-max-up-to-8-ch-ip-video-1-sata-interface-8-independent-poe-network-interfaces-mini-1u-casemetal\/","og_site_name":"Proserve LLC","article_publisher":"https:\/\/www.facebook.com\/pages\/ProServe-LLC\/628145137291830","article_modified_time":"2023-11-30T07:31:01+00:00","og_image":[{"width":800,"height":800,"url":"https:\/\/prosrve.com\/wp-content\/uploads\/2023\/09\/MB-0191HNN-H10-260A0-U0L1-A0-P-HIKVISION.png.thumb_.1280.1280.webp","type":"image\/webp"}],"twitter_card":"summary_large_image","twitter_misc":{"\u0648\u0642\u062a \u0627\u0644\u0642\u0631\u0627\u0621\u0629 \u0627\u0644\u0645\u064f\u0642\u062f\u0651\u0631":"\u062f\u0642\u064a\u0642\u0629 \u0648\u0627\u062d\u062f\u0629"},"schema":{"@context":"https:\/\/schema.org","@graph":[{"@type":"WebPage","@id":"https:\/\/prosrve.com\/product\/hikvision-ds-7108ni-q1-8p-mstdc-8-ch-mini-1u-8-poe-nvr-60mbps-bit-rate-input-max-up-to-8-ch-ip-video-1-sata-interface-8-independent-poe-network-interfaces-mini-1u-casemetal\/","url":"https:\/\/prosrve.com\/product\/hikvision-ds-7108ni-q1-8p-mstdc-8-ch-mini-1u-8-poe-nvr-60mbps-bit-rate-input-max-up-to-8-ch-ip-video-1-sata-interface-8-independent-poe-network-interfaces-mini-1u-casemetal\/","name":"Hikvision DS-7108NI-Q1\/8P\/M(STD)(C) , 8-ch Mini 1U 8 PoE NVR , 60Mbps Bit Rate Input Max (up to 8-ch IP video) 1 SATA interface, 8 independent PoE network interfaces, mini 1U case(Metal) - Proserve LLC","isPartOf":{"@id":"https:\/\/prosrve.com\/#website"},"primaryImageOfPage":{"@id":"https:\/\/prosrve.com\/product\/hikvision-ds-7108ni-q1-8p-mstdc-8-ch-mini-1u-8-poe-nvr-60mbps-bit-rate-input-max-up-to-8-ch-ip-video-1-sata-interface-8-independent-poe-network-interfaces-mini-1u-casemetal\/#primaryimage"},"image":{"@id":"https:\/\/prosrve.com\/product\/hikvision-ds-7108ni-q1-8p-mstdc-8-ch-mini-1u-8-poe-nvr-60mbps-bit-rate-input-max-up-to-8-ch-ip-video-1-sata-interface-8-independent-poe-network-interfaces-mini-1u-casemetal\/#primaryimage"},"thumbnailUrl":"https:\/\/prosrve.com\/wp-content\/uploads\/2023\/09\/MB-0191HNN-H10-260A0-U0L1-A0-P-HIKVISION.png.thumb_.1280.1280.webp","datePublished":"2023-09-17T11:50:18+00:00","dateModified":"2023-11-30T07:31:01+00:00","breadcrumb":{"@id":"https:\/\/prosrve.com\/product\/hikvision-ds-7108ni-q1-8p-mstdc-8-ch-mini-1u-8-poe-nvr-60mbps-bit-rate-input-max-up-to-8-ch-ip-video-1-sata-interface-8-independent-poe-network-interfaces-mini-1u-casemetal\/#breadcrumb"},"inLanguage":"ar","potentialAction":[{"@type":"ReadAction","target":["https:\/\/prosrve.com\/product\/hikvision-ds-7108ni-q1-8p-mstdc-8-ch-mini-1u-8-poe-nvr-60mbps-bit-rate-input-max-up-to-8-ch-ip-video-1-sata-interface-8-independent-poe-network-interfaces-mini-1u-casemetal\/"]}]},{"@type":"ImageObject","inLanguage":"ar","@id":"https:\/\/prosrve.com\/product\/hikvision-ds-7108ni-q1-8p-mstdc-8-ch-mini-1u-8-poe-nvr-60mbps-bit-rate-input-max-up-to-8-ch-ip-video-1-sata-interface-8-independent-poe-network-interfaces-mini-1u-casemetal\/#primaryimage","url":"https:\/\/prosrve.com\/wp-content\/uploads\/2023\/09\/MB-0191HNN-H10-260A0-U0L1-A0-P-HIKVISION.png.thumb_.1280.1280.webp","contentUrl":"https:\/\/prosrve.com\/wp-content\/uploads\/2023\/09\/MB-0191HNN-H10-260A0-U0L1-A0-P-HIKVISION.png.thumb_.1280.1280.webp","width":800,"height":800},{"@type":"BreadcrumbList","@id":"https:\/\/prosrve.com\/product\/hikvision-ds-7108ni-q1-8p-mstdc-8-ch-mini-1u-8-poe-nvr-60mbps-bit-rate-input-max-up-to-8-ch-ip-video-1-sata-interface-8-independent-poe-network-interfaces-mini-1u-casemetal\/#breadcrumb","itemListElement":[{"@type":"ListItem","position":1,"name":"Home","item":"https:\/\/prosrve.com\/"},{"@type":"ListItem","position":2,"name":"Shop","item":"https:\/\/prosrve.com\/shop\/"},{"@type":"ListItem","position":3,"name":"Hikvision DS-7108NI-Q1\/8P\/M(STD)(C) , 8-ch Mini 1U 8 PoE NVR , 60Mbps Bit Rate Input Max (up to 8-ch IP video) 1 SATA interface, 8 independent PoE network interfaces, mini 1U case(Metal)"}]},{"@type":"WebSite","@id":"https:\/\/prosrve.com\/#website","url":"https:\/\/prosrve.com\/","name":"Proserve LLC","description":"","publisher":{"@id":"https:\/\/prosrve.com\/#organization"},"potentialAction":[{"@type":"SearchAction","target":{"@type":"EntryPoint","urlTemplate":"https:\/\/prosrve.com\/?s={search_term_string}"},"query-input":"required name=search_term_string"}],"inLanguage":"ar"},{"@type":"Organization","@id":"https:\/\/prosrve.com\/#organization","name":"proserve","url":"https:\/\/prosrve.com\/","logo":{"@type":"ImageObject","inLanguage":"ar","@id":"https:\/\/prosrve.com\/#\/schema\/logo\/image\/","url":"https:\/\/prosrve.com\/wp-content\/uploads\/2020\/06\/Logo.png","contentUrl":"https:\/\/prosrve.com\/wp-content\/uploads\/2020\/06\/Logo.png","width":187,"height":88,"caption":"proserve"},"image":{"@id":"https:\/\/prosrve.com\/#\/schema\/logo\/image\/"},"sameAs":["https:\/\/www.facebook.com\/pages\/ProServe-LLC\/628145137291830"]}]}},"_links":{"self":[{"href":"https:\/\/prosrve.com\/ar\/wp-json\/wp\/v2\/product\/10168","targetHints":{"allow":["GET"]}}],"collection":[{"href":"https:\/\/prosrve.com\/ar\/wp-json\/wp\/v2\/product"}],"about":[{"href":"https:\/\/prosrve.com\/ar\/wp-json\/wp\/v2\/types\/product"}],"replies":[{"embeddable":true,"href":"https:\/\/prosrve.com\/ar\/wp-json\/wp\/v2\/comments?post=10168"}],"version-history":[{"count":2,"href":"https:\/\/prosrve.com\/ar\/wp-json\/wp\/v2\/product\/10168\/revisions"}],"predecessor-version":[{"id":10173,"href":"https:\/\/prosrve.com\/ar\/wp-json\/wp\/v2\/product\/10168\/revisions\/10173"}],"wp:featuredmedia":[{"embeddable":true,"href":"https:\/\/prosrve.com\/ar\/wp-json\/wp\/v2\/media\/10171"}],"wp:attachment":[{"href":"https:\/\/prosrve.com\/ar\/wp-json\/wp\/v2\/media?parent=10168"}],"wp:term":[{"taxonomy":"product_brand","embeddable":true,"href":"https:\/\/prosrve.com\/ar\/wp-json\/wp\/v2\/product_brand?post=10168"},{"taxonomy":"product_cat","embeddable":true,"href":"https:\/\/prosrve.com\/ar\/wp-json\/wp\/v2\/product_cat?post=10168"},{"taxonomy":"product_tag","embeddable":true,"href":"https:\/\/prosrve.com\/ar\/wp-json\/wp\/v2\/product_tag?post=10168"}],"curies":[{"name":"wp","href":"https:\/\/api.w.org\/{rel}","templated":true}]}}