{"id":10183,"date":"2023-09-17T13:58:52","date_gmt":"2023-09-17T11:58:52","guid":{"rendered":"https:\/\/prosrve.com\/?post_type=product&#038;p=10183"},"modified":"2023-11-30T09:30:26","modified_gmt":"2023-11-30T07:30:26","slug":"hikvision-ds-7608ni-q1stdc-8-ch-1u-4k-nvr-4-ch-1080p-or-1-ch-4k80mbps-bit-rate-input-max-up-to-8-ch-ip-video-1-sata-interfaces-standalone-1u-case","status":"publish","type":"product","link":"https:\/\/prosrve.com\/ar\/product\/hikvision-ds-7608ni-q1stdc-8-ch-1u-4k-nvr-4-ch-1080p-or-1-ch-4k80mbps-bit-rate-input-max-up-to-8-ch-ip-video-1-sata-interfaces-standalone-1u-case\/","title":{"rendered":"Hikvision DS-7608NI-Q1(STD)(C) , 8-ch 1U 4K NVR , 4-ch 1080P, or 1-ch 4K,80Mbps Bit Rate Input Max (up to 8-ch IP video), 1 SATA interfaces, standalone 1U case"},"content":{"rendered":"<ul class=\"product_description_item-list\">\n<li class=\"product_description_item\">Up to 8-ch IP camera inputs<\/li>\n<li class=\"product_description_item\">H.265+\/H.265\/H.264+\/H.264 video formats<\/li>\n<li class=\"product_description_item\">Up to 1-ch@8 MP\/3-ch@4 MP\/6-ch@1080p decoding capacity<\/li>\n<li class=\"product_description_item\">Up to 80 Mbps incoming bandwidth<\/li>\n<li>\n<ul class=\"tech-specs-items-description\" data-target=\"Motion Detection 2.0\">\n<li class=\"tech-specs-items-description-list\"><span class=\"tech-specs-items-description__title--heading\">Motion Detection 2.0<\/span><\/li>\n<li class=\"tech-specs-items-description-list\"><span class=\"tech-specs-items-description__title\">Human\/Vehicle Analysis<\/span><span class=\"tech-specs-items-description__title-details\">4-ch<\/span><\/li>\n<\/ul>\n<ul class=\"tech-specs-items-description\" data-target=\"Recording\">\n<li class=\"tech-specs-items-description-list\"><span class=\"tech-specs-items-description__title--heading\">Recording<\/span><\/li>\n<li class=\"tech-specs-items-description-list\"><span class=\"tech-specs-items-description__title\">Stream Type<\/span><span class=\"tech-specs-items-description__title-details\">Video, Video &amp; Audio<\/span><\/li>\n<li class=\"tech-specs-items-description-list\"><span class=\"tech-specs-items-description__title\">Audio Compression<\/span><span class=\"tech-specs-items-description__title-details\">G.711ulaw\/G.711alaw\/G.722\/G.726<\/span><\/li>\n<\/ul>\n<ul class=\"tech-specs-items-description\" data-target=\"Video and Audio\">\n<li class=\"tech-specs-items-description-list\"><span class=\"tech-specs-items-description__title--heading\">Video And Audio<\/span><\/li>\n<li class=\"tech-specs-items-description-list\"><span class=\"tech-specs-items-description__title\">IP Video Input<\/span><span class=\"tech-specs-items-description__title-details\">8-ch<\/span><\/li>\n<li class=\"tech-specs-items-description-list\"><span class=\"tech-specs-items-description__title\">Incoming Bandwidth<\/span><span class=\"tech-specs-items-description__title-details\">80 Mbps<\/span><\/li>\n<li class=\"tech-specs-items-description-list\"><span class=\"tech-specs-items-description__title\">Outgoing Bandwidth<\/span><span class=\"tech-specs-items-description__title-details\">80 Mbps<\/span><\/li>\n<li class=\"tech-specs-items-description-list\"><span class=\"tech-specs-items-description__title\">HDMI Output<\/span><span class=\"tech-specs-items-description__title-details\">1-ch, 4K (4096 x 2160)\/30 Hz, 4K (3840 x 2160)\/30 Hz, 2K (2560 x 1440)\/60 Hz, 1920 x 1080\/60 Hz, 1600 x 1200\/60 Hz, 1280 x 1024\/60 Hz, 1280 x 720\/60 Hz;1-ch, 4K\uff084096&#215;2160\uff09\/30Hz\uff0c4K (3840\u00d72160) \/30Hz, 2K\uff082560\u00d71440\uff09\/60Hz\uff0c1920\u00d71080\/60Hz\uff0c1600\u00d71200\/60Hz\uff0c1280\u00d71024\/60Hz\uff0c1280\u00d7720\/60Hz;1-ch, 4K (3840 \u00d7 2160)\/30Hz, 1920 \u00d7 1080p\/60Hz, 1600 \u00d7 1200\/60Hz, 1280 \u00d7 1024\/60Hz, 1280 \u00d7 720\/60Hz, 1024 \u00d7 768\/60Hz<\/span><\/li>\n<li class=\"tech-specs-items-description-list\"><span class=\"tech-specs-items-description__title\">VGA Output<\/span><span class=\"tech-specs-items-description__title-details\">1-ch, 1920 \u00d7 1080\/60 Hz, 1280 \u00d7 1024\/60 Hz, 1280 \u00d7 720\/60 Hz<\/span><\/li>\n<li class=\"tech-specs-items-description-list\"><span class=\"tech-specs-items-description__title\">Video Output Mode<\/span><span class=\"tech-specs-items-description__title-details\">HDMI\/VGA simultaneous output<\/span><\/li>\n<li class=\"tech-specs-items-description-list\"><span class=\"tech-specs-items-description__title\">Audio Output<\/span><span class=\"tech-specs-items-description__title-details\">1-ch, RCA (Linear, 1 K\u03a9)<\/span><\/li>\n<li class=\"tech-specs-items-description-list\"><span class=\"tech-specs-items-description__title\">Two-Way Audio<\/span><span class=\"tech-specs-items-description__title-details\">1-ch, RCA (2.0 Vp-p, 1 k \u03a9)<\/span><\/li>\n<\/ul>\n<ul class=\"tech-specs-items-description\" data-target=\"Decoding\">\n<li class=\"tech-specs-items-description-list\"><span class=\"tech-specs-items-description__title--heading\">Decoding<\/span><\/li>\n<li class=\"tech-specs-items-description-list\"><span class=\"tech-specs-items-description__title\">Decoding Format<\/span><span class=\"tech-specs-items-description__title-details\">H.265+,H.265,H.264+,H.264<\/span><\/li>\n<li class=\"tech-specs-items-description-list\"><span class=\"tech-specs-items-description__title\">Recording Resolution<\/span><span class=\"tech-specs-items-description__title-details\">8 MP\/6 MP\/5 MP\/4 MP\/3 MP\/1080p\/UXGA \/720p\/VGA\/4CIF\/DCIF\/ 2CIF\/CIF\/QCIF<\/span><\/li>\n<li class=\"tech-specs-items-description-list\"><span class=\"tech-specs-items-description__title\">Decoding Capability<\/span>\n<p class=\"mb-p\">1-ch@8 MP (30 fps)\/3-ch@4 MP (30 fps)\/6-ch@1080p (30 fps)<\/p>\n<p class=\"mb-p\">*: The length or width of camera resolution (each track) cannot exceed 4096 pixels.<\/p>\n<\/li>\n<li class=\"tech-specs-items-description-list\"><span class=\"tech-specs-items-description__title\">Synchronous Playback<\/span><span class=\"tech-specs-items-description__title-details\">8-ch<\/span><\/li>\n<\/ul>\n<ul class=\"tech-specs-items-description\" data-target=\"Network\">\n<li class=\"tech-specs-items-description-list\"><span class=\"tech-specs-items-description__title--heading\">Network<\/span><\/li>\n<li class=\"tech-specs-items-description-list\"><span class=\"tech-specs-items-description__title\">Remote Connection<\/span><span class=\"tech-specs-items-description__title-details\">32<\/span><\/li>\n<li class=\"tech-specs-items-description-list\"><span class=\"tech-specs-items-description__title\">Network Protocol<\/span><span class=\"tech-specs-items-description__title-details\">TCP\/IP, DHCP, IPv4, IPv6, DNS, DDNS, NTP, RTSP, SADP, SMTP, SNMP, NFS, iSCSI, ISUP, UPnP\u2122, HTTP, HTTPS<\/span><\/li>\n<li class=\"tech-specs-items-description-list\"><span class=\"tech-specs-items-description__title\">Network Interface<\/span><span class=\"tech-specs-items-description__title-details\">1, RJ-45 10\/100 Mbps self-adaptive Ethernet interface<\/span><\/li>\n<\/ul>\n<ul class=\"tech-specs-items-description\" data-target=\"Auxiliary Interface\">\n<li class=\"tech-specs-items-description-list\"><span class=\"tech-specs-items-description__title--heading\">Auxiliary Interface<\/span><\/li>\n<li class=\"tech-specs-items-description-list\"><span class=\"tech-specs-items-description__title\">Alarm In\/Out<\/span><span class=\"tech-specs-items-description__title-details\">N\/A (4\/1 is optional)<\/span><\/li>\n<li class=\"tech-specs-items-description-list\"><span class=\"tech-specs-items-description__title\">SATA<\/span><span class=\"tech-specs-items-description__title-details\">1<\/span><\/li>\n<li class=\"tech-specs-items-description-list\"><span class=\"tech-specs-items-description__title\">Capacity<\/span><span class=\"tech-specs-items-description__title-details\">Up to 8 TB capacity for each disk<\/span><\/li>\n<li class=\"tech-specs-items-description-list\"><span class=\"tech-specs-items-description__title\">USB Interface<\/span><span class=\"tech-specs-items-description__title-details\">Front panel: 1 \u00d7 USB 2.0; Rear panel: 1 \u00d7 USB 2.0<\/span><\/li>\n<\/ul>\n<ul class=\"tech-specs-items-description\" data-target=\"General\">\n<li class=\"tech-specs-items-description-list\"><span class=\"tech-specs-items-description__title--heading\">General<\/span><\/li>\n<li class=\"tech-specs-items-description-list\"><span class=\"tech-specs-items-description__title\">Power Supply<\/span><span class=\"tech-specs-items-description__title-details\">12 VDC, 1.5 A<\/span><\/li>\n<li class=\"tech-specs-items-description-list\"><span class=\"tech-specs-items-description__title\">Consumption<\/span><span class=\"tech-specs-items-description__title-details\">\u2264 10 W (without HDD)<\/span><\/li>\n<li class=\"tech-specs-items-description-list\"><span class=\"tech-specs-items-description__title\">Working Temperature<\/span><span class=\"tech-specs-items-description__title-details\">-10 \u00b0C to 55 \u00b0C (14 \u00b0F to 131 \u00b0F)<\/span><\/li>\n<li class=\"tech-specs-items-description-list\"><span class=\"tech-specs-items-description__title\">Working Humidity<\/span><span class=\"tech-specs-items-description__title-details\">10% to 90%<\/span><\/li>\n<li class=\"tech-specs-items-description-list\"><span class=\"tech-specs-items-description__title\">Dimension (W \u00d7 D \u00d7 H)<\/span><span class=\"tech-specs-items-description__title-details\">320 \u00d7 240 \u00d7 48 mm (12.4&#8243; \u00d7 9.4&#8243; \u00d7 1.9&#8243;)<\/span><\/li>\n<li class=\"tech-specs-items-description-list\"><span class=\"tech-specs-items-description__title\">Weight<\/span><span class=\"tech-specs-items-description__title-details\">\u2264 1 kg (without HDD, 2.2 lb.)<\/span><\/li>\n<\/ul>\n<ul class=\"tech-specs-items-description\" data-target=\"Certification\">\n<li class=\"tech-specs-items-description-list\"><span class=\"tech-specs-items-description__title--heading\">Certification<\/span><\/li>\n<li class=\"tech-specs-items-description-list\"><span class=\"tech-specs-items-description__title\">FCC<\/span><span class=\"tech-specs-items-description__title-details\">Part 15 Subpart B, ANSI C63.4-2014<\/span><\/li>\n<li class=\"tech-specs-items-description-list\"><span class=\"tech-specs-items-description__title\">CE<\/span><span class=\"tech-specs-items-description__title-details\">EN 55032: 2015, EN 61000-3-2, EN 61000-3-3, EN 50130-4, EN 55035: 2017<\/span><\/li>\n<\/ul>\n<\/li>\n<\/ul>","protected":false},"excerpt":{"rendered":"<p>Up to 8-ch IP camera inputs H.265+\/H.265\/H.264+\/H.264 video formats Up to 1-ch@8 MP\/3-ch@4 MP\/6-ch@1080p decoding capacity Up to 80 Mbps incoming bandwidth Motion Detection 2.0 Human\/Vehicle Analysis4-ch Recording Stream TypeVideo, Video &amp; Audio Audio CompressionG.711ulaw\/G.711alaw\/G.722\/G.726 Video And Audio IP Video &hellip; <a href=\"https:\/\/prosrve.com\/ar\/product\/hikvision-ds-7608ni-q1stdc-8-ch-1u-4k-nvr-4-ch-1080p-or-1-ch-4k80mbps-bit-rate-input-max-up-to-8-ch-ip-video-1-sata-interfaces-standalone-1u-case\/\">Readmore<\/a><\/p>","protected":false},"featured_media":10117,"comment_status":"open","ping_status":"closed","template":"","meta":[],"product_brand":[273],"product_cat":[300,310,314],"product_tag":[801],"class_list":{"0":"post-10183","1":"product","2":"type-product","3":"status-publish","4":"has-post-thumbnail","6":"product_brand-hikvision","7":"product_cat-networking-servers","8":"product_cat-networking-cables","9":"product_cat-network-tools-testers","10":"product_tag-8-ch","12":"first","13":"instock","14":"shipping-taxable","15":"purchasable","16":"product-type-simple"},"yoast_head":"<!-- This site is optimized with the Yoast SEO plugin v22.7 - https:\/\/yoast.com\/wordpress\/plugins\/seo\/ -->\n<title>Hikvision DS-7608NI-Q1(STD)(C) , 8-ch 1U 4K NVR , 4-ch 1080P, or 1-ch 4K,80Mbps Bit Rate Input Max (up to 8-ch IP video), 1 SATA interfaces, standalone 1U case - Proserve LLC<\/title>\n<meta name=\"robots\" content=\"index, follow, max-snippet:-1, max-image-preview:large, max-video-preview:-1\" \/>\n<link rel=\"canonical\" href=\"https:\/\/prosrve.com\/ar\/product\/hikvision-ds-7608ni-q1stdc-8-ch-1u-4k-nvr-4-ch-1080p-or-1-ch-4k80mbps-bit-rate-input-max-up-to-8-ch-ip-video-1-sata-interfaces-standalone-1u-case\/\" \/>\n<meta property=\"og:locale\" content=\"ar_AR\" \/>\n<meta property=\"og:type\" content=\"article\" \/>\n<meta property=\"og:title\" content=\"Hikvision DS-7608NI-Q1(STD)(C) , 8-ch 1U 4K NVR , 4-ch 1080P, or 1-ch 4K,80Mbps Bit Rate Input Max (up to 8-ch IP video), 1 SATA interfaces, standalone 1U case - Proserve LLC\" \/>\n<meta property=\"og:description\" content=\"Up to 8-ch IP camera inputs H.265+\/H.265\/H.264+\/H.264 video formats Up to 1-ch@8 MP\/3-ch@4 MP\/6-ch@1080p decoding capacity Up to 80 Mbps incoming bandwidth Motion Detection 2.0 Human\/Vehicle Analysis4-ch Recording Stream TypeVideo, Video &amp; Audio Audio CompressionG.711ulaw\/G.711alaw\/G.722\/G.726 Video And Audio IP Video &hellip; Readmore\" \/>\n<meta property=\"og:url\" content=\"https:\/\/prosrve.com\/ar\/product\/hikvision-ds-7608ni-q1stdc-8-ch-1u-4k-nvr-4-ch-1080p-or-1-ch-4k80mbps-bit-rate-input-max-up-to-8-ch-ip-video-1-sata-interfaces-standalone-1u-case\/\" \/>\n<meta property=\"og:site_name\" content=\"Proserve LLC\" \/>\n<meta property=\"article:publisher\" content=\"https:\/\/www.facebook.com\/pages\/ProServe-LLC\/628145137291830\" \/>\n<meta property=\"article:modified_time\" content=\"2023-11-30T07:30:26+00:00\" \/>\n<meta property=\"og:image\" content=\"https:\/\/prosrve.com\/wp-content\/uploads\/2023\/09\/00-1.webp\" \/>\n\t<meta property=\"og:image:width\" content=\"1280\" \/>\n\t<meta property=\"og:image:height\" content=\"1280\" \/>\n\t<meta property=\"og:image:type\" content=\"image\/webp\" \/>\n<meta name=\"twitter:card\" content=\"summary_large_image\" \/>\n<meta name=\"twitter:label1\" content=\"\u0648\u0642\u062a \u0627\u0644\u0642\u0631\u0627\u0621\u0629 \u0627\u0644\u0645\u064f\u0642\u062f\u0651\u0631\" \/>\n\t<meta name=\"twitter:data1\" content=\"\u062f\u0642\u064a\u0642\u062a\u0627\u0646\" \/>\n<script type=\"application\/ld+json\" class=\"yoast-schema-graph\">{\"@context\":\"https:\/\/schema.org\",\"@graph\":[{\"@type\":\"WebPage\",\"@id\":\"https:\/\/prosrve.com\/product\/hikvision-ds-7608ni-q1stdc-8-ch-1u-4k-nvr-4-ch-1080p-or-1-ch-4k80mbps-bit-rate-input-max-up-to-8-ch-ip-video-1-sata-interfaces-standalone-1u-case\/\",\"url\":\"https:\/\/prosrve.com\/product\/hikvision-ds-7608ni-q1stdc-8-ch-1u-4k-nvr-4-ch-1080p-or-1-ch-4k80mbps-bit-rate-input-max-up-to-8-ch-ip-video-1-sata-interfaces-standalone-1u-case\/\",\"name\":\"Hikvision DS-7608NI-Q1(STD)(C) , 8-ch 1U 4K NVR , 4-ch 1080P, or 1-ch 4K,80Mbps Bit Rate Input Max (up to 8-ch IP video), 1 SATA interfaces, standalone 1U case - Proserve LLC\",\"isPartOf\":{\"@id\":\"https:\/\/prosrve.com\/#website\"},\"primaryImageOfPage\":{\"@id\":\"https:\/\/prosrve.com\/product\/hikvision-ds-7608ni-q1stdc-8-ch-1u-4k-nvr-4-ch-1080p-or-1-ch-4k80mbps-bit-rate-input-max-up-to-8-ch-ip-video-1-sata-interfaces-standalone-1u-case\/#primaryimage\"},\"image\":{\"@id\":\"https:\/\/prosrve.com\/product\/hikvision-ds-7608ni-q1stdc-8-ch-1u-4k-nvr-4-ch-1080p-or-1-ch-4k80mbps-bit-rate-input-max-up-to-8-ch-ip-video-1-sata-interfaces-standalone-1u-case\/#primaryimage\"},\"thumbnailUrl\":\"https:\/\/prosrve.com\/wp-content\/uploads\/2023\/09\/00-1.webp\",\"datePublished\":\"2023-09-17T11:58:52+00:00\",\"dateModified\":\"2023-11-30T07:30:26+00:00\",\"breadcrumb\":{\"@id\":\"https:\/\/prosrve.com\/product\/hikvision-ds-7608ni-q1stdc-8-ch-1u-4k-nvr-4-ch-1080p-or-1-ch-4k80mbps-bit-rate-input-max-up-to-8-ch-ip-video-1-sata-interfaces-standalone-1u-case\/#breadcrumb\"},\"inLanguage\":\"ar\",\"potentialAction\":[{\"@type\":\"ReadAction\",\"target\":[\"https:\/\/prosrve.com\/product\/hikvision-ds-7608ni-q1stdc-8-ch-1u-4k-nvr-4-ch-1080p-or-1-ch-4k80mbps-bit-rate-input-max-up-to-8-ch-ip-video-1-sata-interfaces-standalone-1u-case\/\"]}]},{\"@type\":\"ImageObject\",\"inLanguage\":\"ar\",\"@id\":\"https:\/\/prosrve.com\/product\/hikvision-ds-7608ni-q1stdc-8-ch-1u-4k-nvr-4-ch-1080p-or-1-ch-4k80mbps-bit-rate-input-max-up-to-8-ch-ip-video-1-sata-interfaces-standalone-1u-case\/#primaryimage\",\"url\":\"https:\/\/prosrve.com\/wp-content\/uploads\/2023\/09\/00-1.webp\",\"contentUrl\":\"https:\/\/prosrve.com\/wp-content\/uploads\/2023\/09\/00-1.webp\",\"width\":1280,\"height\":1280},{\"@type\":\"BreadcrumbList\",\"@id\":\"https:\/\/prosrve.com\/product\/hikvision-ds-7608ni-q1stdc-8-ch-1u-4k-nvr-4-ch-1080p-or-1-ch-4k80mbps-bit-rate-input-max-up-to-8-ch-ip-video-1-sata-interfaces-standalone-1u-case\/#breadcrumb\",\"itemListElement\":[{\"@type\":\"ListItem\",\"position\":1,\"name\":\"Home\",\"item\":\"https:\/\/prosrve.com\/\"},{\"@type\":\"ListItem\",\"position\":2,\"name\":\"Shop\",\"item\":\"https:\/\/prosrve.com\/shop\/\"},{\"@type\":\"ListItem\",\"position\":3,\"name\":\"Hikvision DS-7608NI-Q1(STD)(C) , 8-ch 1U 4K NVR , 4-ch 1080P, or 1-ch 4K,80Mbps Bit Rate Input Max (up to 8-ch IP video), 1 SATA interfaces, standalone 1U case\"}]},{\"@type\":\"WebSite\",\"@id\":\"https:\/\/prosrve.com\/#website\",\"url\":\"https:\/\/prosrve.com\/\",\"name\":\"Proserve LLC\",\"description\":\"\",\"publisher\":{\"@id\":\"https:\/\/prosrve.com\/#organization\"},\"potentialAction\":[{\"@type\":\"SearchAction\",\"target\":{\"@type\":\"EntryPoint\",\"urlTemplate\":\"https:\/\/prosrve.com\/?s={search_term_string}\"},\"query-input\":\"required name=search_term_string\"}],\"inLanguage\":\"ar\"},{\"@type\":\"Organization\",\"@id\":\"https:\/\/prosrve.com\/#organization\",\"name\":\"proserve\",\"url\":\"https:\/\/prosrve.com\/\",\"logo\":{\"@type\":\"ImageObject\",\"inLanguage\":\"ar\",\"@id\":\"https:\/\/prosrve.com\/#\/schema\/logo\/image\/\",\"url\":\"https:\/\/prosrve.com\/wp-content\/uploads\/2020\/06\/Logo.png\",\"contentUrl\":\"https:\/\/prosrve.com\/wp-content\/uploads\/2020\/06\/Logo.png\",\"width\":187,\"height\":88,\"caption\":\"proserve\"},\"image\":{\"@id\":\"https:\/\/prosrve.com\/#\/schema\/logo\/image\/\"},\"sameAs\":[\"https:\/\/www.facebook.com\/pages\/ProServe-LLC\/628145137291830\"]}]}<\/script>\n<!-- \/ Yoast SEO plugin. -->","yoast_head_json":{"title":"Hikvision DS-7608NI-Q1(STD)(C) , 8-ch 1U 4K NVR , 4-ch 1080P, or 1-ch 4K,80Mbps Bit Rate Input Max (up to 8-ch IP video), 1 SATA interfaces, standalone 1U case - Proserve LLC","robots":{"index":"index","follow":"follow","max-snippet":"max-snippet:-1","max-image-preview":"max-image-preview:large","max-video-preview":"max-video-preview:-1"},"canonical":"https:\/\/prosrve.com\/ar\/product\/hikvision-ds-7608ni-q1stdc-8-ch-1u-4k-nvr-4-ch-1080p-or-1-ch-4k80mbps-bit-rate-input-max-up-to-8-ch-ip-video-1-sata-interfaces-standalone-1u-case\/","og_locale":"ar_AR","og_type":"article","og_title":"Hikvision DS-7608NI-Q1(STD)(C) , 8-ch 1U 4K NVR , 4-ch 1080P, or 1-ch 4K,80Mbps Bit Rate Input Max (up to 8-ch IP video), 1 SATA interfaces, standalone 1U case - Proserve LLC","og_description":"Up to 8-ch IP camera inputs H.265+\/H.265\/H.264+\/H.264 video formats Up to 1-ch@8 MP\/3-ch@4 MP\/6-ch@1080p decoding capacity Up to 80 Mbps incoming bandwidth Motion Detection 2.0 Human\/Vehicle Analysis4-ch Recording Stream TypeVideo, Video &amp; Audio Audio CompressionG.711ulaw\/G.711alaw\/G.722\/G.726 Video And Audio IP Video &hellip; Readmore","og_url":"https:\/\/prosrve.com\/ar\/product\/hikvision-ds-7608ni-q1stdc-8-ch-1u-4k-nvr-4-ch-1080p-or-1-ch-4k80mbps-bit-rate-input-max-up-to-8-ch-ip-video-1-sata-interfaces-standalone-1u-case\/","og_site_name":"Proserve LLC","article_publisher":"https:\/\/www.facebook.com\/pages\/ProServe-LLC\/628145137291830","article_modified_time":"2023-11-30T07:30:26+00:00","og_image":[{"width":1280,"height":1280,"url":"https:\/\/prosrve.com\/wp-content\/uploads\/2023\/09\/00-1.webp","type":"image\/webp"}],"twitter_card":"summary_large_image","twitter_misc":{"\u0648\u0642\u062a \u0627\u0644\u0642\u0631\u0627\u0621\u0629 \u0627\u0644\u0645\u064f\u0642\u062f\u0651\u0631":"\u062f\u0642\u064a\u0642\u062a\u0627\u0646"},"schema":{"@context":"https:\/\/schema.org","@graph":[{"@type":"WebPage","@id":"https:\/\/prosrve.com\/product\/hikvision-ds-7608ni-q1stdc-8-ch-1u-4k-nvr-4-ch-1080p-or-1-ch-4k80mbps-bit-rate-input-max-up-to-8-ch-ip-video-1-sata-interfaces-standalone-1u-case\/","url":"https:\/\/prosrve.com\/product\/hikvision-ds-7608ni-q1stdc-8-ch-1u-4k-nvr-4-ch-1080p-or-1-ch-4k80mbps-bit-rate-input-max-up-to-8-ch-ip-video-1-sata-interfaces-standalone-1u-case\/","name":"Hikvision DS-7608NI-Q1(STD)(C) , 8-ch 1U 4K NVR , 4-ch 1080P, or 1-ch 4K,80Mbps Bit Rate Input Max (up to 8-ch IP video), 1 SATA interfaces, standalone 1U case - Proserve LLC","isPartOf":{"@id":"https:\/\/prosrve.com\/#website"},"primaryImageOfPage":{"@id":"https:\/\/prosrve.com\/product\/hikvision-ds-7608ni-q1stdc-8-ch-1u-4k-nvr-4-ch-1080p-or-1-ch-4k80mbps-bit-rate-input-max-up-to-8-ch-ip-video-1-sata-interfaces-standalone-1u-case\/#primaryimage"},"image":{"@id":"https:\/\/prosrve.com\/product\/hikvision-ds-7608ni-q1stdc-8-ch-1u-4k-nvr-4-ch-1080p-or-1-ch-4k80mbps-bit-rate-input-max-up-to-8-ch-ip-video-1-sata-interfaces-standalone-1u-case\/#primaryimage"},"thumbnailUrl":"https:\/\/prosrve.com\/wp-content\/uploads\/2023\/09\/00-1.webp","datePublished":"2023-09-17T11:58:52+00:00","dateModified":"2023-11-30T07:30:26+00:00","breadcrumb":{"@id":"https:\/\/prosrve.com\/product\/hikvision-ds-7608ni-q1stdc-8-ch-1u-4k-nvr-4-ch-1080p-or-1-ch-4k80mbps-bit-rate-input-max-up-to-8-ch-ip-video-1-sata-interfaces-standalone-1u-case\/#breadcrumb"},"inLanguage":"ar","potentialAction":[{"@type":"ReadAction","target":["https:\/\/prosrve.com\/product\/hikvision-ds-7608ni-q1stdc-8-ch-1u-4k-nvr-4-ch-1080p-or-1-ch-4k80mbps-bit-rate-input-max-up-to-8-ch-ip-video-1-sata-interfaces-standalone-1u-case\/"]}]},{"@type":"ImageObject","inLanguage":"ar","@id":"https:\/\/prosrve.com\/product\/hikvision-ds-7608ni-q1stdc-8-ch-1u-4k-nvr-4-ch-1080p-or-1-ch-4k80mbps-bit-rate-input-max-up-to-8-ch-ip-video-1-sata-interfaces-standalone-1u-case\/#primaryimage","url":"https:\/\/prosrve.com\/wp-content\/uploads\/2023\/09\/00-1.webp","contentUrl":"https:\/\/prosrve.com\/wp-content\/uploads\/2023\/09\/00-1.webp","width":1280,"height":1280},{"@type":"BreadcrumbList","@id":"https:\/\/prosrve.com\/product\/hikvision-ds-7608ni-q1stdc-8-ch-1u-4k-nvr-4-ch-1080p-or-1-ch-4k80mbps-bit-rate-input-max-up-to-8-ch-ip-video-1-sata-interfaces-standalone-1u-case\/#breadcrumb","itemListElement":[{"@type":"ListItem","position":1,"name":"Home","item":"https:\/\/prosrve.com\/"},{"@type":"ListItem","position":2,"name":"Shop","item":"https:\/\/prosrve.com\/shop\/"},{"@type":"ListItem","position":3,"name":"Hikvision DS-7608NI-Q1(STD)(C) , 8-ch 1U 4K NVR , 4-ch 1080P, or 1-ch 4K,80Mbps Bit Rate Input Max (up to 8-ch IP video), 1 SATA interfaces, standalone 1U case"}]},{"@type":"WebSite","@id":"https:\/\/prosrve.com\/#website","url":"https:\/\/prosrve.com\/","name":"Proserve LLC","description":"","publisher":{"@id":"https:\/\/prosrve.com\/#organization"},"potentialAction":[{"@type":"SearchAction","target":{"@type":"EntryPoint","urlTemplate":"https:\/\/prosrve.com\/?s={search_term_string}"},"query-input":"required name=search_term_string"}],"inLanguage":"ar"},{"@type":"Organization","@id":"https:\/\/prosrve.com\/#organization","name":"proserve","url":"https:\/\/prosrve.com\/","logo":{"@type":"ImageObject","inLanguage":"ar","@id":"https:\/\/prosrve.com\/#\/schema\/logo\/image\/","url":"https:\/\/prosrve.com\/wp-content\/uploads\/2020\/06\/Logo.png","contentUrl":"https:\/\/prosrve.com\/wp-content\/uploads\/2020\/06\/Logo.png","width":187,"height":88,"caption":"proserve"},"image":{"@id":"https:\/\/prosrve.com\/#\/schema\/logo\/image\/"},"sameAs":["https:\/\/www.facebook.com\/pages\/ProServe-LLC\/628145137291830"]}]}},"_links":{"self":[{"href":"https:\/\/prosrve.com\/ar\/wp-json\/wp\/v2\/product\/10183","targetHints":{"allow":["GET"]}}],"collection":[{"href":"https:\/\/prosrve.com\/ar\/wp-json\/wp\/v2\/product"}],"about":[{"href":"https:\/\/prosrve.com\/ar\/wp-json\/wp\/v2\/types\/product"}],"replies":[{"embeddable":true,"href":"https:\/\/prosrve.com\/ar\/wp-json\/wp\/v2\/comments?post=10183"}],"version-history":[{"count":2,"href":"https:\/\/prosrve.com\/ar\/wp-json\/wp\/v2\/product\/10183\/revisions"}],"predecessor-version":[{"id":10188,"href":"https:\/\/prosrve.com\/ar\/wp-json\/wp\/v2\/product\/10183\/revisions\/10188"}],"wp:featuredmedia":[{"embeddable":true,"href":"https:\/\/prosrve.com\/ar\/wp-json\/wp\/v2\/media\/10117"}],"wp:attachment":[{"href":"https:\/\/prosrve.com\/ar\/wp-json\/wp\/v2\/media?parent=10183"}],"wp:term":[{"taxonomy":"product_brand","embeddable":true,"href":"https:\/\/prosrve.com\/ar\/wp-json\/wp\/v2\/product_brand?post=10183"},{"taxonomy":"product_cat","embeddable":true,"href":"https:\/\/prosrve.com\/ar\/wp-json\/wp\/v2\/product_cat?post=10183"},{"taxonomy":"product_tag","embeddable":true,"href":"https:\/\/prosrve.com\/ar\/wp-json\/wp\/v2\/product_tag?post=10183"}],"curies":[{"name":"wp","href":"https:\/\/api.w.org\/{rel}","templated":true}]}}