{"id":10258,"date":"2023-09-17T15:55:03","date_gmt":"2023-09-17T13:55:03","guid":{"rendered":"https:\/\/prosrve.com\/?post_type=product&#038;p=10258"},"modified":"2023-11-30T09:27:10","modified_gmt":"2023-11-30T07:27:10","slug":"hikvision-ds-7716nxi-k4std-16-ch-1-5u-k-series-acusense-4k-nvr-up-to-16-ch-ip-camera-inputs","status":"publish","type":"product","link":"https:\/\/prosrve.com\/ar\/product\/hikvision-ds-7716nxi-k4std-16-ch-1-5u-k-series-acusense-4k-nvr-up-to-16-ch-ip-camera-inputs\/","title":{"rendered":"Hikvision DS-7716NXI-K4(STD), 16-ch 1.5U K Series AcuSense 4K NVR, Up to 16-ch IP camera inputs"},"content":{"rendered":"<h2 class=\"prod_name\"><span class=\"prod_name-content\">16-ch 1.5U K Series AcuSense 4K NVR\\<\/span><\/h2>\n<p>All-ch Motion Detection 2.0<\/p>\n<p>Up to 2-ch false alarm reduction through human and vehicle target classification based on deep learning<\/p>\n<p>Up to 1-ch video stream face recognition based on deep learning algorithm Up to 16 face databases with 20,000 face images in total<\/p>\n<p>Up to 2-ch @ 12MP or 3-ch @ 8MP or 6-ch @ 4MP or 12-ch @ 1080P decoding<\/p>\n<p>capacity<\/p>\n<ul class=\"product_description_item-list\">\n<li class=\"product_description_item\">Up to 16-ch IP camera inputs<\/li>\n<li class=\"product_description_item\">H.265+\/H.265\/H.264+\/H.264 video formats<\/li>\n<li class=\"product_description_item\">Up to 2-ch@12 MP or 3-ch@8 MP or 6-ch@4 MP or 12-ch@1080p decoding capacity<\/li>\n<li class=\"product_description_item\">Up to 160 Mbps incoming bandwidth<\/li>\n<li class=\"product_description_item\">Adopt Hikvision Acusense technology to minimize manual effort and security costs<\/li>\n<li>\n<ul class=\"tech-specs-items-description\" data-target=\"Intelligent Analytics\">\n<li class=\"tech-specs-items-description-list\"><span class=\"tech-specs-items-description__title--heading\">Intelligent Analytics<\/span><\/li>\n<li class=\"tech-specs-items-description-list\"><span class=\"tech-specs-items-description__title\">AI By Device<\/span><span class=\"tech-specs-items-description__title-details\">Facial recognition, perimeter protection, motion detection 2.0<\/span><\/li>\n<li class=\"tech-specs-items-description-list\"><span class=\"tech-specs-items-description__title\">AI By Camera<\/span><span class=\"tech-specs-items-description__title-details\">Facial recognition, perimeter protection, throwing objects from building, motion detection2.0, ANPR, VCA<\/span><\/li>\n<\/ul>\n<ul class=\"tech-specs-items-description\" data-target=\"Facial Recognition\">\n<li class=\"tech-specs-items-description-list\"><span class=\"tech-specs-items-description__title--heading\">Facial Recognition<\/span><\/li>\n<li class=\"tech-specs-items-description-list\"><span class=\"tech-specs-items-description__title\">Facial Detection And Analytics<\/span><span class=\"tech-specs-items-description__title-details\">Face picture comparison, human face capture, face picture search<\/span><\/li>\n<li class=\"tech-specs-items-description-list\"><span class=\"tech-specs-items-description__title\">Face Picture Library<\/span><span class=\"tech-specs-items-description__title-details\">Up to 16 face picture libraries, with up to 20,000 face pictures in total (each picture \u2264 4 MB, total capacity \u2264 1 GB)<\/span><\/li>\n<li class=\"tech-specs-items-description-list\"><span class=\"tech-specs-items-description__title\">Facial Detection And Analytics Performance<\/span><span class=\"tech-specs-items-description__title-details\">1-ch, 8 MP<\/span><\/li>\n<li class=\"tech-specs-items-description-list\"><span class=\"tech-specs-items-description__title\">Face Picture Comparison<\/span><span class=\"tech-specs-items-description__title-details\">4-ch<\/span><\/li>\n<\/ul>\n<ul class=\"tech-specs-items-description\" data-target=\"Motion Detection 2.0\">\n<li class=\"tech-specs-items-description-list\"><span class=\"tech-specs-items-description__title--heading\">Motion Detection 2.0<\/span><\/li>\n<li class=\"tech-specs-items-description-list\"><span class=\"tech-specs-items-description__title\">By Device<\/span><span class=\"tech-specs-items-description__title-details\">All channels, up to 4 MP (when enhanced SVC mode is enabled, up to 8 MP) video analysis for human and vehicle recognition to reduce false alarm<\/span><\/li>\n<li class=\"tech-specs-items-description-list\"><span class=\"tech-specs-items-description__title\">By Camera<\/span><span class=\"tech-specs-items-description__title-details\">All channels<\/span><\/li>\n<\/ul>\n<ul class=\"tech-specs-items-description\" data-target=\"Perimeter Protection\">\n<li class=\"tech-specs-items-description-list\"><span class=\"tech-specs-items-description__title--heading\">Perimeter Protection<\/span><\/li>\n<li class=\"tech-specs-items-description-list\"><span class=\"tech-specs-items-description__title\">By Device<\/span><span class=\"tech-specs-items-description__title-details\">2-ch, 4 MP (HD network camera, H.264\/H.265) video analysis for human and vehicle recognition to reduce false alarm<\/span><\/li>\n<li class=\"tech-specs-items-description-list\"><span class=\"tech-specs-items-description__title\">By Camera<\/span><span class=\"tech-specs-items-description__title-details\">All channels<\/span><\/li>\n<\/ul>\n<ul class=\"tech-specs-items-description\" data-target=\"Video and Audio\">\n<li class=\"tech-specs-items-description-list\"><span class=\"tech-specs-items-description__title--heading\">Video And Audio<\/span><\/li>\n<li class=\"tech-specs-items-description-list\"><span class=\"tech-specs-items-description__title\">IP Video Input<\/span><span class=\"tech-specs-items-description__title-details\">16-ch<\/span><\/li>\n<li class=\"tech-specs-items-description-list\"><span class=\"tech-specs-items-description__title\">Incoming Bandwidth<\/span><span class=\"tech-specs-items-description__title-details\">160 Mbps<\/span><\/li>\n<li class=\"tech-specs-items-description-list\"><span class=\"tech-specs-items-description__title\">Outgoing Bandwidth<\/span><span class=\"tech-specs-items-description__title-details\">160 Mbps<\/span><\/li>\n<li class=\"tech-specs-items-description-list\"><span class=\"tech-specs-items-description__title\">HDMI Output<\/span><span class=\"tech-specs-items-description__title-details\">1-ch, 4K (3840 \u00d7 2160)\/30Hz, 2K (2560 \u00d7 1440)\/60Hz, 1920 \u00d7 1080\/60Hz, 1600 \u00d7 1200\/60Hz, 1280 \u00d7 1024\/60Hz, 1280 \u00d7 720\/60Hz, 1024 \u00d7 768\/60Hz<\/span><\/li>\n<li class=\"tech-specs-items-description-list\"><span class=\"tech-specs-items-description__title\">VGA Output<\/span><span class=\"tech-specs-items-description__title-details\">1-ch, 1920 \u00d7 1080\/60Hz, 1280 \u00d7 1024\/60Hz, 1280 \u00d7 720\/60Hz<\/span><\/li>\n<li class=\"tech-specs-items-description-list\"><span class=\"tech-specs-items-description__title\">Video Output Mode<\/span><span class=\"tech-specs-items-description__title-details\">HDMI\/VGA independent output<\/span><\/li>\n<li class=\"tech-specs-items-description-list\"><span class=\"tech-specs-items-description__title\">CVBS Output<\/span><span class=\"tech-specs-items-description__title-details\">N\/A<\/span><\/li>\n<li class=\"tech-specs-items-description-list\"><span class=\"tech-specs-items-description__title\">Audio Output<\/span><span class=\"tech-specs-items-description__title-details\">1-ch, RCA (Linear, 1 K\u03a9)<\/span><\/li>\n<li class=\"tech-specs-items-description-list\"><span class=\"tech-specs-items-description__title\">Two-Way Audio<\/span><span class=\"tech-specs-items-description__title-details\">1-ch, RCA (2.0 Vp-p, 1 K\u03a9, using the audio input )<\/span><\/li>\n<\/ul>\n<ul class=\"tech-specs-items-description\" data-target=\"Decoding\">\n<li class=\"tech-specs-items-description-list\"><span class=\"tech-specs-items-description__title--heading\">Decoding<\/span><\/li>\n<li class=\"tech-specs-items-description-list\"><span class=\"tech-specs-items-description__title\">Decoding Format<\/span><span class=\"tech-specs-items-description__title-details\">H.265\/H.265+\/H.264+\/H.264<\/span><\/li>\n<li class=\"tech-specs-items-description-list\"><span class=\"tech-specs-items-description__title\">Recording Resolution<\/span><span class=\"tech-specs-items-description__title-details\">12 MP\/8 MP\/6 MP\/5 MP\/4 MP\/3 MP\/1080p\/UXGA\/ 720p\/VGA\/4CIF\/DCIF\/2CIF\/CIF\/QCIF<\/span><\/li>\n<li class=\"tech-specs-items-description-list\"><span class=\"tech-specs-items-description__title\">Synchronous Playback<\/span><span class=\"tech-specs-items-description__title-details\">16-ch<\/span><\/li>\n<li class=\"tech-specs-items-description-list\"><span class=\"tech-specs-items-description__title\">Decoding Capability<\/span>\n<p class=\"mb-p\">AI on: 1-ch@12 MP (30 fps)\/2-ch@8 MP (30 fps)\/4-ch@4 MP (30 fps)\/8-ch@1080p (30 fps)<\/p>\n<p class=\"mb-p\">AI off: 2-ch@12 MP (30 fps)\/3-ch@8 MP (30 fps)\/6-ch@4 MP (30 fps)\/12-ch@1080p (30 fps)<\/p>\n<\/li>\n<li class=\"tech-specs-items-description-list\"><span class=\"tech-specs-items-description__title\">Stream Type<\/span><span class=\"tech-specs-items-description__title-details\">Video, Video &amp; Audio<\/span><\/li>\n<li class=\"tech-specs-items-description-list\"><span class=\"tech-specs-items-description__title\">Audio Compression<\/span><span class=\"tech-specs-items-description__title-details\">G.711ulaw\/G.711alaw\/G.722\/G.726\/AAC<\/span><\/li>\n<\/ul>\n<ul class=\"tech-specs-items-description\" data-target=\"Network\">\n<li class=\"tech-specs-items-description-list\"><span class=\"tech-specs-items-description__title--heading\">Network<\/span><\/li>\n<li class=\"tech-specs-items-description-list\"><span class=\"tech-specs-items-description__title\">Remote Connection<\/span><span class=\"tech-specs-items-description__title-details\">128<\/span><\/li>\n<li class=\"tech-specs-items-description-list\"><span class=\"tech-specs-items-description__title\">API<\/span><span class=\"tech-specs-items-description__title-details\">ONVIF (profile S\/G); SDK; ISAPI<\/span><\/li>\n<li class=\"tech-specs-items-description-list\"><span class=\"tech-specs-items-description__title\">Compatible Browser<\/span><span class=\"tech-specs-items-description__title-details\">IE11, Chrome V57, Firefox V52, Safari V12, Edge V89, or above version<\/span><\/li>\n<li class=\"tech-specs-items-description-list\"><span class=\"tech-specs-items-description__title\">Network Protocol<\/span><span class=\"tech-specs-items-description__title-details\">TCP\/IP, DHCP, IPv4, IPv6, DNS, DDNS, NTP, RTSP, SADP, SMTP, SNMP, NFS, iSCSI, ISUP, UPnP\u2122, HTTP, HTTPS<\/span><\/li>\n<li class=\"tech-specs-items-description-list\"><span class=\"tech-specs-items-description__title\">Network Interface<\/span><span class=\"tech-specs-items-description__title-details\">2 RJ-45 10\/100\/1000 Mbps self-adaptive Ethernet interfaces<\/span><\/li>\n<\/ul>\n<ul class=\"tech-specs-items-description\" data-target=\"Auxiliary Interface\">\n<li class=\"tech-specs-items-description-list\"><span class=\"tech-specs-items-description__title--heading\">Auxiliary Interface<\/span><\/li>\n<li class=\"tech-specs-items-description-list\"><span class=\"tech-specs-items-description__title\">SATA<\/span><span class=\"tech-specs-items-description__title-details\">4 SATA interfaces<\/span><\/li>\n<li class=\"tech-specs-items-description-list\"><span class=\"tech-specs-items-description__title\">Capacity<\/span><span class=\"tech-specs-items-description__title-details\">Up to 10 TB capacity for each HDD<\/span><\/li>\n<li class=\"tech-specs-items-description-list\"><span class=\"tech-specs-items-description__title\">Serial Interface<\/span><span class=\"tech-specs-items-description__title-details\">2 RS-485 (half-duplex), 1 RS-232<\/span><\/li>\n<li class=\"tech-specs-items-description-list\"><span class=\"tech-specs-items-description__title\">Alarm In\/Out<\/span><span class=\"tech-specs-items-description__title-details\">16\/4 (16\/9 is optional)<\/span><\/li>\n<li class=\"tech-specs-items-description-list\"><span class=\"tech-specs-items-description__title\">USB Interface<\/span><span class=\"tech-specs-items-description__title-details\">Front panel: 2 \u00d7 USB 2.0; Rear panel: 1 \u00d7 USB 3.0<\/span><\/li>\n<li class=\"tech-specs-items-description-list\"><span class=\"tech-specs-items-description__title\">Ctrl 12V<\/span><span class=\"tech-specs-items-description__title-details\">N\/A (optional to support)<\/span><\/li>\n<li class=\"tech-specs-items-description-list\"><span class=\"tech-specs-items-description__title\">DC 12V<\/span><span class=\"tech-specs-items-description__title-details\">N\/A (optional to support)<\/span><\/li>\n<\/ul>\n<ul class=\"tech-specs-items-description\" data-target=\"General\">\n<li class=\"tech-specs-items-description-list\"><span class=\"tech-specs-items-description__title--heading\">General<\/span><\/li>\n<li class=\"tech-specs-items-description-list\"><span class=\"tech-specs-items-description__title\">GUI Language<\/span><span class=\"tech-specs-items-description__title-details\">English, Russian, Bulgarian, Hungarian, Greek, German, Italian, Czech, Slovak, French, Polish, Dutch, Portuguese, Spanish, Romanian, Turkish, Japanese, Danish, Swedish Language, Norwegian, Finnish, Korean, Traditional Chinese, Thai, Estonian, Vietnamese, Croatian, Slovenian, Serbian, Latvian, Lithuanian, Uzbek, Kazakh, Arabic, Ukrainian, Kyrgyz , Brazilian Portuguese, Indonesian<\/span><\/li>\n<li class=\"tech-specs-items-description-list\"><span class=\"tech-specs-items-description__title\">Power Supply<\/span><span class=\"tech-specs-items-description__title-details\">100 to 240 VAC, 50 to 60Hz<\/span><\/li>\n<li class=\"tech-specs-items-description-list\"><span class=\"tech-specs-items-description__title\">Consumption<\/span><span class=\"tech-specs-items-description__title-details\">\u2264 20 W (without HDD)<\/span><\/li>\n<li class=\"tech-specs-items-description-list\"><span class=\"tech-specs-items-description__title\">Working Temperature<\/span><span class=\"tech-specs-items-description__title-details\">-10 \u00b0C to 55 \u00b0C (14 \u00b0F to 131 \u00b0F)<\/span><\/li>\n<li class=\"tech-specs-items-description-list\"><span class=\"tech-specs-items-description__title\">Working Humidity<\/span><span class=\"tech-specs-items-description__title-details\">10 to 90 %<\/span><\/li>\n<li class=\"tech-specs-items-description-list\"><span class=\"tech-specs-items-description__title\">Dimension (W \u00d7 D \u00d7 H)<\/span><span class=\"tech-specs-items-description__title-details\">445 \u00d7 400 \u00d7 75 mm ( 17.5&#8243;\u00d7 15.7&#8243; \u00d7 3.0&#8243;)<\/span><\/li>\n<li class=\"tech-specs-items-description-list\"><span class=\"tech-specs-items-description__title\">Weight<\/span><span class=\"tech-specs-items-description__title-details\">\u2264 5 kg (without HDD, 11 lb.)<\/span><\/li>\n<\/ul>\n<\/li>\n<\/ul>","protected":false},"excerpt":{"rendered":"<p>16-ch 1.5U K Series AcuSense 4K NVR\\ All-ch Motion Detection 2.0 Up to 2-ch false alarm reduction through human and vehicle target classification based on deep learning Up to 1-ch video stream face recognition based on deep learning algorithm Up &hellip; <a href=\"https:\/\/prosrve.com\/ar\/product\/hikvision-ds-7716nxi-k4std-16-ch-1-5u-k-series-acusense-4k-nvr-up-to-16-ch-ip-camera-inputs\/\">Readmore<\/a><\/p>","protected":false},"featured_media":10265,"comment_status":"open","ping_status":"closed","template":"","meta":[],"product_brand":[273],"product_cat":[300,310,314],"product_tag":[914],"class_list":{"0":"post-10258","1":"product","2":"type-product","3":"status-publish","4":"has-post-thumbnail","6":"product_brand-hikvision","7":"product_cat-networking-servers","8":"product_cat-networking-cables","9":"product_cat-network-tools-testers","10":"product_tag-16ch","12":"first","13":"instock","14":"shipping-taxable","15":"purchasable","16":"product-type-simple"},"yoast_head":"<!-- This site is optimized with the Yoast SEO plugin v22.7 - https:\/\/yoast.com\/wordpress\/plugins\/seo\/ -->\n<title>Hikvision DS-7716NXI-K4(STD), 16-ch 1.5U K Series AcuSense 4K NVR, Up to 16-ch IP camera inputs - Proserve LLC<\/title>\n<meta name=\"robots\" content=\"index, follow, max-snippet:-1, max-image-preview:large, max-video-preview:-1\" \/>\n<link rel=\"canonical\" href=\"https:\/\/prosrve.com\/ar\/product\/hikvision-ds-7716nxi-k4std-16-ch-1-5u-k-series-acusense-4k-nvr-up-to-16-ch-ip-camera-inputs\/\" \/>\n<meta property=\"og:locale\" content=\"ar_AR\" \/>\n<meta property=\"og:type\" content=\"article\" \/>\n<meta property=\"og:title\" content=\"Hikvision DS-7716NXI-K4(STD), 16-ch 1.5U K Series AcuSense 4K NVR, Up to 16-ch IP camera inputs - Proserve LLC\" \/>\n<meta property=\"og:description\" content=\"16-ch 1.5U K Series AcuSense 4K NVR All-ch Motion Detection 2.0 Up to 2-ch false alarm reduction through human and vehicle target classification based on deep learning Up to 1-ch video stream face recognition based on deep learning algorithm Up &hellip; Readmore\" \/>\n<meta property=\"og:url\" content=\"https:\/\/prosrve.com\/ar\/product\/hikvision-ds-7716nxi-k4std-16-ch-1-5u-k-series-acusense-4k-nvr-up-to-16-ch-ip-camera-inputs\/\" \/>\n<meta property=\"og:site_name\" content=\"Proserve LLC\" \/>\n<meta property=\"article:publisher\" content=\"https:\/\/www.facebook.com\/pages\/ProServe-LLC\/628145137291830\" \/>\n<meta property=\"article:modified_time\" content=\"2023-11-30T07:27:10+00:00\" \/>\n<meta property=\"og:image\" content=\"https:\/\/prosrve.com\/wp-content\/uploads\/2023\/09\/05-2.jpg\" \/>\n\t<meta property=\"og:image:width\" content=\"700\" \/>\n\t<meta property=\"og:image:height\" content=\"700\" \/>\n\t<meta property=\"og:image:type\" content=\"image\/jpeg\" \/>\n<meta name=\"twitter:card\" content=\"summary_large_image\" \/>\n<meta name=\"twitter:label1\" content=\"\u0648\u0642\u062a \u0627\u0644\u0642\u0631\u0627\u0621\u0629 \u0627\u0644\u0645\u064f\u0642\u062f\u0651\u0631\" \/>\n\t<meta name=\"twitter:data1\" content=\"3 \u062f\u0642\u0627\u0626\u0642\" \/>\n<script type=\"application\/ld+json\" class=\"yoast-schema-graph\">{\"@context\":\"https:\/\/schema.org\",\"@graph\":[{\"@type\":\"WebPage\",\"@id\":\"https:\/\/prosrve.com\/product\/hikvision-ds-7716nxi-k4std-16-ch-1-5u-k-series-acusense-4k-nvr-up-to-16-ch-ip-camera-inputs\/\",\"url\":\"https:\/\/prosrve.com\/product\/hikvision-ds-7716nxi-k4std-16-ch-1-5u-k-series-acusense-4k-nvr-up-to-16-ch-ip-camera-inputs\/\",\"name\":\"Hikvision DS-7716NXI-K4(STD), 16-ch 1.5U K Series AcuSense 4K NVR, Up to 16-ch IP camera inputs - Proserve LLC\",\"isPartOf\":{\"@id\":\"https:\/\/prosrve.com\/#website\"},\"primaryImageOfPage\":{\"@id\":\"https:\/\/prosrve.com\/product\/hikvision-ds-7716nxi-k4std-16-ch-1-5u-k-series-acusense-4k-nvr-up-to-16-ch-ip-camera-inputs\/#primaryimage\"},\"image\":{\"@id\":\"https:\/\/prosrve.com\/product\/hikvision-ds-7716nxi-k4std-16-ch-1-5u-k-series-acusense-4k-nvr-up-to-16-ch-ip-camera-inputs\/#primaryimage\"},\"thumbnailUrl\":\"https:\/\/prosrve.com\/wp-content\/uploads\/2023\/09\/05-2.jpg\",\"datePublished\":\"2023-09-17T13:55:03+00:00\",\"dateModified\":\"2023-11-30T07:27:10+00:00\",\"breadcrumb\":{\"@id\":\"https:\/\/prosrve.com\/product\/hikvision-ds-7716nxi-k4std-16-ch-1-5u-k-series-acusense-4k-nvr-up-to-16-ch-ip-camera-inputs\/#breadcrumb\"},\"inLanguage\":\"ar\",\"potentialAction\":[{\"@type\":\"ReadAction\",\"target\":[\"https:\/\/prosrve.com\/product\/hikvision-ds-7716nxi-k4std-16-ch-1-5u-k-series-acusense-4k-nvr-up-to-16-ch-ip-camera-inputs\/\"]}]},{\"@type\":\"ImageObject\",\"inLanguage\":\"ar\",\"@id\":\"https:\/\/prosrve.com\/product\/hikvision-ds-7716nxi-k4std-16-ch-1-5u-k-series-acusense-4k-nvr-up-to-16-ch-ip-camera-inputs\/#primaryimage\",\"url\":\"https:\/\/prosrve.com\/wp-content\/uploads\/2023\/09\/05-2.jpg\",\"contentUrl\":\"https:\/\/prosrve.com\/wp-content\/uploads\/2023\/09\/05-2.jpg\",\"width\":700,\"height\":700},{\"@type\":\"BreadcrumbList\",\"@id\":\"https:\/\/prosrve.com\/product\/hikvision-ds-7716nxi-k4std-16-ch-1-5u-k-series-acusense-4k-nvr-up-to-16-ch-ip-camera-inputs\/#breadcrumb\",\"itemListElement\":[{\"@type\":\"ListItem\",\"position\":1,\"name\":\"Home\",\"item\":\"https:\/\/prosrve.com\/\"},{\"@type\":\"ListItem\",\"position\":2,\"name\":\"Shop\",\"item\":\"https:\/\/prosrve.com\/shop\/\"},{\"@type\":\"ListItem\",\"position\":3,\"name\":\"Hikvision DS-7716NXI-K4(STD), 16-ch 1.5U K Series AcuSense 4K NVR, Up to 16-ch IP camera inputs\"}]},{\"@type\":\"WebSite\",\"@id\":\"https:\/\/prosrve.com\/#website\",\"url\":\"https:\/\/prosrve.com\/\",\"name\":\"Proserve LLC\",\"description\":\"\",\"publisher\":{\"@id\":\"https:\/\/prosrve.com\/#organization\"},\"potentialAction\":[{\"@type\":\"SearchAction\",\"target\":{\"@type\":\"EntryPoint\",\"urlTemplate\":\"https:\/\/prosrve.com\/?s={search_term_string}\"},\"query-input\":\"required name=search_term_string\"}],\"inLanguage\":\"ar\"},{\"@type\":\"Organization\",\"@id\":\"https:\/\/prosrve.com\/#organization\",\"name\":\"proserve\",\"url\":\"https:\/\/prosrve.com\/\",\"logo\":{\"@type\":\"ImageObject\",\"inLanguage\":\"ar\",\"@id\":\"https:\/\/prosrve.com\/#\/schema\/logo\/image\/\",\"url\":\"https:\/\/prosrve.com\/wp-content\/uploads\/2020\/06\/Logo.png\",\"contentUrl\":\"https:\/\/prosrve.com\/wp-content\/uploads\/2020\/06\/Logo.png\",\"width\":187,\"height\":88,\"caption\":\"proserve\"},\"image\":{\"@id\":\"https:\/\/prosrve.com\/#\/schema\/logo\/image\/\"},\"sameAs\":[\"https:\/\/www.facebook.com\/pages\/ProServe-LLC\/628145137291830\"]}]}<\/script>\n<!-- \/ Yoast SEO plugin. -->","yoast_head_json":{"title":"Hikvision DS-7716NXI-K4(STD), 16-ch 1.5U K Series AcuSense 4K NVR, Up to 16-ch IP camera inputs - Proserve LLC","robots":{"index":"index","follow":"follow","max-snippet":"max-snippet:-1","max-image-preview":"max-image-preview:large","max-video-preview":"max-video-preview:-1"},"canonical":"https:\/\/prosrve.com\/ar\/product\/hikvision-ds-7716nxi-k4std-16-ch-1-5u-k-series-acusense-4k-nvr-up-to-16-ch-ip-camera-inputs\/","og_locale":"ar_AR","og_type":"article","og_title":"Hikvision DS-7716NXI-K4(STD), 16-ch 1.5U K Series AcuSense 4K NVR, Up to 16-ch IP camera inputs - Proserve LLC","og_description":"16-ch 1.5U K Series AcuSense 4K NVR All-ch Motion Detection 2.0 Up to 2-ch false alarm reduction through human and vehicle target classification based on deep learning Up to 1-ch video stream face recognition based on deep learning algorithm Up &hellip; Readmore","og_url":"https:\/\/prosrve.com\/ar\/product\/hikvision-ds-7716nxi-k4std-16-ch-1-5u-k-series-acusense-4k-nvr-up-to-16-ch-ip-camera-inputs\/","og_site_name":"Proserve LLC","article_publisher":"https:\/\/www.facebook.com\/pages\/ProServe-LLC\/628145137291830","article_modified_time":"2023-11-30T07:27:10+00:00","og_image":[{"width":700,"height":700,"url":"https:\/\/prosrve.com\/wp-content\/uploads\/2023\/09\/05-2.jpg","type":"image\/jpeg"}],"twitter_card":"summary_large_image","twitter_misc":{"\u0648\u0642\u062a \u0627\u0644\u0642\u0631\u0627\u0621\u0629 \u0627\u0644\u0645\u064f\u0642\u062f\u0651\u0631":"3 \u062f\u0642\u0627\u0626\u0642"},"schema":{"@context":"https:\/\/schema.org","@graph":[{"@type":"WebPage","@id":"https:\/\/prosrve.com\/product\/hikvision-ds-7716nxi-k4std-16-ch-1-5u-k-series-acusense-4k-nvr-up-to-16-ch-ip-camera-inputs\/","url":"https:\/\/prosrve.com\/product\/hikvision-ds-7716nxi-k4std-16-ch-1-5u-k-series-acusense-4k-nvr-up-to-16-ch-ip-camera-inputs\/","name":"Hikvision DS-7716NXI-K4(STD), 16-ch 1.5U K Series AcuSense 4K NVR, Up to 16-ch IP camera inputs - Proserve LLC","isPartOf":{"@id":"https:\/\/prosrve.com\/#website"},"primaryImageOfPage":{"@id":"https:\/\/prosrve.com\/product\/hikvision-ds-7716nxi-k4std-16-ch-1-5u-k-series-acusense-4k-nvr-up-to-16-ch-ip-camera-inputs\/#primaryimage"},"image":{"@id":"https:\/\/prosrve.com\/product\/hikvision-ds-7716nxi-k4std-16-ch-1-5u-k-series-acusense-4k-nvr-up-to-16-ch-ip-camera-inputs\/#primaryimage"},"thumbnailUrl":"https:\/\/prosrve.com\/wp-content\/uploads\/2023\/09\/05-2.jpg","datePublished":"2023-09-17T13:55:03+00:00","dateModified":"2023-11-30T07:27:10+00:00","breadcrumb":{"@id":"https:\/\/prosrve.com\/product\/hikvision-ds-7716nxi-k4std-16-ch-1-5u-k-series-acusense-4k-nvr-up-to-16-ch-ip-camera-inputs\/#breadcrumb"},"inLanguage":"ar","potentialAction":[{"@type":"ReadAction","target":["https:\/\/prosrve.com\/product\/hikvision-ds-7716nxi-k4std-16-ch-1-5u-k-series-acusense-4k-nvr-up-to-16-ch-ip-camera-inputs\/"]}]},{"@type":"ImageObject","inLanguage":"ar","@id":"https:\/\/prosrve.com\/product\/hikvision-ds-7716nxi-k4std-16-ch-1-5u-k-series-acusense-4k-nvr-up-to-16-ch-ip-camera-inputs\/#primaryimage","url":"https:\/\/prosrve.com\/wp-content\/uploads\/2023\/09\/05-2.jpg","contentUrl":"https:\/\/prosrve.com\/wp-content\/uploads\/2023\/09\/05-2.jpg","width":700,"height":700},{"@type":"BreadcrumbList","@id":"https:\/\/prosrve.com\/product\/hikvision-ds-7716nxi-k4std-16-ch-1-5u-k-series-acusense-4k-nvr-up-to-16-ch-ip-camera-inputs\/#breadcrumb","itemListElement":[{"@type":"ListItem","position":1,"name":"Home","item":"https:\/\/prosrve.com\/"},{"@type":"ListItem","position":2,"name":"Shop","item":"https:\/\/prosrve.com\/shop\/"},{"@type":"ListItem","position":3,"name":"Hikvision DS-7716NXI-K4(STD), 16-ch 1.5U K Series AcuSense 4K NVR, Up to 16-ch IP camera inputs"}]},{"@type":"WebSite","@id":"https:\/\/prosrve.com\/#website","url":"https:\/\/prosrve.com\/","name":"Proserve LLC","description":"","publisher":{"@id":"https:\/\/prosrve.com\/#organization"},"potentialAction":[{"@type":"SearchAction","target":{"@type":"EntryPoint","urlTemplate":"https:\/\/prosrve.com\/?s={search_term_string}"},"query-input":"required name=search_term_string"}],"inLanguage":"ar"},{"@type":"Organization","@id":"https:\/\/prosrve.com\/#organization","name":"proserve","url":"https:\/\/prosrve.com\/","logo":{"@type":"ImageObject","inLanguage":"ar","@id":"https:\/\/prosrve.com\/#\/schema\/logo\/image\/","url":"https:\/\/prosrve.com\/wp-content\/uploads\/2020\/06\/Logo.png","contentUrl":"https:\/\/prosrve.com\/wp-content\/uploads\/2020\/06\/Logo.png","width":187,"height":88,"caption":"proserve"},"image":{"@id":"https:\/\/prosrve.com\/#\/schema\/logo\/image\/"},"sameAs":["https:\/\/www.facebook.com\/pages\/ProServe-LLC\/628145137291830"]}]}},"_links":{"self":[{"href":"https:\/\/prosrve.com\/ar\/wp-json\/wp\/v2\/product\/10258","targetHints":{"allow":["GET"]}}],"collection":[{"href":"https:\/\/prosrve.com\/ar\/wp-json\/wp\/v2\/product"}],"about":[{"href":"https:\/\/prosrve.com\/ar\/wp-json\/wp\/v2\/types\/product"}],"replies":[{"embeddable":true,"href":"https:\/\/prosrve.com\/ar\/wp-json\/wp\/v2\/comments?post=10258"}],"version-history":[{"count":2,"href":"https:\/\/prosrve.com\/ar\/wp-json\/wp\/v2\/product\/10258\/revisions"}],"predecessor-version":[{"id":10267,"href":"https:\/\/prosrve.com\/ar\/wp-json\/wp\/v2\/product\/10258\/revisions\/10267"}],"wp:featuredmedia":[{"embeddable":true,"href":"https:\/\/prosrve.com\/ar\/wp-json\/wp\/v2\/media\/10265"}],"wp:attachment":[{"href":"https:\/\/prosrve.com\/ar\/wp-json\/wp\/v2\/media?parent=10258"}],"wp:term":[{"taxonomy":"product_brand","embeddable":true,"href":"https:\/\/prosrve.com\/ar\/wp-json\/wp\/v2\/product_brand?post=10258"},{"taxonomy":"product_cat","embeddable":true,"href":"https:\/\/prosrve.com\/ar\/wp-json\/wp\/v2\/product_cat?post=10258"},{"taxonomy":"product_tag","embeddable":true,"href":"https:\/\/prosrve.com\/ar\/wp-json\/wp\/v2\/product_tag?post=10258"}],"curies":[{"name":"wp","href":"https:\/\/api.w.org\/{rel}","templated":true}]}}