{"id":10290,"date":"2023-09-17T16:15:05","date_gmt":"2023-09-17T14:15:05","guid":{"rendered":"https:\/\/prosrve.com\/?post_type=product&#038;p=10290"},"modified":"2023-11-30T09:25:37","modified_gmt":"2023-11-30T07:25:37","slug":"hikvision-ds-8632ni-k8-32-ch-2u-4k-nvr-up-to-32-channel-ip-cameras-can-be-connected","status":"publish","type":"product","link":"https:\/\/prosrve.com\/ar\/product\/hikvision-ds-8632ni-k8-32-ch-2u-4k-nvr-up-to-32-channel-ip-cameras-can-be-connected\/","title":{"rendered":"Hikvision DS-8632NI-K8 , 32-ch 2U 4K NVR , Up to 32 channel IP cameras can be connected"},"content":{"rendered":"<ul class=\"product_description_item-list\">\n<li class=\"product_description_item\">Up to 32 channel IP cameras can be connected<\/li>\n<li class=\"product_description_item\">Supports decoding H.265+\/H.265\/H.264+\/H.264\/MPEG4 video formats<\/li>\n<li class=\"product_description_item\">Up to 4K high-definition live view, storage and playback<\/li>\n<li class=\"product_description_item\">Up to 160 Mbps high incoming bandwidth ensures IP cameras can be connected<\/li>\n<li class=\"product_description_item\">2 HDMI (different source) and 2 VGA (different source) interfaces<\/li>\n<li class=\"product_description_item\">8 HDD can be used for continuous video recording<\/li>\n<li class=\"product_description_item\">Supports some specialist cameras, including people counting camera\/ANPR (automatic number plate recognition) camera<\/li>\n<li>\n<ul class=\"tech-specs-items-description\" data-target=\"Video and Audio\">\n<li class=\"tech-specs-items-description-list\"><span class=\"tech-specs-items-description__title--heading\">Video And Audio<\/span><\/li>\n<li class=\"tech-specs-items-description-list\"><span class=\"tech-specs-items-description__title\">IP Video Input<\/span>\n<p class=\"mb-p\">32-ch<\/p>\n<p class=\"mb-p\">Up to 8 MP resolution<\/p>\n<p class=\"mb-p\">8 MP\/6 MP\/5 MP\/4 MP\/3 MP\/1080p\/UXGA\/720p\/VGA\/4CIF\/DCIF\/2CIF\/CIF\/QCIF<\/p>\n<\/li>\n<li class=\"tech-specs-items-description-list\"><span class=\"tech-specs-items-description__title\">Incoming Bandwidth<\/span><span class=\"tech-specs-items-description__title-details\">256 Mbps<\/span><\/li>\n<li class=\"tech-specs-items-description-list\"><span class=\"tech-specs-items-description__title\">Outgoing Bandwidth<\/span><span class=\"tech-specs-items-description__title-details\">160 Mbps<\/span><\/li>\n<li class=\"tech-specs-items-description-list\"><span class=\"tech-specs-items-description__title\">HDMI 1 Output<\/span><span class=\"tech-specs-items-description__title-details\">4K (3840 \u00d7 2160)\/60 Hz, 4K (3840 \u00d7 2160)\/30 Hz, 1920 \u00d7 1080\/60 Hz, 1600 \u00d7 1200\/60 Hz, 1280 \u00d7 1024\/60 Hz, 1280 \u00d7 720\/60 Hz, 1024 \u00d7 768\/60 Hz<\/span><\/li>\n<li class=\"tech-specs-items-description-list\"><span class=\"tech-specs-items-description__title\">HDMI 2 Output<\/span><span class=\"tech-specs-items-description__title-details\">1920 \u00d7 1080p\/60 Hz, 1280 \u00d7 1024\/60 Hz, 1280 \u00d7 720\/60 Hz, 1024 \u00d7 768\/60 Hz<\/span><\/li>\n<li class=\"tech-specs-items-description-list\"><span class=\"tech-specs-items-description__title\">VGA 1 Output<\/span><span class=\"tech-specs-items-description__title-details\">1920 \u00d7 1080p\/60 Hz, 1280 \u00d7 1024\/60 Hz, 1280 \u00d7 720\/60 Hz, 1024 \u00d7 768\/60 Hz<\/span><\/li>\n<li class=\"tech-specs-items-description-list\"><span class=\"tech-specs-items-description__title\">VGA 2 Output<\/span><span class=\"tech-specs-items-description__title-details\">1920 \u00d7 1080p\/60 Hz, 1280 \u00d7 1024\/60 Hz, 1280 \u00d7 720\/60 Hz, 1024 \u00d7 768\/60 Hz<\/span><\/li>\n<li class=\"tech-specs-items-description-list\"><span class=\"tech-specs-items-description__title\">Video Output Mode<\/span>\n<p class=\"mb-p\">HDMI 1 and VGA 1 provide simultaneous video output, and work as the main output;<\/p>\n<p class=\"mb-p\">HDMI 2 and VGA 2 provide simultaneous video output, and work as the auxiliary output<\/p>\n<\/li>\n<li class=\"tech-specs-items-description-list\"><span class=\"tech-specs-items-description__title\">Audio Output<\/span><span class=\"tech-specs-items-description__title-details\">2-ch, RCA (Linear, 1 K\u03a9)<\/span><\/li>\n<li class=\"tech-specs-items-description-list\"><span class=\"tech-specs-items-description__title\">Two-Way Audio<\/span><span class=\"tech-specs-items-description__title-details\">1-ch, RCA (2.0 Vp-p, 1 K\u03a9, using the audio input)<\/span><\/li>\n<\/ul>\n<ul class=\"tech-specs-items-description\" data-target=\"Decoding\">\n<li class=\"tech-specs-items-description-list\"><span class=\"tech-specs-items-description__title--heading\">Decoding<\/span><\/li>\n<li class=\"tech-specs-items-description-list\"><span class=\"tech-specs-items-description__title\">Decoding Format<\/span><span class=\"tech-specs-items-description__title-details\">H.265+\/H.265\/H.264+\/H.264\/MPEG4<\/span><\/li>\n<li class=\"tech-specs-items-description-list\"><span class=\"tech-specs-items-description__title\">Recording Resolution<\/span><span class=\"tech-specs-items-description__title-details\">8 MP\/6 MP\/5 MP\/4 MP\/3 MP\/1080p\/UXGA\/720p\/VGA\/4CIF\/DCIF\/2CIF\/CIF\/QCIF<\/span><\/li>\n<li class=\"tech-specs-items-description-list\"><span class=\"tech-specs-items-description__title\">Synchronous Playback<\/span><span class=\"tech-specs-items-description__title-details\">16-ch<\/span><\/li>\n<li class=\"tech-specs-items-description-list\"><span class=\"tech-specs-items-description__title\">Decoding Capability<\/span><span class=\"tech-specs-items-description__title-details\">2-ch@8 MP (25 fps)\/4-ch@4 MP (30 fps)\/8-ch@1080p (30 fps)<\/span><\/li>\n<li class=\"tech-specs-items-description-list\"><span class=\"tech-specs-items-description__title\">Stream Type<\/span><span class=\"tech-specs-items-description__title-details\">Video, Video &amp; Audio<\/span><\/li>\n<li class=\"tech-specs-items-description-list\"><span class=\"tech-specs-items-description__title\">Audio Compression<\/span><span class=\"tech-specs-items-description__title-details\">G.711ulaw\/G.711alaw\/G.722\/G.726<\/span><\/li>\n<\/ul>\n<ul class=\"tech-specs-items-description\" data-target=\"Network\">\n<li class=\"tech-specs-items-description-list\"><span class=\"tech-specs-items-description__title--heading\">Network<\/span><\/li>\n<li class=\"tech-specs-items-description-list\"><span class=\"tech-specs-items-description__title\">Remote Connection<\/span><span class=\"tech-specs-items-description__title-details\">128<\/span><\/li>\n<li class=\"tech-specs-items-description-list\"><span class=\"tech-specs-items-description__title\">Network Protocol<\/span><span class=\"tech-specs-items-description__title-details\">TCP\/IP, DHCP, IPv4, IPv6, DNS, DDNS, NTP, RTSP, SADP, SMTP, SNMP, NFS, iSCSI, ISUP, UPnP\u2122, HTTP, HTTPS<\/span><\/li>\n<li class=\"tech-specs-items-description-list\"><span class=\"tech-specs-items-description__title\">Network Interface<\/span><span class=\"tech-specs-items-description__title-details\">2, RJ-45 10\/100\/1000 Mbps self-adaptive Ethernet interface<\/span><\/li>\n<\/ul>\n<ul class=\"tech-specs-items-description\" data-target=\"Auxiliary Interface\">\n<li class=\"tech-specs-items-description-list\"><span class=\"tech-specs-items-description__title--heading\">Auxiliary Interface<\/span><\/li>\n<li class=\"tech-specs-items-description-list\"><span class=\"tech-specs-items-description__title\">Serial Interface<\/span><span class=\"tech-specs-items-description__title-details\">RS-232, RS-485, keyboard<\/span><\/li>\n<li class=\"tech-specs-items-description-list\"><span class=\"tech-specs-items-description__title\">SATA<\/span><span class=\"tech-specs-items-description__title-details\">8 SATA interfaces<\/span><\/li>\n<li class=\"tech-specs-items-description-list\"><span class=\"tech-specs-items-description__title\">ESATA<\/span><span class=\"tech-specs-items-description__title-details\">1 eSATA interface<\/span><\/li>\n<li class=\"tech-specs-items-description-list\"><span class=\"tech-specs-items-description__title\">Capacity<\/span><span class=\"tech-specs-items-description__title-details\">Up to 8 TB capacity for each disk<\/span><\/li>\n<li class=\"tech-specs-items-description-list\"><span class=\"tech-specs-items-description__title\">Alarm In\/Out<\/span><span class=\"tech-specs-items-description__title-details\">16\/4<\/span><\/li>\n<li class=\"tech-specs-items-description-list\"><span class=\"tech-specs-items-description__title\">USB Interface<\/span><span class=\"tech-specs-items-description__title-details\">Front panel: 2 \u00d7 USB 2.0; Rear panel: 1 \u00d7 USB 3.0<\/span><\/li>\n<\/ul>\n<ul class=\"tech-specs-items-description\" data-target=\"General\">\n<li class=\"tech-specs-items-description-list\"><span class=\"tech-specs-items-description__title--heading\">General<\/span><\/li>\n<li class=\"tech-specs-items-description-list\"><span class=\"tech-specs-items-description__title\">Power Supply<\/span><span class=\"tech-specs-items-description__title-details\">100 to 240 VAC, 50 to 60 Hz<\/span><\/li>\n<li class=\"tech-specs-items-description-list\"><span class=\"tech-specs-items-description__title\">Consumption<\/span><span class=\"tech-specs-items-description__title-details\">\u2264 30 W (without HDD)<\/span><\/li>\n<li class=\"tech-specs-items-description-list\"><span class=\"tech-specs-items-description__title\">Working Temperature<\/span><span class=\"tech-specs-items-description__title-details\">-10 \u00b0C to 55 \u00b0C (14 \u00b0F to 131 \u00b0F)<\/span><\/li>\n<li class=\"tech-specs-items-description-list\"><span class=\"tech-specs-items-description__title\">Working Humidity<\/span><span class=\"tech-specs-items-description__title-details\">10 to 90 %<\/span><\/li>\n<li class=\"tech-specs-items-description-list\"><span class=\"tech-specs-items-description__title\">Dimension (W \u00d7 D \u00d7 H)<\/span><span class=\"tech-specs-items-description__title-details\">445 \u00d7 470 \u00d7 94 mm (17.5&#8243;\u00d7 18.5&#8243; \u00d7 3.7&#8243;)<\/span><\/li>\n<li class=\"tech-specs-items-description-list\"><span class=\"tech-specs-items-description__title\">Weight<\/span><span class=\"tech-specs-items-description__title-details\">\u2264 8 kg (17.6 lb)<\/span><\/li>\n<\/ul>\n<ul class=\"tech-specs-items-description\" data-target=\"Certification\">\n<li class=\"tech-specs-items-description-list\"><span class=\"tech-specs-items-description__title--heading\">Certification<\/span><\/li>\n<li class=\"tech-specs-items-description-list\"><span class=\"tech-specs-items-description__title\">Obtained Certification<\/span><span class=\"tech-specs-items-description__title-details\">CE, FCC, CB, IC, RCM, KCC, ICE-003<\/span><\/li>\n<li class=\"tech-specs-items-description-list\"><span class=\"tech-specs-items-description__title\">FCC<\/span><span class=\"tech-specs-items-description__title-details\">Part 15 Subpart B, ANSI C63.4-2014<\/span><\/li>\n<li class=\"tech-specs-items-description-list\"><span class=\"tech-specs-items-description__title\">CE<\/span><span class=\"tech-specs-items-description__title-details\">EN 55032:2015, EN 61000-3-2, EN 61000-3-3, EN 50130-4<\/span><\/li>\n<\/ul>\n<\/li>\n<\/ul>","protected":false},"excerpt":{"rendered":"<p>Up to 32 channel IP cameras can be connected Supports decoding H.265+\/H.265\/H.264+\/H.264\/MPEG4 video formats Up to 4K high-definition live view, storage and playback Up to 160 Mbps high incoming bandwidth ensures IP cameras can be connected 2 HDMI (different source) &hellip; <a href=\"https:\/\/prosrve.com\/ar\/product\/hikvision-ds-8632ni-k8-32-ch-2u-4k-nvr-up-to-32-channel-ip-cameras-can-be-connected\/\">Readmore<\/a><\/p>","protected":false},"featured_media":10292,"comment_status":"open","ping_status":"closed","template":"","meta":[],"product_brand":[273],"product_cat":[300,310,314],"product_tag":[916],"class_list":{"0":"post-10290","1":"product","2":"type-product","3":"status-publish","4":"has-post-thumbnail","6":"product_brand-hikvision","7":"product_cat-networking-servers","8":"product_cat-networking-cables","9":"product_cat-network-tools-testers","10":"product_tag-32-ch","12":"first","13":"instock","14":"shipping-taxable","15":"purchasable","16":"product-type-simple"},"yoast_head":"<!-- This site is optimized with the Yoast SEO plugin v22.7 - https:\/\/yoast.com\/wordpress\/plugins\/seo\/ -->\n<title>Hikvision DS-8632NI-K8 , 32-ch 2U 4K NVR , Up to 32 channel IP cameras can be connected - Proserve LLC<\/title>\n<meta name=\"robots\" content=\"index, follow, max-snippet:-1, max-image-preview:large, max-video-preview:-1\" \/>\n<link rel=\"canonical\" href=\"https:\/\/prosrve.com\/ar\/product\/hikvision-ds-8632ni-k8-32-ch-2u-4k-nvr-up-to-32-channel-ip-cameras-can-be-connected\/\" \/>\n<meta property=\"og:locale\" content=\"ar_AR\" \/>\n<meta property=\"og:type\" content=\"article\" \/>\n<meta property=\"og:title\" content=\"Hikvision DS-8632NI-K8 , 32-ch 2U 4K NVR , Up to 32 channel IP cameras can be connected - Proserve LLC\" \/>\n<meta property=\"og:description\" content=\"Up to 32 channel IP cameras can be connected Supports decoding H.265+\/H.265\/H.264+\/H.264\/MPEG4 video formats Up to 4K high-definition live view, storage and playback Up to 160 Mbps high incoming bandwidth ensures IP cameras can be connected 2 HDMI (different source) &hellip; Readmore\" \/>\n<meta property=\"og:url\" content=\"https:\/\/prosrve.com\/ar\/product\/hikvision-ds-8632ni-k8-32-ch-2u-4k-nvr-up-to-32-channel-ip-cameras-can-be-connected\/\" \/>\n<meta property=\"og:site_name\" content=\"Proserve LLC\" \/>\n<meta property=\"article:publisher\" content=\"https:\/\/www.facebook.com\/pages\/ProServe-LLC\/628145137291830\" \/>\n<meta property=\"article:modified_time\" content=\"2023-11-30T07:25:37+00:00\" \/>\n<meta property=\"og:image\" content=\"https:\/\/prosrve.com\/wp-content\/uploads\/2023\/09\/111.webp\" \/>\n\t<meta property=\"og:image:width\" content=\"1280\" \/>\n\t<meta property=\"og:image:height\" content=\"1280\" \/>\n\t<meta property=\"og:image:type\" content=\"image\/webp\" \/>\n<meta name=\"twitter:card\" content=\"summary_large_image\" \/>\n<meta name=\"twitter:label1\" content=\"\u0648\u0642\u062a \u0627\u0644\u0642\u0631\u0627\u0621\u0629 \u0627\u0644\u0645\u064f\u0642\u062f\u0651\u0631\" \/>\n\t<meta name=\"twitter:data1\" content=\"\u062f\u0642\u064a\u0642\u062a\u0627\u0646\" \/>\n<script type=\"application\/ld+json\" class=\"yoast-schema-graph\">{\"@context\":\"https:\/\/schema.org\",\"@graph\":[{\"@type\":\"WebPage\",\"@id\":\"https:\/\/prosrve.com\/product\/hikvision-ds-8632ni-k8-32-ch-2u-4k-nvr-up-to-32-channel-ip-cameras-can-be-connected\/\",\"url\":\"https:\/\/prosrve.com\/product\/hikvision-ds-8632ni-k8-32-ch-2u-4k-nvr-up-to-32-channel-ip-cameras-can-be-connected\/\",\"name\":\"Hikvision DS-8632NI-K8 , 32-ch 2U 4K NVR , Up to 32 channel IP cameras can be connected - Proserve LLC\",\"isPartOf\":{\"@id\":\"https:\/\/prosrve.com\/#website\"},\"primaryImageOfPage\":{\"@id\":\"https:\/\/prosrve.com\/product\/hikvision-ds-8632ni-k8-32-ch-2u-4k-nvr-up-to-32-channel-ip-cameras-can-be-connected\/#primaryimage\"},\"image\":{\"@id\":\"https:\/\/prosrve.com\/product\/hikvision-ds-8632ni-k8-32-ch-2u-4k-nvr-up-to-32-channel-ip-cameras-can-be-connected\/#primaryimage\"},\"thumbnailUrl\":\"https:\/\/prosrve.com\/wp-content\/uploads\/2023\/09\/111.webp\",\"datePublished\":\"2023-09-17T14:15:05+00:00\",\"dateModified\":\"2023-11-30T07:25:37+00:00\",\"breadcrumb\":{\"@id\":\"https:\/\/prosrve.com\/product\/hikvision-ds-8632ni-k8-32-ch-2u-4k-nvr-up-to-32-channel-ip-cameras-can-be-connected\/#breadcrumb\"},\"inLanguage\":\"ar\",\"potentialAction\":[{\"@type\":\"ReadAction\",\"target\":[\"https:\/\/prosrve.com\/product\/hikvision-ds-8632ni-k8-32-ch-2u-4k-nvr-up-to-32-channel-ip-cameras-can-be-connected\/\"]}]},{\"@type\":\"ImageObject\",\"inLanguage\":\"ar\",\"@id\":\"https:\/\/prosrve.com\/product\/hikvision-ds-8632ni-k8-32-ch-2u-4k-nvr-up-to-32-channel-ip-cameras-can-be-connected\/#primaryimage\",\"url\":\"https:\/\/prosrve.com\/wp-content\/uploads\/2023\/09\/111.webp\",\"contentUrl\":\"https:\/\/prosrve.com\/wp-content\/uploads\/2023\/09\/111.webp\",\"width\":1280,\"height\":1280},{\"@type\":\"BreadcrumbList\",\"@id\":\"https:\/\/prosrve.com\/product\/hikvision-ds-8632ni-k8-32-ch-2u-4k-nvr-up-to-32-channel-ip-cameras-can-be-connected\/#breadcrumb\",\"itemListElement\":[{\"@type\":\"ListItem\",\"position\":1,\"name\":\"Home\",\"item\":\"https:\/\/prosrve.com\/\"},{\"@type\":\"ListItem\",\"position\":2,\"name\":\"Shop\",\"item\":\"https:\/\/prosrve.com\/shop\/\"},{\"@type\":\"ListItem\",\"position\":3,\"name\":\"Hikvision DS-8632NI-K8 , 32-ch 2U 4K NVR , Up to 32 channel IP cameras can be connected\"}]},{\"@type\":\"WebSite\",\"@id\":\"https:\/\/prosrve.com\/#website\",\"url\":\"https:\/\/prosrve.com\/\",\"name\":\"Proserve LLC\",\"description\":\"\",\"publisher\":{\"@id\":\"https:\/\/prosrve.com\/#organization\"},\"potentialAction\":[{\"@type\":\"SearchAction\",\"target\":{\"@type\":\"EntryPoint\",\"urlTemplate\":\"https:\/\/prosrve.com\/?s={search_term_string}\"},\"query-input\":\"required name=search_term_string\"}],\"inLanguage\":\"ar\"},{\"@type\":\"Organization\",\"@id\":\"https:\/\/prosrve.com\/#organization\",\"name\":\"proserve\",\"url\":\"https:\/\/prosrve.com\/\",\"logo\":{\"@type\":\"ImageObject\",\"inLanguage\":\"ar\",\"@id\":\"https:\/\/prosrve.com\/#\/schema\/logo\/image\/\",\"url\":\"https:\/\/prosrve.com\/wp-content\/uploads\/2020\/06\/Logo.png\",\"contentUrl\":\"https:\/\/prosrve.com\/wp-content\/uploads\/2020\/06\/Logo.png\",\"width\":187,\"height\":88,\"caption\":\"proserve\"},\"image\":{\"@id\":\"https:\/\/prosrve.com\/#\/schema\/logo\/image\/\"},\"sameAs\":[\"https:\/\/www.facebook.com\/pages\/ProServe-LLC\/628145137291830\"]}]}<\/script>\n<!-- \/ Yoast SEO plugin. -->","yoast_head_json":{"title":"Hikvision DS-8632NI-K8 , 32-ch 2U 4K NVR , Up to 32 channel IP cameras can be connected - Proserve LLC","robots":{"index":"index","follow":"follow","max-snippet":"max-snippet:-1","max-image-preview":"max-image-preview:large","max-video-preview":"max-video-preview:-1"},"canonical":"https:\/\/prosrve.com\/ar\/product\/hikvision-ds-8632ni-k8-32-ch-2u-4k-nvr-up-to-32-channel-ip-cameras-can-be-connected\/","og_locale":"ar_AR","og_type":"article","og_title":"Hikvision DS-8632NI-K8 , 32-ch 2U 4K NVR , Up to 32 channel IP cameras can be connected - Proserve LLC","og_description":"Up to 32 channel IP cameras can be connected Supports decoding H.265+\/H.265\/H.264+\/H.264\/MPEG4 video formats Up to 4K high-definition live view, storage and playback Up to 160 Mbps high incoming bandwidth ensures IP cameras can be connected 2 HDMI (different source) &hellip; Readmore","og_url":"https:\/\/prosrve.com\/ar\/product\/hikvision-ds-8632ni-k8-32-ch-2u-4k-nvr-up-to-32-channel-ip-cameras-can-be-connected\/","og_site_name":"Proserve LLC","article_publisher":"https:\/\/www.facebook.com\/pages\/ProServe-LLC\/628145137291830","article_modified_time":"2023-11-30T07:25:37+00:00","og_image":[{"width":1280,"height":1280,"url":"https:\/\/prosrve.com\/wp-content\/uploads\/2023\/09\/111.webp","type":"image\/webp"}],"twitter_card":"summary_large_image","twitter_misc":{"\u0648\u0642\u062a \u0627\u0644\u0642\u0631\u0627\u0621\u0629 \u0627\u0644\u0645\u064f\u0642\u062f\u0651\u0631":"\u062f\u0642\u064a\u0642\u062a\u0627\u0646"},"schema":{"@context":"https:\/\/schema.org","@graph":[{"@type":"WebPage","@id":"https:\/\/prosrve.com\/product\/hikvision-ds-8632ni-k8-32-ch-2u-4k-nvr-up-to-32-channel-ip-cameras-can-be-connected\/","url":"https:\/\/prosrve.com\/product\/hikvision-ds-8632ni-k8-32-ch-2u-4k-nvr-up-to-32-channel-ip-cameras-can-be-connected\/","name":"Hikvision DS-8632NI-K8 , 32-ch 2U 4K NVR , Up to 32 channel IP cameras can be connected - Proserve LLC","isPartOf":{"@id":"https:\/\/prosrve.com\/#website"},"primaryImageOfPage":{"@id":"https:\/\/prosrve.com\/product\/hikvision-ds-8632ni-k8-32-ch-2u-4k-nvr-up-to-32-channel-ip-cameras-can-be-connected\/#primaryimage"},"image":{"@id":"https:\/\/prosrve.com\/product\/hikvision-ds-8632ni-k8-32-ch-2u-4k-nvr-up-to-32-channel-ip-cameras-can-be-connected\/#primaryimage"},"thumbnailUrl":"https:\/\/prosrve.com\/wp-content\/uploads\/2023\/09\/111.webp","datePublished":"2023-09-17T14:15:05+00:00","dateModified":"2023-11-30T07:25:37+00:00","breadcrumb":{"@id":"https:\/\/prosrve.com\/product\/hikvision-ds-8632ni-k8-32-ch-2u-4k-nvr-up-to-32-channel-ip-cameras-can-be-connected\/#breadcrumb"},"inLanguage":"ar","potentialAction":[{"@type":"ReadAction","target":["https:\/\/prosrve.com\/product\/hikvision-ds-8632ni-k8-32-ch-2u-4k-nvr-up-to-32-channel-ip-cameras-can-be-connected\/"]}]},{"@type":"ImageObject","inLanguage":"ar","@id":"https:\/\/prosrve.com\/product\/hikvision-ds-8632ni-k8-32-ch-2u-4k-nvr-up-to-32-channel-ip-cameras-can-be-connected\/#primaryimage","url":"https:\/\/prosrve.com\/wp-content\/uploads\/2023\/09\/111.webp","contentUrl":"https:\/\/prosrve.com\/wp-content\/uploads\/2023\/09\/111.webp","width":1280,"height":1280},{"@type":"BreadcrumbList","@id":"https:\/\/prosrve.com\/product\/hikvision-ds-8632ni-k8-32-ch-2u-4k-nvr-up-to-32-channel-ip-cameras-can-be-connected\/#breadcrumb","itemListElement":[{"@type":"ListItem","position":1,"name":"Home","item":"https:\/\/prosrve.com\/"},{"@type":"ListItem","position":2,"name":"Shop","item":"https:\/\/prosrve.com\/shop\/"},{"@type":"ListItem","position":3,"name":"Hikvision DS-8632NI-K8 , 32-ch 2U 4K NVR , Up to 32 channel IP cameras can be connected"}]},{"@type":"WebSite","@id":"https:\/\/prosrve.com\/#website","url":"https:\/\/prosrve.com\/","name":"Proserve LLC","description":"","publisher":{"@id":"https:\/\/prosrve.com\/#organization"},"potentialAction":[{"@type":"SearchAction","target":{"@type":"EntryPoint","urlTemplate":"https:\/\/prosrve.com\/?s={search_term_string}"},"query-input":"required name=search_term_string"}],"inLanguage":"ar"},{"@type":"Organization","@id":"https:\/\/prosrve.com\/#organization","name":"proserve","url":"https:\/\/prosrve.com\/","logo":{"@type":"ImageObject","inLanguage":"ar","@id":"https:\/\/prosrve.com\/#\/schema\/logo\/image\/","url":"https:\/\/prosrve.com\/wp-content\/uploads\/2020\/06\/Logo.png","contentUrl":"https:\/\/prosrve.com\/wp-content\/uploads\/2020\/06\/Logo.png","width":187,"height":88,"caption":"proserve"},"image":{"@id":"https:\/\/prosrve.com\/#\/schema\/logo\/image\/"},"sameAs":["https:\/\/www.facebook.com\/pages\/ProServe-LLC\/628145137291830"]}]}},"_links":{"self":[{"href":"https:\/\/prosrve.com\/ar\/wp-json\/wp\/v2\/product\/10290","targetHints":{"allow":["GET"]}}],"collection":[{"href":"https:\/\/prosrve.com\/ar\/wp-json\/wp\/v2\/product"}],"about":[{"href":"https:\/\/prosrve.com\/ar\/wp-json\/wp\/v2\/types\/product"}],"replies":[{"embeddable":true,"href":"https:\/\/prosrve.com\/ar\/wp-json\/wp\/v2\/comments?post=10290"}],"version-history":[{"count":2,"href":"https:\/\/prosrve.com\/ar\/wp-json\/wp\/v2\/product\/10290\/revisions"}],"predecessor-version":[{"id":10296,"href":"https:\/\/prosrve.com\/ar\/wp-json\/wp\/v2\/product\/10290\/revisions\/10296"}],"wp:featuredmedia":[{"embeddable":true,"href":"https:\/\/prosrve.com\/ar\/wp-json\/wp\/v2\/media\/10292"}],"wp:attachment":[{"href":"https:\/\/prosrve.com\/ar\/wp-json\/wp\/v2\/media?parent=10290"}],"wp:term":[{"taxonomy":"product_brand","embeddable":true,"href":"https:\/\/prosrve.com\/ar\/wp-json\/wp\/v2\/product_brand?post=10290"},{"taxonomy":"product_cat","embeddable":true,"href":"https:\/\/prosrve.com\/ar\/wp-json\/wp\/v2\/product_cat?post=10290"},{"taxonomy":"product_tag","embeddable":true,"href":"https:\/\/prosrve.com\/ar\/wp-json\/wp\/v2\/product_tag?post=10290"}],"curies":[{"name":"wp","href":"https:\/\/api.w.org\/{rel}","templated":true}]}}