{"id":10325,"date":"2023-09-18T09:20:01","date_gmt":"2023-09-18T07:20:01","guid":{"rendered":"https:\/\/prosrve.com\/?post_type=product&#038;p=10325"},"modified":"2023-11-30T09:22:47","modified_gmt":"2023-11-30T07:22:47","slug":"hikvision-ds-3e1510p-sio-std-8-port-gigabit-smart-poe-switch","status":"publish","type":"product","link":"https:\/\/prosrve.com\/ar\/product\/hikvision-ds-3e1510p-sio-std-8-port-gigabit-smart-poe-switch\/","title":{"rendered":"Hikvision DS-3E1510P-SI(O-STD), 8 Port Gigabit Smart POE Switch"},"content":{"rendered":"<h2 class=\"prod_name\"><span class=\"prod_name-content\">8 Port Gigabit Smart POE Switch<\/span><\/h2>\n<p>L2, Smart Managed, 8 Gigabit PoE ports, 2 Gigabit SFP ports, 802.3af\/at, PoE power budget 110W, max. 300 meter long distance PoE transmission, PoE watchdog, VLAN, QoS, SNMP, Port Mirroring, Storm Control, Visualized Topology Management, Network Health Monitor, Real-Time Alarm Push and Video Control and Preview<\/p>\n<ul class=\"product_description_item-list\">\n<li class=\"product_description_item\">8 \u00d7 gigabit PoE ports, and 2 \u00d7 gigabit fiber optical ports.<\/li>\n<li class=\"product_description_item\">IEEE 802.3at\/af standard for PoE ports.<\/li>\n<li class=\"product_description_item\">Network topology management, alarm push, network health monitor.<\/li>\n<li class=\"product_description_item\">6 KV surge protection for PoE ports.<\/li>\n<li class=\"product_description_item\">AF\/AT camera can reach up to 300 m in extend mode.<\/li>\n<li class=\"product_description_item\">PoE watchdog to auto detect and restart the cameras that do not respond.<\/li>\n<li class=\"product_description_item\">Various layer 2 management protocols such as STP\/RSTP, VLAN, link aggregation, SNMP, QoS and so on.<\/li>\n<li>\n<ul class=\"tech-specs-items-description\" data-target=\"Network Parameters\">\n<li class=\"tech-specs-items-description-list\"><span class=\"tech-specs-items-description__title--heading\">Network Parameters<\/span><\/li>\n<li class=\"tech-specs-items-description-list\"><span class=\"tech-specs-items-description__title\">Ports<\/span><span class=\"tech-specs-items-description__title-details\">8 \u00d7 1 Gigabit PoE port,2 \u00d7 1 Gigabit fiber optical port<\/span><\/li>\n<li class=\"tech-specs-items-description-list\"><span class=\"tech-specs-items-description__title\">Port Type<\/span><span class=\"tech-specs-items-description__title-details\">RJ45 port,full duplex,MDIMDI-X adaptive<\/span><\/li>\n<li class=\"tech-specs-items-description-list\"><span class=\"tech-specs-items-description__title\">Standard<\/span><span class=\"tech-specs-items-description__title-details\">IEEE 802.3,IEEE 802.3u,IEEE 802.3x,IEEE 802.3ab,IEEE 802.3z<\/span><\/li>\n<li class=\"tech-specs-items-description-list\"><span class=\"tech-specs-items-description__title\">Forwarding Mode<\/span><span class=\"tech-specs-items-description__title-details\">Store-and-forward switching<\/span><\/li>\n<li class=\"tech-specs-items-description-list\"><span class=\"tech-specs-items-description__title\">Working Mode<\/span><span class=\"tech-specs-items-description__title-details\">Standard mode (default),Extend mode<\/span><\/li>\n<li class=\"tech-specs-items-description-list\"><span class=\"tech-specs-items-description__title\">MAC Address Table<\/span><span class=\"tech-specs-items-description__title-details\">8 K<\/span><\/li>\n<li class=\"tech-specs-items-description-list\"><span class=\"tech-specs-items-description__title\">Switching Capacity<\/span><span class=\"tech-specs-items-description__title-details\">20 Gbps<\/span><\/li>\n<li class=\"tech-specs-items-description-list\"><span class=\"tech-specs-items-description__title\">Packet Forwarding Rate<\/span><span class=\"tech-specs-items-description__title-details\">14.88 Mpps<\/span><\/li>\n<li class=\"tech-specs-items-description-list\"><span class=\"tech-specs-items-description__title\">Internal Cache<\/span><span class=\"tech-specs-items-description__title-details\">4.1 Mbits<\/span><\/li>\n<\/ul>\n<ul class=\"tech-specs-items-description\" data-target=\"PoE Power Supply\">\n<li class=\"tech-specs-items-description-list\"><span class=\"tech-specs-items-description__title--heading\">PoE Power Supply<\/span><\/li>\n<li class=\"tech-specs-items-description-list\"><span class=\"tech-specs-items-description__title\">PoE Standard<\/span><span class=\"tech-specs-items-description__title-details\">IEEE 802.3af,IEEE 802.3at<\/span><\/li>\n<li class=\"tech-specs-items-description-list\"><span class=\"tech-specs-items-description__title\">PoE Power Pin<\/span><span class=\"tech-specs-items-description__title-details\">End-span: 1\/2(-), 3\/6(+)<\/span><\/li>\n<li class=\"tech-specs-items-description-list\"><span class=\"tech-specs-items-description__title\">PoE Port<\/span><span class=\"tech-specs-items-description__title-details\">PoE: Ports 1 to 8<\/span><\/li>\n<li class=\"tech-specs-items-description-list\"><span class=\"tech-specs-items-description__title\">Max. Port Power<\/span><span class=\"tech-specs-items-description__title-details\">30 W<\/span><\/li>\n<li class=\"tech-specs-items-description-list\"><span class=\"tech-specs-items-description__title\">PoE Power Budget<\/span><span class=\"tech-specs-items-description__title-details\">110 W<\/span><\/li>\n<\/ul>\n<ul class=\"tech-specs-items-description\" data-target=\"Software Function\">\n<li class=\"tech-specs-items-description-list\"><span class=\"tech-specs-items-description__title--heading\">Software Function<\/span><\/li>\n<li class=\"tech-specs-items-description-list\"><span class=\"tech-specs-items-description__title\">Device Maintenance<\/span><span class=\"tech-specs-items-description__title-details\">Support remote upgrade, default parameter restoration, logs viewing, basic network parameter configuration, import and export configuration, and time synchronization.<\/span><\/li>\n<li class=\"tech-specs-items-description-list\"><span class=\"tech-specs-items-description__title\">Port Configuration<\/span><span class=\"tech-specs-items-description__title-details\">Support port rate configuration, flow control, and ports enabling.<\/span><\/li>\n<li class=\"tech-specs-items-description-list\"><span class=\"tech-specs-items-description__title\">Long Range<\/span><span class=\"tech-specs-items-description__title-details\">Up to 300 m transmission<\/span><\/li>\n<li class=\"tech-specs-items-description-list\"><span class=\"tech-specs-items-description__title\">PoE Configuration<\/span>\n<p class=\"mb-p\">PoE watchdog: Ports 1 to 8 auto detect and restart the cameras that do not respond.<\/p>\n<p class=\"mb-p\">PoE enabling: supported<\/p>\n<\/li>\n<li class=\"tech-specs-items-description-list\"><span class=\"tech-specs-items-description__title\">Port Rate-Limiting<\/span><span class=\"tech-specs-items-description__title-details\">Rate-limiting for ingress and egress ports<\/span><\/li>\n<li class=\"tech-specs-items-description-list\"><span class=\"tech-specs-items-description__title\">Storm Control<\/span><span class=\"tech-specs-items-description__title-details\">Storm control of unknown unicast, multicast, and broadcast<\/span><\/li>\n<li class=\"tech-specs-items-description-list\"><span class=\"tech-specs-items-description__title\">Port Mirroring<\/span><span class=\"tech-specs-items-description__title-details\">Supported<\/span><\/li>\n<li class=\"tech-specs-items-description-list\"><span class=\"tech-specs-items-description__title\">Link Aggregation<\/span><span class=\"tech-specs-items-description__title-details\">Support static link aggregation.<\/span><\/li>\n<li class=\"tech-specs-items-description-list\"><span class=\"tech-specs-items-description__title\">Port Isolation<\/span><span class=\"tech-specs-items-description__title-details\">Ports in an isolation group cannot communicate with each other.<\/span><\/li>\n<li class=\"tech-specs-items-description-list\"><span class=\"tech-specs-items-description__title\">QoS<\/span><span class=\"tech-specs-items-description__title-details\">WRR and SP scheduling and port priority<\/span><\/li>\n<li class=\"tech-specs-items-description-list\"><span class=\"tech-specs-items-description__title\">VLAN<\/span><span class=\"tech-specs-items-description__title-details\">4094 VLANs<\/span><\/li>\n<li class=\"tech-specs-items-description-list\"><span class=\"tech-specs-items-description__title\">STP<\/span><span class=\"tech-specs-items-description__title-details\">STP and RSTP<\/span><\/li>\n<li class=\"tech-specs-items-description-list\"><span class=\"tech-specs-items-description__title\">SNMP<\/span><span class=\"tech-specs-items-description__title-details\">SNMPv1 and SNMPv2c supported for obtaining node information of the system and interfaces<\/span><\/li>\n<li class=\"tech-specs-items-description-list\"><span class=\"tech-specs-items-description__title\">LLDP<\/span><span class=\"tech-specs-items-description__title-details\">LLDP supported for port configuration, global configuration, and neighbor discovery<\/span><\/li>\n<li class=\"tech-specs-items-description-list\"><span class=\"tech-specs-items-description__title\">DHCP<\/span><span class=\"tech-specs-items-description__title-details\">DHCP supported<\/span><\/li>\n<\/ul>\n<ul class=\"tech-specs-items-description\" data-target=\"General\">\n<li class=\"tech-specs-items-description-list\"><span class=\"tech-specs-items-description__title--heading\">General<\/span><\/li>\n<li class=\"tech-specs-items-description-list\"><span class=\"tech-specs-items-description__title\">Shell<\/span><span class=\"tech-specs-items-description__title-details\">Metal material<\/span><\/li>\n<li class=\"tech-specs-items-description-list\"><span class=\"tech-specs-items-description__title\">Net Weight<\/span><span class=\"tech-specs-items-description__title-details\">1.21 kg (2.67 lb)<\/span><\/li>\n<li class=\"tech-specs-items-description-list\"><span class=\"tech-specs-items-description__title\">Gross Weight<\/span><span class=\"tech-specs-items-description__title-details\">1.3 kg (2.87 lb)<\/span><\/li>\n<li class=\"tech-specs-items-description-list\"><span class=\"tech-specs-items-description__title\">Dimensions (W \u00d7 H \u00d7 D)<\/span><span class=\"tech-specs-items-description__title-details\">217.60 mm \u00d7 27.80 mm \u00d7 108.55 mm (8.57&#8221; \u00d7 1.09&#8221; \u00d7 4.27&#8221;)<\/span><\/li>\n<li class=\"tech-specs-items-description-list\"><span class=\"tech-specs-items-description__title\">Operating Temperature<\/span><span class=\"tech-specs-items-description__title-details\">-10 \u00b0C to 55 \u00b0C (14 \u00b0F to 131 \u00b0F)<\/span><\/li>\n<li class=\"tech-specs-items-description-list\"><span class=\"tech-specs-items-description__title\">Storage Temperature<\/span><span class=\"tech-specs-items-description__title-details\">-40 \u00b0C to 85 \u00b0C (-40 \u00b0F to 185 \u00b0F)<\/span><\/li>\n<li class=\"tech-specs-items-description-list\"><span class=\"tech-specs-items-description__title\">Operating Humidity<\/span><span class=\"tech-specs-items-description__title-details\">5% to 95% (no condensation)<\/span><\/li>\n<li class=\"tech-specs-items-description-list\"><span class=\"tech-specs-items-description__title\">Relative Humidity<\/span><span class=\"tech-specs-items-description__title-details\">5% to 95% (no condensation)<\/span><\/li>\n<li class=\"tech-specs-items-description-list\"><span class=\"tech-specs-items-description__title\">Power Supply<\/span><span class=\"tech-specs-items-description__title-details\">48 VDC, 2.5 A<\/span><\/li>\n<li class=\"tech-specs-items-description-list\"><span class=\"tech-specs-items-description__title\">Max. Power Consumption<\/span><span class=\"tech-specs-items-description__title-details\">120 W<\/span><\/li>\n<li class=\"tech-specs-items-description-list\"><span class=\"tech-specs-items-description__title\">Power Consumption In Idle<\/span><span class=\"tech-specs-items-description__title-details\">7 W<\/span><\/li>\n<\/ul>\n<ul class=\"tech-specs-items-description\" data-target=\"Approval\">\n<li class=\"tech-specs-items-description-list\"><span class=\"tech-specs-items-description__title--heading\">Approval<\/span><\/li>\n<li class=\"tech-specs-items-description-list\"><span class=\"tech-specs-items-description__title\">EMC<\/span><span class=\"tech-specs-items-description__title-details\">FCC (47 CFR Part 15, Subpart B); CE-EMC (EN 55032: 2015, EN IEC 61000-3-2: 2019, EN 61000-3-3: 2013+A1: 2019, EN 50130-4: 2011 +A1: 2014, EN 55035: 2017); IC (ICES-003: Issue 6); RCM (AS\/NZS CISPR 32: 2015)<\/span><\/li>\n<li class=\"tech-specs-items-description-list\"><span class=\"tech-specs-items-description__title\">Safety<\/span><span class=\"tech-specs-items-description__title-details\">UL (UL 60950-1); CB (IEC 60950-1:2005, AMD1:2009, AMD2:2013, IEC 62368-1: 2014 (Second Edition); CE-LVD (EN 60950-1: 2006 + A11: 2009 +A1: 2010+A12: 2011+A2: 2013, EN 62368-1: 2014+A11: 2017)<\/span><\/li>\n<li class=\"tech-specs-items-description-list\"><span class=\"tech-specs-items-description__title\">Chemistry<\/span><span class=\"tech-specs-items-description__title-details\">CE-RoHS (2011\/65\/EU); WEEE (2012\/19\/EU); Reach (Regulation (EC) No.1907\/2006)<\/span><\/li>\n<\/ul>\n<\/li>\n<\/ul>","protected":false},"excerpt":{"rendered":"<p>8 Port Gigabit Smart POE Switch L2, Smart Managed, 8 Gigabit PoE ports, 2 Gigabit SFP ports, 802.3af\/at, PoE power budget 110W, max. 300 meter long distance PoE transmission, PoE watchdog, VLAN, QoS, SNMP, Port Mirroring, Storm Control, Visualized Topology &hellip; <a href=\"https:\/\/prosrve.com\/ar\/product\/hikvision-ds-3e1510p-sio-std-8-port-gigabit-smart-poe-switch\/\">Readmore<\/a><\/p>","protected":false},"featured_media":10330,"comment_status":"open","ping_status":"closed","template":"","meta":[],"product_brand":[273],"product_cat":[300,301,303],"product_tag":[371,386,423],"class_list":{"0":"post-10325","1":"product","2":"type-product","3":"status-publish","4":"has-post-thumbnail","6":"product_brand-hikvision","7":"product_cat-networking-servers","8":"product_cat-switches-firewall","9":"product_cat-switches","10":"product_tag-8-port","11":"product_tag-poe","12":"product_tag-smart-managed","14":"first","15":"instock","16":"shipping-taxable","17":"purchasable","18":"product-type-simple"},"yoast_head":"<!-- This site is optimized with the Yoast SEO plugin v22.7 - https:\/\/yoast.com\/wordpress\/plugins\/seo\/ -->\n<title>Hikvision DS-3E1510P-SI(O-STD), 8 Port Gigabit Smart POE Switch - Proserve LLC<\/title>\n<meta name=\"robots\" content=\"index, follow, max-snippet:-1, max-image-preview:large, max-video-preview:-1\" \/>\n<link rel=\"canonical\" href=\"https:\/\/prosrve.com\/ar\/product\/hikvision-ds-3e1510p-sio-std-8-port-gigabit-smart-poe-switch\/\" \/>\n<meta property=\"og:locale\" content=\"ar_AR\" \/>\n<meta property=\"og:type\" content=\"article\" \/>\n<meta property=\"og:title\" content=\"Hikvision DS-3E1510P-SI(O-STD), 8 Port Gigabit Smart POE Switch - Proserve LLC\" \/>\n<meta property=\"og:description\" content=\"8 Port Gigabit Smart POE Switch L2, Smart Managed, 8 Gigabit PoE ports, 2 Gigabit SFP ports, 802.3af\/at, PoE power budget 110W, max. 300 meter long distance PoE transmission, PoE watchdog, VLAN, QoS, SNMP, Port Mirroring, Storm Control, Visualized Topology &hellip; Readmore\" \/>\n<meta property=\"og:url\" content=\"https:\/\/prosrve.com\/ar\/product\/hikvision-ds-3e1510p-sio-std-8-port-gigabit-smart-poe-switch\/\" \/>\n<meta property=\"og:site_name\" content=\"Proserve LLC\" \/>\n<meta property=\"article:publisher\" content=\"https:\/\/www.facebook.com\/pages\/ProServe-LLC\/628145137291830\" \/>\n<meta property=\"article:modified_time\" content=\"2023-11-30T07:22:47+00:00\" \/>\n<meta property=\"og:image\" content=\"https:\/\/prosrve.com\/wp-content\/uploads\/2023\/09\/0-3.webp\" \/>\n\t<meta property=\"og:image:width\" content=\"800\" \/>\n\t<meta property=\"og:image:height\" content=\"450\" \/>\n\t<meta property=\"og:image:type\" content=\"image\/webp\" \/>\n<meta name=\"twitter:card\" content=\"summary_large_image\" \/>\n<meta name=\"twitter:label1\" content=\"\u0648\u0642\u062a \u0627\u0644\u0642\u0631\u0627\u0621\u0629 \u0627\u0644\u0645\u064f\u0642\u062f\u0651\u0631\" \/>\n\t<meta name=\"twitter:data1\" content=\"3 \u062f\u0642\u0627\u0626\u0642\" \/>\n<script type=\"application\/ld+json\" class=\"yoast-schema-graph\">{\"@context\":\"https:\/\/schema.org\",\"@graph\":[{\"@type\":\"WebPage\",\"@id\":\"https:\/\/prosrve.com\/product\/hikvision-ds-3e1510p-sio-std-8-port-gigabit-smart-poe-switch\/\",\"url\":\"https:\/\/prosrve.com\/product\/hikvision-ds-3e1510p-sio-std-8-port-gigabit-smart-poe-switch\/\",\"name\":\"Hikvision DS-3E1510P-SI(O-STD), 8 Port Gigabit Smart POE Switch - Proserve LLC\",\"isPartOf\":{\"@id\":\"https:\/\/prosrve.com\/#website\"},\"primaryImageOfPage\":{\"@id\":\"https:\/\/prosrve.com\/product\/hikvision-ds-3e1510p-sio-std-8-port-gigabit-smart-poe-switch\/#primaryimage\"},\"image\":{\"@id\":\"https:\/\/prosrve.com\/product\/hikvision-ds-3e1510p-sio-std-8-port-gigabit-smart-poe-switch\/#primaryimage\"},\"thumbnailUrl\":\"https:\/\/prosrve.com\/wp-content\/uploads\/2023\/09\/0-3.webp\",\"datePublished\":\"2023-09-18T07:20:01+00:00\",\"dateModified\":\"2023-11-30T07:22:47+00:00\",\"breadcrumb\":{\"@id\":\"https:\/\/prosrve.com\/product\/hikvision-ds-3e1510p-sio-std-8-port-gigabit-smart-poe-switch\/#breadcrumb\"},\"inLanguage\":\"ar\",\"potentialAction\":[{\"@type\":\"ReadAction\",\"target\":[\"https:\/\/prosrve.com\/product\/hikvision-ds-3e1510p-sio-std-8-port-gigabit-smart-poe-switch\/\"]}]},{\"@type\":\"ImageObject\",\"inLanguage\":\"ar\",\"@id\":\"https:\/\/prosrve.com\/product\/hikvision-ds-3e1510p-sio-std-8-port-gigabit-smart-poe-switch\/#primaryimage\",\"url\":\"https:\/\/prosrve.com\/wp-content\/uploads\/2023\/09\/0-3.webp\",\"contentUrl\":\"https:\/\/prosrve.com\/wp-content\/uploads\/2023\/09\/0-3.webp\",\"width\":800,\"height\":450},{\"@type\":\"BreadcrumbList\",\"@id\":\"https:\/\/prosrve.com\/product\/hikvision-ds-3e1510p-sio-std-8-port-gigabit-smart-poe-switch\/#breadcrumb\",\"itemListElement\":[{\"@type\":\"ListItem\",\"position\":1,\"name\":\"Home\",\"item\":\"https:\/\/prosrve.com\/\"},{\"@type\":\"ListItem\",\"position\":2,\"name\":\"Shop\",\"item\":\"https:\/\/prosrve.com\/shop\/\"},{\"@type\":\"ListItem\",\"position\":3,\"name\":\"Hikvision DS-3E1510P-SI(O-STD), 8 Port Gigabit Smart POE Switch\"}]},{\"@type\":\"WebSite\",\"@id\":\"https:\/\/prosrve.com\/#website\",\"url\":\"https:\/\/prosrve.com\/\",\"name\":\"Proserve LLC\",\"description\":\"\",\"publisher\":{\"@id\":\"https:\/\/prosrve.com\/#organization\"},\"potentialAction\":[{\"@type\":\"SearchAction\",\"target\":{\"@type\":\"EntryPoint\",\"urlTemplate\":\"https:\/\/prosrve.com\/?s={search_term_string}\"},\"query-input\":\"required name=search_term_string\"}],\"inLanguage\":\"ar\"},{\"@type\":\"Organization\",\"@id\":\"https:\/\/prosrve.com\/#organization\",\"name\":\"proserve\",\"url\":\"https:\/\/prosrve.com\/\",\"logo\":{\"@type\":\"ImageObject\",\"inLanguage\":\"ar\",\"@id\":\"https:\/\/prosrve.com\/#\/schema\/logo\/image\/\",\"url\":\"https:\/\/prosrve.com\/wp-content\/uploads\/2020\/06\/Logo.png\",\"contentUrl\":\"https:\/\/prosrve.com\/wp-content\/uploads\/2020\/06\/Logo.png\",\"width\":187,\"height\":88,\"caption\":\"proserve\"},\"image\":{\"@id\":\"https:\/\/prosrve.com\/#\/schema\/logo\/image\/\"},\"sameAs\":[\"https:\/\/www.facebook.com\/pages\/ProServe-LLC\/628145137291830\"]}]}<\/script>\n<!-- \/ Yoast SEO plugin. -->","yoast_head_json":{"title":"Hikvision DS-3E1510P-SI(O-STD), 8 Port Gigabit Smart POE Switch - Proserve LLC","robots":{"index":"index","follow":"follow","max-snippet":"max-snippet:-1","max-image-preview":"max-image-preview:large","max-video-preview":"max-video-preview:-1"},"canonical":"https:\/\/prosrve.com\/ar\/product\/hikvision-ds-3e1510p-sio-std-8-port-gigabit-smart-poe-switch\/","og_locale":"ar_AR","og_type":"article","og_title":"Hikvision DS-3E1510P-SI(O-STD), 8 Port Gigabit Smart POE Switch - Proserve LLC","og_description":"8 Port Gigabit Smart POE Switch L2, Smart Managed, 8 Gigabit PoE ports, 2 Gigabit SFP ports, 802.3af\/at, PoE power budget 110W, max. 300 meter long distance PoE transmission, PoE watchdog, VLAN, QoS, SNMP, Port Mirroring, Storm Control, Visualized Topology &hellip; Readmore","og_url":"https:\/\/prosrve.com\/ar\/product\/hikvision-ds-3e1510p-sio-std-8-port-gigabit-smart-poe-switch\/","og_site_name":"Proserve LLC","article_publisher":"https:\/\/www.facebook.com\/pages\/ProServe-LLC\/628145137291830","article_modified_time":"2023-11-30T07:22:47+00:00","og_image":[{"width":800,"height":450,"url":"https:\/\/prosrve.com\/wp-content\/uploads\/2023\/09\/0-3.webp","type":"image\/webp"}],"twitter_card":"summary_large_image","twitter_misc":{"\u0648\u0642\u062a \u0627\u0644\u0642\u0631\u0627\u0621\u0629 \u0627\u0644\u0645\u064f\u0642\u062f\u0651\u0631":"3 \u062f\u0642\u0627\u0626\u0642"},"schema":{"@context":"https:\/\/schema.org","@graph":[{"@type":"WebPage","@id":"https:\/\/prosrve.com\/product\/hikvision-ds-3e1510p-sio-std-8-port-gigabit-smart-poe-switch\/","url":"https:\/\/prosrve.com\/product\/hikvision-ds-3e1510p-sio-std-8-port-gigabit-smart-poe-switch\/","name":"Hikvision DS-3E1510P-SI(O-STD), 8 Port Gigabit Smart POE Switch - Proserve LLC","isPartOf":{"@id":"https:\/\/prosrve.com\/#website"},"primaryImageOfPage":{"@id":"https:\/\/prosrve.com\/product\/hikvision-ds-3e1510p-sio-std-8-port-gigabit-smart-poe-switch\/#primaryimage"},"image":{"@id":"https:\/\/prosrve.com\/product\/hikvision-ds-3e1510p-sio-std-8-port-gigabit-smart-poe-switch\/#primaryimage"},"thumbnailUrl":"https:\/\/prosrve.com\/wp-content\/uploads\/2023\/09\/0-3.webp","datePublished":"2023-09-18T07:20:01+00:00","dateModified":"2023-11-30T07:22:47+00:00","breadcrumb":{"@id":"https:\/\/prosrve.com\/product\/hikvision-ds-3e1510p-sio-std-8-port-gigabit-smart-poe-switch\/#breadcrumb"},"inLanguage":"ar","potentialAction":[{"@type":"ReadAction","target":["https:\/\/prosrve.com\/product\/hikvision-ds-3e1510p-sio-std-8-port-gigabit-smart-poe-switch\/"]}]},{"@type":"ImageObject","inLanguage":"ar","@id":"https:\/\/prosrve.com\/product\/hikvision-ds-3e1510p-sio-std-8-port-gigabit-smart-poe-switch\/#primaryimage","url":"https:\/\/prosrve.com\/wp-content\/uploads\/2023\/09\/0-3.webp","contentUrl":"https:\/\/prosrve.com\/wp-content\/uploads\/2023\/09\/0-3.webp","width":800,"height":450},{"@type":"BreadcrumbList","@id":"https:\/\/prosrve.com\/product\/hikvision-ds-3e1510p-sio-std-8-port-gigabit-smart-poe-switch\/#breadcrumb","itemListElement":[{"@type":"ListItem","position":1,"name":"Home","item":"https:\/\/prosrve.com\/"},{"@type":"ListItem","position":2,"name":"Shop","item":"https:\/\/prosrve.com\/shop\/"},{"@type":"ListItem","position":3,"name":"Hikvision DS-3E1510P-SI(O-STD), 8 Port Gigabit Smart POE Switch"}]},{"@type":"WebSite","@id":"https:\/\/prosrve.com\/#website","url":"https:\/\/prosrve.com\/","name":"Proserve LLC","description":"","publisher":{"@id":"https:\/\/prosrve.com\/#organization"},"potentialAction":[{"@type":"SearchAction","target":{"@type":"EntryPoint","urlTemplate":"https:\/\/prosrve.com\/?s={search_term_string}"},"query-input":"required name=search_term_string"}],"inLanguage":"ar"},{"@type":"Organization","@id":"https:\/\/prosrve.com\/#organization","name":"proserve","url":"https:\/\/prosrve.com\/","logo":{"@type":"ImageObject","inLanguage":"ar","@id":"https:\/\/prosrve.com\/#\/schema\/logo\/image\/","url":"https:\/\/prosrve.com\/wp-content\/uploads\/2020\/06\/Logo.png","contentUrl":"https:\/\/prosrve.com\/wp-content\/uploads\/2020\/06\/Logo.png","width":187,"height":88,"caption":"proserve"},"image":{"@id":"https:\/\/prosrve.com\/#\/schema\/logo\/image\/"},"sameAs":["https:\/\/www.facebook.com\/pages\/ProServe-LLC\/628145137291830"]}]}},"_links":{"self":[{"href":"https:\/\/prosrve.com\/ar\/wp-json\/wp\/v2\/product\/10325","targetHints":{"allow":["GET"]}}],"collection":[{"href":"https:\/\/prosrve.com\/ar\/wp-json\/wp\/v2\/product"}],"about":[{"href":"https:\/\/prosrve.com\/ar\/wp-json\/wp\/v2\/types\/product"}],"replies":[{"embeddable":true,"href":"https:\/\/prosrve.com\/ar\/wp-json\/wp\/v2\/comments?post=10325"}],"version-history":[{"count":2,"href":"https:\/\/prosrve.com\/ar\/wp-json\/wp\/v2\/product\/10325\/revisions"}],"predecessor-version":[{"id":10332,"href":"https:\/\/prosrve.com\/ar\/wp-json\/wp\/v2\/product\/10325\/revisions\/10332"}],"wp:featuredmedia":[{"embeddable":true,"href":"https:\/\/prosrve.com\/ar\/wp-json\/wp\/v2\/media\/10330"}],"wp:attachment":[{"href":"https:\/\/prosrve.com\/ar\/wp-json\/wp\/v2\/media?parent=10325"}],"wp:term":[{"taxonomy":"product_brand","embeddable":true,"href":"https:\/\/prosrve.com\/ar\/wp-json\/wp\/v2\/product_brand?post=10325"},{"taxonomy":"product_cat","embeddable":true,"href":"https:\/\/prosrve.com\/ar\/wp-json\/wp\/v2\/product_cat?post=10325"},{"taxonomy":"product_tag","embeddable":true,"href":"https:\/\/prosrve.com\/ar\/wp-json\/wp\/v2\/product_tag?post=10325"}],"curies":[{"name":"wp","href":"https:\/\/api.w.org\/{rel}","templated":true}]}}