{"id":10347,"date":"2023-09-18T09:32:47","date_gmt":"2023-09-18T07:32:47","guid":{"rendered":"https:\/\/prosrve.com\/?post_type=product&#038;p=10347"},"modified":"2023-11-30T09:22:10","modified_gmt":"2023-11-30T07:22:10","slug":"hoikvision-ds-3e0505d-eo-std-5-port-gigabit-unmanaged-desktop-switch","status":"publish","type":"product","link":"https:\/\/prosrve.com\/ar\/product\/hoikvision-ds-3e0505d-eo-std-5-port-gigabit-unmanaged-desktop-switch\/","title":{"rendered":"Hoikvision DS-3E0505D-E(O-STD) , 5 Port Gigabit Unmanaged Desktop Switch"},"content":{"rendered":"<div class=\"product-description aem-GridColumn aem-GridColumn--default--12\">\n<div class=\"product-info-wrapper\">\n<div class=\"product-description-container\" data-product-description-path=\"\/content\/hikvision\/en\/products\/transmission\/Network-Switches\/Value-Series\/ds-3e0505d-e\/jcr:content\/root\/responsivegrid\/product-description\">\n<div class=\"product_description-wrapper eols-wrapper\" data-product-name=\"DS-3E0505D-E\" data-product-number=\"M000008106\" data-product-page=\"\/content\/hikvision\/en\/products\/transmission\/Network-Switches\/Value-Series\/ds-3e0505d-e\">\n<ul class=\"product_description_item-list\">\n<li class=\"product_description_item\">5 x 10\/100\/1000 Mbps ethernet ports<\/li>\n<li class=\"product_description_item\">Supports ADI\/ADIX<\/li>\n<li class=\"product_description_item\">Store-and-forward switching<\/li>\n<li class=\"product_description_item\">Supports MAC address auto-learning and aging<\/li>\n<li class=\"product_description_item\">Simple, compact body design<\/li>\n<li class=\"product_description_item\">Supports desktop and wall-mounting<\/li>\n<li class=\"product_description_item\">Plug &amp; play, easy to use.<\/li>\n<\/ul>\n<div class=\"product_description_likes\">\n<ul class=\"tech-specs-items-description\" data-target=\"Network Parameters\">\n<li class=\"tech-specs-items-description-list\"><span class=\"tech-specs-items-description__title--heading\">Network Parameters<\/span><\/li>\n<li class=\"tech-specs-items-description-list\"><span class=\"tech-specs-items-description__title\">Ports<\/span><span class=\"tech-specs-items-description__title-details\">5<\/span><\/li>\n<li class=\"tech-specs-items-description-list\"><span class=\"tech-specs-items-description__title\">Port Type<\/span><span class=\"tech-specs-items-description__title-details\">10\/100\/1000 Mbps RJ45 ports<\/span><\/li>\n<li class=\"tech-specs-items-description-list\"><span class=\"tech-specs-items-description__title\">Standard<\/span><span class=\"tech-specs-items-description__title-details\">IEEE 802.3, IEEE 802.3u, IEEE 802.3x, IEEE 802.3ab<\/span><\/li>\n<li class=\"tech-specs-items-description-list\"><span class=\"tech-specs-items-description__title\">Forwarding Mode<\/span><span class=\"tech-specs-items-description__title-details\">Store-and-forward switching<\/span><\/li>\n<li class=\"tech-specs-items-description-list\"><span class=\"tech-specs-items-description__title\">MAC Address Table<\/span><span class=\"tech-specs-items-description__title-details\">2 K<\/span><\/li>\n<li class=\"tech-specs-items-description-list\"><span class=\"tech-specs-items-description__title\">Switching Capacity<\/span><span class=\"tech-specs-items-description__title-details\">10 Gbps<\/span><\/li>\n<li class=\"tech-specs-items-description-list\"><span class=\"tech-specs-items-description__title\">Packet Forwarding Rate<\/span><span class=\"tech-specs-items-description__title-details\">7.44 Mpps<\/span><\/li>\n<\/ul>\n<ul class=\"tech-specs-items-description\" data-target=\"General\">\n<li class=\"tech-specs-items-description-list\"><span class=\"tech-specs-items-description__title--heading\">General<\/span><\/li>\n<li class=\"tech-specs-items-description-list\"><span class=\"tech-specs-items-description__title\">Dimensions (W \u00d7 H \u00d7 D)<\/span><span class=\"tech-specs-items-description__title-details\">92.80 mm \u00d7 65.80 mm \u00d7 22.80 mm (3.65&#8221; \u00d7 2.60&#8221; \u00d7 0.90&#8221;)<\/span><\/li>\n<li class=\"tech-specs-items-description-list\"><span class=\"tech-specs-items-description__title\">Shell<\/span><span class=\"tech-specs-items-description__title-details\">ABS<\/span><\/li>\n<li class=\"tech-specs-items-description-list\"><span class=\"tech-specs-items-description__title\">Net Weight<\/span><span class=\"tech-specs-items-description__title-details\">0.03 kg (0.07 lb)<\/span><\/li>\n<li class=\"tech-specs-items-description-list\"><span class=\"tech-specs-items-description__title\">Operating Temperature<\/span><span class=\"tech-specs-items-description__title-details\">0 \u00b0C to 40 \u00b0C (32 \u00b0F to 104 \u00b0F)<\/span><\/li>\n<li class=\"tech-specs-items-description-list\"><span class=\"tech-specs-items-description__title\">Operating Humidity<\/span><span class=\"tech-specs-items-description__title-details\">10%~90% RH non-condensing<\/span><\/li>\n<li class=\"tech-specs-items-description-list\"><span class=\"tech-specs-items-description__title\">Storage Temperature<\/span><span class=\"tech-specs-items-description__title-details\">\u201340 \u00b0C to 70 \u00b0C (\u201340 \u00b0F to 158 \u00b0F)<\/span><\/li>\n<li class=\"tech-specs-items-description-list\"><span class=\"tech-specs-items-description__title\">Storage Humidity<\/span><span class=\"tech-specs-items-description__title-details\">5%~90% RH non-condensing<\/span><\/li>\n<li class=\"tech-specs-items-description-list\"><span class=\"tech-specs-items-description__title\">Power Supply<\/span><span class=\"tech-specs-items-description__title-details\">5 V DC, 0.6 A<\/span><\/li>\n<\/ul>\n<\/div>\n<div class=\"product_description-btn\"><\/div>\n<\/div>\n<\/div>\n<\/div>\n<\/div>\n<div class=\"sub-products-tab-en aem-GridColumn aem-GridColumn--default--12\">\n<div class=\"mult-tabs-container-comp sub-products-tab-en-comp\" data-resource=\"\/content\/hikvision\/en\/products\/transmission\/Network-Switches\/Value-Series\/ds-3e0505d-e\/jcr:content\/root\/responsivegrid\/sub-products-tab-en\">\n<div class=\"content-available-models-wrapper\">\n<div class=\"content-available-models\"><\/div>\n<\/div>\n<\/div>\n<\/div>","protected":false},"excerpt":{"rendered":"<p>5 x 10\/100\/1000 Mbps ethernet ports Supports ADI\/ADIX Store-and-forward switching Supports MAC address auto-learning and aging Simple, compact body design Supports desktop and wall-mounting Plug &amp; play, easy to use. Network Parameters Ports5 Port Type10\/100\/1000 Mbps RJ45 ports StandardIEEE 802.3, &hellip; <a href=\"https:\/\/prosrve.com\/ar\/product\/hoikvision-ds-3e0505d-eo-std-5-port-gigabit-unmanaged-desktop-switch\/\">Readmore<\/a><\/p>","protected":false},"featured_media":10352,"comment_status":"open","ping_status":"closed","template":"","meta":[],"product_brand":[273],"product_cat":[300,301,303],"product_tag":[738,650,649],"class_list":{"0":"post-10347","1":"product","2":"type-product","3":"status-publish","4":"has-post-thumbnail","6":"product_brand-hikvision","7":"product_cat-networking-servers","8":"product_cat-switches-firewall","9":"product_cat-switches","10":"product_tag-5-port","11":"product_tag-non-poe","12":"product_tag-unmanaged","14":"first","15":"instock","16":"shipping-taxable","17":"purchasable","18":"product-type-simple"},"yoast_head":"<!-- This site is optimized with the Yoast SEO plugin v22.7 - https:\/\/yoast.com\/wordpress\/plugins\/seo\/ -->\n<title>Hoikvision DS-3E0505D-E(O-STD) , 5 Port Gigabit Unmanaged Desktop Switch - Proserve LLC<\/title>\n<meta name=\"robots\" content=\"index, follow, max-snippet:-1, max-image-preview:large, max-video-preview:-1\" \/>\n<link rel=\"canonical\" href=\"https:\/\/prosrve.com\/ar\/product\/hoikvision-ds-3e0505d-eo-std-5-port-gigabit-unmanaged-desktop-switch\/\" \/>\n<meta property=\"og:locale\" content=\"ar_AR\" \/>\n<meta property=\"og:type\" content=\"article\" \/>\n<meta property=\"og:title\" content=\"Hoikvision DS-3E0505D-E(O-STD) , 5 Port Gigabit Unmanaged Desktop Switch - Proserve LLC\" \/>\n<meta property=\"og:description\" content=\"5 x 10\/100\/1000 Mbps ethernet ports Supports ADI\/ADIX Store-and-forward switching Supports MAC address auto-learning and aging Simple, compact body design Supports desktop and wall-mounting Plug &amp; play, easy to use. Network Parameters Ports5 Port Type10\/100\/1000 Mbps RJ45 ports StandardIEEE 802.3, &hellip; Readmore\" \/>\n<meta property=\"og:url\" content=\"https:\/\/prosrve.com\/ar\/product\/hoikvision-ds-3e0505d-eo-std-5-port-gigabit-unmanaged-desktop-switch\/\" \/>\n<meta property=\"og:site_name\" content=\"Proserve LLC\" \/>\n<meta property=\"article:publisher\" content=\"https:\/\/www.facebook.com\/pages\/ProServe-LLC\/628145137291830\" \/>\n<meta property=\"article:modified_time\" content=\"2023-11-30T07:22:10+00:00\" \/>\n<meta property=\"og:image\" content=\"https:\/\/prosrve.com\/wp-content\/uploads\/2023\/09\/ee.webp\" \/>\n\t<meta property=\"og:image:width\" content=\"1280\" \/>\n\t<meta property=\"og:image:height\" content=\"828\" \/>\n\t<meta property=\"og:image:type\" content=\"image\/webp\" \/>\n<meta name=\"twitter:card\" content=\"summary_large_image\" \/>\n<meta name=\"twitter:label1\" content=\"\u0648\u0642\u062a \u0627\u0644\u0642\u0631\u0627\u0621\u0629 \u0627\u0644\u0645\u064f\u0642\u062f\u0651\u0631\" \/>\n\t<meta name=\"twitter:data1\" content=\"\u062f\u0642\u064a\u0642\u0629 \u0648\u0627\u062d\u062f\u0629\" \/>\n<script type=\"application\/ld+json\" class=\"yoast-schema-graph\">{\"@context\":\"https:\/\/schema.org\",\"@graph\":[{\"@type\":\"WebPage\",\"@id\":\"https:\/\/prosrve.com\/product\/hoikvision-ds-3e0505d-eo-std-5-port-gigabit-unmanaged-desktop-switch\/\",\"url\":\"https:\/\/prosrve.com\/product\/hoikvision-ds-3e0505d-eo-std-5-port-gigabit-unmanaged-desktop-switch\/\",\"name\":\"Hoikvision DS-3E0505D-E(O-STD) , 5 Port Gigabit Unmanaged Desktop Switch - Proserve LLC\",\"isPartOf\":{\"@id\":\"https:\/\/prosrve.com\/#website\"},\"primaryImageOfPage\":{\"@id\":\"https:\/\/prosrve.com\/product\/hoikvision-ds-3e0505d-eo-std-5-port-gigabit-unmanaged-desktop-switch\/#primaryimage\"},\"image\":{\"@id\":\"https:\/\/prosrve.com\/product\/hoikvision-ds-3e0505d-eo-std-5-port-gigabit-unmanaged-desktop-switch\/#primaryimage\"},\"thumbnailUrl\":\"https:\/\/prosrve.com\/wp-content\/uploads\/2023\/09\/ee.webp\",\"datePublished\":\"2023-09-18T07:32:47+00:00\",\"dateModified\":\"2023-11-30T07:22:10+00:00\",\"breadcrumb\":{\"@id\":\"https:\/\/prosrve.com\/product\/hoikvision-ds-3e0505d-eo-std-5-port-gigabit-unmanaged-desktop-switch\/#breadcrumb\"},\"inLanguage\":\"ar\",\"potentialAction\":[{\"@type\":\"ReadAction\",\"target\":[\"https:\/\/prosrve.com\/product\/hoikvision-ds-3e0505d-eo-std-5-port-gigabit-unmanaged-desktop-switch\/\"]}]},{\"@type\":\"ImageObject\",\"inLanguage\":\"ar\",\"@id\":\"https:\/\/prosrve.com\/product\/hoikvision-ds-3e0505d-eo-std-5-port-gigabit-unmanaged-desktop-switch\/#primaryimage\",\"url\":\"https:\/\/prosrve.com\/wp-content\/uploads\/2023\/09\/ee.webp\",\"contentUrl\":\"https:\/\/prosrve.com\/wp-content\/uploads\/2023\/09\/ee.webp\",\"width\":1280,\"height\":828},{\"@type\":\"BreadcrumbList\",\"@id\":\"https:\/\/prosrve.com\/product\/hoikvision-ds-3e0505d-eo-std-5-port-gigabit-unmanaged-desktop-switch\/#breadcrumb\",\"itemListElement\":[{\"@type\":\"ListItem\",\"position\":1,\"name\":\"Home\",\"item\":\"https:\/\/prosrve.com\/\"},{\"@type\":\"ListItem\",\"position\":2,\"name\":\"Shop\",\"item\":\"https:\/\/prosrve.com\/shop\/\"},{\"@type\":\"ListItem\",\"position\":3,\"name\":\"Hoikvision DS-3E0505D-E(O-STD) , 5 Port Gigabit Unmanaged Desktop Switch\"}]},{\"@type\":\"WebSite\",\"@id\":\"https:\/\/prosrve.com\/#website\",\"url\":\"https:\/\/prosrve.com\/\",\"name\":\"Proserve LLC\",\"description\":\"\",\"publisher\":{\"@id\":\"https:\/\/prosrve.com\/#organization\"},\"potentialAction\":[{\"@type\":\"SearchAction\",\"target\":{\"@type\":\"EntryPoint\",\"urlTemplate\":\"https:\/\/prosrve.com\/?s={search_term_string}\"},\"query-input\":\"required name=search_term_string\"}],\"inLanguage\":\"ar\"},{\"@type\":\"Organization\",\"@id\":\"https:\/\/prosrve.com\/#organization\",\"name\":\"proserve\",\"url\":\"https:\/\/prosrve.com\/\",\"logo\":{\"@type\":\"ImageObject\",\"inLanguage\":\"ar\",\"@id\":\"https:\/\/prosrve.com\/#\/schema\/logo\/image\/\",\"url\":\"https:\/\/prosrve.com\/wp-content\/uploads\/2020\/06\/Logo.png\",\"contentUrl\":\"https:\/\/prosrve.com\/wp-content\/uploads\/2020\/06\/Logo.png\",\"width\":187,\"height\":88,\"caption\":\"proserve\"},\"image\":{\"@id\":\"https:\/\/prosrve.com\/#\/schema\/logo\/image\/\"},\"sameAs\":[\"https:\/\/www.facebook.com\/pages\/ProServe-LLC\/628145137291830\"]}]}<\/script>\n<!-- \/ Yoast SEO plugin. -->","yoast_head_json":{"title":"Hoikvision DS-3E0505D-E(O-STD) , 5 Port Gigabit Unmanaged Desktop Switch - Proserve LLC","robots":{"index":"index","follow":"follow","max-snippet":"max-snippet:-1","max-image-preview":"max-image-preview:large","max-video-preview":"max-video-preview:-1"},"canonical":"https:\/\/prosrve.com\/ar\/product\/hoikvision-ds-3e0505d-eo-std-5-port-gigabit-unmanaged-desktop-switch\/","og_locale":"ar_AR","og_type":"article","og_title":"Hoikvision DS-3E0505D-E(O-STD) , 5 Port Gigabit Unmanaged Desktop Switch - Proserve LLC","og_description":"5 x 10\/100\/1000 Mbps ethernet ports Supports ADI\/ADIX Store-and-forward switching Supports MAC address auto-learning and aging Simple, compact body design Supports desktop and wall-mounting Plug &amp; play, easy to use. Network Parameters Ports5 Port Type10\/100\/1000 Mbps RJ45 ports StandardIEEE 802.3, &hellip; Readmore","og_url":"https:\/\/prosrve.com\/ar\/product\/hoikvision-ds-3e0505d-eo-std-5-port-gigabit-unmanaged-desktop-switch\/","og_site_name":"Proserve LLC","article_publisher":"https:\/\/www.facebook.com\/pages\/ProServe-LLC\/628145137291830","article_modified_time":"2023-11-30T07:22:10+00:00","og_image":[{"width":1280,"height":828,"url":"https:\/\/prosrve.com\/wp-content\/uploads\/2023\/09\/ee.webp","type":"image\/webp"}],"twitter_card":"summary_large_image","twitter_misc":{"\u0648\u0642\u062a \u0627\u0644\u0642\u0631\u0627\u0621\u0629 \u0627\u0644\u0645\u064f\u0642\u062f\u0651\u0631":"\u062f\u0642\u064a\u0642\u0629 \u0648\u0627\u062d\u062f\u0629"},"schema":{"@context":"https:\/\/schema.org","@graph":[{"@type":"WebPage","@id":"https:\/\/prosrve.com\/product\/hoikvision-ds-3e0505d-eo-std-5-port-gigabit-unmanaged-desktop-switch\/","url":"https:\/\/prosrve.com\/product\/hoikvision-ds-3e0505d-eo-std-5-port-gigabit-unmanaged-desktop-switch\/","name":"Hoikvision DS-3E0505D-E(O-STD) , 5 Port Gigabit Unmanaged Desktop Switch - Proserve LLC","isPartOf":{"@id":"https:\/\/prosrve.com\/#website"},"primaryImageOfPage":{"@id":"https:\/\/prosrve.com\/product\/hoikvision-ds-3e0505d-eo-std-5-port-gigabit-unmanaged-desktop-switch\/#primaryimage"},"image":{"@id":"https:\/\/prosrve.com\/product\/hoikvision-ds-3e0505d-eo-std-5-port-gigabit-unmanaged-desktop-switch\/#primaryimage"},"thumbnailUrl":"https:\/\/prosrve.com\/wp-content\/uploads\/2023\/09\/ee.webp","datePublished":"2023-09-18T07:32:47+00:00","dateModified":"2023-11-30T07:22:10+00:00","breadcrumb":{"@id":"https:\/\/prosrve.com\/product\/hoikvision-ds-3e0505d-eo-std-5-port-gigabit-unmanaged-desktop-switch\/#breadcrumb"},"inLanguage":"ar","potentialAction":[{"@type":"ReadAction","target":["https:\/\/prosrve.com\/product\/hoikvision-ds-3e0505d-eo-std-5-port-gigabit-unmanaged-desktop-switch\/"]}]},{"@type":"ImageObject","inLanguage":"ar","@id":"https:\/\/prosrve.com\/product\/hoikvision-ds-3e0505d-eo-std-5-port-gigabit-unmanaged-desktop-switch\/#primaryimage","url":"https:\/\/prosrve.com\/wp-content\/uploads\/2023\/09\/ee.webp","contentUrl":"https:\/\/prosrve.com\/wp-content\/uploads\/2023\/09\/ee.webp","width":1280,"height":828},{"@type":"BreadcrumbList","@id":"https:\/\/prosrve.com\/product\/hoikvision-ds-3e0505d-eo-std-5-port-gigabit-unmanaged-desktop-switch\/#breadcrumb","itemListElement":[{"@type":"ListItem","position":1,"name":"Home","item":"https:\/\/prosrve.com\/"},{"@type":"ListItem","position":2,"name":"Shop","item":"https:\/\/prosrve.com\/shop\/"},{"@type":"ListItem","position":3,"name":"Hoikvision DS-3E0505D-E(O-STD) , 5 Port Gigabit Unmanaged Desktop Switch"}]},{"@type":"WebSite","@id":"https:\/\/prosrve.com\/#website","url":"https:\/\/prosrve.com\/","name":"Proserve LLC","description":"","publisher":{"@id":"https:\/\/prosrve.com\/#organization"},"potentialAction":[{"@type":"SearchAction","target":{"@type":"EntryPoint","urlTemplate":"https:\/\/prosrve.com\/?s={search_term_string}"},"query-input":"required name=search_term_string"}],"inLanguage":"ar"},{"@type":"Organization","@id":"https:\/\/prosrve.com\/#organization","name":"proserve","url":"https:\/\/prosrve.com\/","logo":{"@type":"ImageObject","inLanguage":"ar","@id":"https:\/\/prosrve.com\/#\/schema\/logo\/image\/","url":"https:\/\/prosrve.com\/wp-content\/uploads\/2020\/06\/Logo.png","contentUrl":"https:\/\/prosrve.com\/wp-content\/uploads\/2020\/06\/Logo.png","width":187,"height":88,"caption":"proserve"},"image":{"@id":"https:\/\/prosrve.com\/#\/schema\/logo\/image\/"},"sameAs":["https:\/\/www.facebook.com\/pages\/ProServe-LLC\/628145137291830"]}]}},"_links":{"self":[{"href":"https:\/\/prosrve.com\/ar\/wp-json\/wp\/v2\/product\/10347","targetHints":{"allow":["GET"]}}],"collection":[{"href":"https:\/\/prosrve.com\/ar\/wp-json\/wp\/v2\/product"}],"about":[{"href":"https:\/\/prosrve.com\/ar\/wp-json\/wp\/v2\/types\/product"}],"replies":[{"embeddable":true,"href":"https:\/\/prosrve.com\/ar\/wp-json\/wp\/v2\/comments?post=10347"}],"version-history":[{"count":2,"href":"https:\/\/prosrve.com\/ar\/wp-json\/wp\/v2\/product\/10347\/revisions"}],"predecessor-version":[{"id":10356,"href":"https:\/\/prosrve.com\/ar\/wp-json\/wp\/v2\/product\/10347\/revisions\/10356"}],"wp:featuredmedia":[{"embeddable":true,"href":"https:\/\/prosrve.com\/ar\/wp-json\/wp\/v2\/media\/10352"}],"wp:attachment":[{"href":"https:\/\/prosrve.com\/ar\/wp-json\/wp\/v2\/media?parent=10347"}],"wp:term":[{"taxonomy":"product_brand","embeddable":true,"href":"https:\/\/prosrve.com\/ar\/wp-json\/wp\/v2\/product_brand?post=10347"},{"taxonomy":"product_cat","embeddable":true,"href":"https:\/\/prosrve.com\/ar\/wp-json\/wp\/v2\/product_cat?post=10347"},{"taxonomy":"product_tag","embeddable":true,"href":"https:\/\/prosrve.com\/ar\/wp-json\/wp\/v2\/product_tag?post=10347"}],"curies":[{"name":"wp","href":"https:\/\/api.w.org\/{rel}","templated":true}]}}