{"id":10410,"date":"2023-09-18T10:06:56","date_gmt":"2023-09-18T08:06:56","guid":{"rendered":"https:\/\/prosrve.com\/?post_type=product&#038;p=10410"},"modified":"2023-11-30T09:18:34","modified_gmt":"2023-11-30T07:18:34","slug":"hikvision-ds-3e0510p-e-mo-std-8-port-gigabit-unmanaged-poe-switch","status":"publish","type":"product","link":"https:\/\/prosrve.com\/ar\/product\/hikvision-ds-3e0510p-e-mo-std-8-port-gigabit-unmanaged-poe-switch\/","title":{"rendered":"Hikvision DS-3E0510P-E\/M(O-STD) ,8 Port Gigabit Unmanaged POE Switch"},"content":{"rendered":"<div class=\"product-description aem-GridColumn aem-GridColumn--default--12\">\n<div class=\"product-info-wrapper\">\n<div class=\"product-description-container\" data-product-description-path=\"\/content\/hikvision\/en\/products\/transmission\/Network-Switches\/Value-Series\/ds-3e0510p-e-m\/jcr:content\/root\/responsivegrid\/product-description\">\n<div class=\"product_description-wrapper eols-wrapper\" data-product-name=\"DS-3E0510P-E\/M\" data-product-number=\"M000007571\" data-product-page=\"\/content\/hikvision\/en\/products\/transmission\/Network-Switches\/Value-Series\/ds-3e0510p-e-m\">\n<ul class=\"product_description_item-list\">\n<li class=\"product_description_item\">8 \u00d7 Gigabit PoE ports, 1 \u00d7 Gigabit RJ45 port, 1 \u00d7 Gigabit SFP fiber optical port<\/li>\n<li class=\"product_description_item\">IEEE 802.3at\/af standard<\/li>\n<li class=\"product_description_item\">IEEE 802.3, IEEE 802.3u, IEEE 802.3x, IEEE 802.3ab, and IEEE 802.3z standard<\/li>\n<li class=\"product_description_item\">6 KV surge protection for PoE ports<\/li>\n<li class=\"product_description_item\">PoE power management<\/li>\n<li class=\"product_description_item\">Gigabit network access<\/li>\n<li class=\"product_description_item\">Wire-speed forwarding and non-blocking design<\/li>\n<li class=\"product_description_item\">Store-and-forward switching<\/li>\n<li class=\"product_description_item\">Solid high-strength metal shell<\/li>\n<li class=\"product_description_item\">Reliable fan-free design<\/li>\n<li>\n<ul class=\"tech-specs-items-description\" data-target=\"Network Parameters\">\n<li class=\"tech-specs-items-description-list\"><span class=\"tech-specs-items-description__title--heading\">Network Parameters<\/span><\/li>\n<li class=\"tech-specs-items-description-list\"><span class=\"tech-specs-items-description__title\">Ports<\/span><span class=\"tech-specs-items-description__title-details\">8 \u00d7 Gigabit PoE ports, 1 \u00d7 Gigabit RJ45 port, and 1 \u00d7 Gigabit fiber optical port<\/span><\/li>\n<li class=\"tech-specs-items-description-list\"><span class=\"tech-specs-items-description__title\">Port Type<\/span><span class=\"tech-specs-items-description__title-details\">RJ45 port, full duplex, MDI\/MDI-X adaptive<\/span><\/li>\n<li class=\"tech-specs-items-description-list\"><span class=\"tech-specs-items-description__title\">Standard<\/span><span class=\"tech-specs-items-description__title-details\">IEEE 802.3, IEEE 802.3u, IEEE 802.3x, IEEE 802.3ab, IEEE 802.3z<\/span><\/li>\n<li class=\"tech-specs-items-description-list\"><span class=\"tech-specs-items-description__title\">Forwarding Mode<\/span><span class=\"tech-specs-items-description__title-details\">Store-and-forward switching<\/span><\/li>\n<li class=\"tech-specs-items-description-list\"><span class=\"tech-specs-items-description__title\">MAC Address Table<\/span><span class=\"tech-specs-items-description__title-details\">4 K<\/span><\/li>\n<li class=\"tech-specs-items-description-list\"><span class=\"tech-specs-items-description__title\">Switching Capacity<\/span><span class=\"tech-specs-items-description__title-details\">20 Gbps<\/span><\/li>\n<li class=\"tech-specs-items-description-list\"><span class=\"tech-specs-items-description__title\">Packet Forwarding Rate<\/span><span class=\"tech-specs-items-description__title-details\">14.88 Mpps<\/span><\/li>\n<li class=\"tech-specs-items-description-list\"><span class=\"tech-specs-items-description__title\">Internal Cache<\/span><span class=\"tech-specs-items-description__title-details\">1.5 Mbits<\/span><\/li>\n<\/ul>\n<ul class=\"tech-specs-items-description\" data-target=\"PoE Power Supply\">\n<li class=\"tech-specs-items-description-list\"><span class=\"tech-specs-items-description__title--heading\">PoE Power Supply<\/span><\/li>\n<li class=\"tech-specs-items-description-list\"><span class=\"tech-specs-items-description__title\">PoE Standard<\/span><span class=\"tech-specs-items-description__title-details\">IEEE 802.3af, IEEE 802.3at<\/span><\/li>\n<li class=\"tech-specs-items-description-list\"><span class=\"tech-specs-items-description__title\">PoE Power Pin<\/span><span class=\"tech-specs-items-description__title-details\">End-span: 1\/2(-), 3\/6(+)<\/span><\/li>\n<li class=\"tech-specs-items-description-list\"><span class=\"tech-specs-items-description__title\">PoE Port<\/span><span class=\"tech-specs-items-description__title-details\">Ports 1 to 8<\/span><\/li>\n<li class=\"tech-specs-items-description-list\"><span class=\"tech-specs-items-description__title\">Max. Port Power<\/span><span class=\"tech-specs-items-description__title-details\">30 W<\/span><\/li>\n<li class=\"tech-specs-items-description-list\"><span class=\"tech-specs-items-description__title\">PoE Power Budget<\/span><span class=\"tech-specs-items-description__title-details\">58 W<\/span><\/li>\n<\/ul>\n<ul class=\"tech-specs-items-description\" data-target=\"General\">\n<li class=\"tech-specs-items-description-list\"><span class=\"tech-specs-items-description__title--heading\">General<\/span><\/li>\n<li class=\"tech-specs-items-description-list\"><span class=\"tech-specs-items-description__title\">Dimensions (W \u00d7 H \u00d7 D)<\/span><span class=\"tech-specs-items-description__title-details\">217.6 mm \u00d7 27.8 mm \u00d7 108.55 mm (8.6\u201d \u00d7 1.1\u201d \u00d7 4.3\u201d)<\/span><\/li>\n<li class=\"tech-specs-items-description-list\"><span class=\"tech-specs-items-description__title\">Shell<\/span><span class=\"tech-specs-items-description__title-details\">Metal material, fan-free design<\/span><\/li>\n<li class=\"tech-specs-items-description-list\"><span class=\"tech-specs-items-description__title\">Gross Weight<\/span><span class=\"tech-specs-items-description__title-details\">1.37 kg (3.01 lb)<\/span><\/li>\n<li class=\"tech-specs-items-description-list\"><span class=\"tech-specs-items-description__title\">Net Weight<\/span><span class=\"tech-specs-items-description__title-details\">0.64 kg (1.40 lb)<\/span><\/li>\n<li class=\"tech-specs-items-description-list\"><span class=\"tech-specs-items-description__title\">Operating Temperature<\/span><span class=\"tech-specs-items-description__title-details\">\u201310 \u00b0C to 55 \u00b0C (14 \u00b0F to 131 \u00b0F)<\/span><\/li>\n<li class=\"tech-specs-items-description-list\"><span class=\"tech-specs-items-description__title\">Operating Humidity<\/span><span class=\"tech-specs-items-description__title-details\">5% to 95% (no condensation)<\/span><\/li>\n<li class=\"tech-specs-items-description-list\"><span class=\"tech-specs-items-description__title\">Storage Temperature<\/span><span class=\"tech-specs-items-description__title-details\">\u201340 \u00b0C to 85 \u00b0C (\u201340 \u00b0F to 185 \u00b0F)<\/span><\/li>\n<li class=\"tech-specs-items-description-list\"><span class=\"tech-specs-items-description__title\">Storage Humidity<\/span><span class=\"tech-specs-items-description__title-details\">5% to 95% (no condensation)<\/span><\/li>\n<li class=\"tech-specs-items-description-list\"><span class=\"tech-specs-items-description__title\">Power Supply<\/span><span class=\"tech-specs-items-description__title-details\">48 VDC, 1.35 A<\/span><\/li>\n<li class=\"tech-specs-items-description-list\"><span class=\"tech-specs-items-description__title\">Power Consumption In Idle<\/span><span class=\"tech-specs-items-description__title-details\">7 W<\/span><\/li>\n<li class=\"tech-specs-items-description-list\"><span class=\"tech-specs-items-description__title\">Max. Power Consumption<\/span><span class=\"tech-specs-items-description__title-details\">65 W<\/span><\/li>\n<\/ul>\n<ul class=\"tech-specs-items-description\" data-target=\"Approval\">\n<li class=\"tech-specs-items-description-list\"><span class=\"tech-specs-items-description__title--heading\">Approval<\/span><\/li>\n<li class=\"tech-specs-items-description-list\"><span class=\"tech-specs-items-description__title\">EMC<\/span><span class=\"tech-specs-items-description__title-details\">FCC (ANSI C63.4, 47 CFR PART 15B); CE-EMC\/RCM (EN 55032: 2015+A11:2020, EN IEC 61000-3-2: 2019, EN 61000-3-3: 2013+A1:2019, EN 50130-4:2011+A1:2014, EN 55035:2017+A11:2020); IC (ICES-003: Issue 9)<\/span><\/li>\n<li class=\"tech-specs-items-description-list\"><span class=\"tech-specs-items-description__title\">Safety<\/span><span class=\"tech-specs-items-description__title-details\">UL (UL 62368-1); CB(IEC 62368-1:2014); CE-LVD (EN 62368-1:2014+A11:2019)<\/span><\/li>\n<li class=\"tech-specs-items-description-list\"><span class=\"tech-specs-items-description__title\">Chemistry<\/span><span class=\"tech-specs-items-description__title-details\">CE-RoHS (2011\/65\/EU); WEEE (2012\/19\/EU); Reach (Regulation (EC) No 1907\/2008)\u00a0<\/span><\/li>\n<\/ul>\n<\/li>\n<\/ul>\n<\/div>\n<\/div>\n<\/div>\n<\/div>\n<div class=\"sub-products-tab-en aem-GridColumn aem-GridColumn--default--12\">\n<div class=\"mult-tabs-container-comp sub-products-tab-en-comp\" data-resource=\"\/content\/hikvision\/en\/products\/transmission\/Network-Switches\/Value-Series\/ds-3e0510p-e-m\/jcr:content\/root\/responsivegrid\/sub-products-tab-en\">\n<div class=\"content-available-models-wrapper\">\n<div class=\"content-available-models\"><\/div>\n<\/div>\n<\/div>\n<\/div>","protected":false},"excerpt":{"rendered":"<p>8 \u00d7 Gigabit PoE ports, 1 \u00d7 Gigabit RJ45 port, 1 \u00d7 Gigabit SFP fiber optical port IEEE 802.3at\/af standard IEEE 802.3, IEEE 802.3u, IEEE 802.3x, IEEE 802.3ab, and IEEE 802.3z standard 6 KV surge protection for PoE ports PoE &hellip; <a href=\"https:\/\/prosrve.com\/ar\/product\/hikvision-ds-3e0510p-e-mo-std-8-port-gigabit-unmanaged-poe-switch\/\">Readmore<\/a><\/p>","protected":false},"featured_media":10415,"comment_status":"open","ping_status":"closed","template":"","meta":[],"product_brand":[273],"product_cat":[300,301,303],"product_tag":[371,386,649],"class_list":{"0":"post-10410","1":"product","2":"type-product","3":"status-publish","4":"has-post-thumbnail","6":"product_brand-hikvision","7":"product_cat-networking-servers","8":"product_cat-switches-firewall","9":"product_cat-switches","10":"product_tag-8-port","11":"product_tag-poe","12":"product_tag-unmanaged","14":"first","15":"instock","16":"shipping-taxable","17":"purchasable","18":"product-type-simple"},"yoast_head":"<!-- This site is optimized with the Yoast SEO plugin v22.7 - https:\/\/yoast.com\/wordpress\/plugins\/seo\/ -->\n<title>Hikvision DS-3E0510P-E\/M(O-STD) ,8 Port Gigabit Unmanaged POE Switch - Proserve LLC<\/title>\n<meta name=\"robots\" content=\"index, follow, max-snippet:-1, max-image-preview:large, max-video-preview:-1\" \/>\n<link rel=\"canonical\" href=\"https:\/\/prosrve.com\/ar\/product\/hikvision-ds-3e0510p-e-mo-std-8-port-gigabit-unmanaged-poe-switch\/\" \/>\n<meta property=\"og:locale\" content=\"ar_AR\" \/>\n<meta property=\"og:type\" content=\"article\" \/>\n<meta property=\"og:title\" content=\"Hikvision DS-3E0510P-E\/M(O-STD) ,8 Port Gigabit Unmanaged POE Switch - Proserve LLC\" \/>\n<meta property=\"og:description\" content=\"8 \u00d7 Gigabit PoE ports, 1 \u00d7 Gigabit RJ45 port, 1 \u00d7 Gigabit SFP fiber optical port IEEE 802.3at\/af standard IEEE 802.3, IEEE 802.3u, IEEE 802.3x, IEEE 802.3ab, and IEEE 802.3z standard 6 KV surge protection for PoE ports PoE &hellip; Readmore\" \/>\n<meta property=\"og:url\" content=\"https:\/\/prosrve.com\/ar\/product\/hikvision-ds-3e0510p-e-mo-std-8-port-gigabit-unmanaged-poe-switch\/\" \/>\n<meta property=\"og:site_name\" content=\"Proserve LLC\" \/>\n<meta property=\"article:publisher\" content=\"https:\/\/www.facebook.com\/pages\/ProServe-LLC\/628145137291830\" \/>\n<meta property=\"article:modified_time\" content=\"2023-11-30T07:18:34+00:00\" \/>\n<meta property=\"og:image\" content=\"https:\/\/prosrve.com\/wp-content\/uploads\/2023\/09\/22222.webp\" \/>\n\t<meta property=\"og:image:width\" content=\"800\" \/>\n\t<meta property=\"og:image:height\" content=\"450\" \/>\n\t<meta property=\"og:image:type\" content=\"image\/webp\" \/>\n<meta name=\"twitter:card\" content=\"summary_large_image\" \/>\n<meta name=\"twitter:label1\" content=\"\u0648\u0642\u062a \u0627\u0644\u0642\u0631\u0627\u0621\u0629 \u0627\u0644\u0645\u064f\u0642\u062f\u0651\u0631\" \/>\n\t<meta name=\"twitter:data1\" content=\"\u062f\u0642\u064a\u0642\u062a\u0627\u0646\" \/>\n<script type=\"application\/ld+json\" class=\"yoast-schema-graph\">{\"@context\":\"https:\/\/schema.org\",\"@graph\":[{\"@type\":\"WebPage\",\"@id\":\"https:\/\/prosrve.com\/product\/hikvision-ds-3e0510p-e-mo-std-8-port-gigabit-unmanaged-poe-switch\/\",\"url\":\"https:\/\/prosrve.com\/product\/hikvision-ds-3e0510p-e-mo-std-8-port-gigabit-unmanaged-poe-switch\/\",\"name\":\"Hikvision DS-3E0510P-E\/M(O-STD) ,8 Port Gigabit Unmanaged POE Switch - Proserve LLC\",\"isPartOf\":{\"@id\":\"https:\/\/prosrve.com\/#website\"},\"primaryImageOfPage\":{\"@id\":\"https:\/\/prosrve.com\/product\/hikvision-ds-3e0510p-e-mo-std-8-port-gigabit-unmanaged-poe-switch\/#primaryimage\"},\"image\":{\"@id\":\"https:\/\/prosrve.com\/product\/hikvision-ds-3e0510p-e-mo-std-8-port-gigabit-unmanaged-poe-switch\/#primaryimage\"},\"thumbnailUrl\":\"https:\/\/prosrve.com\/wp-content\/uploads\/2023\/09\/22222.webp\",\"datePublished\":\"2023-09-18T08:06:56+00:00\",\"dateModified\":\"2023-11-30T07:18:34+00:00\",\"breadcrumb\":{\"@id\":\"https:\/\/prosrve.com\/product\/hikvision-ds-3e0510p-e-mo-std-8-port-gigabit-unmanaged-poe-switch\/#breadcrumb\"},\"inLanguage\":\"ar\",\"potentialAction\":[{\"@type\":\"ReadAction\",\"target\":[\"https:\/\/prosrve.com\/product\/hikvision-ds-3e0510p-e-mo-std-8-port-gigabit-unmanaged-poe-switch\/\"]}]},{\"@type\":\"ImageObject\",\"inLanguage\":\"ar\",\"@id\":\"https:\/\/prosrve.com\/product\/hikvision-ds-3e0510p-e-mo-std-8-port-gigabit-unmanaged-poe-switch\/#primaryimage\",\"url\":\"https:\/\/prosrve.com\/wp-content\/uploads\/2023\/09\/22222.webp\",\"contentUrl\":\"https:\/\/prosrve.com\/wp-content\/uploads\/2023\/09\/22222.webp\",\"width\":800,\"height\":450},{\"@type\":\"BreadcrumbList\",\"@id\":\"https:\/\/prosrve.com\/product\/hikvision-ds-3e0510p-e-mo-std-8-port-gigabit-unmanaged-poe-switch\/#breadcrumb\",\"itemListElement\":[{\"@type\":\"ListItem\",\"position\":1,\"name\":\"Home\",\"item\":\"https:\/\/prosrve.com\/\"},{\"@type\":\"ListItem\",\"position\":2,\"name\":\"Shop\",\"item\":\"https:\/\/prosrve.com\/shop\/\"},{\"@type\":\"ListItem\",\"position\":3,\"name\":\"Hikvision DS-3E0510P-E\/M(O-STD) ,8 Port Gigabit Unmanaged POE Switch\"}]},{\"@type\":\"WebSite\",\"@id\":\"https:\/\/prosrve.com\/#website\",\"url\":\"https:\/\/prosrve.com\/\",\"name\":\"Proserve LLC\",\"description\":\"\",\"publisher\":{\"@id\":\"https:\/\/prosrve.com\/#organization\"},\"potentialAction\":[{\"@type\":\"SearchAction\",\"target\":{\"@type\":\"EntryPoint\",\"urlTemplate\":\"https:\/\/prosrve.com\/?s={search_term_string}\"},\"query-input\":\"required name=search_term_string\"}],\"inLanguage\":\"ar\"},{\"@type\":\"Organization\",\"@id\":\"https:\/\/prosrve.com\/#organization\",\"name\":\"proserve\",\"url\":\"https:\/\/prosrve.com\/\",\"logo\":{\"@type\":\"ImageObject\",\"inLanguage\":\"ar\",\"@id\":\"https:\/\/prosrve.com\/#\/schema\/logo\/image\/\",\"url\":\"https:\/\/prosrve.com\/wp-content\/uploads\/2020\/06\/Logo.png\",\"contentUrl\":\"https:\/\/prosrve.com\/wp-content\/uploads\/2020\/06\/Logo.png\",\"width\":187,\"height\":88,\"caption\":\"proserve\"},\"image\":{\"@id\":\"https:\/\/prosrve.com\/#\/schema\/logo\/image\/\"},\"sameAs\":[\"https:\/\/www.facebook.com\/pages\/ProServe-LLC\/628145137291830\"]}]}<\/script>\n<!-- \/ Yoast SEO plugin. -->","yoast_head_json":{"title":"Hikvision DS-3E0510P-E\/M(O-STD) ,8 Port Gigabit Unmanaged POE Switch - Proserve LLC","robots":{"index":"index","follow":"follow","max-snippet":"max-snippet:-1","max-image-preview":"max-image-preview:large","max-video-preview":"max-video-preview:-1"},"canonical":"https:\/\/prosrve.com\/ar\/product\/hikvision-ds-3e0510p-e-mo-std-8-port-gigabit-unmanaged-poe-switch\/","og_locale":"ar_AR","og_type":"article","og_title":"Hikvision DS-3E0510P-E\/M(O-STD) ,8 Port Gigabit Unmanaged POE Switch - Proserve LLC","og_description":"8 \u00d7 Gigabit PoE ports, 1 \u00d7 Gigabit RJ45 port, 1 \u00d7 Gigabit SFP fiber optical port IEEE 802.3at\/af standard IEEE 802.3, IEEE 802.3u, IEEE 802.3x, IEEE 802.3ab, and IEEE 802.3z standard 6 KV surge protection for PoE ports PoE &hellip; Readmore","og_url":"https:\/\/prosrve.com\/ar\/product\/hikvision-ds-3e0510p-e-mo-std-8-port-gigabit-unmanaged-poe-switch\/","og_site_name":"Proserve LLC","article_publisher":"https:\/\/www.facebook.com\/pages\/ProServe-LLC\/628145137291830","article_modified_time":"2023-11-30T07:18:34+00:00","og_image":[{"width":800,"height":450,"url":"https:\/\/prosrve.com\/wp-content\/uploads\/2023\/09\/22222.webp","type":"image\/webp"}],"twitter_card":"summary_large_image","twitter_misc":{"\u0648\u0642\u062a \u0627\u0644\u0642\u0631\u0627\u0621\u0629 \u0627\u0644\u0645\u064f\u0642\u062f\u0651\u0631":"\u062f\u0642\u064a\u0642\u062a\u0627\u0646"},"schema":{"@context":"https:\/\/schema.org","@graph":[{"@type":"WebPage","@id":"https:\/\/prosrve.com\/product\/hikvision-ds-3e0510p-e-mo-std-8-port-gigabit-unmanaged-poe-switch\/","url":"https:\/\/prosrve.com\/product\/hikvision-ds-3e0510p-e-mo-std-8-port-gigabit-unmanaged-poe-switch\/","name":"Hikvision DS-3E0510P-E\/M(O-STD) ,8 Port Gigabit Unmanaged POE Switch - Proserve LLC","isPartOf":{"@id":"https:\/\/prosrve.com\/#website"},"primaryImageOfPage":{"@id":"https:\/\/prosrve.com\/product\/hikvision-ds-3e0510p-e-mo-std-8-port-gigabit-unmanaged-poe-switch\/#primaryimage"},"image":{"@id":"https:\/\/prosrve.com\/product\/hikvision-ds-3e0510p-e-mo-std-8-port-gigabit-unmanaged-poe-switch\/#primaryimage"},"thumbnailUrl":"https:\/\/prosrve.com\/wp-content\/uploads\/2023\/09\/22222.webp","datePublished":"2023-09-18T08:06:56+00:00","dateModified":"2023-11-30T07:18:34+00:00","breadcrumb":{"@id":"https:\/\/prosrve.com\/product\/hikvision-ds-3e0510p-e-mo-std-8-port-gigabit-unmanaged-poe-switch\/#breadcrumb"},"inLanguage":"ar","potentialAction":[{"@type":"ReadAction","target":["https:\/\/prosrve.com\/product\/hikvision-ds-3e0510p-e-mo-std-8-port-gigabit-unmanaged-poe-switch\/"]}]},{"@type":"ImageObject","inLanguage":"ar","@id":"https:\/\/prosrve.com\/product\/hikvision-ds-3e0510p-e-mo-std-8-port-gigabit-unmanaged-poe-switch\/#primaryimage","url":"https:\/\/prosrve.com\/wp-content\/uploads\/2023\/09\/22222.webp","contentUrl":"https:\/\/prosrve.com\/wp-content\/uploads\/2023\/09\/22222.webp","width":800,"height":450},{"@type":"BreadcrumbList","@id":"https:\/\/prosrve.com\/product\/hikvision-ds-3e0510p-e-mo-std-8-port-gigabit-unmanaged-poe-switch\/#breadcrumb","itemListElement":[{"@type":"ListItem","position":1,"name":"Home","item":"https:\/\/prosrve.com\/"},{"@type":"ListItem","position":2,"name":"Shop","item":"https:\/\/prosrve.com\/shop\/"},{"@type":"ListItem","position":3,"name":"Hikvision DS-3E0510P-E\/M(O-STD) ,8 Port Gigabit Unmanaged POE Switch"}]},{"@type":"WebSite","@id":"https:\/\/prosrve.com\/#website","url":"https:\/\/prosrve.com\/","name":"Proserve LLC","description":"","publisher":{"@id":"https:\/\/prosrve.com\/#organization"},"potentialAction":[{"@type":"SearchAction","target":{"@type":"EntryPoint","urlTemplate":"https:\/\/prosrve.com\/?s={search_term_string}"},"query-input":"required name=search_term_string"}],"inLanguage":"ar"},{"@type":"Organization","@id":"https:\/\/prosrve.com\/#organization","name":"proserve","url":"https:\/\/prosrve.com\/","logo":{"@type":"ImageObject","inLanguage":"ar","@id":"https:\/\/prosrve.com\/#\/schema\/logo\/image\/","url":"https:\/\/prosrve.com\/wp-content\/uploads\/2020\/06\/Logo.png","contentUrl":"https:\/\/prosrve.com\/wp-content\/uploads\/2020\/06\/Logo.png","width":187,"height":88,"caption":"proserve"},"image":{"@id":"https:\/\/prosrve.com\/#\/schema\/logo\/image\/"},"sameAs":["https:\/\/www.facebook.com\/pages\/ProServe-LLC\/628145137291830"]}]}},"_links":{"self":[{"href":"https:\/\/prosrve.com\/ar\/wp-json\/wp\/v2\/product\/10410","targetHints":{"allow":["GET"]}}],"collection":[{"href":"https:\/\/prosrve.com\/ar\/wp-json\/wp\/v2\/product"}],"about":[{"href":"https:\/\/prosrve.com\/ar\/wp-json\/wp\/v2\/types\/product"}],"replies":[{"embeddable":true,"href":"https:\/\/prosrve.com\/ar\/wp-json\/wp\/v2\/comments?post=10410"}],"version-history":[{"count":3,"href":"https:\/\/prosrve.com\/ar\/wp-json\/wp\/v2\/product\/10410\/revisions"}],"predecessor-version":[{"id":10417,"href":"https:\/\/prosrve.com\/ar\/wp-json\/wp\/v2\/product\/10410\/revisions\/10417"}],"wp:featuredmedia":[{"embeddable":true,"href":"https:\/\/prosrve.com\/ar\/wp-json\/wp\/v2\/media\/10415"}],"wp:attachment":[{"href":"https:\/\/prosrve.com\/ar\/wp-json\/wp\/v2\/media?parent=10410"}],"wp:term":[{"taxonomy":"product_brand","embeddable":true,"href":"https:\/\/prosrve.com\/ar\/wp-json\/wp\/v2\/product_brand?post=10410"},{"taxonomy":"product_cat","embeddable":true,"href":"https:\/\/prosrve.com\/ar\/wp-json\/wp\/v2\/product_cat?post=10410"},{"taxonomy":"product_tag","embeddable":true,"href":"https:\/\/prosrve.com\/ar\/wp-json\/wp\/v2\/product_tag?post=10410"}],"curies":[{"name":"wp","href":"https:\/\/api.w.org\/{rel}","templated":true}]}}