{"id":10474,"date":"2023-09-18T11:19:58","date_gmt":"2023-09-18T09:19:58","guid":{"rendered":"https:\/\/prosrve.com\/?post_type=product&#038;p=10474"},"modified":"2023-09-19T10:30:25","modified_gmt":"2023-09-19T08:30:25","slug":"hikvision-ds-3e2528pbo-std-24-port-gigabit-full-managed-poe-switch","status":"publish","type":"product","link":"https:\/\/prosrve.com\/ar\/product\/hikvision-ds-3e2528pbo-std-24-port-gigabit-full-managed-poe-switch\/","title":{"rendered":"Hikvision DS-3E2528P(B)(O-STD), 24 Port Gigabit Full Managed POE Switch"},"content":{"rendered":"<h2 class=\"prod_name\"><span class=\"prod_name-content\">24 Port Gigabit Full Managed POE Switch<\/span><\/h2>\n<p>L2, Full managed, 24 Gigabit RJ45 PoE ports, 4 Gigabit SFP ports, 802.3af\/at, PoE power budget 380W, VLAN, RSTP, IGMP, QoS, ERPS<\/p>\n<ul class=\"product_description_item-list\">\n<li class=\"product_description_item\">24 Gigabit Poe electrical ports and 4 Gigabit combo ports.<\/li>\n<li class=\"product_description_item\">Support static routing, policy routing, rip, OSPF and other three-layer routing protocols.<\/li>\n<li class=\"product_description_item\">IGMP snooping and GRMP for filtering multicast traffic.<\/li>\n<li class=\"product_description_item\">Port\u2010based VLAN, IEEE 802.1Q VLAN, and GVRP to ease network planning.<\/li>\n<li class=\"product_description_item\">Support IEEE 802.1x authentication, radius and bdtacacs + authentication.<\/li>\n<li class=\"product_description_item\">Support EAPs and ERPs Ethernet ring network protection protocol.<\/li>\n<li class=\"product_description_item\">QoS (IEEE 802.1P\/1Q and TOS\/DiffServ) to increase determinism.<\/li>\n<li class=\"product_description_item\">Support IEEE 802.3af\/at compliant PoE.<\/li>\n<li class=\"product_description_item\">Each PoE port provides up to 30W output power.<\/li>\n<li class=\"product_description_item\">PoE management: PoE device detection, PoE power management.<\/li>\n<li class=\"product_description_item\">Easy network management by web browser, Console, Telnet, SSH.<\/li>\n<li class=\"product_description_item\">SNMPv1\/v2c\/v3 for different levels of network management.<\/li>\n<li>\n<ul class=\"tech-specs-items-description\" data-target=\"Network Parameters\">\n<li class=\"tech-specs-items-description-list\"><span class=\"tech-specs-items-description__title--heading\">Network Parameters<\/span><\/li>\n<li class=\"tech-specs-items-description-list\"><span class=\"tech-specs-items-description__title\">Portos<\/span><span class=\"tech-specs-items-description__title-details\">24 \u00d7 1 Gbps PoE port,4 \u00d7 1 Gbps combo<\/span><\/li>\n<li class=\"tech-specs-items-description-list\"><span class=\"tech-specs-items-description__title\">MAC Address Table<\/span><span class=\"tech-specs-items-description__title-details\">336 Gbps<\/span><\/li>\n<li class=\"tech-specs-items-description-list\"><span class=\"tech-specs-items-description__title\">Switching Capacity<\/span><span class=\"tech-specs-items-description__title-details\">56 Gbps<\/span><\/li>\n<li class=\"tech-specs-items-description-list\"><span class=\"tech-specs-items-description__title\">Packet Forwarding Rate<\/span><span class=\"tech-specs-items-description__title-details\">51 Mpps<\/span><\/li>\n<\/ul>\n<ul class=\"tech-specs-items-description\" data-target=\"PoE Power Supply\">\n<li class=\"tech-specs-items-description-list\"><span class=\"tech-specs-items-description__title--heading\">PoE Power Supply<\/span><\/li>\n<li class=\"tech-specs-items-description-list\"><span class=\"tech-specs-items-description__title\">PoE Standard<\/span><span class=\"tech-specs-items-description__title-details\">IEEE 802.3af,IEEE 802.3at<\/span><\/li>\n<li class=\"tech-specs-items-description-list\"><span class=\"tech-specs-items-description__title\">PoE Power Pin<\/span><span class=\"tech-specs-items-description__title-details\">1\/2 (+), 3\/6 (-)<\/span><\/li>\n<li class=\"tech-specs-items-description-list\"><span class=\"tech-specs-items-description__title\">PoE Power Budget<\/span><span class=\"tech-specs-items-description__title-details\">370 W<\/span><\/li>\n<\/ul>\n<ul class=\"tech-specs-items-description\" data-target=\"Software Function\">\n<li class=\"tech-specs-items-description-list\"><span class=\"tech-specs-items-description__title--heading\">Software Function<\/span><\/li>\n<li class=\"tech-specs-items-description-list\"><span class=\"tech-specs-items-description__title\">VLAN<\/span>\n<p class=\"mb-p\">Support IEEE 802.1Q (VLAN), 4096 VLAN IDs<\/p>\n<p class=\"mb-p\">Support GVRP<\/p>\n<p class=\"mb-p\">Support QinQ<\/p>\n<p class=\"mb-p\">Support VLAN based on MAC\/protocol\/IP subnet\/policy\/port<\/p>\n<p class=\"mb-p\">Support Private VLAN<\/p>\n<p class=\"mb-p\">Support 1:1 and N:1 VLAN mapping functions<\/p>\n<\/li>\n<li class=\"tech-specs-items-description-list\"><span class=\"tech-specs-items-description__title\">QoS<\/span>\n<p class=\"mb-p\">Support Diff-Serv QoS<\/p>\n<p class=\"mb-p\">Support 802.1p\/DSCP priority mapping<\/p>\n<p class=\"mb-p\">Support queue scheduling including SP, WRR, WFQ, SP+WRR, SP+WFQ<\/p>\n<p class=\"mb-p\">Support priority marking and remarking<\/p>\n<p class=\"mb-p\">Support traffic shaping<\/p>\n<p class=\"mb-p\">Support congestion avoidance, Tail-Drop and WRED<\/p>\n<p class=\"mb-p\">Support 802.1p, TOS, DSCP, and EXP priority mapping<\/p>\n<p class=\"mb-p\">Support port\/flow-based rate limiting<\/p>\n<\/li>\n<li class=\"tech-specs-items-description-list\"><span class=\"tech-specs-items-description__title\">Management Method<\/span>\n<p class=\"mb-p\">Support Console, Telnet, SSH<\/p>\n<p class=\"mb-p\">Support web, http, https<\/p>\n<p class=\"mb-p\">Support FTP, TFTP, Xmodem, SFTP<\/p>\n<p class=\"mb-p\">Support SNMP V1\/V2c\/V3<\/p>\n<p class=\"mb-p\">Support RMON<\/p>\n<p class=\"mb-p\">Support NTP<\/p>\n<\/li>\n<li class=\"tech-specs-items-description-list\"><span class=\"tech-specs-items-description__title\">Multicast<\/span>\n<p class=\"mb-p\">Support IGMP v1\/v2\/v3 Snooping<\/p>\n<p class=\"mb-p\">Support IGMP V1\/V2\/V3<\/p>\n<p class=\"mb-p\">Support MLD Snooping v1\/v2<\/p>\n<p class=\"mb-p\">Support MLD v1\/v2<\/p>\n<\/li>\n<li class=\"tech-specs-items-description-list\"><span class=\"tech-specs-items-description__title\">Security<\/span>\n<p class=\"mb-p\">Support AAA,TACACS+ Radius authentication<\/p>\n<p class=\"mb-p\">Support 802.1X authentication, MAC authentication, MAC bypass authentication<\/p>\n<p class=\"mb-p\">Support to prevent DOS, ARP attack function, ICMP anti attack<\/p>\n<p class=\"mb-p\">Support binding of IP, MAC, port and VLAN<\/p>\n<p class=\"mb-p\">Support MAC authentication<\/p>\n<p class=\"mb-p\">Support MAC address filtering<\/p>\n<p class=\"mb-p\">Support broadcast\/multicast\/unknown-unicast storm control<\/p>\n<\/li>\n<\/ul>\n<ul class=\"tech-specs-items-description\" data-target=\"General\">\n<li class=\"tech-specs-items-description-list\"><span class=\"tech-specs-items-description__title--heading\">General<\/span><\/li>\n<li class=\"tech-specs-items-description-list\"><span class=\"tech-specs-items-description__title\">Net Weight<\/span><span class=\"tech-specs-items-description__title-details\">3.1 kg (6.83 lb)<\/span><\/li>\n<li class=\"tech-specs-items-description-list\"><span class=\"tech-specs-items-description__title\">Dimensions (W \u00d7 H \u00d7 D)<\/span><span class=\"tech-specs-items-description__title-details\">440.00 mm \u00d7 44.00 mm \u00d7 210.00 mm (17.32&#8221; \u00d7 1.73&#8221; \u00d7 8.27&#8221;)<\/span><\/li>\n<li class=\"tech-specs-items-description-list\"><span class=\"tech-specs-items-description__title\">Operating Temperature<\/span><span class=\"tech-specs-items-description__title-details\">-10 \u00b0C to 50 \u00b0C (14 \u00b0F to 122 \u00b0F)<\/span><\/li>\n<li class=\"tech-specs-items-description-list\"><span class=\"tech-specs-items-description__title\">Operating Humidity<\/span><span class=\"tech-specs-items-description__title-details\">10% to 90% (no condensation)<\/span><\/li>\n<li class=\"tech-specs-items-description-list\"><span class=\"tech-specs-items-description__title\">Power Supply<\/span><span class=\"tech-specs-items-description__title-details\">100-240 VAC, 50\/60 Hz<\/span><\/li>\n<li class=\"tech-specs-items-description-list\"><span class=\"tech-specs-items-description__title\">Power Consumption<\/span><span class=\"tech-specs-items-description__title-details\">17 W<\/span><\/li>\n<\/ul>\n<\/li>\n<\/ul>","protected":false},"excerpt":{"rendered":"<p>24 Port Gigabit Full Managed POE Switch L2, Full managed, 24 Gigabit RJ45 PoE ports, 4 Gigabit SFP ports, 802.3af\/at, PoE power budget 380W, VLAN, RSTP, IGMP, QoS, ERPS 24 Gigabit Poe electrical ports and 4 Gigabit combo ports. Support &hellip; <a href=\"https:\/\/prosrve.com\/ar\/product\/hikvision-ds-3e2528pbo-std-24-port-gigabit-full-managed-poe-switch\/\">Readmore<\/a><\/p>","protected":false},"featured_media":10480,"comment_status":"open","ping_status":"closed","template":"","meta":[],"product_brand":[273],"product_cat":[300,301,303],"product_tag":[414,651,386],"class_list":{"0":"post-10474","1":"product","2":"type-product","3":"status-publish","4":"has-post-thumbnail","6":"product_brand-hikvision","7":"product_cat-networking-servers","8":"product_cat-switches-firewall","9":"product_cat-switches","10":"product_tag-24-port","11":"product_tag-managed","12":"product_tag-poe","14":"first","15":"instock","16":"shipping-taxable","17":"purchasable","18":"product-type-simple"},"yoast_head":"<!-- This site is optimized with the Yoast SEO plugin v22.7 - https:\/\/yoast.com\/wordpress\/plugins\/seo\/ -->\n<title>Hikvision DS-3E2528P(B)(O-STD), 24 Port Gigabit Full Managed POE Switch - Proserve LLC<\/title>\n<meta name=\"robots\" content=\"index, follow, max-snippet:-1, max-image-preview:large, max-video-preview:-1\" \/>\n<link rel=\"canonical\" href=\"https:\/\/prosrve.com\/ar\/product\/hikvision-ds-3e2528pbo-std-24-port-gigabit-full-managed-poe-switch\/\" \/>\n<meta property=\"og:locale\" content=\"ar_AR\" \/>\n<meta property=\"og:type\" content=\"article\" \/>\n<meta property=\"og:title\" content=\"Hikvision DS-3E2528P(B)(O-STD), 24 Port Gigabit Full Managed POE Switch - Proserve LLC\" \/>\n<meta property=\"og:description\" content=\"24 Port Gigabit Full Managed POE Switch L2, Full managed, 24 Gigabit RJ45 PoE ports, 4 Gigabit SFP ports, 802.3af\/at, PoE power budget 380W, VLAN, RSTP, IGMP, QoS, ERPS 24 Gigabit Poe electrical ports and 4 Gigabit combo ports. Support &hellip; Readmore\" \/>\n<meta property=\"og:url\" content=\"https:\/\/prosrve.com\/ar\/product\/hikvision-ds-3e2528pbo-std-24-port-gigabit-full-managed-poe-switch\/\" \/>\n<meta property=\"og:site_name\" content=\"Proserve LLC\" \/>\n<meta property=\"article:publisher\" content=\"https:\/\/www.facebook.com\/pages\/ProServe-LLC\/628145137291830\" \/>\n<meta property=\"article:modified_time\" content=\"2023-09-19T08:30:25+00:00\" \/>\n<meta property=\"og:image\" content=\"https:\/\/prosrve.com\/wp-content\/uploads\/2023\/09\/06-2.webp\" \/>\n\t<meta property=\"og:image:width\" content=\"616\" \/>\n\t<meta property=\"og:image:height\" content=\"347\" \/>\n\t<meta property=\"og:image:type\" content=\"image\/webp\" \/>\n<meta name=\"twitter:card\" content=\"summary_large_image\" \/>\n<meta name=\"twitter:label1\" content=\"\u0648\u0642\u062a \u0627\u0644\u0642\u0631\u0627\u0621\u0629 \u0627\u0644\u0645\u064f\u0642\u062f\u0651\u0631\" \/>\n\t<meta name=\"twitter:data1\" content=\"\u062f\u0642\u064a\u0642\u062a\u0627\u0646\" \/>\n<script type=\"application\/ld+json\" class=\"yoast-schema-graph\">{\"@context\":\"https:\/\/schema.org\",\"@graph\":[{\"@type\":\"WebPage\",\"@id\":\"https:\/\/prosrve.com\/product\/hikvision-ds-3e2528pbo-std-24-port-gigabit-full-managed-poe-switch\/\",\"url\":\"https:\/\/prosrve.com\/product\/hikvision-ds-3e2528pbo-std-24-port-gigabit-full-managed-poe-switch\/\",\"name\":\"Hikvision DS-3E2528P(B)(O-STD), 24 Port Gigabit Full Managed POE Switch - Proserve LLC\",\"isPartOf\":{\"@id\":\"https:\/\/prosrve.com\/#website\"},\"primaryImageOfPage\":{\"@id\":\"https:\/\/prosrve.com\/product\/hikvision-ds-3e2528pbo-std-24-port-gigabit-full-managed-poe-switch\/#primaryimage\"},\"image\":{\"@id\":\"https:\/\/prosrve.com\/product\/hikvision-ds-3e2528pbo-std-24-port-gigabit-full-managed-poe-switch\/#primaryimage\"},\"thumbnailUrl\":\"https:\/\/prosrve.com\/wp-content\/uploads\/2023\/09\/06-2.webp\",\"datePublished\":\"2023-09-18T09:19:58+00:00\",\"dateModified\":\"2023-09-19T08:30:25+00:00\",\"breadcrumb\":{\"@id\":\"https:\/\/prosrve.com\/product\/hikvision-ds-3e2528pbo-std-24-port-gigabit-full-managed-poe-switch\/#breadcrumb\"},\"inLanguage\":\"ar\",\"potentialAction\":[{\"@type\":\"ReadAction\",\"target\":[\"https:\/\/prosrve.com\/product\/hikvision-ds-3e2528pbo-std-24-port-gigabit-full-managed-poe-switch\/\"]}]},{\"@type\":\"ImageObject\",\"inLanguage\":\"ar\",\"@id\":\"https:\/\/prosrve.com\/product\/hikvision-ds-3e2528pbo-std-24-port-gigabit-full-managed-poe-switch\/#primaryimage\",\"url\":\"https:\/\/prosrve.com\/wp-content\/uploads\/2023\/09\/06-2.webp\",\"contentUrl\":\"https:\/\/prosrve.com\/wp-content\/uploads\/2023\/09\/06-2.webp\",\"width\":616,\"height\":347},{\"@type\":\"BreadcrumbList\",\"@id\":\"https:\/\/prosrve.com\/product\/hikvision-ds-3e2528pbo-std-24-port-gigabit-full-managed-poe-switch\/#breadcrumb\",\"itemListElement\":[{\"@type\":\"ListItem\",\"position\":1,\"name\":\"Home\",\"item\":\"https:\/\/prosrve.com\/\"},{\"@type\":\"ListItem\",\"position\":2,\"name\":\"Shop\",\"item\":\"https:\/\/prosrve.com\/shop\/\"},{\"@type\":\"ListItem\",\"position\":3,\"name\":\"Hikvision DS-3E2528P(B)(O-STD), 24 Port Gigabit Full Managed POE Switch\"}]},{\"@type\":\"WebSite\",\"@id\":\"https:\/\/prosrve.com\/#website\",\"url\":\"https:\/\/prosrve.com\/\",\"name\":\"Proserve LLC\",\"description\":\"\",\"publisher\":{\"@id\":\"https:\/\/prosrve.com\/#organization\"},\"potentialAction\":[{\"@type\":\"SearchAction\",\"target\":{\"@type\":\"EntryPoint\",\"urlTemplate\":\"https:\/\/prosrve.com\/?s={search_term_string}\"},\"query-input\":\"required name=search_term_string\"}],\"inLanguage\":\"ar\"},{\"@type\":\"Organization\",\"@id\":\"https:\/\/prosrve.com\/#organization\",\"name\":\"proserve\",\"url\":\"https:\/\/prosrve.com\/\",\"logo\":{\"@type\":\"ImageObject\",\"inLanguage\":\"ar\",\"@id\":\"https:\/\/prosrve.com\/#\/schema\/logo\/image\/\",\"url\":\"https:\/\/prosrve.com\/wp-content\/uploads\/2020\/06\/Logo.png\",\"contentUrl\":\"https:\/\/prosrve.com\/wp-content\/uploads\/2020\/06\/Logo.png\",\"width\":187,\"height\":88,\"caption\":\"proserve\"},\"image\":{\"@id\":\"https:\/\/prosrve.com\/#\/schema\/logo\/image\/\"},\"sameAs\":[\"https:\/\/www.facebook.com\/pages\/ProServe-LLC\/628145137291830\"]}]}<\/script>\n<!-- \/ Yoast SEO plugin. -->","yoast_head_json":{"title":"Hikvision DS-3E2528P(B)(O-STD), 24 Port Gigabit Full Managed POE Switch - Proserve LLC","robots":{"index":"index","follow":"follow","max-snippet":"max-snippet:-1","max-image-preview":"max-image-preview:large","max-video-preview":"max-video-preview:-1"},"canonical":"https:\/\/prosrve.com\/ar\/product\/hikvision-ds-3e2528pbo-std-24-port-gigabit-full-managed-poe-switch\/","og_locale":"ar_AR","og_type":"article","og_title":"Hikvision DS-3E2528P(B)(O-STD), 24 Port Gigabit Full Managed POE Switch - Proserve LLC","og_description":"24 Port Gigabit Full Managed POE Switch L2, Full managed, 24 Gigabit RJ45 PoE ports, 4 Gigabit SFP ports, 802.3af\/at, PoE power budget 380W, VLAN, RSTP, IGMP, QoS, ERPS 24 Gigabit Poe electrical ports and 4 Gigabit combo ports. Support &hellip; Readmore","og_url":"https:\/\/prosrve.com\/ar\/product\/hikvision-ds-3e2528pbo-std-24-port-gigabit-full-managed-poe-switch\/","og_site_name":"Proserve LLC","article_publisher":"https:\/\/www.facebook.com\/pages\/ProServe-LLC\/628145137291830","article_modified_time":"2023-09-19T08:30:25+00:00","og_image":[{"width":616,"height":347,"url":"https:\/\/prosrve.com\/wp-content\/uploads\/2023\/09\/06-2.webp","type":"image\/webp"}],"twitter_card":"summary_large_image","twitter_misc":{"\u0648\u0642\u062a \u0627\u0644\u0642\u0631\u0627\u0621\u0629 \u0627\u0644\u0645\u064f\u0642\u062f\u0651\u0631":"\u062f\u0642\u064a\u0642\u062a\u0627\u0646"},"schema":{"@context":"https:\/\/schema.org","@graph":[{"@type":"WebPage","@id":"https:\/\/prosrve.com\/product\/hikvision-ds-3e2528pbo-std-24-port-gigabit-full-managed-poe-switch\/","url":"https:\/\/prosrve.com\/product\/hikvision-ds-3e2528pbo-std-24-port-gigabit-full-managed-poe-switch\/","name":"Hikvision DS-3E2528P(B)(O-STD), 24 Port Gigabit Full Managed POE Switch - Proserve LLC","isPartOf":{"@id":"https:\/\/prosrve.com\/#website"},"primaryImageOfPage":{"@id":"https:\/\/prosrve.com\/product\/hikvision-ds-3e2528pbo-std-24-port-gigabit-full-managed-poe-switch\/#primaryimage"},"image":{"@id":"https:\/\/prosrve.com\/product\/hikvision-ds-3e2528pbo-std-24-port-gigabit-full-managed-poe-switch\/#primaryimage"},"thumbnailUrl":"https:\/\/prosrve.com\/wp-content\/uploads\/2023\/09\/06-2.webp","datePublished":"2023-09-18T09:19:58+00:00","dateModified":"2023-09-19T08:30:25+00:00","breadcrumb":{"@id":"https:\/\/prosrve.com\/product\/hikvision-ds-3e2528pbo-std-24-port-gigabit-full-managed-poe-switch\/#breadcrumb"},"inLanguage":"ar","potentialAction":[{"@type":"ReadAction","target":["https:\/\/prosrve.com\/product\/hikvision-ds-3e2528pbo-std-24-port-gigabit-full-managed-poe-switch\/"]}]},{"@type":"ImageObject","inLanguage":"ar","@id":"https:\/\/prosrve.com\/product\/hikvision-ds-3e2528pbo-std-24-port-gigabit-full-managed-poe-switch\/#primaryimage","url":"https:\/\/prosrve.com\/wp-content\/uploads\/2023\/09\/06-2.webp","contentUrl":"https:\/\/prosrve.com\/wp-content\/uploads\/2023\/09\/06-2.webp","width":616,"height":347},{"@type":"BreadcrumbList","@id":"https:\/\/prosrve.com\/product\/hikvision-ds-3e2528pbo-std-24-port-gigabit-full-managed-poe-switch\/#breadcrumb","itemListElement":[{"@type":"ListItem","position":1,"name":"Home","item":"https:\/\/prosrve.com\/"},{"@type":"ListItem","position":2,"name":"Shop","item":"https:\/\/prosrve.com\/shop\/"},{"@type":"ListItem","position":3,"name":"Hikvision DS-3E2528P(B)(O-STD), 24 Port Gigabit Full Managed POE Switch"}]},{"@type":"WebSite","@id":"https:\/\/prosrve.com\/#website","url":"https:\/\/prosrve.com\/","name":"Proserve LLC","description":"","publisher":{"@id":"https:\/\/prosrve.com\/#organization"},"potentialAction":[{"@type":"SearchAction","target":{"@type":"EntryPoint","urlTemplate":"https:\/\/prosrve.com\/?s={search_term_string}"},"query-input":"required name=search_term_string"}],"inLanguage":"ar"},{"@type":"Organization","@id":"https:\/\/prosrve.com\/#organization","name":"proserve","url":"https:\/\/prosrve.com\/","logo":{"@type":"ImageObject","inLanguage":"ar","@id":"https:\/\/prosrve.com\/#\/schema\/logo\/image\/","url":"https:\/\/prosrve.com\/wp-content\/uploads\/2020\/06\/Logo.png","contentUrl":"https:\/\/prosrve.com\/wp-content\/uploads\/2020\/06\/Logo.png","width":187,"height":88,"caption":"proserve"},"image":{"@id":"https:\/\/prosrve.com\/#\/schema\/logo\/image\/"},"sameAs":["https:\/\/www.facebook.com\/pages\/ProServe-LLC\/628145137291830"]}]}},"_links":{"self":[{"href":"https:\/\/prosrve.com\/ar\/wp-json\/wp\/v2\/product\/10474","targetHints":{"allow":["GET"]}}],"collection":[{"href":"https:\/\/prosrve.com\/ar\/wp-json\/wp\/v2\/product"}],"about":[{"href":"https:\/\/prosrve.com\/ar\/wp-json\/wp\/v2\/types\/product"}],"replies":[{"embeddable":true,"href":"https:\/\/prosrve.com\/ar\/wp-json\/wp\/v2\/comments?post=10474"}],"version-history":[{"count":1,"href":"https:\/\/prosrve.com\/ar\/wp-json\/wp\/v2\/product\/10474\/revisions"}],"predecessor-version":[{"id":10482,"href":"https:\/\/prosrve.com\/ar\/wp-json\/wp\/v2\/product\/10474\/revisions\/10482"}],"wp:featuredmedia":[{"embeddable":true,"href":"https:\/\/prosrve.com\/ar\/wp-json\/wp\/v2\/media\/10480"}],"wp:attachment":[{"href":"https:\/\/prosrve.com\/ar\/wp-json\/wp\/v2\/media?parent=10474"}],"wp:term":[{"taxonomy":"product_brand","embeddable":true,"href":"https:\/\/prosrve.com\/ar\/wp-json\/wp\/v2\/product_brand?post=10474"},{"taxonomy":"product_cat","embeddable":true,"href":"https:\/\/prosrve.com\/ar\/wp-json\/wp\/v2\/product_cat?post=10474"},{"taxonomy":"product_tag","embeddable":true,"href":"https:\/\/prosrve.com\/ar\/wp-json\/wp\/v2\/product_tag?post=10474"}],"curies":[{"name":"wp","href":"https:\/\/api.w.org\/{rel}","templated":true}]}}