{"id":6596,"date":"2023-08-12T22:03:16","date_gmt":"2023-08-12T20:03:16","guid":{"rendered":"https:\/\/prosrve.com\/?post_type=product&#038;p=6596"},"modified":"2023-11-30T09:39:07","modified_gmt":"2023-11-30T07:39:07","slug":"hikvsion-ds-2cd1153g0-i2-8mmco-std-1-2-7-cmos-icr-25601920-wdr-3d-dnr-ir-up-to-30m","status":"publish","type":"product","link":"https:\/\/prosrve.com\/ar\/product\/hikvsion-ds-2cd1153g0-i2-8mmco-std-1-2-7-cmos-icr-25601920-wdr-3d-dnr-ir-up-to-30m\/","title":{"rendered":"Hikvsion DS-2CD1153G0-I(2.8mm)(C)(O-STD), 5MP, 1\/2.7&#8243; CMOS, ICR, 2560*1920, WDR, 3D DNR, IR : up to 30m"},"content":{"rendered":"<ul class=\"tech-specs-items-description\" data-target=\"Camera \">\n<li class=\"tech-specs-items-description-list\"><span class=\"tech-specs-items-description__title--heading\">Camera<\/span><\/li>\n<li class=\"tech-specs-items-description-list\"><span class=\"tech-specs-items-description__title\">Image Sensor<\/span><span class=\"tech-specs-items-description__title-details\">1\/2.7&#8243; Progressive Scan CMOS<\/span><\/li>\n<li class=\"tech-specs-items-description-list\"><span class=\"tech-specs-items-description__title\">Max. Resolution<\/span><span class=\"tech-specs-items-description__title-details\">2560 \u00d7 1920<\/span><\/li>\n<li class=\"tech-specs-items-description-list\"><span class=\"tech-specs-items-description__title\">Min. Illumination<\/span><span class=\"tech-specs-items-description__title-details\">Color: 0.01 Lux @ (F2.0, AGC ON), B\/W: 0 Lux with IR<\/span><\/li>\n<li class=\"tech-specs-items-description-list\"><span class=\"tech-specs-items-description__title\">Shutter Speed<\/span><span class=\"tech-specs-items-description__title-details\">1\/3 s to 1\/100,000 s<\/span><\/li>\n<li class=\"tech-specs-items-description-list\"><span class=\"tech-specs-items-description__title\">Day &amp; Night<\/span><span class=\"tech-specs-items-description__title-details\">IR cut filter<\/span><\/li>\n<li class=\"tech-specs-items-description-list\"><span class=\"tech-specs-items-description__title\">Angle Adjustment<\/span><span class=\"tech-specs-items-description__title-details\">Pan: 0\u00b0 to 355\u00b0, tilt: 0\u00b0 to 75\u00b0<\/span><\/li>\n<\/ul>\n<ul class=\"tech-specs-items-description\" data-target=\"Lens\">\n<li class=\"tech-specs-items-description-list\"><span class=\"tech-specs-items-description__title--heading\">Lens<\/span><\/li>\n<li class=\"tech-specs-items-description-list\"><span class=\"tech-specs-items-description__title\">Lens Type<\/span><span class=\"tech-specs-items-description__title-details\">Fixed focal lens, 2.8 and 4 mm optional<\/span><\/li>\n<li class=\"tech-specs-items-description-list\"><span class=\"tech-specs-items-description__title\">Focal Length &amp; FOV<\/span>\n<p class=\"mb-p\">2.8 mm, horizontal FOV 98.0\u00b0, vertical FOV 71.7\u00b0, diagonal FOV 127.0\u00b0<\/p>\n<p class=\"mb-p\">4 mm, horizontal FOV 75.3\u00b0, vertical FOV 55.5\u00b0, diagonal FOV 98.2\u00b0<\/p>\n<\/li>\n<li class=\"tech-specs-items-description-list\"><span class=\"tech-specs-items-description__title\">Lens Mount<\/span><span class=\"tech-specs-items-description__title-details\">M12<\/span><\/li>\n<li class=\"tech-specs-items-description-list\"><span class=\"tech-specs-items-description__title\">Iris Type<\/span><span class=\"tech-specs-items-description__title-details\">Fixed<\/span><\/li>\n<li class=\"tech-specs-items-description-list\"><span class=\"tech-specs-items-description__title\">Aperture<\/span><span class=\"tech-specs-items-description__title-details\">F2.0<\/span><\/li>\n<\/ul>\n<ul class=\"tech-specs-items-description\" data-target=\"Illuminator\">\n<li class=\"tech-specs-items-description-list\"><span class=\"tech-specs-items-description__title--heading\">Illuminator<\/span><\/li>\n<li class=\"tech-specs-items-description-list\"><span class=\"tech-specs-items-description__title\">Supplement Light Type<\/span><span class=\"tech-specs-items-description__title-details\">IR<\/span><\/li>\n<li class=\"tech-specs-items-description-list\"><span class=\"tech-specs-items-description__title\">Supplement Light Range<\/span><span class=\"tech-specs-items-description__title-details\">Up to 30 m<\/span><\/li>\n<li class=\"tech-specs-items-description-list\"><span class=\"tech-specs-items-description__title\">IR Wavelength<\/span><span class=\"tech-specs-items-description__title-details\">850 nm<\/span><\/li>\n<\/ul>\n<ul class=\"tech-specs-items-description\" data-target=\"Video\">\n<li class=\"tech-specs-items-description-list\"><span class=\"tech-specs-items-description__title--heading\">Video<\/span><\/li>\n<li class=\"tech-specs-items-description-list\"><span class=\"tech-specs-items-description__title\">Main Stream<\/span>\n<p class=\"mb-p\">50 Hz: 20 fps (2560 \u00d7 1920)<\/p>\n<p class=\"mb-p\">25 fps (2560 \u00d7 1440, 1920 \u00d7 1080, 1280 \u00d7 720)<\/p>\n<p class=\"mb-p\">60 Hz: 20 fps (2560 \u00d7 1920)<\/p>\n<p class=\"mb-p\">30 fps (2560 \u00d7 1440, 1920 \u00d7 1080, 1280 \u00d7 720)<\/p>\n<\/li>\n<li class=\"tech-specs-items-description-list\"><span class=\"tech-specs-items-description__title\">Sub-Stream<\/span>\n<p class=\"mb-p\">50 Hz: 25 fps (1280 \u00d7 720, 640 \u00d7 480, 640 \u00d7 360)<\/p>\n<p class=\"mb-p\">60 Hz: 30 fps (1280 \u00d7 720, 640 \u00d7 480, 640 \u00d7 360)<\/p>\n<\/li>\n<li class=\"tech-specs-items-description-list\"><span class=\"tech-specs-items-description__title\">Video Compression<\/span>\n<p class=\"mb-p\">Main stream: H.265+\/H.265\/H.264+\/H.264<\/p>\n<p class=\"mb-p\">Sub-stream: H.265\/H.264\/MJPEG<\/p>\n<\/li>\n<li class=\"tech-specs-items-description-list\"><span class=\"tech-specs-items-description__title\">Video Bit Rate<\/span><span class=\"tech-specs-items-description__title-details\">32 Kbps to 16 Mbps<\/span><\/li>\n<li class=\"tech-specs-items-description-list\"><span class=\"tech-specs-items-description__title\">H.264 Type<\/span><span class=\"tech-specs-items-description__title-details\">Baseline Profile\/Main Profile\/High Profile<\/span><\/li>\n<li class=\"tech-specs-items-description-list\"><span class=\"tech-specs-items-description__title\">H.265 Type<\/span><span class=\"tech-specs-items-description__title-details\">Main profile<\/span><\/li>\n<li class=\"tech-specs-items-description-list\"><span class=\"tech-specs-items-description__title\">Region Of Interest (ROI)<\/span><span class=\"tech-specs-items-description__title-details\">1 fixed region for main stream<\/span><\/li>\n<\/ul>\n<ul class=\"tech-specs-items-description\" data-target=\"Network\">\n<li class=\"tech-specs-items-description-list\"><span class=\"tech-specs-items-description__title--heading\">Network<\/span><\/li>\n<li class=\"tech-specs-items-description-list\"><span class=\"tech-specs-items-description__title\">Protocols<\/span><span class=\"tech-specs-items-description__title-details\">TCP\/IP, ICMP, HTTP, HTTPS, FTP, DHCP, DNS, DDNS, RTP, RTSP, RTCP, NTP, UPnP\u2122, SMTP, IGMP, 802.1X, QoS, IPv6, Bonjour, IPv4, UDP, SSL\/TLS<\/span><\/li>\n<li class=\"tech-specs-items-description-list\"><span class=\"tech-specs-items-description__title\">Simultaneous Live View<\/span><span class=\"tech-specs-items-description__title-details\">Up to 6 channels<\/span><\/li>\n<li class=\"tech-specs-items-description-list\"><span class=\"tech-specs-items-description__title\">API<\/span><span class=\"tech-specs-items-description__title-details\">Open Network Video Interface, ISAPI<\/span><\/li>\n<li class=\"tech-specs-items-description-list\"><span class=\"tech-specs-items-description__title\">User\/Host<\/span>\n<p class=\"mb-p\">Up to 32 users. 3 levels: administrator, operator and user<\/p>\n<p class=\"mb-p\">3 user levels: administrator, operator, and user<\/p>\n<\/li>\n<li class=\"tech-specs-items-description-list\"><span class=\"tech-specs-items-description__title\">Client<\/span><span class=\"tech-specs-items-description__title-details\">iVMS-4200, Hik-Connect<\/span><\/li>\n<li class=\"tech-specs-items-description-list\"><span class=\"tech-specs-items-description__title\">Web Browser<\/span>\n<p class=\"mb-p\">Plug-in required live view: IE 10+<\/p>\n<p class=\"mb-p\">Plug-in free live view: Chrome 57.0+, Firefox 52.0+<\/p>\n<p class=\"mb-p\">Local service: Chrome 57.0+, Firefox 52.0+<\/p>\n<\/li>\n<\/ul>\n<ul class=\"tech-specs-items-description\" data-target=\"Image\">\n<li class=\"tech-specs-items-description-list\"><span class=\"tech-specs-items-description__title--heading\">Image<\/span><\/li>\n<li class=\"tech-specs-items-description-list\"><span class=\"tech-specs-items-description__title\">Image Settings<\/span><span class=\"tech-specs-items-description__title-details\">Saturation, brightness, contrast, sharpness, AGC, white balance adjustable by client software or web browser<\/span><\/li>\n<li class=\"tech-specs-items-description-list\"><span class=\"tech-specs-items-description__title\">Day\/Night Switch<\/span><span class=\"tech-specs-items-description__title-details\">Auto, Schedule, Day, Night<\/span><\/li>\n<li class=\"tech-specs-items-description-list\"><span class=\"tech-specs-items-description__title\">Wide Dynamic Range (WDR)<\/span><span class=\"tech-specs-items-description__title-details\">120 dB<\/span><\/li>\n<li class=\"tech-specs-items-description-list\"><span class=\"tech-specs-items-description__title\">Image Enhancement<\/span><span class=\"tech-specs-items-description__title-details\">BLC, 3D DNR<\/span><\/li>\n<\/ul>\n<ul class=\"tech-specs-items-description\" data-target=\"Interface\">\n<li class=\"tech-specs-items-description-list\"><span class=\"tech-specs-items-description__title--heading\">Interface<\/span><\/li>\n<li class=\"tech-specs-items-description-list\"><span class=\"tech-specs-items-description__title\">Ethernet Interface<\/span><span class=\"tech-specs-items-description__title-details\">1 RJ45 10 M\/100 M self-adaptive Ethernet port<\/span><\/li>\n<\/ul>\n<ul class=\"tech-specs-items-description\" data-target=\"Event\">\n<li class=\"tech-specs-items-description-list\"><span class=\"tech-specs-items-description__title--heading\">Event<\/span><\/li>\n<li class=\"tech-specs-items-description-list\"><span class=\"tech-specs-items-description__title\">Basic Event<\/span><span class=\"tech-specs-items-description__title-details\">Motion detection, video tampering, exception<\/span><\/li>\n<li class=\"tech-specs-items-description-list\"><span class=\"tech-specs-items-description__title\">Linkage<\/span><span class=\"tech-specs-items-description__title-details\">Upload to FTP, notify surveillance center, send email<\/span><\/li>\n<\/ul>\n<ul class=\"tech-specs-items-description\" data-target=\"General\">\n<li class=\"tech-specs-items-description-list\"><span class=\"tech-specs-items-description__title--heading\">General<\/span><\/li>\n<li class=\"tech-specs-items-description-list\"><span class=\"tech-specs-items-description__title\">Power<\/span>\n<p class=\"mb-p\">12 VDC \u00b1 25%, 0.4 A, max. 5 W, \u00d85.5 mm coaxial power plug<\/p>\n<p class=\"mb-p\">PoE: 802.3af, Class 3, 36 V to 57 V, 0.2 A to 0.15 A, max. 6.5 W<\/p>\n<\/li>\n<li class=\"tech-specs-items-description-list\"><span class=\"tech-specs-items-description__title\">Dimension<\/span><span class=\"tech-specs-items-description__title-details\">\u00d8110.8 mm \u00d7 84.7 mm (4.4&#8243; \u00d7 3.3&#8243;)<\/span><\/li>\n<li class=\"tech-specs-items-description-list\"><span class=\"tech-specs-items-description__title\">Package Dimension<\/span><span class=\"tech-specs-items-description__title-details\">134 mm \u00d7 134 mm \u00d7 108 mm (5.3&#8243; \u00d7 5.3&#8243; \u00d7 4.3&#8243;)<\/span><\/li>\n<li class=\"tech-specs-items-description-list\"><span class=\"tech-specs-items-description__title\">Weight<\/span><span class=\"tech-specs-items-description__title-details\">Approx. 520 g (1.1 lb.)<\/span><\/li>\n<li class=\"tech-specs-items-description-list\"><span class=\"tech-specs-items-description__title\">With Package Weight<\/span><span class=\"tech-specs-items-description__title-details\">Approx. 720 g (1.6 lb.)<\/span><\/li>\n<li class=\"tech-specs-items-description-list\"><span class=\"tech-specs-items-description__title\">Storage Conditions<\/span><span class=\"tech-specs-items-description__title-details\">-30 \u00b0C to 60 \u00b0C (-22 \u00b0F to 140 \u00b0F). Humidity 95% or less (non-condensing)<\/span><\/li>\n<li class=\"tech-specs-items-description-list\"><span class=\"tech-specs-items-description__title\">Startup And Operating Conditions<\/span><span class=\"tech-specs-items-description__title-details\">-30 \u00b0C to 60 \u00b0C (-22 \u00b0F to 140 \u00b0F). Humidity 95% or less (non-condensing)<\/span><\/li>\n<li class=\"tech-specs-items-description-list\"><span class=\"tech-specs-items-description__title\">Language<\/span><span class=\"tech-specs-items-description__title-details\">English, Ukrainian<\/span><\/li>\n<li class=\"tech-specs-items-description-list\"><span class=\"tech-specs-items-description__title\">General Function<\/span><span class=\"tech-specs-items-description__title-details\">Anti-flicker, heartbeat, mirror, password protection, privacy mask, watermark, IP address filter<\/span><\/li>\n<\/ul>\n<ul class=\"tech-specs-items-description\" data-target=\"Approval\">\n<li class=\"tech-specs-items-description-list\"><span class=\"tech-specs-items-description__title--heading\">Approval<\/span><\/li>\n<li class=\"tech-specs-items-description-list\"><span class=\"tech-specs-items-description__title\">EMC<\/span>\n<p class=\"mb-p\">FCC SDoC: 47 CFR Part 15, Subpart B;<\/p>\n<p class=\"mb-p\">CE-EMC: EN 55032: 2015, EN 61000-3-2:2019, EN 61000-3-3:2013+A1:2019, EN 50130-4: 2011+A1: 2014;<\/p>\n<p class=\"mb-p\">RCM: AS\/NZS CISPR 32: 2015;<\/p>\n<p class=\"mb-p\">IC VoC: ICES-003: Issue 7;<\/p>\n<p class=\"mb-p\">KC: KN 32: 2015, KN 35: 2015<\/p>\n<\/li>\n<li class=\"tech-specs-items-description-list\"><span class=\"tech-specs-items-description__title\">Safety<\/span>\n<p class=\"mb-p\">UL: UL 62368-1;<\/p>\n<p class=\"mb-p\">CB: IEC 62368-1:2014+A11;<\/p>\n<p class=\"mb-p\">CE-LVD: EN 62368-1:2014\/A11:2017;<\/p>\n<p class=\"mb-p\">BIS: IS 13252(Part 1):2010\/ IEC 60950-1: 2005<\/p>\n<\/li>\n<li class=\"tech-specs-items-description-list\"><span class=\"tech-specs-items-description__title\">Environment<\/span>\n<p class=\"mb-p\">CE-RoHS: 2011\/65\/EU;<\/p>\n<p class=\"mb-p\">WEEE: 2012\/19\/EU;<\/p>\n<p class=\"mb-p\">Reach: Regulation (EC) No 1907\/2006<\/p>\n<\/li>\n<li class=\"tech-specs-items-description-list\"><span class=\"tech-specs-items-description__title\">Protection<\/span><span class=\"tech-specs-items-description__title-details\">IP67: IEC 60529-2013, IK10: IEC 62262:2002<\/span><\/li>\n<\/ul>","protected":false},"excerpt":{"rendered":"<h2 class=\"prod_name\"><span class=\"prod_name-content\">5 MP Fixed Dome Network Camera<\/span><\/h2>\n<ul class=\"product_description_item-list\">\n<li class=\"product_description_item\">High quality imaging with 5 MP resolution<\/li>\n<li class=\"product_description_item\">Efficient H.265+ compression technology<\/li>\n<li class=\"product_description_item\">Clear imaging even with strong back lighting due to 120 dB WDR<\/li>\n<li class=\"product_description_item\">Water and dust resistant (IP67) and vandal resistant (IK10)<\/li>\n<li class=\"product_description_item\">EXIR 2.0: advanced infrared technology with long IR range<\/li>\n<\/ul>","protected":false},"featured_media":9930,"comment_status":"open","ping_status":"closed","template":"","meta":[],"product_brand":[273],"product_cat":[348,350],"product_tag":[896,673,386],"class_list":{"0":"post-6596","1":"product","2":"type-product","3":"status-publish","4":"has-post-thumbnail","6":"product_brand-hikvision","7":"product_cat-surveillance-systems","8":"product_cat-ip-system","9":"product_tag-dome","10":"product_tag-indoor","11":"product_tag-poe","13":"first","14":"instock","15":"shipping-taxable","16":"purchasable","17":"product-type-simple"},"yoast_head":"<!-- This site is optimized with the Yoast SEO plugin v22.7 - https:\/\/yoast.com\/wordpress\/plugins\/seo\/ -->\n<title>Hikvsion DS-2CD1153G0-I(2.8mm)(C)(O-STD), 5MP, 1\/2.7&quot; CMOS, ICR, 2560*1920, WDR, 3D DNR, IR : up to 30m - Proserve LLC<\/title>\n<meta name=\"robots\" content=\"index, follow, max-snippet:-1, max-image-preview:large, max-video-preview:-1\" \/>\n<link rel=\"canonical\" href=\"https:\/\/prosrve.com\/ar\/product\/hikvsion-ds-2cd1153g0-i2-8mmco-std-1-2-7-cmos-icr-25601920-wdr-3d-dnr-ir-up-to-30m\/\" \/>\n<meta property=\"og:locale\" content=\"ar_AR\" \/>\n<meta property=\"og:type\" content=\"article\" \/>\n<meta property=\"og:title\" content=\"Hikvsion DS-2CD1153G0-I(2.8mm)(C)(O-STD), 5MP, 1\/2.7&quot; CMOS, ICR, 2560*1920, WDR, 3D DNR, IR : up to 30m - Proserve LLC\" \/>\n<meta property=\"og:description\" content=\"5 MP Fixed Dome Network Camera   High quality imaging with 5 MP resolution  Efficient H.265+ compression technology  Clear imaging even with strong back lighting due to 120 dB WDR  Water and dust resistant (IP67) and vandal resistant (IK10)  EXIR 2.0: advanced infrared technology with long IR range\" \/>\n<meta property=\"og:url\" content=\"https:\/\/prosrve.com\/ar\/product\/hikvsion-ds-2cd1153g0-i2-8mmco-std-1-2-7-cmos-icr-25601920-wdr-3d-dnr-ir-up-to-30m\/\" \/>\n<meta property=\"og:site_name\" content=\"Proserve LLC\" \/>\n<meta property=\"article:publisher\" content=\"https:\/\/www.facebook.com\/pages\/ProServe-LLC\/628145137291830\" \/>\n<meta property=\"article:modified_time\" content=\"2023-11-30T07:39:07+00:00\" \/>\n<meta property=\"og:image\" content=\"https:\/\/prosrve.com\/wp-content\/uploads\/2023\/08\/DS-2CD1143G0-I.jpg\" \/>\n\t<meta property=\"og:image:width\" content=\"590\" \/>\n\t<meta property=\"og:image:height\" content=\"590\" \/>\n\t<meta property=\"og:image:type\" content=\"image\/jpeg\" \/>\n<meta name=\"twitter:card\" content=\"summary_large_image\" \/>\n<meta name=\"twitter:label1\" content=\"\u0648\u0642\u062a \u0627\u0644\u0642\u0631\u0627\u0621\u0629 \u0627\u0644\u0645\u064f\u0642\u062f\u0651\u0631\" \/>\n\t<meta name=\"twitter:data1\" content=\"3 \u062f\u0642\u0627\u0626\u0642\" \/>\n<script type=\"application\/ld+json\" class=\"yoast-schema-graph\">{\"@context\":\"https:\/\/schema.org\",\"@graph\":[{\"@type\":\"WebPage\",\"@id\":\"https:\/\/prosrve.com\/product\/hikvsion-ds-2cd1153g0-i2-8mmco-std-1-2-7-cmos-icr-25601920-wdr-3d-dnr-ir-up-to-30m\/\",\"url\":\"https:\/\/prosrve.com\/product\/hikvsion-ds-2cd1153g0-i2-8mmco-std-1-2-7-cmos-icr-25601920-wdr-3d-dnr-ir-up-to-30m\/\",\"name\":\"Hikvsion DS-2CD1153G0-I(2.8mm)(C)(O-STD), 5MP, 1\/2.7\\\" CMOS, ICR, 2560*1920, WDR, 3D DNR, IR : up to 30m - Proserve LLC\",\"isPartOf\":{\"@id\":\"https:\/\/prosrve.com\/#website\"},\"primaryImageOfPage\":{\"@id\":\"https:\/\/prosrve.com\/product\/hikvsion-ds-2cd1153g0-i2-8mmco-std-1-2-7-cmos-icr-25601920-wdr-3d-dnr-ir-up-to-30m\/#primaryimage\"},\"image\":{\"@id\":\"https:\/\/prosrve.com\/product\/hikvsion-ds-2cd1153g0-i2-8mmco-std-1-2-7-cmos-icr-25601920-wdr-3d-dnr-ir-up-to-30m\/#primaryimage\"},\"thumbnailUrl\":\"https:\/\/prosrve.com\/wp-content\/uploads\/2023\/08\/DS-2CD1143G0-I.jpg\",\"datePublished\":\"2023-08-12T20:03:16+00:00\",\"dateModified\":\"2023-11-30T07:39:07+00:00\",\"breadcrumb\":{\"@id\":\"https:\/\/prosrve.com\/product\/hikvsion-ds-2cd1153g0-i2-8mmco-std-1-2-7-cmos-icr-25601920-wdr-3d-dnr-ir-up-to-30m\/#breadcrumb\"},\"inLanguage\":\"ar\",\"potentialAction\":[{\"@type\":\"ReadAction\",\"target\":[\"https:\/\/prosrve.com\/product\/hikvsion-ds-2cd1153g0-i2-8mmco-std-1-2-7-cmos-icr-25601920-wdr-3d-dnr-ir-up-to-30m\/\"]}]},{\"@type\":\"ImageObject\",\"inLanguage\":\"ar\",\"@id\":\"https:\/\/prosrve.com\/product\/hikvsion-ds-2cd1153g0-i2-8mmco-std-1-2-7-cmos-icr-25601920-wdr-3d-dnr-ir-up-to-30m\/#primaryimage\",\"url\":\"https:\/\/prosrve.com\/wp-content\/uploads\/2023\/08\/DS-2CD1143G0-I.jpg\",\"contentUrl\":\"https:\/\/prosrve.com\/wp-content\/uploads\/2023\/08\/DS-2CD1143G0-I.jpg\",\"width\":590,\"height\":590},{\"@type\":\"BreadcrumbList\",\"@id\":\"https:\/\/prosrve.com\/product\/hikvsion-ds-2cd1153g0-i2-8mmco-std-1-2-7-cmos-icr-25601920-wdr-3d-dnr-ir-up-to-30m\/#breadcrumb\",\"itemListElement\":[{\"@type\":\"ListItem\",\"position\":1,\"name\":\"Home\",\"item\":\"https:\/\/prosrve.com\/\"},{\"@type\":\"ListItem\",\"position\":2,\"name\":\"Shop\",\"item\":\"https:\/\/prosrve.com\/shop\/\"},{\"@type\":\"ListItem\",\"position\":3,\"name\":\"Hikvsion DS-2CD1153G0-I(2.8mm)(C)(O-STD), 5MP, 1\/2.7&#8243; CMOS, ICR, 2560*1920, WDR, 3D DNR, IR : up to 30m\"}]},{\"@type\":\"WebSite\",\"@id\":\"https:\/\/prosrve.com\/#website\",\"url\":\"https:\/\/prosrve.com\/\",\"name\":\"Proserve LLC\",\"description\":\"\",\"publisher\":{\"@id\":\"https:\/\/prosrve.com\/#organization\"},\"potentialAction\":[{\"@type\":\"SearchAction\",\"target\":{\"@type\":\"EntryPoint\",\"urlTemplate\":\"https:\/\/prosrve.com\/?s={search_term_string}\"},\"query-input\":\"required name=search_term_string\"}],\"inLanguage\":\"ar\"},{\"@type\":\"Organization\",\"@id\":\"https:\/\/prosrve.com\/#organization\",\"name\":\"proserve\",\"url\":\"https:\/\/prosrve.com\/\",\"logo\":{\"@type\":\"ImageObject\",\"inLanguage\":\"ar\",\"@id\":\"https:\/\/prosrve.com\/#\/schema\/logo\/image\/\",\"url\":\"https:\/\/prosrve.com\/wp-content\/uploads\/2020\/06\/Logo.png\",\"contentUrl\":\"https:\/\/prosrve.com\/wp-content\/uploads\/2020\/06\/Logo.png\",\"width\":187,\"height\":88,\"caption\":\"proserve\"},\"image\":{\"@id\":\"https:\/\/prosrve.com\/#\/schema\/logo\/image\/\"},\"sameAs\":[\"https:\/\/www.facebook.com\/pages\/ProServe-LLC\/628145137291830\"]}]}<\/script>\n<!-- \/ Yoast SEO plugin. -->","yoast_head_json":{"title":"Hikvsion DS-2CD1153G0-I(2.8mm)(C)(O-STD), 5MP, 1\/2.7\" CMOS, ICR, 2560*1920, WDR, 3D DNR, IR : up to 30m - Proserve LLC","robots":{"index":"index","follow":"follow","max-snippet":"max-snippet:-1","max-image-preview":"max-image-preview:large","max-video-preview":"max-video-preview:-1"},"canonical":"https:\/\/prosrve.com\/ar\/product\/hikvsion-ds-2cd1153g0-i2-8mmco-std-1-2-7-cmos-icr-25601920-wdr-3d-dnr-ir-up-to-30m\/","og_locale":"ar_AR","og_type":"article","og_title":"Hikvsion DS-2CD1153G0-I(2.8mm)(C)(O-STD), 5MP, 1\/2.7\" CMOS, ICR, 2560*1920, WDR, 3D DNR, IR : up to 30m - Proserve LLC","og_description":"5 MP Fixed Dome Network Camera   High quality imaging with 5 MP resolution  Efficient H.265+ compression technology  Clear imaging even with strong back lighting due to 120 dB WDR  Water and dust resistant (IP67) and vandal resistant (IK10)  EXIR 2.0: advanced infrared technology with long IR range","og_url":"https:\/\/prosrve.com\/ar\/product\/hikvsion-ds-2cd1153g0-i2-8mmco-std-1-2-7-cmos-icr-25601920-wdr-3d-dnr-ir-up-to-30m\/","og_site_name":"Proserve LLC","article_publisher":"https:\/\/www.facebook.com\/pages\/ProServe-LLC\/628145137291830","article_modified_time":"2023-11-30T07:39:07+00:00","og_image":[{"width":590,"height":590,"url":"https:\/\/prosrve.com\/wp-content\/uploads\/2023\/08\/DS-2CD1143G0-I.jpg","type":"image\/jpeg"}],"twitter_card":"summary_large_image","twitter_misc":{"\u0648\u0642\u062a \u0627\u0644\u0642\u0631\u0627\u0621\u0629 \u0627\u0644\u0645\u064f\u0642\u062f\u0651\u0631":"3 \u062f\u0642\u0627\u0626\u0642"},"schema":{"@context":"https:\/\/schema.org","@graph":[{"@type":"WebPage","@id":"https:\/\/prosrve.com\/product\/hikvsion-ds-2cd1153g0-i2-8mmco-std-1-2-7-cmos-icr-25601920-wdr-3d-dnr-ir-up-to-30m\/","url":"https:\/\/prosrve.com\/product\/hikvsion-ds-2cd1153g0-i2-8mmco-std-1-2-7-cmos-icr-25601920-wdr-3d-dnr-ir-up-to-30m\/","name":"Hikvsion DS-2CD1153G0-I(2.8mm)(C)(O-STD), 5MP, 1\/2.7\" CMOS, ICR, 2560*1920, WDR, 3D DNR, IR : up to 30m - Proserve LLC","isPartOf":{"@id":"https:\/\/prosrve.com\/#website"},"primaryImageOfPage":{"@id":"https:\/\/prosrve.com\/product\/hikvsion-ds-2cd1153g0-i2-8mmco-std-1-2-7-cmos-icr-25601920-wdr-3d-dnr-ir-up-to-30m\/#primaryimage"},"image":{"@id":"https:\/\/prosrve.com\/product\/hikvsion-ds-2cd1153g0-i2-8mmco-std-1-2-7-cmos-icr-25601920-wdr-3d-dnr-ir-up-to-30m\/#primaryimage"},"thumbnailUrl":"https:\/\/prosrve.com\/wp-content\/uploads\/2023\/08\/DS-2CD1143G0-I.jpg","datePublished":"2023-08-12T20:03:16+00:00","dateModified":"2023-11-30T07:39:07+00:00","breadcrumb":{"@id":"https:\/\/prosrve.com\/product\/hikvsion-ds-2cd1153g0-i2-8mmco-std-1-2-7-cmos-icr-25601920-wdr-3d-dnr-ir-up-to-30m\/#breadcrumb"},"inLanguage":"ar","potentialAction":[{"@type":"ReadAction","target":["https:\/\/prosrve.com\/product\/hikvsion-ds-2cd1153g0-i2-8mmco-std-1-2-7-cmos-icr-25601920-wdr-3d-dnr-ir-up-to-30m\/"]}]},{"@type":"ImageObject","inLanguage":"ar","@id":"https:\/\/prosrve.com\/product\/hikvsion-ds-2cd1153g0-i2-8mmco-std-1-2-7-cmos-icr-25601920-wdr-3d-dnr-ir-up-to-30m\/#primaryimage","url":"https:\/\/prosrve.com\/wp-content\/uploads\/2023\/08\/DS-2CD1143G0-I.jpg","contentUrl":"https:\/\/prosrve.com\/wp-content\/uploads\/2023\/08\/DS-2CD1143G0-I.jpg","width":590,"height":590},{"@type":"BreadcrumbList","@id":"https:\/\/prosrve.com\/product\/hikvsion-ds-2cd1153g0-i2-8mmco-std-1-2-7-cmos-icr-25601920-wdr-3d-dnr-ir-up-to-30m\/#breadcrumb","itemListElement":[{"@type":"ListItem","position":1,"name":"Home","item":"https:\/\/prosrve.com\/"},{"@type":"ListItem","position":2,"name":"Shop","item":"https:\/\/prosrve.com\/shop\/"},{"@type":"ListItem","position":3,"name":"Hikvsion DS-2CD1153G0-I(2.8mm)(C)(O-STD), 5MP, 1\/2.7&#8243; CMOS, ICR, 2560*1920, WDR, 3D DNR, IR : up to 30m"}]},{"@type":"WebSite","@id":"https:\/\/prosrve.com\/#website","url":"https:\/\/prosrve.com\/","name":"Proserve LLC","description":"","publisher":{"@id":"https:\/\/prosrve.com\/#organization"},"potentialAction":[{"@type":"SearchAction","target":{"@type":"EntryPoint","urlTemplate":"https:\/\/prosrve.com\/?s={search_term_string}"},"query-input":"required name=search_term_string"}],"inLanguage":"ar"},{"@type":"Organization","@id":"https:\/\/prosrve.com\/#organization","name":"proserve","url":"https:\/\/prosrve.com\/","logo":{"@type":"ImageObject","inLanguage":"ar","@id":"https:\/\/prosrve.com\/#\/schema\/logo\/image\/","url":"https:\/\/prosrve.com\/wp-content\/uploads\/2020\/06\/Logo.png","contentUrl":"https:\/\/prosrve.com\/wp-content\/uploads\/2020\/06\/Logo.png","width":187,"height":88,"caption":"proserve"},"image":{"@id":"https:\/\/prosrve.com\/#\/schema\/logo\/image\/"},"sameAs":["https:\/\/www.facebook.com\/pages\/ProServe-LLC\/628145137291830"]}]}},"_links":{"self":[{"href":"https:\/\/prosrve.com\/ar\/wp-json\/wp\/v2\/product\/6596","targetHints":{"allow":["GET"]}}],"collection":[{"href":"https:\/\/prosrve.com\/ar\/wp-json\/wp\/v2\/product"}],"about":[{"href":"https:\/\/prosrve.com\/ar\/wp-json\/wp\/v2\/types\/product"}],"replies":[{"embeddable":true,"href":"https:\/\/prosrve.com\/ar\/wp-json\/wp\/v2\/comments?post=6596"}],"version-history":[{"count":4,"href":"https:\/\/prosrve.com\/ar\/wp-json\/wp\/v2\/product\/6596\/revisions"}],"predecessor-version":[{"id":9118,"href":"https:\/\/prosrve.com\/ar\/wp-json\/wp\/v2\/product\/6596\/revisions\/9118"}],"wp:featuredmedia":[{"embeddable":true,"href":"https:\/\/prosrve.com\/ar\/wp-json\/wp\/v2\/media\/9930"}],"wp:attachment":[{"href":"https:\/\/prosrve.com\/ar\/wp-json\/wp\/v2\/media?parent=6596"}],"wp:term":[{"taxonomy":"product_brand","embeddable":true,"href":"https:\/\/prosrve.com\/ar\/wp-json\/wp\/v2\/product_brand?post=6596"},{"taxonomy":"product_cat","embeddable":true,"href":"https:\/\/prosrve.com\/ar\/wp-json\/wp\/v2\/product_cat?post=6596"},{"taxonomy":"product_tag","embeddable":true,"href":"https:\/\/prosrve.com\/ar\/wp-json\/wp\/v2\/product_tag?post=6596"}],"curies":[{"name":"wp","href":"https:\/\/api.w.org\/{rel}","templated":true}]}}