{"id":8253,"date":"2023-08-03T12:14:36","date_gmt":"2023-08-03T10:14:36","guid":{"rendered":"https:\/\/prosrve.com\/?post_type=product&#038;p=8253"},"modified":"2023-11-30T09:28:35","modified_gmt":"2023-11-30T07:28:35","slug":"zk-max-id-500","status":"publish","type":"product","link":"https:\/\/prosrve.com\/ar\/product\/zk-max-id-500\/","title":{"rendered":"ZKTeco X628-C Fingerprint: 3000 , ID Card 10,000,  Record Capacity : 50,000, TCP\/IP, USB-host, WiFi"},"content":{"rendered":"<p>Fingerprint Capacity : 3000<br \/>\nCard Capacity : 10,000 (Optional)<br \/>\nRecord Capacity : 100,000<br \/>\nDisplay : 2.8-inch Screen<br \/>\nCommunication : TCP\/IP, USB-host, WiFi<br \/>\nStandard Functions : Workcode, SMS, DST, Schedule Bell, Self-Service Query, Automatic Status Switch, 9-digit User ID<br \/>\nOptional Functions : Photo ID,ADMS, ID \/ IC \/ HID, Webserver, External Printer and Bell, WiFi, Multiple Verify Modes<br \/>\nSupported Software: ZKTime. Net, ZKBio Time<br \/>\nPower Supply : DC 5V 0.8A<br \/>\nVerification Speed: \u2264 1 Sec.<br \/>\nOperating Temperature: 0 \u00b0C &#8211; 45 \u00b0C<br \/>\nOperating Humidity: 20% &#8211; 80%<br \/>\nDimension: 190 \u00d7 135.8 \u00d7 51.5mm (L \u00d7 W \u00d7 T)<br \/>\nNet Weight: 0.9 kg<\/p>","protected":false},"excerpt":{"rendered":"<p>Fingerprint Capacity : 3000 Card Capacity : 10,000 (Optional) Record Capacity : 100,000 Display : 2.8-inch Screen Communication : TCP\/IP, USB-host, WiFi Standard Functions : Workcode, SMS, DST, Schedule Bell, Self-Service Query, Automatic Status Switch, 9-digit User ID Optional Functions &hellip; <a href=\"https:\/\/prosrve.com\/ar\/product\/zk-max-id-500\/\">Readmore<\/a><\/p>","protected":false},"featured_media":9098,"comment_status":"open","ping_status":"closed","template":"","meta":[],"product_brand":[846],"product_cat":[319,342,343],"product_tag":[835,652,895],"class_list":{"0":"post-8253","1":"product","2":"type-product","3":"status-publish","4":"has-post-thumbnail","6":"product_brand-zk","7":"product_cat-office-solutions","8":"product_cat-attendance-solutions","9":"product_cat-finger-print","10":"product_tag-display-2-8","11":"product_tag-usb","12":"product_tag-wifi","14":"first","15":"instock","16":"shipping-taxable","17":"purchasable","18":"product-type-simple"},"yoast_head":"<!-- This site is optimized with the Yoast SEO plugin v22.7 - https:\/\/yoast.com\/wordpress\/plugins\/seo\/ -->\n<title>ZKTeco X628-C Fingerprint: 3000 , ID Card 10,000, Record Capacity : 50,000, TCP\/IP, USB-host, WiFi - Proserve LLC<\/title>\n<meta name=\"robots\" content=\"index, follow, max-snippet:-1, max-image-preview:large, max-video-preview:-1\" \/>\n<link rel=\"canonical\" href=\"https:\/\/prosrve.com\/ar\/product\/zk-max-id-500\/\" \/>\n<meta property=\"og:locale\" content=\"ar_AR\" \/>\n<meta property=\"og:type\" content=\"article\" \/>\n<meta property=\"og:title\" content=\"ZKTeco X628-C Fingerprint: 3000 , ID Card 10,000, Record Capacity : 50,000, TCP\/IP, USB-host, WiFi - Proserve LLC\" \/>\n<meta property=\"og:description\" content=\"Fingerprint Capacity : 3000 Card Capacity : 10,000 (Optional) Record Capacity : 100,000 Display : 2.8-inch Screen Communication : TCP\/IP, USB-host, WiFi Standard Functions : Workcode, SMS, DST, Schedule Bell, Self-Service Query, Automatic Status Switch, 9-digit User ID Optional Functions &hellip; Readmore\" \/>\n<meta property=\"og:url\" content=\"https:\/\/prosrve.com\/ar\/product\/zk-max-id-500\/\" \/>\n<meta property=\"og:site_name\" content=\"Proserve LLC\" \/>\n<meta property=\"article:publisher\" content=\"https:\/\/www.facebook.com\/pages\/ProServe-LLC\/628145137291830\" \/>\n<meta property=\"article:modified_time\" content=\"2023-11-30T07:28:35+00:00\" \/>\n<meta property=\"og:image\" content=\"https:\/\/prosrve.com\/wp-content\/uploads\/2023\/08\/2b6a836b07bb7bd9da05f3f68b9dae20-2.png\" \/>\n\t<meta property=\"og:image:width\" content=\"500\" \/>\n\t<meta property=\"og:image:height\" content=\"500\" \/>\n\t<meta property=\"og:image:type\" content=\"image\/png\" \/>\n<meta name=\"twitter:card\" content=\"summary_large_image\" \/>\n<meta name=\"twitter:label1\" content=\"\u0648\u0642\u062a \u0627\u0644\u0642\u0631\u0627\u0621\u0629 \u0627\u0644\u0645\u064f\u0642\u062f\u0651\u0631\" \/>\n\t<meta name=\"twitter:data1\" content=\"\u062f\u0642\u064a\u0642\u0629 \u0648\u0627\u062d\u062f\u0629\" \/>\n<script type=\"application\/ld+json\" class=\"yoast-schema-graph\">{\"@context\":\"https:\/\/schema.org\",\"@graph\":[{\"@type\":\"WebPage\",\"@id\":\"https:\/\/prosrve.com\/product\/zk-max-id-500\/\",\"url\":\"https:\/\/prosrve.com\/product\/zk-max-id-500\/\",\"name\":\"ZKTeco X628-C Fingerprint: 3000 , ID Card 10,000, Record Capacity : 50,000, TCP\/IP, USB-host, WiFi - Proserve LLC\",\"isPartOf\":{\"@id\":\"https:\/\/prosrve.com\/#website\"},\"primaryImageOfPage\":{\"@id\":\"https:\/\/prosrve.com\/product\/zk-max-id-500\/#primaryimage\"},\"image\":{\"@id\":\"https:\/\/prosrve.com\/product\/zk-max-id-500\/#primaryimage\"},\"thumbnailUrl\":\"https:\/\/prosrve.com\/wp-content\/uploads\/2023\/08\/2b6a836b07bb7bd9da05f3f68b9dae20-2.png\",\"datePublished\":\"2023-08-03T10:14:36+00:00\",\"dateModified\":\"2023-11-30T07:28:35+00:00\",\"breadcrumb\":{\"@id\":\"https:\/\/prosrve.com\/product\/zk-max-id-500\/#breadcrumb\"},\"inLanguage\":\"ar\",\"potentialAction\":[{\"@type\":\"ReadAction\",\"target\":[\"https:\/\/prosrve.com\/product\/zk-max-id-500\/\"]}]},{\"@type\":\"ImageObject\",\"inLanguage\":\"ar\",\"@id\":\"https:\/\/prosrve.com\/product\/zk-max-id-500\/#primaryimage\",\"url\":\"https:\/\/prosrve.com\/wp-content\/uploads\/2023\/08\/2b6a836b07bb7bd9da05f3f68b9dae20-2.png\",\"contentUrl\":\"https:\/\/prosrve.com\/wp-content\/uploads\/2023\/08\/2b6a836b07bb7bd9da05f3f68b9dae20-2.png\",\"width\":500,\"height\":500},{\"@type\":\"BreadcrumbList\",\"@id\":\"https:\/\/prosrve.com\/product\/zk-max-id-500\/#breadcrumb\",\"itemListElement\":[{\"@type\":\"ListItem\",\"position\":1,\"name\":\"Home\",\"item\":\"https:\/\/prosrve.com\/\"},{\"@type\":\"ListItem\",\"position\":2,\"name\":\"Shop\",\"item\":\"https:\/\/prosrve.com\/shop\/\"},{\"@type\":\"ListItem\",\"position\":3,\"name\":\"ZKTeco X628-C Fingerprint: 3000 , ID Card 10,000, Record Capacity : 50,000, TCP\/IP, USB-host, WiFi\"}]},{\"@type\":\"WebSite\",\"@id\":\"https:\/\/prosrve.com\/#website\",\"url\":\"https:\/\/prosrve.com\/\",\"name\":\"Proserve LLC\",\"description\":\"\",\"publisher\":{\"@id\":\"https:\/\/prosrve.com\/#organization\"},\"potentialAction\":[{\"@type\":\"SearchAction\",\"target\":{\"@type\":\"EntryPoint\",\"urlTemplate\":\"https:\/\/prosrve.com\/?s={search_term_string}\"},\"query-input\":\"required name=search_term_string\"}],\"inLanguage\":\"ar\"},{\"@type\":\"Organization\",\"@id\":\"https:\/\/prosrve.com\/#organization\",\"name\":\"proserve\",\"url\":\"https:\/\/prosrve.com\/\",\"logo\":{\"@type\":\"ImageObject\",\"inLanguage\":\"ar\",\"@id\":\"https:\/\/prosrve.com\/#\/schema\/logo\/image\/\",\"url\":\"https:\/\/prosrve.com\/wp-content\/uploads\/2020\/06\/Logo.png\",\"contentUrl\":\"https:\/\/prosrve.com\/wp-content\/uploads\/2020\/06\/Logo.png\",\"width\":187,\"height\":88,\"caption\":\"proserve\"},\"image\":{\"@id\":\"https:\/\/prosrve.com\/#\/schema\/logo\/image\/\"},\"sameAs\":[\"https:\/\/www.facebook.com\/pages\/ProServe-LLC\/628145137291830\"]}]}<\/script>\n<!-- \/ Yoast SEO plugin. -->","yoast_head_json":{"title":"ZKTeco X628-C Fingerprint: 3000 , ID Card 10,000, Record Capacity : 50,000, TCP\/IP, USB-host, WiFi - Proserve LLC","robots":{"index":"index","follow":"follow","max-snippet":"max-snippet:-1","max-image-preview":"max-image-preview:large","max-video-preview":"max-video-preview:-1"},"canonical":"https:\/\/prosrve.com\/ar\/product\/zk-max-id-500\/","og_locale":"ar_AR","og_type":"article","og_title":"ZKTeco X628-C Fingerprint: 3000 , ID Card 10,000, Record Capacity : 50,000, TCP\/IP, USB-host, WiFi - Proserve LLC","og_description":"Fingerprint Capacity : 3000 Card Capacity : 10,000 (Optional) Record Capacity : 100,000 Display : 2.8-inch Screen Communication : TCP\/IP, USB-host, WiFi Standard Functions : Workcode, SMS, DST, Schedule Bell, Self-Service Query, Automatic Status Switch, 9-digit User ID Optional Functions &hellip; Readmore","og_url":"https:\/\/prosrve.com\/ar\/product\/zk-max-id-500\/","og_site_name":"Proserve LLC","article_publisher":"https:\/\/www.facebook.com\/pages\/ProServe-LLC\/628145137291830","article_modified_time":"2023-11-30T07:28:35+00:00","og_image":[{"width":500,"height":500,"url":"https:\/\/prosrve.com\/wp-content\/uploads\/2023\/08\/2b6a836b07bb7bd9da05f3f68b9dae20-2.png","type":"image\/png"}],"twitter_card":"summary_large_image","twitter_misc":{"\u0648\u0642\u062a \u0627\u0644\u0642\u0631\u0627\u0621\u0629 \u0627\u0644\u0645\u064f\u0642\u062f\u0651\u0631":"\u062f\u0642\u064a\u0642\u0629 \u0648\u0627\u062d\u062f\u0629"},"schema":{"@context":"https:\/\/schema.org","@graph":[{"@type":"WebPage","@id":"https:\/\/prosrve.com\/product\/zk-max-id-500\/","url":"https:\/\/prosrve.com\/product\/zk-max-id-500\/","name":"ZKTeco X628-C Fingerprint: 3000 , ID Card 10,000, Record Capacity : 50,000, TCP\/IP, USB-host, WiFi - Proserve LLC","isPartOf":{"@id":"https:\/\/prosrve.com\/#website"},"primaryImageOfPage":{"@id":"https:\/\/prosrve.com\/product\/zk-max-id-500\/#primaryimage"},"image":{"@id":"https:\/\/prosrve.com\/product\/zk-max-id-500\/#primaryimage"},"thumbnailUrl":"https:\/\/prosrve.com\/wp-content\/uploads\/2023\/08\/2b6a836b07bb7bd9da05f3f68b9dae20-2.png","datePublished":"2023-08-03T10:14:36+00:00","dateModified":"2023-11-30T07:28:35+00:00","breadcrumb":{"@id":"https:\/\/prosrve.com\/product\/zk-max-id-500\/#breadcrumb"},"inLanguage":"ar","potentialAction":[{"@type":"ReadAction","target":["https:\/\/prosrve.com\/product\/zk-max-id-500\/"]}]},{"@type":"ImageObject","inLanguage":"ar","@id":"https:\/\/prosrve.com\/product\/zk-max-id-500\/#primaryimage","url":"https:\/\/prosrve.com\/wp-content\/uploads\/2023\/08\/2b6a836b07bb7bd9da05f3f68b9dae20-2.png","contentUrl":"https:\/\/prosrve.com\/wp-content\/uploads\/2023\/08\/2b6a836b07bb7bd9da05f3f68b9dae20-2.png","width":500,"height":500},{"@type":"BreadcrumbList","@id":"https:\/\/prosrve.com\/product\/zk-max-id-500\/#breadcrumb","itemListElement":[{"@type":"ListItem","position":1,"name":"Home","item":"https:\/\/prosrve.com\/"},{"@type":"ListItem","position":2,"name":"Shop","item":"https:\/\/prosrve.com\/shop\/"},{"@type":"ListItem","position":3,"name":"ZKTeco X628-C Fingerprint: 3000 , ID Card 10,000, Record Capacity : 50,000, TCP\/IP, USB-host, WiFi"}]},{"@type":"WebSite","@id":"https:\/\/prosrve.com\/#website","url":"https:\/\/prosrve.com\/","name":"Proserve LLC","description":"","publisher":{"@id":"https:\/\/prosrve.com\/#organization"},"potentialAction":[{"@type":"SearchAction","target":{"@type":"EntryPoint","urlTemplate":"https:\/\/prosrve.com\/?s={search_term_string}"},"query-input":"required name=search_term_string"}],"inLanguage":"ar"},{"@type":"Organization","@id":"https:\/\/prosrve.com\/#organization","name":"proserve","url":"https:\/\/prosrve.com\/","logo":{"@type":"ImageObject","inLanguage":"ar","@id":"https:\/\/prosrve.com\/#\/schema\/logo\/image\/","url":"https:\/\/prosrve.com\/wp-content\/uploads\/2020\/06\/Logo.png","contentUrl":"https:\/\/prosrve.com\/wp-content\/uploads\/2020\/06\/Logo.png","width":187,"height":88,"caption":"proserve"},"image":{"@id":"https:\/\/prosrve.com\/#\/schema\/logo\/image\/"},"sameAs":["https:\/\/www.facebook.com\/pages\/ProServe-LLC\/628145137291830"]}]}},"_links":{"self":[{"href":"https:\/\/prosrve.com\/ar\/wp-json\/wp\/v2\/product\/8253","targetHints":{"allow":["GET"]}}],"collection":[{"href":"https:\/\/prosrve.com\/ar\/wp-json\/wp\/v2\/product"}],"about":[{"href":"https:\/\/prosrve.com\/ar\/wp-json\/wp\/v2\/types\/product"}],"replies":[{"embeddable":true,"href":"https:\/\/prosrve.com\/ar\/wp-json\/wp\/v2\/comments?post=8253"}],"version-history":[{"count":6,"href":"https:\/\/prosrve.com\/ar\/wp-json\/wp\/v2\/product\/8253\/revisions"}],"predecessor-version":[{"id":9099,"href":"https:\/\/prosrve.com\/ar\/wp-json\/wp\/v2\/product\/8253\/revisions\/9099"}],"wp:featuredmedia":[{"embeddable":true,"href":"https:\/\/prosrve.com\/ar\/wp-json\/wp\/v2\/media\/9098"}],"wp:attachment":[{"href":"https:\/\/prosrve.com\/ar\/wp-json\/wp\/v2\/media?parent=8253"}],"wp:term":[{"taxonomy":"product_brand","embeddable":true,"href":"https:\/\/prosrve.com\/ar\/wp-json\/wp\/v2\/product_brand?post=8253"},{"taxonomy":"product_cat","embeddable":true,"href":"https:\/\/prosrve.com\/ar\/wp-json\/wp\/v2\/product_cat?post=8253"},{"taxonomy":"product_tag","embeddable":true,"href":"https:\/\/prosrve.com\/ar\/wp-json\/wp\/v2\/product_tag?post=8253"}],"curies":[{"name":"wp","href":"https:\/\/api.w.org\/{rel}","templated":true}]}}