{"id":9914,"date":"2023-09-07T10:03:58","date_gmt":"2023-09-07T08:03:58","guid":{"rendered":"https:\/\/prosrve.com\/?post_type=product&#038;p=9914"},"modified":"2023-11-30T09:44:01","modified_gmt":"2023-11-30T07:44:01","slug":"zkteco-hbl100b-face-finger-password-mf-card-user-capacity-100-door-thickness-30-60mm","status":"publish","type":"product","link":"https:\/\/prosrve.com\/ar\/product\/zkteco-hbl100b-face-finger-password-mf-card-user-capacity-100-door-thickness-30-60mm\/","title":{"rendered":"ZKteco, HBL100B, Face \/ Finger \/ Password \/ MF Card, User Capacity 100, Door Thickness 30-60mm."},"content":{"rendered":"<p>Material Zinc Alloy<br \/>\nFace \/ Finger \/ Password \/ MF Card User Capacity 100<br \/>\nDoor Thickness 30-60mm (standard) Dimensions Front: 86(W)\u00d7236(L)\u00d737(D)mm Back: 84(W)\u00d7236(L)\u00d738(D)mm<br \/>\nBluetooth Communication.<\/p>\n<p>Hybrid Biometric Lock With Wireless Connection \u00b7 Facial Recognition \u00b7 Lockout Mode \u00b7 Smart Alarm \u00b7 Touch Screen \u00b7 Mobile Management \u00b7 Reversible Design<\/p>\n<ul>\n<li>Card ReaderIC\u00a0Card\u00a0Supported<\/li>\n<li>Fingerprint SensorSemi-conductor (Silicon)\u00a0 (Only\u00a0for\u00a0HBL100)<\/li>\n<li>LanguageEnglish\u00a0\/\u00a0Spanish\u00a0\/\u00a0Portuguese<\/li>\n<li>User Capacity100<\/li>\n<li>Power SupplyRechargeable\u00a0Lithium\u00a0Battery<br \/>\n8\u00d7AA\u00a0Alkaline\u00a0Battery\u00a0(optional)<\/li>\n<li>Door Thickness30 &#8211; 60mm (standard)<\/li>\n<li>Temperature-20\u00a0\u00b0C &#8211; +55\u00a0\u00b0C<\/li>\n<li>DimensionsFront:\u00a086(W) \u00d7 236(L) \u00d7 37(D)mm<br \/>\nBack:\u00a084(W) \u00d7 236(L) \u00d7 38(D)mm<\/li>\n<li>Battery LifeOver\u00a06,500\u00a0times\u00a0(Only\u00a0for\u00a0Lithium\u00a0Battery)<\/li>\n<\/ul>","protected":false},"excerpt":{"rendered":"<p>Material Zinc Alloy Face \/ Finger \/ Password \/ MF Card User Capacity 100 Door Thickness 30-60mm (standard) Dimensions Front: 86(W)\u00d7236(L)\u00d737(D)mm Back: 84(W)\u00d7236(L)\u00d738(D)mm Bluetooth Communication. Hybrid Biometric Lock With Wireless Connection \u00b7 Facial Recognition \u00b7 Lockout Mode \u00b7 Smart Alarm &hellip; <a href=\"https:\/\/prosrve.com\/ar\/product\/zkteco-hbl100b-face-finger-password-mf-card-user-capacity-100-door-thickness-30-60mm\/\">Readmore<\/a><\/p>","protected":false},"featured_media":9915,"comment_status":"open","ping_status":"closed","template":"","meta":[],"product_brand":[846],"product_cat":[347,352,356],"product_tag":[],"class_list":{"0":"post-9914","1":"product","2":"type-product","3":"status-publish","4":"has-post-thumbnail","6":"product_brand-zk","7":"product_cat-security-solutions","8":"product_cat-access-control-systems","9":"product_cat-locks-buttons","11":"first","12":"instock","13":"shipping-taxable","14":"purchasable","15":"product-type-simple"},"yoast_head":"<!-- This site is optimized with the Yoast SEO plugin v22.7 - https:\/\/yoast.com\/wordpress\/plugins\/seo\/ -->\n<title>ZKteco, HBL100B, Face \/ Finger \/ Password \/ MF Card, User Capacity 100, Door Thickness 30-60mm. - Proserve LLC<\/title>\n<meta name=\"robots\" content=\"index, follow, max-snippet:-1, max-image-preview:large, max-video-preview:-1\" \/>\n<link rel=\"canonical\" href=\"https:\/\/prosrve.com\/ar\/product\/zkteco-hbl100b-face-finger-password-mf-card-user-capacity-100-door-thickness-30-60mm\/\" \/>\n<meta property=\"og:locale\" content=\"ar_AR\" \/>\n<meta property=\"og:type\" content=\"article\" \/>\n<meta property=\"og:title\" content=\"ZKteco, HBL100B, Face \/ Finger \/ Password \/ MF Card, User Capacity 100, Door Thickness 30-60mm. - Proserve LLC\" \/>\n<meta property=\"og:description\" content=\"Material Zinc Alloy Face \/ Finger \/ Password \/ MF Card User Capacity 100 Door Thickness 30-60mm (standard) Dimensions Front: 86(W)\u00d7236(L)\u00d737(D)mm Back: 84(W)\u00d7236(L)\u00d738(D)mm Bluetooth Communication. Hybrid Biometric Lock With Wireless Connection \u00b7 Facial Recognition \u00b7 Lockout Mode \u00b7 Smart Alarm &hellip; Readmore\" \/>\n<meta property=\"og:url\" content=\"https:\/\/prosrve.com\/ar\/product\/zkteco-hbl100b-face-finger-password-mf-card-user-capacity-100-door-thickness-30-60mm\/\" \/>\n<meta property=\"og:site_name\" content=\"Proserve LLC\" \/>\n<meta property=\"article:publisher\" content=\"https:\/\/www.facebook.com\/pages\/ProServe-LLC\/628145137291830\" \/>\n<meta property=\"article:modified_time\" content=\"2023-11-30T07:44:01+00:00\" \/>\n<meta property=\"og:image\" content=\"https:\/\/prosrve.com\/wp-content\/uploads\/2023\/09\/111.jpg\" \/>\n\t<meta property=\"og:image:width\" content=\"500\" \/>\n\t<meta property=\"og:image:height\" content=\"500\" \/>\n\t<meta property=\"og:image:type\" content=\"image\/jpeg\" \/>\n<meta name=\"twitter:card\" content=\"summary_large_image\" \/>\n<meta name=\"twitter:label1\" content=\"\u0648\u0642\u062a \u0627\u0644\u0642\u0631\u0627\u0621\u0629 \u0627\u0644\u0645\u064f\u0642\u062f\u0651\u0631\" \/>\n\t<meta name=\"twitter:data1\" content=\"\u062f\u0642\u064a\u0642\u0629 \u0648\u0627\u062d\u062f\u0629\" \/>\n<script type=\"application\/ld+json\" class=\"yoast-schema-graph\">{\"@context\":\"https:\/\/schema.org\",\"@graph\":[{\"@type\":\"WebPage\",\"@id\":\"https:\/\/prosrve.com\/product\/zkteco-hbl100b-face-finger-password-mf-card-user-capacity-100-door-thickness-30-60mm\/\",\"url\":\"https:\/\/prosrve.com\/product\/zkteco-hbl100b-face-finger-password-mf-card-user-capacity-100-door-thickness-30-60mm\/\",\"name\":\"ZKteco, HBL100B, Face \/ Finger \/ Password \/ MF Card, User Capacity 100, Door Thickness 30-60mm. - Proserve LLC\",\"isPartOf\":{\"@id\":\"https:\/\/prosrve.com\/#website\"},\"primaryImageOfPage\":{\"@id\":\"https:\/\/prosrve.com\/product\/zkteco-hbl100b-face-finger-password-mf-card-user-capacity-100-door-thickness-30-60mm\/#primaryimage\"},\"image\":{\"@id\":\"https:\/\/prosrve.com\/product\/zkteco-hbl100b-face-finger-password-mf-card-user-capacity-100-door-thickness-30-60mm\/#primaryimage\"},\"thumbnailUrl\":\"https:\/\/prosrve.com\/wp-content\/uploads\/2023\/09\/111.jpg\",\"datePublished\":\"2023-09-07T08:03:58+00:00\",\"dateModified\":\"2023-11-30T07:44:01+00:00\",\"breadcrumb\":{\"@id\":\"https:\/\/prosrve.com\/product\/zkteco-hbl100b-face-finger-password-mf-card-user-capacity-100-door-thickness-30-60mm\/#breadcrumb\"},\"inLanguage\":\"ar\",\"potentialAction\":[{\"@type\":\"ReadAction\",\"target\":[\"https:\/\/prosrve.com\/product\/zkteco-hbl100b-face-finger-password-mf-card-user-capacity-100-door-thickness-30-60mm\/\"]}]},{\"@type\":\"ImageObject\",\"inLanguage\":\"ar\",\"@id\":\"https:\/\/prosrve.com\/product\/zkteco-hbl100b-face-finger-password-mf-card-user-capacity-100-door-thickness-30-60mm\/#primaryimage\",\"url\":\"https:\/\/prosrve.com\/wp-content\/uploads\/2023\/09\/111.jpg\",\"contentUrl\":\"https:\/\/prosrve.com\/wp-content\/uploads\/2023\/09\/111.jpg\",\"width\":500,\"height\":500},{\"@type\":\"BreadcrumbList\",\"@id\":\"https:\/\/prosrve.com\/product\/zkteco-hbl100b-face-finger-password-mf-card-user-capacity-100-door-thickness-30-60mm\/#breadcrumb\",\"itemListElement\":[{\"@type\":\"ListItem\",\"position\":1,\"name\":\"Home\",\"item\":\"https:\/\/prosrve.com\/\"},{\"@type\":\"ListItem\",\"position\":2,\"name\":\"Shop\",\"item\":\"https:\/\/prosrve.com\/shop\/\"},{\"@type\":\"ListItem\",\"position\":3,\"name\":\"ZKteco, HBL100B, Face \/ Finger \/ Password \/ MF Card, User Capacity 100, Door Thickness 30-60mm.\"}]},{\"@type\":\"WebSite\",\"@id\":\"https:\/\/prosrve.com\/#website\",\"url\":\"https:\/\/prosrve.com\/\",\"name\":\"Proserve LLC\",\"description\":\"\",\"publisher\":{\"@id\":\"https:\/\/prosrve.com\/#organization\"},\"potentialAction\":[{\"@type\":\"SearchAction\",\"target\":{\"@type\":\"EntryPoint\",\"urlTemplate\":\"https:\/\/prosrve.com\/?s={search_term_string}\"},\"query-input\":\"required name=search_term_string\"}],\"inLanguage\":\"ar\"},{\"@type\":\"Organization\",\"@id\":\"https:\/\/prosrve.com\/#organization\",\"name\":\"proserve\",\"url\":\"https:\/\/prosrve.com\/\",\"logo\":{\"@type\":\"ImageObject\",\"inLanguage\":\"ar\",\"@id\":\"https:\/\/prosrve.com\/#\/schema\/logo\/image\/\",\"url\":\"https:\/\/prosrve.com\/wp-content\/uploads\/2020\/06\/Logo.png\",\"contentUrl\":\"https:\/\/prosrve.com\/wp-content\/uploads\/2020\/06\/Logo.png\",\"width\":187,\"height\":88,\"caption\":\"proserve\"},\"image\":{\"@id\":\"https:\/\/prosrve.com\/#\/schema\/logo\/image\/\"},\"sameAs\":[\"https:\/\/www.facebook.com\/pages\/ProServe-LLC\/628145137291830\"]}]}<\/script>\n<!-- \/ Yoast SEO plugin. -->","yoast_head_json":{"title":"ZKteco, HBL100B, Face \/ Finger \/ Password \/ MF Card, User Capacity 100, Door Thickness 30-60mm. - Proserve LLC","robots":{"index":"index","follow":"follow","max-snippet":"max-snippet:-1","max-image-preview":"max-image-preview:large","max-video-preview":"max-video-preview:-1"},"canonical":"https:\/\/prosrve.com\/ar\/product\/zkteco-hbl100b-face-finger-password-mf-card-user-capacity-100-door-thickness-30-60mm\/","og_locale":"ar_AR","og_type":"article","og_title":"ZKteco, HBL100B, Face \/ Finger \/ Password \/ MF Card, User Capacity 100, Door Thickness 30-60mm. - Proserve LLC","og_description":"Material Zinc Alloy Face \/ Finger \/ Password \/ MF Card User Capacity 100 Door Thickness 30-60mm (standard) Dimensions Front: 86(W)\u00d7236(L)\u00d737(D)mm Back: 84(W)\u00d7236(L)\u00d738(D)mm Bluetooth Communication. Hybrid Biometric Lock With Wireless Connection \u00b7 Facial Recognition \u00b7 Lockout Mode \u00b7 Smart Alarm &hellip; Readmore","og_url":"https:\/\/prosrve.com\/ar\/product\/zkteco-hbl100b-face-finger-password-mf-card-user-capacity-100-door-thickness-30-60mm\/","og_site_name":"Proserve LLC","article_publisher":"https:\/\/www.facebook.com\/pages\/ProServe-LLC\/628145137291830","article_modified_time":"2023-11-30T07:44:01+00:00","og_image":[{"width":500,"height":500,"url":"https:\/\/prosrve.com\/wp-content\/uploads\/2023\/09\/111.jpg","type":"image\/jpeg"}],"twitter_card":"summary_large_image","twitter_misc":{"\u0648\u0642\u062a \u0627\u0644\u0642\u0631\u0627\u0621\u0629 \u0627\u0644\u0645\u064f\u0642\u062f\u0651\u0631":"\u062f\u0642\u064a\u0642\u0629 \u0648\u0627\u062d\u062f\u0629"},"schema":{"@context":"https:\/\/schema.org","@graph":[{"@type":"WebPage","@id":"https:\/\/prosrve.com\/product\/zkteco-hbl100b-face-finger-password-mf-card-user-capacity-100-door-thickness-30-60mm\/","url":"https:\/\/prosrve.com\/product\/zkteco-hbl100b-face-finger-password-mf-card-user-capacity-100-door-thickness-30-60mm\/","name":"ZKteco, HBL100B, Face \/ Finger \/ Password \/ MF Card, User Capacity 100, Door Thickness 30-60mm. - Proserve LLC","isPartOf":{"@id":"https:\/\/prosrve.com\/#website"},"primaryImageOfPage":{"@id":"https:\/\/prosrve.com\/product\/zkteco-hbl100b-face-finger-password-mf-card-user-capacity-100-door-thickness-30-60mm\/#primaryimage"},"image":{"@id":"https:\/\/prosrve.com\/product\/zkteco-hbl100b-face-finger-password-mf-card-user-capacity-100-door-thickness-30-60mm\/#primaryimage"},"thumbnailUrl":"https:\/\/prosrve.com\/wp-content\/uploads\/2023\/09\/111.jpg","datePublished":"2023-09-07T08:03:58+00:00","dateModified":"2023-11-30T07:44:01+00:00","breadcrumb":{"@id":"https:\/\/prosrve.com\/product\/zkteco-hbl100b-face-finger-password-mf-card-user-capacity-100-door-thickness-30-60mm\/#breadcrumb"},"inLanguage":"ar","potentialAction":[{"@type":"ReadAction","target":["https:\/\/prosrve.com\/product\/zkteco-hbl100b-face-finger-password-mf-card-user-capacity-100-door-thickness-30-60mm\/"]}]},{"@type":"ImageObject","inLanguage":"ar","@id":"https:\/\/prosrve.com\/product\/zkteco-hbl100b-face-finger-password-mf-card-user-capacity-100-door-thickness-30-60mm\/#primaryimage","url":"https:\/\/prosrve.com\/wp-content\/uploads\/2023\/09\/111.jpg","contentUrl":"https:\/\/prosrve.com\/wp-content\/uploads\/2023\/09\/111.jpg","width":500,"height":500},{"@type":"BreadcrumbList","@id":"https:\/\/prosrve.com\/product\/zkteco-hbl100b-face-finger-password-mf-card-user-capacity-100-door-thickness-30-60mm\/#breadcrumb","itemListElement":[{"@type":"ListItem","position":1,"name":"Home","item":"https:\/\/prosrve.com\/"},{"@type":"ListItem","position":2,"name":"Shop","item":"https:\/\/prosrve.com\/shop\/"},{"@type":"ListItem","position":3,"name":"ZKteco, HBL100B, Face \/ Finger \/ Password \/ MF Card, User Capacity 100, Door Thickness 30-60mm."}]},{"@type":"WebSite","@id":"https:\/\/prosrve.com\/#website","url":"https:\/\/prosrve.com\/","name":"Proserve LLC","description":"","publisher":{"@id":"https:\/\/prosrve.com\/#organization"},"potentialAction":[{"@type":"SearchAction","target":{"@type":"EntryPoint","urlTemplate":"https:\/\/prosrve.com\/?s={search_term_string}"},"query-input":"required name=search_term_string"}],"inLanguage":"ar"},{"@type":"Organization","@id":"https:\/\/prosrve.com\/#organization","name":"proserve","url":"https:\/\/prosrve.com\/","logo":{"@type":"ImageObject","inLanguage":"ar","@id":"https:\/\/prosrve.com\/#\/schema\/logo\/image\/","url":"https:\/\/prosrve.com\/wp-content\/uploads\/2020\/06\/Logo.png","contentUrl":"https:\/\/prosrve.com\/wp-content\/uploads\/2020\/06\/Logo.png","width":187,"height":88,"caption":"proserve"},"image":{"@id":"https:\/\/prosrve.com\/#\/schema\/logo\/image\/"},"sameAs":["https:\/\/www.facebook.com\/pages\/ProServe-LLC\/628145137291830"]}]}},"_links":{"self":[{"href":"https:\/\/prosrve.com\/ar\/wp-json\/wp\/v2\/product\/9914","targetHints":{"allow":["GET"]}}],"collection":[{"href":"https:\/\/prosrve.com\/ar\/wp-json\/wp\/v2\/product"}],"about":[{"href":"https:\/\/prosrve.com\/ar\/wp-json\/wp\/v2\/types\/product"}],"replies":[{"embeddable":true,"href":"https:\/\/prosrve.com\/ar\/wp-json\/wp\/v2\/comments?post=9914"}],"version-history":[{"count":3,"href":"https:\/\/prosrve.com\/ar\/wp-json\/wp\/v2\/product\/9914\/revisions"}],"predecessor-version":[{"id":9918,"href":"https:\/\/prosrve.com\/ar\/wp-json\/wp\/v2\/product\/9914\/revisions\/9918"}],"wp:featuredmedia":[{"embeddable":true,"href":"https:\/\/prosrve.com\/ar\/wp-json\/wp\/v2\/media\/9915"}],"wp:attachment":[{"href":"https:\/\/prosrve.com\/ar\/wp-json\/wp\/v2\/media?parent=9914"}],"wp:term":[{"taxonomy":"product_brand","embeddable":true,"href":"https:\/\/prosrve.com\/ar\/wp-json\/wp\/v2\/product_brand?post=9914"},{"taxonomy":"product_cat","embeddable":true,"href":"https:\/\/prosrve.com\/ar\/wp-json\/wp\/v2\/product_cat?post=9914"},{"taxonomy":"product_tag","embeddable":true,"href":"https:\/\/prosrve.com\/ar\/wp-json\/wp\/v2\/product_tag?post=9914"}],"curies":[{"name":"wp","href":"https:\/\/api.w.org\/{rel}","templated":true}]}}